{"id":5131,"date":"2019-04-04T15:13:08","date_gmt":"2019-04-04T08:13:08","guid":{"rendered":"https:\/\/mebipha.com\/?post_type=product&#038;p=5131"},"modified":"2024-09-23T15:47:44","modified_gmt":"2024-09-23T08:47:44","slug":"ade-bc-complex","status":"publish","type":"product","link":"https:\/\/mebipha.com\/online\/ade-bc-complex\/","title":{"rendered":"ADE BC COMPLEX(H\u00d2A TAN)"},"content":{"rendered":"<p><strong>B\u1ed4 SUNG D\u01af\u1ee0NG CH\u1ea4T CHO GIA S\u00daC<\/strong><\/p>\n<p><strong>T\u0102NG KH\u1ea2 N\u0102NG KH\u00c1NG B\u1ec6NH, T\u0102NG TR\u01af\u1edeNG NHANH<\/strong><\/p>\n<p><strong>B\u1ed9t h\u00f2a tan <\/strong><\/p>\n<p><strong>ADE BC COMPLEX <\/strong>l\u00e0 ph\u1ee9c h\u1ee3p c\u00e1c vitamin c\u1ea7n thi\u1ebft trong ch\u1ebf \u0111\u1ed9 dinh d\u01b0\u1ee1ng c\u1ee7a gia s\u00fac, gia c\u1ea7m. S\u1ea3n ph\u1ea9m gi\u00fap h\u1ea1n ch\u1ebf c\u00e1c b\u1ec7nh do thi\u1ebfu h\u1ee5t dinh d\u01b0\u1ee1ng, th\u00edch h\u1ee3p cho th\u00fa b\u1ecb suy nh\u01b0\u1ee3c, k\u00e9m \u0103n, ch\u1eadm l\u1edbn, th\u00fa sinh s\u1ea3n, gi\u00fap \u1ed5n \u0111\u1ecbnh th\u1ea7n kinh, t\u0103ng c\u01b0\u1eddng kh\u1ea3 n\u0103ng ti\u00eau h\u00f3a th\u1ee9c \u0103n, g\u00f3p ph\u1ea7n v\u1ed7 b\u00e9o v\u00e0 t\u0103ng ch\u1ea5t l\u01b0\u1ee3ng th\u1ecbt.<\/p>\n<p><strong>TH\u00c0NH PH\u1ea6N<\/strong><\/p>\n<p>Vitamin A (Retinyl acetate) (min): 2.500.000 UI<\/p>\n<p>Vitamin D3 (Cholecalciferol) (min): 625.000 UI<\/p>\n<p>Vitamin E (DL-alpha-tocoperyl acetate) (min): 2.500mg<\/p>\n<p>Vitamin B<sub>1<\/sub>* (Thiamine mononitrate)* (min): 2.500mg<\/p>\n<p>Vitamin B<sub>2<\/sub> (Riboflavin) (min): 1.250mg<\/p>\n<p>Vitamin B<sub>6<\/sub> (Pyridoxine HCl) (min): 2.000mg<\/p>\n<p>Vitamin B<sub>12<\/sub> (Cyanocobalamin) (min): 20mg<\/p>\n<p>Vitamin C* (Ascorbic acid) (min): 25.000mg<\/p>\n<p>Glucose v\u1eeba \u0111\u1ee7: 1kg<\/p>\n<p><strong>L\u1ee2I \u00cdCH <\/strong><strong>C\u1ee6A VI\u1ec6C B\u1ed4 SUNG S\u1ea2N PH\u1ea8M<\/strong><\/p>\n<p>Gi\u1ea3m stress. T\u0103ng kh\u1ea3 n\u0103ng kh\u00e1ng b\u1ec7nh<\/p>\n<p>T\u0103ng tr\u01b0\u1edfng nhanh<\/p>\n<p>H\u1ea1n ch\u1ebf t\u00ecnh tr\u1ea1ng thi\u1ebfu h\u1ee5t dinh d\u01b0\u1ee1ng<\/p>\n<p>T\u0103ng hi\u1ec7u qu\u1ea3 s\u1eed d\u1ee5ng th\u1ee9c \u0103n.<\/p>\n<p>T\u0103ng c\u01b0\u1eddng kh\u1ea3 n\u0103ng ti\u1ebft s\u1eefa tr\u00ean heo n\u00e1i.<\/p>\n<p><strong>H\u01af\u1edaNG D\u1eaaN S\u1eec D\u1ee4NG<\/strong><\/p>\n<p>H\u00f2a tan v\u1edbi n\u01b0\u1edbc u\u1ed1ng ho\u1eb7c tr\u1ed9n v\u00e0o th\u1ee9c \u0103n: 1g\/1 l\u00edt n\u01b0\u1edbc u\u1ed1ng ho\u1eb7c 2g\/1kg th\u1ee9c \u0103n gia s\u00fac, gia c\u1ea7m.<\/p>\n<p><strong>B\u1ea2O QU\u1ea2N<\/strong><\/p>\n<p>N\u01a1i kh\u00f4 r\u00e1o, tho\u00e1ng m\u00e1t, nhi\u1ec7t \u0111\u1ed9 d\u01b0\u1edbi 30<sup>0<\/sup>C, tr\u00e1nh \u00e1nh n\u1eafng tr\u1ef1c ti\u1ebfp. Tr\u00e1nh xa t\u1ea7m tay tr\u1ebb em.<\/p>\n<p><strong>H\u1ea0N D\u00d9NG<\/strong><\/p>\n<p>24 th\u00e1ng k\u1ec3 t\u1eeb ng\u00e0y s\u1ea3n xu\u1ea5t.<\/p>\n<p><strong>\u0110\u00d3NG G\u00d3I<\/strong><\/p>\n<p>100g, 1kg\/g\u00f3i, 3kg\/x\u00f4, 5kg\/x\u00f4, 10kg\/bao, 10kg\/x\u00f4.<\/p>\n<p><strong>S\u1ed1 <\/strong><strong>\u0111\u0103ng k\u00fd<\/strong><strong>: TCCS <\/strong><strong>109<\/strong><strong>:20<\/strong><strong>13<\/strong><strong>\/MBP <\/strong><\/p>\n","protected":false},"excerpt":{"rendered":"<p><strong>B\u1ed4 SUNG D\u01af\u1ee0NG CH\u1ea4T CHO GIA S\u00daC<\/strong><\/p>\n<p><strong>T\u0102NG KH\u1ea2 N\u0102NG KH\u00c1NG B\u1ec6NH, T\u0102NG TR\u01af\u1edeNG NHANH<\/strong><\/p>\n<p><strong>B\u1ed9t h\u00f2a tan <\/strong><\/p>\n<p><strong>ADE BC COMPLEX <\/strong>l\u00e0 ph\u1ee9c h\u1ee3p c\u00e1c vitamin c\u1ea7n thi\u1ebft trong ch\u1ebf \u0111\u1ed9 dinh d\u01b0\u1ee1ng c\u1ee7a gia s\u00fac, gia c\u1ea7m. S\u1ea3n ph\u1ea9m gi\u00fap h\u1ea1n ch\u1ebf c\u00e1c b\u1ec7nh do thi\u1ebfu h\u1ee5t dinh d\u01b0\u1ee1ng, th\u00edch h\u1ee3p cho th\u00fa b\u1ecb suy nh\u01b0\u1ee3c, k\u00e9m \u0103n, ch\u1eadm l\u1edbn, th\u00fa sinh s\u1ea3n, gi\u00fap \u1ed5n \u0111\u1ecbnh th\u1ea7n kinh, t\u0103ng c\u01b0\u1eddng kh\u1ea3 n\u0103ng ti\u00eau h\u00f3a th\u1ee9c \u0103n, g\u00f3p ph\u1ea7n v\u1ed7 b\u00e9o v\u00e0 t\u0103ng ch\u1ea5t l\u01b0\u1ee3ng th\u1ecbt.<\/p>\n<p><strong>TH\u00c0NH PH\u1ea6N<\/strong><\/p>\n<p>Vitamin A (Retinyl acetate) (min): 2.500.000 UI<\/p>\n<p>Vitamin D3 (Cholecalciferol) (min): 625.000 UI<\/p>\n<p>Vitamin E (DL-alpha-tocoperyl acetate) (min): 2.500mg<\/p>\n<p>Vitamin B<sub>1<\/sub>* (Thiamine mononitrate)* (min): 2.500mg<\/p>\n<p>Vitamin B<sub>2<\/sub> (Riboflavin) (min): 1.250mg<\/p>\n<p>Vitamin B<sub>6<\/sub> (Pyridoxine HCl) (min): 2.000mg<\/p>\n<p>Vitamin B<sub>12<\/sub> (Cyanocobalamin) (min): 20mg<\/p>\n<p>Vitamin C* (Ascorbic acid) (min): 25.000mg<\/p>\n<p>Glucose v\u1eeba \u0111\u1ee7: 1kg<\/p>\n<p><strong>L\u1ee2I \u00cdCH <\/strong><strong>C\u1ee6A VI\u1ec6C B\u1ed4 SUNG S\u1ea2N PH\u1ea8M<\/strong><\/p>\n<p>Gi\u1ea3m stress. T\u0103ng kh\u1ea3 n\u0103ng kh\u00e1ng b\u1ec7nh<\/p>\n<p>T\u0103ng tr\u01b0\u1edfng nhanh<\/p>\n<p>H\u1ea1n ch\u1ebf t\u00ecnh tr\u1ea1ng thi\u1ebfu h\u1ee5t dinh d\u01b0\u1ee1ng<\/p>\n<p>T\u0103ng hi\u1ec7u qu\u1ea3 s\u1eed d\u1ee5ng th\u1ee9c \u0103n.<\/p>\n<p>T\u0103ng c\u01b0\u1eddng kh\u1ea3 n\u0103ng ti\u1ebft s\u1eefa tr\u00ean heo n\u00e1i.<\/p>\n<p><strong>H\u01af\u1edaNG D\u1eaaN S\u1eec D\u1ee4NG<\/strong><\/p>\n<p>H\u00f2a tan v\u1edbi n\u01b0\u1edbc u\u1ed1ng ho\u1eb7c tr\u1ed9n v\u00e0o th\u1ee9c \u0103n: 1g\/1 l\u00edt n\u01b0\u1edbc u\u1ed1ng ho\u1eb7c 2g\/1kg th\u1ee9c \u0103n gia s\u00fac, gia c\u1ea7m.<\/p>\n","protected":false},"featured_media":10530,"comment_status":"closed","ping_status":"closed","template":"","meta":[],"product_brand":[],"product_cat":[62],"product_tag":[],"class_list":{"0":"post-5131","1":"product","2":"type-product","3":"status-publish","4":"has-post-thumbnail","6":"product_cat-thuoc-thu-y","8":"first","9":"instock","10":"shipping-taxable","11":"purchasable","12":"product-type-variable","13":"has-default-attributes"},"_links":{"self":[{"href":"https:\/\/mebipha.com\/online\/wp-json\/wp\/v2\/product\/5131","targetHints":{"allow":["GET"]}}],"collection":[{"href":"https:\/\/mebipha.com\/online\/wp-json\/wp\/v2\/product"}],"about":[{"href":"https:\/\/mebipha.com\/online\/wp-json\/wp\/v2\/types\/product"}],"replies":[{"embeddable":true,"href":"https:\/\/mebipha.com\/online\/wp-json\/wp\/v2\/comments?post=5131"}],"wp:featuredmedia":[{"embeddable":true,"href":"https:\/\/mebipha.com\/online\/wp-json\/wp\/v2\/media\/10530"}],"wp:attachment":[{"href":"https:\/\/mebipha.com\/online\/wp-json\/wp\/v2\/media?parent=5131"}],"wp:term":[{"taxonomy":"product_brand","embeddable":true,"href":"https:\/\/mebipha.com\/online\/wp-json\/wp\/v2\/product_brand?post=5131"},{"taxonomy":"product_cat","embeddable":true,"href":"https:\/\/mebipha.com\/online\/wp-json\/wp\/v2\/product_cat?post=5131"},{"taxonomy":"product_tag","embeddable":true,"href":"https:\/\/mebipha.com\/online\/wp-json\/wp\/v2\/product_tag?post=5131"}],"curies":[{"name":"wp","href":"https:\/\/api.w.org\/{rel}","templated":true}]}}