{"id":5111,"date":"2019-04-03T16:23:20","date_gmt":"2019-04-03T09:23:20","guid":{"rendered":"https:\/\/mebipha.com\/?post_type=product&#038;p=5111"},"modified":"2024-10-04T09:27:01","modified_gmt":"2024-10-04T02:27:01","slug":"grow-oneca","status":"publish","type":"product","link":"https:\/\/mebipha.com\/online\/grow-oneca\/","title":{"rendered":"GROW ONE(C\u00c1)"},"content":{"rendered":"","protected":false},"excerpt":{"rendered":"<p><strong>S\u1ea2N PH\u1ea8M D\u1ea0NG B\u1ed8T <\/strong><strong>B\u1ed4 SUNG VITAMIN, C\u00c1C ACID AMIN THI\u1ebeT Y\u1ebeU V\u00c0 KHO\u00c1NG CH\u1ea4T C\u00c2N THI\u1ebeT<\/strong><\/p>\n<p><strong>TH\u00c0NH PH\u1ea6N<\/strong><\/p>\n<p>Vitamin A (min) &#8230;&#8230;&#8230;&#8230;. 10.000.000UI<\/p>\n<p>Vitamin D<sub>3<\/sub> (min)&#8230;&#8230;&#8230;.. 2.500.000UI<\/p>\n<p>Vitamin C* (min) &#8230;&#8230;&#8230;. 25.000mg<\/p>\n<p>Vitamin K<sub>3<\/sub> (min) &#8230;&#8230;&#8230; 250mg<\/p>\n<p>Vitamin B<sub>1 <\/sub>(min) &#8230;&#8230;&#8230;8.000mg<\/p>\n<p>Vitamin B<sub>6<\/sub><sup>*<\/sup> (min) &#8230;&#8230;. 3.500mg<\/p>\n<p>Vitamin B<sub>12<\/sub><sup>*<\/sup> (min) &#8230;&#8230;30.000mcg<\/p>\n<p>Lysine* (min)&#8230;&#8230;&#8230;&#8230;.. 30.000mg<\/p>\n<p>Selenium* (min \u2013 max).. 190 \u2013 200mg<\/p>\n<p>Kh\u00e1ng sinh, ch\u1ea5t c\u1ea5m&#8230;. Kh\u00f4ng c\u00f3<\/p>\n<p>Ethoxyquin &#8230;&#8230;&#8230;&#8230;&#8230;&#8230;&#8230; kh\u00f4ng c\u00f3<\/p>\n<p>Ch\u1ea5t mang (Lactose) v\u1eeba \u0111\u1ee7&#8230;. 1kg<\/p>\n<p><strong>NGUY\u00caN LI\u1ec6U<\/strong>\u00a0 Retinyl acetate, Cholecalciferol, Ascorbic acid, Menadion sodium bisulfite, Thiamine mononitrate, Pyridoxine HCl, Cyanocobalamin, L-Lysine HCl, Sodium Selenite, Lactose.<\/p>\n<p><strong>C\u00d4NG D\u1ee4NG<\/strong><\/p>\n<p>B\u1ed5 sung \u0111\u1ea7y \u0111\u1ee7 v\u00e0 c\u00e2n \u0111\u1ed1i c\u00e1c vitamin, acid amin thi\u1ebft y\u1ebfu v\u00e0 ch\u1ea5t kho\u00e1ng c\u1ea7n thi\u1ebft v\u00e0o th\u1ee9c \u0103n, gi\u00fap t\u0103ng kh\u1ea3 n\u0103ng ti\u00eau h\u00f3a v\u00e0 t\u0103ng tr\u01b0\u1edfng nhanh \u1edf c\u00e1, gi\u1ea3m h\u1ec7 s\u1ed1 ti\u00eau t\u00f4\u0301n th\u01b0\u0301c \u0103n FCR.<\/p>\n<p><strong>H\u01af\u1edaNG D\u1eaaN S\u1eec D\u1ee4NG V\u00c0 LI\u1ec0U D\u00d9NG<\/strong><\/p>\n<p>H\u00f2a tan v\u00e0o n\u01b0\u1edbc tr\u1ed9n \u0111\u1ec1u v\u1edbi th\u1ee9c \u0103n, \u0111\u1ec3 r\u00e1o 15 ph\u00fat r\u1ed3i cho \u0103n.<\/p>\n<p>\u0110\u1ed1i v\u1edbi c\u00e1 gi\u1ed1ng: 2g\/1kg th\u1ee9c \u0103n, d\u00f9ng li\u00ean t\u1ee5c trong th\u1eddi gian nu\u00f4i.<\/p>\n<p>\u0110\u1ed1i v\u1edbi c\u00e1 th\u1ecbt: 1g\/1kg th\u1ee9c \u0103n, d\u00f9ng li\u00ean t\u1ee5c trong th\u1eddi gian nu\u00f4i.<\/p>\n<p>Cho c\u00e1 \u0103n t\u1ea5t c\u1ea3 c\u00e1c c\u1eed trong ng\u00e0y.<\/p>\n<p><strong>Ch\u00fa \u00fd<\/strong>: kh\u00f4ng du\u0300ng qu\u00e1 li\u1ec1u ch\u1ec9 \u0111\u1ecbnh<\/p>\n","protected":false},"featured_media":10653,"comment_status":"closed","ping_status":"closed","template":"","meta":[],"product_brand":[],"product_cat":[71,107],"product_tag":[],"class_list":{"0":"post-5111","1":"product","2":"type-product","3":"status-publish","4":"has-post-thumbnail","6":"product_cat-thuoc-thuy-san","7":"product_cat-san-pham-cho-ca","9":"first","10":"instock","11":"shipping-taxable","12":"purchasable","13":"product-type-variable","14":"has-default-attributes"},"_links":{"self":[{"href":"https:\/\/mebipha.com\/online\/wp-json\/wp\/v2\/product\/5111","targetHints":{"allow":["GET"]}}],"collection":[{"href":"https:\/\/mebipha.com\/online\/wp-json\/wp\/v2\/product"}],"about":[{"href":"https:\/\/mebipha.com\/online\/wp-json\/wp\/v2\/types\/product"}],"replies":[{"embeddable":true,"href":"https:\/\/mebipha.com\/online\/wp-json\/wp\/v2\/comments?post=5111"}],"wp:featuredmedia":[{"embeddable":true,"href":"https:\/\/mebipha.com\/online\/wp-json\/wp\/v2\/media\/10653"}],"wp:attachment":[{"href":"https:\/\/mebipha.com\/online\/wp-json\/wp\/v2\/media?parent=5111"}],"wp:term":[{"taxonomy":"product_brand","embeddable":true,"href":"https:\/\/mebipha.com\/online\/wp-json\/wp\/v2\/product_brand?post=5111"},{"taxonomy":"product_cat","embeddable":true,"href":"https:\/\/mebipha.com\/online\/wp-json\/wp\/v2\/product_cat?post=5111"},{"taxonomy":"product_tag","embeddable":true,"href":"https:\/\/mebipha.com\/online\/wp-json\/wp\/v2\/product_tag?post=5111"}],"curies":[{"name":"wp","href":"https:\/\/api.w.org\/{rel}","templated":true}]}}