{"id":5099,"date":"2019-04-02T14:36:00","date_gmt":"2019-04-02T07:36:00","guid":{"rendered":"https:\/\/mebipha.com\/?post_type=product&#038;p=5099"},"modified":"2024-11-11T15:09:30","modified_gmt":"2024-11-11T08:09:30","slug":"multi-glucan-new","status":"publish","type":"product","link":"https:\/\/mebipha.com\/online\/multi-glucan-new\/","title":{"rendered":"MULTI-GLUCAN NEW"},"content":{"rendered":"<p><strong>GIA T\u0102NG MI\u1ec4N D\u1ecaCH-T\u0102NG N\u0102NG SU\u1ea4T<\/strong><\/p>\n<p><strong>B\u1ed9t h\u00f2a tan<\/strong><\/p>\n<p><strong>MULTI-GLUCAN NEW<\/strong> b\u1ed5 sung \u03b2-glucan, Vitamin, l\u1ee3i khu\u1ea9n v\u00e0 kho\u00e1ng ch\u1ea5t cho gia s\u00fac, gia c\u1ea7m. S\u1ea3n ph\u1ea9m gi\u00fap k\u00edch th\u00edch h\u1ec7 mi\u1ec5n d\u1ecbch, n\u00e2ng cao s\u1ee9c \u0111\u1ec1 kh\u00e1ng, th\u00fac \u0111\u1ea9y sinh tr\u01b0\u1edfng nhanh, gi\u00fap gi\u1ea3m vi khu\u1ea9n g\u00e2y b\u1ec7nh x\u00e2m nh\u1eadp \u0111\u01b0\u1eddng ru\u1ed9t, gia t\u0103ng s\u1ee9c kh\u1ecfe \u0111\u01b0\u1eddng ru\u1ed9t v\u00e0 t\u0103ng l\u01b0\u1ee3ng th\u1ee9c \u0103n \u0103n v\u00e0o. \u0110\u1ed3ng th\u1eddi, khi v\u1eadt nu\u00f4i \u0103n nhi\u1ec1u, mau l\u1edbn v\u00e0 kh\u1ecfe m\u1ea1nh th\u00ec s\u1ee9c kh\u1ecfe sinh s\u1ea3n c\u0169ng \u0111\u01b0\u1ee3c n\u00e2ng cao, t\u1ea1o ti\u1ec1n \u0111\u1ec1 gia t\u0103ng n\u0103ng su\u1ea5t ch\u0103n nu\u00f4i.<\/p>\n<p><strong>TH\u00c0NH PH\u1ea6N<\/strong><\/p>\n<p>\u03b2 \u2013 Glucan* (min): 130.000 mg<\/p>\n<p>Bacillus subtilis* (min): 1&#215;10<sup>9<\/sup> CFU<\/p>\n<p>Saccharomyces cerevisiae (min): 1 x 10<sup>10<\/sup>CFU<\/p>\n<p>Potassium (min-max): 1,25 &#8211; 1,75%<\/p>\n<p>Sodium (min-max): 1,15 &#8211; 1,45%<\/p>\n<p>Vitamin A (min): 2.500.000 UI<\/p>\n<p>Vitamin D3 (min): 1.250.000 UI<\/p>\n<p>Vitamin E (min): 2.500 mg<\/p>\n<p>Vitamin K3 (min): 2.500 mg<\/p>\n<p>Vitamin C (min): 25.000 mg<\/p>\n<p>Vitamin B1 (min): 3.500mg<\/p>\n<p>Vitamin B6 (min): 4.500mg<\/p>\n<p>Vitamin B12 (min): 40 mg<\/p>\n<p>Selenium* (min &#8211; max): 180 &#8211; 250mg<\/p>\n<p>Glucose v\u1eeba \u0111\u1ee7: 1kg<\/p>\n<p><strong>L\u1ee2I \u00cdCH C\u1ee6A VI\u1ec6C B\u1ed4 SUNG S\u1ea2N PH\u1ea8M<\/strong><\/p>\n<p>Gia t\u0103ng mi\u1ec5n d\u1ecbch<\/p>\n<p>H\u1ea1n ch\u1ebf stress, t\u0103ng hi\u1ec7u qu\u1ea3 s\u1eed d\u1ee5ng vaccine sau ch\u1ee7ng ng\u1eeba. Gi\u00fap mau ch\u00f3ng ph\u1ee5c h\u1ed3i sau khi m\u1eafc b\u1ec7nh.\u00a0 K\u00edch th\u00edch ti\u00eau h\u00f3a, gi\u00fap v\u1eadt nu\u00f4i t\u0103ng tr\u01b0\u1edfng nhanh v\u00e0 t\u0103ng th\u00e0nh t\u00edch sinh s\u1ea3n.<\/p>\n<p>S\u1ea3n ph\u1ea9m \u0111\u1eb7c bi\u1ec7t \u0111\u01b0\u1ee3c ch\u1ec9 \u0111\u1ecbnh d\u00f9ng cho v\u1eadt nu\u00f4i \u1edf c\u00e1c giai \u0111o\u1ea1n:<\/p>\n<p>Heo con: tr\u01b0\u1edbc v\u00e0 sau cai s\u1eefa.<\/p>\n<p>Gia c\u1ea7m: giai \u0111o\u1ea1n \u00fam v\u00e0 giai \u0111o\u1ea1n t\u0103ng tr\u01b0\u1edfng nhanh (21 &#8211; 35 ng\u00e0y tu\u1ed5i).<\/p>\n<p><strong>H\u01af\u1edaNG D\u1eaaN S\u1eec D\u1ee4NG<\/strong><\/p>\n<p>G\u00e0, v\u1ecbt, c\u00fat: Li\u1ec1u t\u1ed5ng qu\u00e1t 1g\/ 15kg th\u1ec3 tr\u1ecdng.<\/p>\n<p>1g\/ 2 &#8211; 4 l\u00edt n\u01b0\u1edbc u\u1ed1ng, d\u00f9ng cho to\u00e0n \u0111\u00e0n, li\u00ean t\u1ee5c t\u1eeb 5 &#8211; 7 ng\u00e0y, m\u1ed7i th\u00e1ng d\u00f9ng 1 &#8211; 2 \u0111\u1ee3t.<\/p>\n<p>Trong m\u00f9a d\u1ecbch: 1g\/1 l\u00edt n\u01b0\u1edbc u\u1ed1ng, d\u00f9ng li\u00ean t\u1ee5c 7 &#8211; 10 ng\u00e0y.<\/p>\n<p>Heo v\u00e0 gia s\u00fac: 1g\/2 l\u00edt n\u01b0\u1edbc u\u1ed1ng ho\u1eb7c 1g\/ 1kg th\u1ee9c \u0103n.<\/p>\n<p><strong>H\u1ea0N D\u00d9NG <\/strong><\/p>\n<p>24 th\u00e1ng k\u1ec3 t\u1eeb ng\u00e0y s\u1ea3n xu\u1ea5t.<\/p>\n<p><strong>\u0110\u00d3NG G\u00d3I<\/strong><\/p>\n<p>50g, 1kg\/g\u00f3i, 1kg\/g\u00f3i (10 trong 1), 1kg\/lon (10 trong 1)<\/p>\n<p><strong>S\u1ed1 \u0111\u0103ng k\u00fd: <\/strong>TCCS 140:2014\/MBP<\/p>\n","protected":false},"excerpt":{"rendered":"<p><strong>GIA T\u0102NG MI\u1ec4N D\u1ecaCH-T\u0102NG N\u0102NG SU\u1ea4T<\/strong><\/p>\n<p><strong>B\u1ed9t h\u00f2a tan<\/strong><\/p>\n<p><strong>TH\u00c0NH PH\u1ea6N<\/strong><\/p>\n<p>\u03b2 \u2013 Glucan* (min): 130.000 mg<\/p>\n<p>Bacillus subtilis* (min): 1&#215;10<sup>9<\/sup> CFU<\/p>\n<p>Saccharomyces cerevisiae (min): 1 x 10<sup>10<\/sup>CFU<\/p>\n<p>Potassium (min-max): 1,25 &#8211; 1,75%<\/p>\n<p>Sodium (min-max): 1,15 &#8211; 1,45%<\/p>\n<p>Vitamin A (min): 2.500.000 UI<\/p>\n<p>Vitamin D3 (min): 1.250.000 UI<\/p>\n<p>Vitamin E (min): 2.500 mg<\/p>\n<p>Vitamin K3 (min): 2.500 mg<\/p>\n<p>Vitamin C (min): 25.000 mg<\/p>\n<p>Vitamin B1 (min): 3.500mg<\/p>\n<p>Vitamin B6 (min): 4.500mg<\/p>\n<p>Vitamin B12 (min): 40 mg<\/p>\n<p>Selenium* (min &#8211; max): 180 &#8211; 250mg<\/p>\n<p>Glucose v\u1eeba \u0111\u1ee7: 1kg<\/p>\n<p><strong>L\u1ee2I \u00cdCH C\u1ee6A VI\u1ec6C B\u1ed4 SUNG S\u1ea2N PH\u1ea8M<\/strong><\/p>\n<p>Gia t\u0103ng mi\u1ec5n d\u1ecbch<\/p>\n<p>H\u1ea1n ch\u1ebf stress, t\u0103ng hi\u1ec7u qu\u1ea3 s\u1eed d\u1ee5ng vaccine sau ch\u1ee7ng ng\u1eeba. Gi\u00fap mau ch\u00f3ng ph\u1ee5c h\u1ed3i sau khi m\u1eafc b\u1ec7nh.\u00a0 K\u00edch th\u00edch ti\u00eau h\u00f3a, gi\u00fap v\u1eadt nu\u00f4i t\u0103ng tr\u01b0\u1edfng nhanh v\u00e0 t\u0103ng th\u00e0nh t\u00edch sinh s\u1ea3n.<\/p>\n<p>S\u1ea3n ph\u1ea9m \u0111\u1eb7c bi\u1ec7t \u0111\u01b0\u1ee3c ch\u1ec9 \u0111\u1ecbnh d\u00f9ng cho v\u1eadt nu\u00f4i \u1edf c\u00e1c giai \u0111o\u1ea1n:<\/p>\n<p>Heo con: tr\u01b0\u1edbc v\u00e0 sau cai s\u1eefa.<\/p>\n<p>Gia c\u1ea7m: giai \u0111o\u1ea1n \u00fam v\u00e0 giai \u0111o\u1ea1n t\u0103ng tr\u01b0\u1edfng nhanh (21 &#8211; 35 ng\u00e0y tu\u1ed5i).<\/p>\n<p><strong>H\u01af\u1edaNG D\u1eaaN S\u1eec D\u1ee4NG<\/strong><\/p>\n<p>G\u00e0, v\u1ecbt, c\u00fat: Li\u1ec1u t\u1ed5ng qu\u00e1t 1g\/ 15kg th\u1ec3 tr\u1ecdng.<\/p>\n<p>1g\/ 2 &#8211; 4 l\u00edt n\u01b0\u1edbc u\u1ed1ng, d\u00f9ng cho to\u00e0n \u0111\u00e0n, li\u00ean t\u1ee5c t\u1eeb 5 &#8211; 7 ng\u00e0y, m\u1ed7i th\u00e1ng d\u00f9ng 1 &#8211; 2 \u0111\u1ee3t.<\/p>\n<p>Trong m\u00f9a d\u1ecbch: 1g\/1 l\u00edt n\u01b0\u1edbc u\u1ed1ng, d\u00f9ng li\u00ean t\u1ee5c 7 &#8211; 10 ng\u00e0y.<\/p>\n<p>Heo v\u00e0 gia s\u00fac: 1g\/2 l\u00edt n\u01b0\u1edbc u\u1ed1ng ho\u1eb7c 1g\/ 1kg th\u1ee9c \u0103n.<\/p>\n<p>&nbsp;<\/p>\n","protected":false},"featured_media":10526,"comment_status":"closed","ping_status":"closed","template":"","meta":[],"product_brand":[],"product_cat":[62,106],"product_tag":[],"class_list":{"0":"post-5099","1":"product","2":"type-product","3":"status-publish","4":"has-post-thumbnail","6":"product_cat-thuoc-thu-y","7":"product_cat-san-pham-tieu-bieu","9":"first","10":"instock","11":"shipping-taxable","12":"purchasable","13":"product-type-variable","14":"has-default-attributes"},"_links":{"self":[{"href":"https:\/\/mebipha.com\/online\/wp-json\/wp\/v2\/product\/5099","targetHints":{"allow":["GET"]}}],"collection":[{"href":"https:\/\/mebipha.com\/online\/wp-json\/wp\/v2\/product"}],"about":[{"href":"https:\/\/mebipha.com\/online\/wp-json\/wp\/v2\/types\/product"}],"replies":[{"embeddable":true,"href":"https:\/\/mebipha.com\/online\/wp-json\/wp\/v2\/comments?post=5099"}],"wp:featuredmedia":[{"embeddable":true,"href":"https:\/\/mebipha.com\/online\/wp-json\/wp\/v2\/media\/10526"}],"wp:attachment":[{"href":"https:\/\/mebipha.com\/online\/wp-json\/wp\/v2\/media?parent=5099"}],"wp:term":[{"taxonomy":"product_brand","embeddable":true,"href":"https:\/\/mebipha.com\/online\/wp-json\/wp\/v2\/product_brand?post=5099"},{"taxonomy":"product_cat","embeddable":true,"href":"https:\/\/mebipha.com\/online\/wp-json\/wp\/v2\/product_cat?post=5099"},{"taxonomy":"product_tag","embeddable":true,"href":"https:\/\/mebipha.com\/online\/wp-json\/wp\/v2\/product_tag?post=5099"}],"curies":[{"name":"wp","href":"https:\/\/api.w.org\/{rel}","templated":true}]}}