{"id":5045,"date":"2019-03-26T13:14:25","date_gmt":"2019-03-26T06:14:25","guid":{"rendered":"https:\/\/mebipha.com\/?post_type=product&#038;p=5045"},"modified":"2024-09-25T15:54:35","modified_gmt":"2024-09-25T08:54:35","slug":"trisulpha","status":"publish","type":"product","link":"https:\/\/mebipha.com\/online\/trisulpha\/","title":{"rendered":"TRISULPHA"},"content":{"rendered":"<p><strong>\u0110\u1eb6C TR\u1eca VI\u00caM PH\u1ed4I, T\u1ee4 HUY\u1ebeT TR\u00d9NG TR\u00caN HEO V\u00c0 GIA C\u1ea6M<\/strong><\/p>\n<p><strong>Thu\u1ed1c b\u1ed9t tr\u1ed9n th\u1ee9c \u0103n ho\u1eb7c pha n\u01b0\u1edbc u\u1ed1ng<\/strong><\/p>\n<p><strong>C\u00d4NG TH\u1ee8C<\/strong><\/p>\n<p>Trimethoprime: 40g<\/p>\n<p>Sulfadimidine sodium: 200g<\/p>\n<p>T\u00e1 d\u01b0\u1ee3c v\u1eeba \u0111\u1ee7: 1kg<\/p>\n<p><strong>\u0110\u1eb6C T\u00cdNH D\u01af\u1ee2C L\u00dd S\u1ea2N PH\u1ea8M<\/strong><\/p>\n<p>S\u1ef1 ph\u1ed1i h\u1ee3p gi\u1eefa Sulfadimidine v\u00e0 Trimethoprim s\u1ebd \u1ee9c ch\u1ebf hai giai \u0111o\u1ea1n li\u00ean ti\u1ebfp c\u1ee7a s\u1ef1 chuy\u1ec3n h\u00f3a acid folic, do \u0111\u00f3 \u1ee9c ch\u1ebf c\u00f3 hi\u1ec7u qu\u1ea3 vi\u1ec7c t\u1ed5ng h\u1ee3p purin, thymin v\u00e0 cu\u1ed1i c\u00f9ng DNA c\u1ee7a vi khu\u1ea9n. S\u1ef1 \u1ee9c ch\u1ebf n\u1ed1i ti\u1ebfp n\u00e0y c\u00f3 t\u00e1c d\u1ee5ng di\u1ec7t khu\u1ea9n v\u1edbi m\u1ed9t s\u1ed1 l\u01b0\u1ee3ng l\u1edbn vi khu\u1ea9n Gram d\u01b0\u01a1ng v\u00e0 Gram \u00e2m: \u00a0m\u1ed9t s\u1ed1 <em>Staphylococci<\/em>, <em>Streptococci<\/em>, <em>E. coli<\/em>, <em>Klebsiella <\/em>spp., <em>Salmonella <\/em>spp., <em>Proteus mirabilis<\/em>, <em>Pasteurella<\/em> spp., <em>Enterobacter aerogenes<\/em>, <em>Haemophilus influenza<\/em> v\u00e0 <em>Corynebacterium<\/em> spp,\u2026<\/p>\n<p>C\u01a1 ch\u1ebf hi\u1ec7p \u0111\u1ed3ng n\u00e0y c\u0169ng ch\u1ed1ng l\u1ea1i s\u1ef1 ph\u00e1t tri\u1ec3n vi khu\u1ea9n kh\u00e1ng thu\u1ed1c v\u00e0 l\u00e0m cho thu\u1ed1c c\u00f3 t\u00e1c d\u1ee5ng ngay c\u1ea3 khi vi khu\u1ea9n kh\u00e1ng l\u1ea1i t\u1eebng th\u00e0nh ph\u1ea7n c\u1ee7a thu\u1ed1c. Sau khi u\u1ed1ng, \u0111\u01b0\u1eddng ru\u1ed9t s\u1ebd h\u1ea5p th\u1ee5 c\u1ea3 hai th\u00e0nh ph\u1ea7n m\u1ed9t c\u00e1ch nhanh ch\u00f3ng.<\/p>\n<p><strong>C\u00d4NG D\u1ee4NG S\u1ea2N PH\u1ea8M<\/strong><\/p>\n<p><strong>Ph\u00f2ng v\u00e0 tr\u1ecb c\u00e1c b\u1ec7nh nhi\u1ec5m tr\u00f9ng \u0111\u01b0\u1eddng h\u00f4 h\u1ea5p tr\u00ean heo v\u00e0 gia c\u1ea7m:<\/strong><\/p>\n<p>Heo: ho, vi\u00eam ph\u1ed5i, vi\u00eam ph\u1ebf qu\u1ea3n ph\u1ed5i, t\u1ee5 huy\u1ebft tr\u00f9ng, vi\u00eam teo m\u0169i truy\u1ec1n nhi\u1ec5m.<\/p>\n<p>Gia c\u1ea7m: T\u1ee5 huy\u1ebft tr\u00f9ng, s\u1ed5 m\u0169i truy\u1ec1n nhi\u1ec5m, s\u01b0ng ph\u00f9 \u0111\u1ea7u, c\u00e1c bi\u1ebfn ch\u1ee9ng c\u1ee7a b\u1ec7nh CRD.<\/p>\n<p><strong>CH\u1ed0NG CH\u1ec8 \u0110\u1ecaNH<\/strong><\/p>\n<p>Th\u00fa qu\u00e1 m\u1eabn v\u1edbi c\u00e1c th\u00e0nh ph\u1ea7n c\u1ee7a thu\u1ed1c.<\/p>\n<p>Th\u00fa b\u1ecb suy gi\u1ea3m ch\u1ee9c n\u0103ng gan, th\u1eadn nghi\u00eam tr\u1ecdng.<\/p>\n<p>Kh\u00f4ng d\u00f9ng cho g\u00e0 \u0111\u1ebb tr\u1ee9ng l\u00e0m th\u1ee9c \u0103n cho ng\u01b0\u1eddi.<\/p>\n<p><strong>S\u1eec D\u1ee4NG<\/strong><\/p>\n<p><strong>Heo v\u00e0 gia s\u00fac<\/strong><\/p>\n<p>Li\u1ec1u t\u1ed5ng qu\u00e1t: 1g\/15-20kg th\u1ec3 tr\u1ecdng.<\/p>\n<p><strong>Tr\u1ecb b\u1ec7nh<\/strong>: Tr\u1ed9n \u0111\u1ec1u 100g\/50kg th\u1ee9c \u0103n, d\u00f9ng trong 5-7 ng\u00e0y.<\/p>\n<p><strong>G\u00e0, v\u1ecbt, c\u00fat<\/strong><\/p>\n<p>Li\u1ec1u t\u1ed5ng qu\u00e1t: 1g\/10-15kg th\u1ec3 tr\u1ecdng.<\/p>\n<p><strong>Tr\u1ecb b\u1ec7nh<\/strong>: H\u00f2a tan 1g\/1 l\u00edt n\u01b0\u1edbc u\u1ed1ng, d\u00f9ng trong 5-7 ng\u00e0y.<\/p>\n<p><strong>Ph\u00f2ng b\u1ec7nh<\/strong>: 1\/2 li\u1ec1u \u0111i\u1ec1u tr\u1ecb, d\u00f9ng li\u00ean t\u1ee5c trong 3-5 ng\u00e0y.<\/p>\n<p><strong>Th\u1eddi gian ng\u01b0ng s\u1eed d\u1ee5ng thu\u1ed1c<\/strong><\/p>\n<p>7 ng\u00e0y tr\u01b0\u1edbc khi gi\u1ebft m\u1ed5.<\/p>\n<p><strong>B\u1ea2O QU\u1ea2N: <\/strong>N\u01a1i kh\u00f4 r\u00e1o, tho\u00e1ng m\u00e1t, nhi\u1ec7t \u0111\u1ed9 d\u01b0\u1edbi 30<sup>0<\/sup>C. Tr\u00e1nh \u00e1nh n\u1eafng tr\u1ef1c ti\u1ebfp, tr\u00e1nh xa t\u1ea7m tay tr\u1ebb em.<\/p>\n<p><strong>H\u1ea0N S\u1eec D\u1ee4NG S\u1ea2N PH\u1ea8M <\/strong><\/p>\n<p>36 th\u00e1ng k\u1ec3 t\u1eeb ng\u00e0y s\u1ea3n xu\u1ea5t<\/p>\n<p><strong>\u0110\u00d3NG G\u00d3I<\/strong><\/p>\n<p>10g\/g\u00f3i, 50g\/g\u00f3i, 100g\/g\u00f3i, 1kg\/g\u00f3i, 1kg\/lon, 1kg\/lon (10 trong 1)<\/p>\n<p><strong>S\u0110K: MBP-47<\/strong><\/p>\n","protected":false},"excerpt":{"rendered":"<p>Th\u00e0nh ph\u1ea7n:\u00a0Trimethoprim Sulphadimidine, T\u00e1 d\u01b0\u1ee3c v\u1eeba \u0111\u1ee7.<\/p>\n<p>S\u1eed d\u1ee5ng:<\/p>\n<p>Heo v\u00e0 gia s\u00fac:<br \/>\nLi\u1ec1u t\u1ed5ng qu\u00e1t: 1g\/15-20kg th\u1ec3 tr\u1ecdng<br \/>\nTr\u1ecb b\u1ec7nh: tr\u1ed9n \u0111\u1ec1u 100g\/50kg th\u1ee9c \u0103n, d\u00f9ng li\u00ean t\u1ee5c trong 5-7 ng\u00e0y.<br \/>\nG\u00e0, v\u1ecbt, c\u00fat:<br \/>\nLi\u1ec1u t\u1ed5ng qu\u00e1t: 1g\/10-15kg th\u1ec3 tr\u1ecdng<br \/>\nTr\u1ecb b\u1ec7nh: h\u00f2a tan 1g\/1 l\u00edt n\u01b0\u1edbc u\u1ed1ng, d\u00f9ng li\u00ean t\u1ee5c trong 5-7 ng\u00e0y.<br \/>\nPh\u00f2ng b\u1ec7nh: 1\/2 li\u1ec1u \u0111i\u1ec1u tr\u1ecb, d\u00f9ng li\u00ean t\u1ee5c trong 3-5 ng\u00e0y.<\/p>\n","protected":false},"featured_media":10599,"comment_status":"closed","ping_status":"closed","template":"","meta":[],"product_brand":[],"product_cat":[62],"product_tag":[],"class_list":{"0":"post-5045","1":"product","2":"type-product","3":"status-publish","4":"has-post-thumbnail","6":"product_cat-thuoc-thu-y","8":"first","9":"instock","10":"shipping-taxable","11":"purchasable","12":"product-type-variable","13":"has-default-attributes"},"_links":{"self":[{"href":"https:\/\/mebipha.com\/online\/wp-json\/wp\/v2\/product\/5045","targetHints":{"allow":["GET"]}}],"collection":[{"href":"https:\/\/mebipha.com\/online\/wp-json\/wp\/v2\/product"}],"about":[{"href":"https:\/\/mebipha.com\/online\/wp-json\/wp\/v2\/types\/product"}],"replies":[{"embeddable":true,"href":"https:\/\/mebipha.com\/online\/wp-json\/wp\/v2\/comments?post=5045"}],"wp:featuredmedia":[{"embeddable":true,"href":"https:\/\/mebipha.com\/online\/wp-json\/wp\/v2\/media\/10599"}],"wp:attachment":[{"href":"https:\/\/mebipha.com\/online\/wp-json\/wp\/v2\/media?parent=5045"}],"wp:term":[{"taxonomy":"product_brand","embeddable":true,"href":"https:\/\/mebipha.com\/online\/wp-json\/wp\/v2\/product_brand?post=5045"},{"taxonomy":"product_cat","embeddable":true,"href":"https:\/\/mebipha.com\/online\/wp-json\/wp\/v2\/product_cat?post=5045"},{"taxonomy":"product_tag","embeddable":true,"href":"https:\/\/mebipha.com\/online\/wp-json\/wp\/v2\/product_tag?post=5045"}],"curies":[{"name":"wp","href":"https:\/\/api.w.org\/{rel}","templated":true}]}}