{"id":5005,"date":"2019-03-14T13:32:47","date_gmt":"2019-03-14T06:32:47","guid":{"rendered":"https:\/\/mebipha.com\/?post_type=product&#038;p=5005"},"modified":"2024-07-08T11:19:24","modified_gmt":"2024-07-08T04:19:24","slug":"oxytetra-50ca","status":"publish","type":"product","link":"https:\/\/mebipha.com\/online\/oxytetra-50ca\/","title":{"rendered":"OXYTETRA 50%(C\u00c1)"},"content":{"rendered":"","protected":false},"excerpt":{"rendered":"<p>\u0110\u1eb6C TR\u1eca B\u1ec6NH \u0110\u1ed0M \u0110\u1ece, XU\u1ea4T HUY\u1ebeT, L\u1ede LO\u00c9T<\/p>\n<p><strong>C\u00d4NG TH\u1ee8C<\/strong><\/p>\n<p>Oxytetracycline HCl\u2026\u2026..500g<\/p>\n<p>T\u00e1 d\u01b0\u1ee3c v\u1eeba \u0111\u1ee7\u2026\u2026\u2026\u2026.1.000g<\/p>\n<p><strong>CH\u1ec8 \u0110\u1ecaNH<\/strong><\/p>\n<p>\u0110\u1eb7c tr\u1ecb b\u1ec7nh \u0111\u1ed1m \u0111\u1ecf, xu\u1ea5t huy\u1ebft tr\u00ean th\u00e2n, h\u1eadu m\u00f4n s\u01b0ng \u0111\u1ecf, c\u00e1c v\u00e2y b\u1ecb r\u00e1ch tr\u00ean c\u00e1 do vi khu\u1ea9n <em>Aeromonas, Pseudomonas <\/em>\u00a0v\u00e0 <em>Edwardsiella<\/em>. Tr\u1ecb c\u00e1c b\u1ec7nh do vi khu\u1ea9n Vibrio g\u00e2y ra.<\/p>\n<p><strong>LI\u1ec0U L\u01af\u1ee2NG <\/strong><\/p>\n<p>Ph\u00f2ng b\u1ec7nh: 1 &#8211; 2g \/1kg th\u1ee9c \u0103n, ng\u00e0y 1 l\u1ea7n, d\u00f9ng li\u00ean t\u1ee5c 2 \u2013 3 ng\u00e0y. \u0110\u1ecbnh k\u1ef3 1 th\u00e1ng cho \u0103n 1 \u0111\u1ee3t.<\/p>\n<p>Tr\u1ecb b\u1ec7nh: 3g\/1kg th\u1ee9c \u0103n, ng\u00e0y 1 l\u1ea7n, d\u00f9ng li\u00ean t\u1ee5c 5 \u2013 7 ng\u00e0y.<\/p>\n<p><strong>H\u01af\u1edaNG D\u1eaaN S\u1eec D\u1ee4NG<\/strong><\/p>\n<p>H\u00f2a tan v\u00e0o n\u01b0\u1edbc, tr\u1ed9n \u0111\u1ec1u v\u1edbi th\u1ee9c \u0103n, \u0111\u1ec3 r\u00e1o 15 ph\u00fat sau \u0111\u00f3 cho c\u00e1 \u0103n.<\/p>\n<p><strong>Th\u1eddi gian ng\u01b0ng s\u1eed d\u1ee5ng thu\u1ed1c<\/strong><\/p>\n<p>30 ng\u00e0y tr\u01b0\u1edbc khi thu ho\u1ea1ch.<\/p>\n","protected":false},"featured_media":10392,"comment_status":"closed","ping_status":"closed","template":"","meta":[],"product_brand":[],"product_cat":[71,107],"product_tag":[],"class_list":{"0":"post-5005","1":"product","2":"type-product","3":"status-publish","4":"has-post-thumbnail","6":"product_cat-thuoc-thuy-san","7":"product_cat-san-pham-cho-ca","9":"first","10":"instock","11":"shipping-taxable","12":"purchasable","13":"product-type-variable","14":"has-default-attributes"},"_links":{"self":[{"href":"https:\/\/mebipha.com\/online\/wp-json\/wp\/v2\/product\/5005","targetHints":{"allow":["GET"]}}],"collection":[{"href":"https:\/\/mebipha.com\/online\/wp-json\/wp\/v2\/product"}],"about":[{"href":"https:\/\/mebipha.com\/online\/wp-json\/wp\/v2\/types\/product"}],"replies":[{"embeddable":true,"href":"https:\/\/mebipha.com\/online\/wp-json\/wp\/v2\/comments?post=5005"}],"wp:featuredmedia":[{"embeddable":true,"href":"https:\/\/mebipha.com\/online\/wp-json\/wp\/v2\/media\/10392"}],"wp:attachment":[{"href":"https:\/\/mebipha.com\/online\/wp-json\/wp\/v2\/media?parent=5005"}],"wp:term":[{"taxonomy":"product_brand","embeddable":true,"href":"https:\/\/mebipha.com\/online\/wp-json\/wp\/v2\/product_brand?post=5005"},{"taxonomy":"product_cat","embeddable":true,"href":"https:\/\/mebipha.com\/online\/wp-json\/wp\/v2\/product_cat?post=5005"},{"taxonomy":"product_tag","embeddable":true,"href":"https:\/\/mebipha.com\/online\/wp-json\/wp\/v2\/product_tag?post=5005"}],"curies":[{"name":"wp","href":"https:\/\/api.w.org\/{rel}","templated":true}]}}