{"id":4967,"date":"2019-03-13T14:45:26","date_gmt":"2019-03-13T07:45:26","guid":{"rendered":"https:\/\/mebipha.com\/?post_type=product&#038;p=4967"},"modified":"2025-12-29T14:59:28","modified_gmt":"2025-12-29T07:59:28","slug":"new-fur","status":"publish","type":"product","link":"https:\/\/mebipha.com\/online\/new-fur\/","title":{"rendered":"NEW-FUR"},"content":{"rendered":"<p><strong>\u0110\u1eb6C TR\u1eca HO &#8211; VI\u00caM PH\u1ed4I C\u1ea4P V\u00c0 M\u00c3N T\u00cdNH<\/strong><\/p>\n<p><strong>Thu\u1ed1c b\u1ed9t tr\u1ed9n th\u1ee9c \u0103n ho\u1eb7c pha n\u01b0\u1edbc u\u1ed1ng<\/strong><\/p>\n<p><strong>C\u00d4NG TH\u1ee8C<\/strong><\/p>\n<p>Cefadroxil monohydrate: 75.000mg<\/p>\n<p>T\u00e1 d\u01b0\u1ee3c v\u1eeba \u0111\u1ee7: 1 kg<\/p>\n<p><strong>\u0110\u1eb6C T\u00cdNH D\u01af\u1ee2C L\u00dd S\u1ea2N PH\u1ea8M<\/strong><\/p>\n<p><strong>Cefadroxil <\/strong>l\u00e0 m\u1ed9t kh\u00e1ng sinh nh\u00f3m cephalosporin th\u1ebf h\u1ec7 1. T\u00e1c d\u1ee5ng di\u1ec7t khu\u1ea9n c\u1ee7a thu\u1ed1c l\u00e0 do \u1ee9c ch\u1ebf t\u1ed5ng h\u1ee3p th\u00e0nh t\u1ebf b\u00e0o vi khu\u1ea9n, ho\u1ea1t \u0111\u1ed9ng ch\u1ed1ng l\u1ea1i vi khu\u1ea9n Gram d\u01b0\u01a1ng (<em>Staphylococcus, Streptococus, Clostridium perfringens<\/em>,.. ) v\u00e0 Gram \u00e2m (<em>Escherichia coli, Klebsiella pneumonia, Pasteurella<\/em> \u2026).<\/p>\n<p><strong>Cefadroxil<\/strong> c\u00f3 t\u00e1c d\u1ee5ng \u0111i\u1ec1u tr\u1ecb k\u00e9o d\u00e0i, b\u1ec1n v\u1eefng trong m\u00f4i tr\u01b0\u1eddng acid d\u1ea1 d\u00e0y v\u00e0 \u0111\u01b0\u1ee3c h\u1ea5p th\u1ee5 r\u1ea5t t\u1ed1t \u1edf \u0111\u01b0\u1eddng ti\u00eau h\u00f3a, kh\u00f4ng b\u1ecb \u1ea3nh h\u01b0\u1edfng b\u1edfi th\u1ee9c \u0103n, n\u00ean s\u1ea3n ph\u1ea9m <strong>NEW-FUR<\/strong> \u0111\u00e3 \u0111\u01b0\u1ee3c \u0111\u1eb7c ch\u1ebf \u1edf d\u1ea1ng b\u1ed9t u\u1ed1ng, kh\u00f4ng c\u00f3 v\u1ecb \u0111\u1eafng gi\u00fap v\u1eadt nu\u00f4i d\u1ec5 u\u1ed1ng, d\u1ec5 h\u1ea5p thu, cho t\u00e1c d\u1ee5ng \u0111i\u1ec1u tr\u1ecb t\u1ed1i \u0111a.<\/p>\n<p><strong>C\u00d4NG D\u1ee4NG S\u1ea2N PH\u1ea8M<\/strong><\/p>\n<p><strong>\u0110\u1eb7c tr\u1ecb hi\u1ec7u qu\u1ea3 c\u00e1c b\u1ec7nh h\u00f4 h\u1ea5p tr\u00ean g\u00e0, v\u1ecbt, c\u00fat:<\/strong><\/p>\n<p><strong>Heo v\u00e0 gia s\u00fac:<\/strong><\/p>\n<p>Vi\u00eam ph\u1ed5i \u0111\u1ecba ph\u01b0\u01a1ng (SEP)<\/p>\n<p>Nhi\u1ec5m tr\u00f9ng h\u00f4 h\u1ea5p: ho, vi\u00eam ph\u1ed5i, t\u1ee5 huy\u1ebft tr\u00f9ng.<\/p>\n<p>B\u1ec7nh \u0111\u01b0\u1eddng ru\u1ed9t.<\/p>\n<p><strong>G\u00e0, v\u1ecbt, c\u00fat:<\/strong><\/p>\n<p>CRD, CCRD<\/p>\n<p>B\u1ec7nh \u0111\u01b0\u1eddng ru\u1ed9t.<\/p>\n<p><strong>S\u1eec D\u1ee4NG<\/strong><\/p>\n<p><strong>G\u00e0, v\u1ecbt, c\u00fat<\/strong><\/p>\n<p>Li\u1ec1u t\u1ed5ng qu\u00e1t: 1g\/10kg th\u1ec3 tr\u1ecdng.<\/p>\n<p>Ph\u00f2ng b\u1ec7nh: 1g\/2 l\u00edt n\u01b0\u1edbc u\u1ed1ng, d\u00f9ng li\u00ean t\u1ee5c 3-5 ng\u00e0y.<\/p>\n<p>Tr\u1ecb b\u1ec7nh: g\u1ea5p \u0111\u00f4i li\u1ec1u ph\u00f2ng, d\u00f9ng li\u00ean t\u1ee5c 5-7 ng\u00e0y.<\/p>\n<p><strong>Heo v\u00e0 gia s\u00fac kh\u00e1c<\/strong><\/p>\n<p>Li\u1ec1u t\u1ed5ng qu\u00e1t: 1g\/15kg th\u1ec3 tr\u1ecdng.<\/p>\n<p>Ph\u00f2ng b\u1ec7nh: 1kg\/500kg th\u1ee9c \u0103n, d\u00f9ng li\u00ean t\u1ee5c trong 3 ng\u00e0y. M\u1ed7i 3-4 tu\u1ea7n d\u00f9ng 1 \u0111\u1ee3t.<\/p>\n<p>Tr\u1ecb b\u1ec7nh: 1kg\/250kg th\u1ee9c \u0103n, d\u00f9ng li\u00ean t\u1ee5c 5-7 ng\u00e0y.<\/p>\n<p>Th\u1eddi gian ng\u01b0ng s\u1eed d\u1ee5ng thu\u1ed1c:<\/p>\n<p>12 ng\u00e0y tr\u01b0\u1edbc khi gi\u1ebft m\u1ed5<\/p>\n<p><strong>CH\u1ed0NG CH\u1ec8 \u0110\u1ecaNH <\/strong><\/p>\n<p>Th\u00fa qu\u00e1 m\u1eabn v\u1edbi cefadroxil ho\u1eb7c th\u00fa c\u00f3 ti\u1ec1n s\u1eed d\u1ecb \u1ee9ng v\u1edbi kh\u00e1ng sinh nh\u00f3m cephalosporin.<\/p>\n<p><strong>B\u1ea2O QU\u1ea2N: <\/strong>N\u01a1i kh\u00f4 r\u00e1o, tho\u00e1ng m\u00e1t, nhi\u1ec7t \u0111\u1ed9 d\u01b0\u1edbi 30<sup>0<\/sup>C. Tr\u00e1nh \u00e1nh n\u1eafng tr\u1ef1c ti\u1ebfp, tr\u00e1nh xa t\u1ea7m tay tr\u1ebb em.<\/p>\n<p><strong>H\u1ea1n s\u1eed d\u1ee5ng s\u1ea3n ph\u1ea9m <\/strong><\/p>\n<p>24 th\u00e1ng k\u1ec3 t\u1eeb ng\u00e0y s\u1ea3n xu\u1ea5t.<\/p>\n<p><strong>\u0110\u00d3NG G\u00d3I<\/strong><\/p>\n<p>10g, 50g, 100g, 500g\/g\u00f3i, 1kg\/g\u00f3i, 2kg\/lon (4 trong 1), 5kg\/x\u00f4 (5 trong 1).<\/p>\n","protected":false},"excerpt":{"rendered":"<p>Th\u00e0nh ph\u1ea7n:\u00a0Cefadroxil, T\u00e1 d\u01b0\u1ee3c v\u1eeba \u0111\u1ee7.<\/p>\n<p>S\u1eed d\u1ee5ng:<\/p>\n<p>G\u00e0, v\u1ecbt, c\u00fat:<br \/>\nLi\u1ec1u t\u1ed5ng qu\u00e1t: 1g\/10kg th\u1ec3 tr\u1ecdng.<br \/>\nPh\u00f2ng: 1g\/2 l\u00edt n\u01b0\u1edbc u\u1ed1ng, d\u00f9ng 3-5 ng\u00e0y.<br \/>\nTr\u1ecb: g\u1ea5p \u0111\u00f4i li\u1ec1u ph\u00f2ng, d\u00f9ng 5-7 ng\u00e0y<br \/>\nHeo v\u00e0 gia s\u00fac kh\u00e1c:<br \/>\nLi\u1ec1u t\u1ed5ng qu\u00e1t: 1g\/15 kg th\u1ec3 tr\u1ecdng.<br \/>\nPh\u00f2ng: 1kg\/500kg th\u1ee9c \u0103n, d\u00f9ng li\u00ean t\u1ee5c trong 3 ng\u00e0y. M\u1ed7i 3-4 tu\u1ea7n d\u00f9ng m\u1ed9t \u0111\u1ee3t.<br \/>\nTr\u1ecb: 1kg\/250kg th\u1ee9c \u0103n, d\u00f9ng 5-7 ng\u00e0y<\/p>\n","protected":false},"featured_media":10316,"comment_status":"closed","ping_status":"closed","template":"","meta":[],"product_brand":[],"product_cat":[62],"product_tag":[],"class_list":{"0":"post-4967","1":"product","2":"type-product","3":"status-publish","4":"has-post-thumbnail","6":"product_cat-thuoc-thu-y","8":"first","9":"instock","10":"shipping-taxable","11":"purchasable","12":"product-type-variable","13":"has-default-attributes"},"_links":{"self":[{"href":"https:\/\/mebipha.com\/online\/wp-json\/wp\/v2\/product\/4967","targetHints":{"allow":["GET"]}}],"collection":[{"href":"https:\/\/mebipha.com\/online\/wp-json\/wp\/v2\/product"}],"about":[{"href":"https:\/\/mebipha.com\/online\/wp-json\/wp\/v2\/types\/product"}],"replies":[{"embeddable":true,"href":"https:\/\/mebipha.com\/online\/wp-json\/wp\/v2\/comments?post=4967"}],"wp:featuredmedia":[{"embeddable":true,"href":"https:\/\/mebipha.com\/online\/wp-json\/wp\/v2\/media\/10316"}],"wp:attachment":[{"href":"https:\/\/mebipha.com\/online\/wp-json\/wp\/v2\/media?parent=4967"}],"wp:term":[{"taxonomy":"product_brand","embeddable":true,"href":"https:\/\/mebipha.com\/online\/wp-json\/wp\/v2\/product_brand?post=4967"},{"taxonomy":"product_cat","embeddable":true,"href":"https:\/\/mebipha.com\/online\/wp-json\/wp\/v2\/product_cat?post=4967"},{"taxonomy":"product_tag","embeddable":true,"href":"https:\/\/mebipha.com\/online\/wp-json\/wp\/v2\/product_tag?post=4967"}],"curies":[{"name":"wp","href":"https:\/\/api.w.org\/{rel}","templated":true}]}}