{"id":4939,"date":"2019-03-12T15:20:08","date_gmt":"2019-03-12T08:20:08","guid":{"rendered":"https:\/\/mebipha.com\/?post_type=product&#038;p=4939"},"modified":"2025-12-29T13:25:12","modified_gmt":"2025-12-29T06:25:12","slug":"mebi-amoxtin-ac","status":"publish","type":"product","link":"https:\/\/mebipha.com\/online\/mebi-amoxtin-ac\/","title":{"rendered":"MEBI-AMOXTIN AC"},"content":{"rendered":"<p><strong>\u0110\u1eb6C TR\u1eca VI\u00caM PH\u1ed4I, T\u1ee4 HUY\u1ebeT TR\u00d9NG, VI\u00caM RU\u1ed8T TI\u00caU CH\u1ea2Y, VI\u00caM KH\u1edaP TR\u00caN GIA S\u00daC \u2013 GIA C\u1ea6M<\/strong><\/p>\n<p><strong>Thu\u1ed1c b\u1ed9t tr\u1ed9n th\u1ee9c \u0103n ho\u1eb7c pha n\u01b0\u1edbc u\u1ed1ng<\/strong><\/p>\n<p><strong>C\u00d4NG TH\u1ee8C<\/strong><\/p>\n<p>Amoxicillin trihydrate: 100g<\/p>\n<p>Colistin sulfate: 400.000.000 UI<\/p>\n<p>T\u00e1 d\u01b0\u1ee3c v\u1eeba \u0111\u1ee7: 1kg<\/p>\n<p><strong>\u0110\u1eb6C T\u00cdNH D\u01af\u1ee2C L\u00dd S\u1ea2N PH\u1ea8M<\/strong><\/p>\n<p>S\u1ea3n ph\u1ea9m ch\u1ee9a Amoxicillin v\u00e0 Colistin, c\u00f9ng thu\u1ed9c nh\u00f3m s\u00e1t khu\u1ea9n l\u00e0m t\u0103ng kh\u1ea3 n\u0103ng s\u00e1t khu\u1ea9n. S\u1ef1 ph\u1ed1i h\u1ee3p 2 lo\u1ea1i kh\u00e1ng sinh n\u00e0y gi\u00fap m\u1edf r\u1ed9ng ph\u1ed5 t\u00e1c d\u1ee5ng v\u00e0 l\u00e0m t\u0103ng hi\u1ec7u l\u1ef1c \u0111i\u1ec1u tr\u1ecb c\u00e1c b\u1ec7nh nhi\u1ec5m khu\u1ea9n to\u00e0n th\u00e2n g\u00e2y ra b\u1edfi c\u00e1c vi khu\u1ea9n Gram d\u01b0\u01a1ng, Gram \u00e2m v\u00e0 c\u00e1c vi khu\u1ea9n nh\u1ea1y c\u1ea3m kh\u00e1c.<\/p>\n<p>Amoxicillin l\u00e0 m\u1ed9t lo\u1ea1i penicilin d\u1ea1ng s\u1ee3i r\u1ed9ng b\u00e1n t\u1ed5ng h\u1ee3p v\u1edbi t\u00e1c d\u1ee5ng di\u1ec7t khu\u1ea9n ch\u1ed1ng l\u1ea1i c\u1ea3 vi khu\u1ea9n Gram d\u01b0\u01a1ng v\u00e0 Gram \u00e2m, ph\u1ed5 c\u1ee7a amoxicillin bao g\u1ed3m: <em>E.coli, Haemophillus, Salmonella, Shigella, Corynebacteria, Clostridium, Streptococcus,\u00a0 Staphilococcus, Bacillus anthracis, Klebsiella , Listeria monocytogenes, Proteus , Brucella, Pasteurella , Treponema pallidium,\u2026<\/em><\/p>\n<p>Colistin l\u00e0 m\u1ed9t lo\u1ea1i kh\u00e1ng sinh t\u1eeb nh\u00f3m polymyxin c\u00f3 t\u00e1c d\u1ee5ng di\u1ec7t khu\u1ea9n ch\u1ed1ng l\u1ea1i c\u00e1c vi khu\u1ea9n Gram \u00e2m nh\u01b0 <em>E. coli<\/em>, <em>Haemophilus<\/em> v\u00e0 <em>Salmonella<\/em>.<\/p>\n<p><strong>C\u00d4NG D\u1ee4NG S\u1ea2N PH\u1ea8M<\/strong><\/p>\n<p><strong>Heo v\u00e0 gia s\u00fac<\/strong>: Ph\u00f2ng v\u00e0 tr\u1ecb vi\u00eam ph\u1ed5i \u0111\u1ecba ph\u01b0\u01a1ng tr\u00ean heo (SEP), t\u1ee5 huy\u1ebft tr\u00f9ng, vi\u00eam ru\u1ed9t ti\u00eau ch\u1ea3y do E.coli\u2026<\/p>\n<p><strong>Gia c\u1ea7m<\/strong>: Ph\u00f2ng v\u00e0 tr\u1ecb b\u1ec7nh h\u00f4 h\u1ea5p m\u00e3n t\u00ednh (CRD) v\u00e0 c\u00e1c bi\u1ebfn ch\u1ee9ng c\u1ee7a b\u1ec7nh (CCRD), vi\u00eam kh\u1edbp, vi\u00eam xoang m\u0169i, ti\u00eau ch\u1ea3y ph\u00e2n tr\u1eafng, ph\u00e2n xanh.<\/p>\n<p><strong>CH\u1ed0NG CH\u1ec8 \u0110\u1ecaNH<\/strong><\/p>\n<p>Th\u00fa qu\u00e1 m\u1eabn v\u1edbi amoxicillin ho\u1eb7c colistin.<\/p>\n<p><strong>S\u1eec D\u1ee4NG<\/strong><\/p>\n<p><strong>Heo v\u00e0 gia s\u00fac:<\/strong><\/p>\n<p>Li\u1ec1u t\u1ed5ng qu\u00e1t: 1g\/15kg th\u1ec3 tr\u1ecdng, tr\u1ed9n v\u00e0o th\u1ee9c \u0103n.<\/p>\n<p>Tr\u1ecb b\u1ec7nh: 100g\/50kg th\u1ee9c \u0103n, d\u00f9ng li\u00ean t\u1ee5c 5-7 ng\u00e0y.<\/p>\n<p>Ph\u00f2ng b\u1ec7nh: \u00bd li\u1ec1u \u0111i\u1ec1u tr\u1ecb, d\u00f9ng li\u00ean t\u1ee5c 3-4 ng\u00e0y.<\/p>\n<p><strong>Gia c\u1ea7m:<\/strong><\/p>\n<p>Li\u1ec1u t\u1ed5ng qu\u00e1t: 1g\/10kg th\u1ec3 tr\u1ecdng.<\/p>\n<p>Ph\u00f2ng b\u1ec7nh: 1g\/2 l\u00edt n\u01b0\u1edbc u\u1ed1ng, d\u00f9ng li\u00ean t\u1ee5c 2-3 ng\u00e0y.<\/p>\n<p>Tr\u1ecb b\u1ec7nh: g\u1ea5p \u0111\u00f4i li\u1ec1u ph\u00f2ng, d\u00f9ng li\u1ec7n t\u1ee5c 3-5 ng\u00e0y.<\/p>\n<p><strong>Th\u1eddi gian ng\u01b0ng s\u1eed d\u1ee5ng thu\u1ed1c<\/strong><\/p>\n<p>Th\u00fa l\u1ea5y th\u1ecbt: 7 ng\u00e0y tr\u01b0\u1edbc khi gi\u1ebft m\u1ed5.<\/p>\n<p><strong>B\u1ea2O QU\u1ea2N<\/strong><\/p>\n<p>B\u1ea3o qu\u1ea3n n\u01a1i kh\u00f4 r\u00e1o, tho\u00e1ng m\u00e1t. Nhi\u1ec7t \u0111\u1ed9 d\u01b0\u1edbi 30\u00baC, tr\u00e1nh \u00e1nh s\u00e1ng tr\u1ef1c ti\u1ebfp. Tr\u00e1nh xa t\u1ea7m tay tr\u1ebb em.<\/p>\n<p><strong>H\u1ea0N D\u00d9NG<\/strong><\/p>\n<p>36 th\u00e1ng k\u1ec3 t\u1eeb ng\u00e0y s\u1ea3n xu\u1ea5t.<\/p>\n<p><strong>\u0110\u00d3NG G\u00d3I<\/strong><\/p>\n<p>20g, 50g, 100g, 1kg\/lon, 500g\/lon, 1kg\/g\u00f3i, 1kg\/lon.<\/p>\n<p><strong>S\u1ed1 \u0111\u0103ng k\u00fd: MBP-42<\/strong><\/p>\n","protected":false},"excerpt":{"rendered":"<p>Th\u00e0nh ph\u1ea7n:\u00a0Amoxicillin trihydrate, Colistin sulfate, T\u00e1 d\u01b0\u1ee3c v\u1eeba \u0111\u1ee7.<\/p>\n<p>S\u1eed d\u1ee5ng:<\/p>\n<p>Li\u1ec1u t\u1ed5ng qu\u00e1t: 1g\/10-15kg th\u1ec3 tr\u1ecdng<br \/>\nPh\u00f2ng: 1g\/4 l\u00edt n\u01b0\u1edbc u\u1ed1ng, d\u00f9ng li\u00ean t\u1ee5c 2-3 ng\u00e0y.<br \/>\nTr\u1ecb: g\u1ea5p \u0111\u00f4i li\u1ec1u ph\u00f2ng, d\u00f9ng li\u00ean t\u1ee5c 3-5 ng\u00e0y.<\/p>\n","protected":false},"featured_media":9890,"comment_status":"closed","ping_status":"closed","template":"","meta":[],"product_brand":[],"product_cat":[62],"product_tag":[],"class_list":{"0":"post-4939","1":"product","2":"type-product","3":"status-publish","4":"has-post-thumbnail","6":"product_cat-thuoc-thu-y","8":"first","9":"instock","10":"shipping-taxable","11":"purchasable","12":"product-type-variable","13":"has-default-attributes"},"_links":{"self":[{"href":"https:\/\/mebipha.com\/online\/wp-json\/wp\/v2\/product\/4939","targetHints":{"allow":["GET"]}}],"collection":[{"href":"https:\/\/mebipha.com\/online\/wp-json\/wp\/v2\/product"}],"about":[{"href":"https:\/\/mebipha.com\/online\/wp-json\/wp\/v2\/types\/product"}],"replies":[{"embeddable":true,"href":"https:\/\/mebipha.com\/online\/wp-json\/wp\/v2\/comments?post=4939"}],"wp:featuredmedia":[{"embeddable":true,"href":"https:\/\/mebipha.com\/online\/wp-json\/wp\/v2\/media\/9890"}],"wp:attachment":[{"href":"https:\/\/mebipha.com\/online\/wp-json\/wp\/v2\/media?parent=4939"}],"wp:term":[{"taxonomy":"product_brand","embeddable":true,"href":"https:\/\/mebipha.com\/online\/wp-json\/wp\/v2\/product_brand?post=4939"},{"taxonomy":"product_cat","embeddable":true,"href":"https:\/\/mebipha.com\/online\/wp-json\/wp\/v2\/product_cat?post=4939"},{"taxonomy":"product_tag","embeddable":true,"href":"https:\/\/mebipha.com\/online\/wp-json\/wp\/v2\/product_tag?post=4939"}],"curies":[{"name":"wp","href":"https:\/\/api.w.org\/{rel}","templated":true}]}}