{"id":4919,"date":"2019-03-12T14:36:30","date_gmt":"2019-03-12T07:36:30","guid":{"rendered":"https:\/\/mebipha.com\/?post_type=product&#038;p=4919"},"modified":"2024-05-17T17:16:59","modified_gmt":"2024-05-17T10:16:59","slug":"gentamox-acca","status":"publish","type":"product","link":"https:\/\/mebipha.com\/online\/gentamox-acca\/","title":{"rendered":"GENTAMOX AC(C\u00c1)"},"content":{"rendered":"","protected":false},"excerpt":{"rendered":"<p>\u0110\u1eb6C TR\u1eca B\u1ec6NH GAN TH\u1eacN M\u1ee6<\/p>\n<p><strong>C\u00d4NG TH\u1ee8C<\/strong><\/p>\n<p>Amoxicillin Trihydrate &#8230;&#8230;&#8230;.200g<\/p>\n<p>T\u00e1 d\u01b0\u1ee3c v\u1eeba \u0111\u1ee7&#8230;&#8230;&#8230;.1.000g<\/p>\n<p><strong>CH\u1ec8 \u0110\u1ecaNH<\/strong><\/p>\n<p>\u0110i\u1ec1u tr\u1ecb b\u1ec7nh gan th\u1eadn m\u1ee7 do vi khu\u1ea9n Edwardsiella, b\u1ec7nh xu\u1ea5t huy\u1ebft do Aeromonas hydrophila g\u00e2y b\u1ec7nh cho c\u00e1 tra.<\/p>\n<p><strong>LI\u1ec0U L\u01af\u1ee2NG <\/strong><\/p>\n<p>1kg GENTAMOX AC\/30 t\u1ea5n c\u00e1, \u0111\u1ecbnh k\u1ef3 1 th\u00e1ng cho \u0103n 1 \u0111\u1ee3t (li\u00ean t\u1ee5c trong 2 &#8211; 3 ng\u00e0y).<\/p>\n<p>Tr\u1ecb b\u1ec7nh: 1kg GENTAMOX AC\/20 t\u1ea5n c\u00e1, d\u00f9ng 1 ng\u00e0y 1 l\u1ea7n, li\u00ean t\u1ee5c trong 5 \u2013 7 ng\u00e0y.<\/p>\n<p>Sau khi \u0111i\u1ec1u tr\u1ecb c\u00e1 h\u1ebft b\u1ec7nh, b\u1ed5 sung s\u1ea3n ph\u1ea9m gi\u1ea3i \u0111\u1ed9c gan th\u1eadn Hepasol-B12 k\u1ebft h\u1ee3p c\u1ea5y l\u1ea1i men vi sinh \u0111\u01b0\u1eddng ru\u1ed9t Mebilactyl SP.<\/p>\n<p><strong>H\u01af\u1edaNG D\u1eaaN S\u1eec D\u1ee4NG<\/strong><\/p>\n<p>H\u00f2a tan v\u00e0o n\u01b0\u1edbc, tr\u1ed9n \u0111\u1ec1u v\u1edbi th\u1ee9c \u0103n, \u0111\u1ec3 r\u00e1o 15 ph\u00fat sau \u0111\u00f3 cho c\u00e1 \u0103n.<\/p>\n<p><strong>TH\u1edcI GIAN NG\u01afNG S\u1eec D\u1ee4NG<\/strong><\/p>\n<p>30 ng\u00e0y tr\u01b0\u1edbc khi thu ho\u1ea1ch.<\/p>\n","protected":false},"featured_media":10325,"comment_status":"closed","ping_status":"closed","template":"","meta":[],"product_brand":[],"product_cat":[71,107],"product_tag":[],"class_list":{"0":"post-4919","1":"product","2":"type-product","3":"status-publish","4":"has-post-thumbnail","6":"product_cat-thuoc-thuy-san","7":"product_cat-san-pham-cho-ca","9":"first","10":"instock","11":"shipping-taxable","12":"purchasable","13":"product-type-variable","14":"has-default-attributes"},"_links":{"self":[{"href":"https:\/\/mebipha.com\/online\/wp-json\/wp\/v2\/product\/4919","targetHints":{"allow":["GET"]}}],"collection":[{"href":"https:\/\/mebipha.com\/online\/wp-json\/wp\/v2\/product"}],"about":[{"href":"https:\/\/mebipha.com\/online\/wp-json\/wp\/v2\/types\/product"}],"replies":[{"embeddable":true,"href":"https:\/\/mebipha.com\/online\/wp-json\/wp\/v2\/comments?post=4919"}],"wp:featuredmedia":[{"embeddable":true,"href":"https:\/\/mebipha.com\/online\/wp-json\/wp\/v2\/media\/10325"}],"wp:attachment":[{"href":"https:\/\/mebipha.com\/online\/wp-json\/wp\/v2\/media?parent=4919"}],"wp:term":[{"taxonomy":"product_brand","embeddable":true,"href":"https:\/\/mebipha.com\/online\/wp-json\/wp\/v2\/product_brand?post=4919"},{"taxonomy":"product_cat","embeddable":true,"href":"https:\/\/mebipha.com\/online\/wp-json\/wp\/v2\/product_cat?post=4919"},{"taxonomy":"product_tag","embeddable":true,"href":"https:\/\/mebipha.com\/online\/wp-json\/wp\/v2\/product_tag?post=4919"}],"curies":[{"name":"wp","href":"https:\/\/api.w.org\/{rel}","templated":true}]}}