{"id":4909,"date":"2019-03-12T14:31:13","date_gmt":"2019-03-12T07:31:13","guid":{"rendered":"https:\/\/mebipha.com\/?post_type=product&#038;p=4909"},"modified":"2025-12-29T15:59:32","modified_gmt":"2025-12-29T08:59:32","slug":"gentamox-ac","status":"publish","type":"product","link":"https:\/\/mebipha.com\/online\/gentamox-ac\/","title":{"rendered":"GENTAMOX AC"},"content":{"rendered":"<p><strong>\u0110\u1eb6C TR\u1eca VI\u00caM PH\u1ed4I \u2013 VI\u00caM RU\u1ed8T TI\u00caU CH\u1ea2Y TR\u00caN GIA S\u00daC \u2013 GIA C\u1ea6M<\/strong><\/p>\n<p><strong>Thu\u1ed1c b\u1ed9t tr\u1ed9n th\u1ee9c \u0103n ho\u1eb7c pha n\u01b0\u1edbc u\u1ed1ng<\/strong><\/p>\n<p><strong>C\u00d4NG TH\u1ee8C<\/strong><\/p>\n<p>Gentamycine sulfate: 50.000mg<\/p>\n<p>Amoxycillin trihydrate: 100.000mg<\/p>\n<p>T\u00e1 d\u01b0\u1ee3c v\u1eeba \u0111\u1ee7: 1kg<\/p>\n<p><strong>\u0110\u1eb6C T\u00cdNH D\u01af\u1ee2C L\u00dd S\u1ea2N PH\u1ea8M<\/strong><\/p>\n<p>Gentamycin l\u00e0 m\u1ed9t lo\u1ea1i kh\u00e1ng sinh aminoglycoside c\u00f3 ho\u1ea1t t\u00ednh s\u00e1t khu\u1ea9n b\u1eb1ng c\u00e1ch \u1ee9c ch\u1ebf s\u1ef1 t\u1ed5ng h\u1ee3p protein c\u1ee7a vi khu\u1ea9n, ch\u1ed1ng l\u1ea1i vi khu\u1ea9n Gram d\u01b0\u01a1ng v\u00e0 Gram \u00e2m (bao g\u1ed3m <em>Pseudomonas<\/em> spp., <em>Klebsiella<\/em> spp., <em>Enterobacter <\/em>spp., <em>Serratia<\/em> spp., <em>E. coli<\/em>, <em>Proteus <\/em>spp., <em>Salmonella<\/em> spp. v\u00e0 <em>Staphylococci<\/em> ). Gentamycin ho\u1ea1t \u0111\u1ed9ng ch\u1ee7 y\u1ebfu \u1edf \u0111\u01b0\u1eddng ti\u00eau h\u00f3a v\u00e0 c\u00f3 kh\u1ea3 n\u0103ng ch\u1ed1ng l\u1ea1i vi khu\u1ea9n \u0111\u1ec1 kh\u00e1ng v\u1edbi c\u00e1c kh\u00e1ng sinh aminoglycoside kh\u00e1c.<\/p>\n<p>Amoxicillin l\u00e0 kh\u00e1ng sinh thu\u1ed9c nh\u00f3m Penicillin, c\u00f3 ho\u1ea1t t\u00ednh s\u00e1t khu\u1ea9n, t\u00e1c \u0111\u1ed9ng v\u00e0o qu\u00e1 tr\u00ecnh nh\u00e2n l\u00ean c\u1ee7a vi khu\u1ea9n, \u1ee9c ch\u1ebf s\u1ef1 t\u1ed5ng h\u1ee3p peptidoglycan c\u1ee7a th\u00e0nh t\u1ebf b\u00e0o vi khu\u1ea9n. C\u00f3 ph\u1ed5 kh\u00e1ng khu\u1ea9n r\u1ed9ng, t\u00e1c \u0111\u1ed9ng l\u00ean ph\u1ea7n l\u1edbn vi khu\u1ea9n Gr(-) v\u00e0 vi\u00a0 khu\u1ea9n Gr(+) nh\u01b0 c\u00e1c lo\u00e0i: <em>E.col, Haemophillus, Salmonella, Shigella, Corynebacteria, Clostridium, Streptococcus,\u00a0 Staphilococcus, Bacillus anthracis, Klebsiella , Listeria monocytogenes, Proteus , Brucella, Pasteurella , Treponema pallidium,\u2026<\/em><\/p>\n<p>S\u1ef1 k\u1ebft h\u1ee3p n\u00e0y gi\u00fap m\u1edf r\u1ed9ng ph\u1ed5 t\u00e1c d\u1ee5ng v\u00e0 l\u00e0m t\u0103ng hi\u1ec7u l\u1ef1c \u0111i\u1ec1u tr\u1ecb c\u1ee7a s\u1ea3n ph\u1ea9m <strong>GENTAMOX AC<\/strong> \u0111\u1ed1i v\u1edbi c\u00e1c b\u1ec7nh nhi\u1ec5m khu\u1ea9n to\u00e0n th\u00e2n g\u00e2y ra b\u1edfi c\u00e1c vi khu\u1ea9n Gram- v\u00e0 c\u00e1c vi khu\u1ea9n nh\u1ea1y c\u1ea3m kh\u00e1c. Amoxicillin do ng\u0103n c\u1ea3n t\u1ed5ng h\u1ee3p v\u00e1ch vi khu\u1ea9n n\u00ean t\u1ea1o \u0111i\u1ec1u ki\u1ec7n \u0111\u1ec3 Gentamycin d\u1ec5 d\u00e0ng x\u00e2m nh\u1eadp v\u00e0o b\u00ean trong t\u1ebf b\u00e0o, l\u00e0m gia t\u0103ng t\u00e1c d\u1ee5ng s\u00e1t khu\u1ea9n.<\/p>\n<p><strong>C\u00d4NG D\u1ee4NG S\u1ea2N PH\u1ea8M<\/strong><\/p>\n<p><strong>Tr\u00ean gia c\u1ea7m: <\/strong><\/p>\n<p>B\u1ec7nh h\u00f4 h\u1ea5p m\u00e3n t\u00ednh (CRD) v\u00e0 c\u00e1c bi\u1ebfn ch\u1ee9ng c\u1ee7a b\u1ec7nh (CCRD) v\u1edbi c\u00e1c tri\u1ec7u ch\u1ee9ng nh\u01b0 th\u1edf kh\u00f3, th\u1edf kh\u00f2 kh\u00e8, ch\u1ea3y n\u01b0\u1edbc m\u0169i, s\u01b0ng ph\u00f9 \u0111\u1ea7u.<\/p>\n<p>C\u00e1c b\u1ec7nh \u0111\u01b0\u1eddng ru\u1ed9t: ti\u00eau ch\u1ea3y ph\u00e2n s\u1ed1ng, ti\u00eau ch\u1ea3y ph\u00e2n xanh, ph\u00e2n tr\u1eafng, vi\u00eam ru\u1ed9t ho\u1ea1i t\u1eed.<\/p>\n<p><strong>Tr\u00ean gia s\u00fac:<\/strong><\/p>\n<p>Vi\u00eam ph\u1ed5i \u0111\u1ecba ph\u01b0\u01a1ng tr\u00ean heo (SEP), nhi\u1ec5m tr\u00f9ng h\u00f4 h\u1ea5p: ho, vi\u00eam ph\u1ed5i, vi\u00eam m\u00e0ng ph\u1ed5i&#8230;<\/p>\n<p>C\u00e1c b\u1ec7nh vi\u00eam ru\u1ed9t, ti\u00eau ch\u1ea3y.<\/p>\n<p><strong>CH\u1ed0NG CH\u1ec8 \u0110\u1ecaNH<\/strong><\/p>\n<p>Th\u00fa m\u1eabn c\u1ea3m v\u1edbi c\u00e1c th\u00e0nh ph\u1ea7n c\u1ee7a thu\u1ed1c.<\/p>\n<p>Th\u00fa b\u1ecb suy gi\u1ea3m ch\u1ee9c n\u0103ng gan th\u1eadn nghi\u00eam tr\u1ecdng.<\/p>\n<p>Th\u00fa s\u1ea3n xu\u1ea5t s\u1eefa ho\u1eb7c tr\u1ee9ng l\u00e0m th\u1ee9c \u0103n cho ng\u01b0\u1eddi.<\/p>\n<p><strong>S\u1eec D\u1ee4NG<\/strong><\/p>\n<p><strong>Tr\u00ean gia c\u1ea7m: <\/strong><\/p>\n<p>Li\u1ec1u t\u1ed5ng qu\u00e1t: 1g\/10kg th\u1ec3 tr\u1ecdng.<\/p>\n<p>Ph\u00f2ng b\u1ec7nh: d\u00f9ng li\u00ean t\u1ee5c 3-4 ng\u00e0y.<\/p>\n<p>G\u00e0 con, g\u00e0 \u0111\u1ebb, g\u00e0 gi\u1ed1ng: 1g\/2-3 l\u00edt n\u01b0\u1edbc u\u1ed1ng.<\/p>\n<p>G\u00e0 th\u1ecbt: 1g\/2 l\u00edt n\u01b0\u1edbc u\u1ed1ng.<\/p>\n<p>Tr\u1ecb b\u1ec7nh: g\u1ea5p \u0111\u00f4i li\u1ec1u ph\u00f2ng. D\u00f9ng li\u00ean t\u1ee5c 5-7 ng\u00e0y.<\/p>\n<p><strong>Tr\u00ean gia s\u00fac:<\/strong><\/p>\n<p>Li\u1ec1u t\u1ed5ng qu\u00e1t: 1g\/15kg th\u1ec3 tr\u1ecdng.<\/p>\n<p>Ph\u00f2ng b\u1ec7nh: 100g\/100kg th\u1ee9c \u0103n, d\u00f9ng li\u00ean t\u1ee5c 3-4 ng\u00e0y.<\/p>\n<p>Tr\u1ecb b\u1ec7nh: g\u1ea5p \u0111\u00f4i li\u1ec1u ph\u00f2ng, d\u00f9ng li\u00ean t\u1ee5c 5-7 ng\u00e0y.<\/p>\n<p>L\u01b0u \u00fd: k\u1ebft h\u1ee3p s\u1eed d\u1ee5ng v\u1edbi c\u00e1c ch\u1ebf ph\u1ea9m Glucan \u0111\u1ec3 t\u0103ng t\u1ed1i \u0111a hi\u1ec7u qu\u1ea3 s\u1eed d\u1ee5ng.<\/p>\n<p>Th\u1eddi gian ng\u01b0ng s\u1eed d\u1ee5ng thu\u1ed1c<\/p>\n<p>7 ng\u00e0y tr\u01b0\u1edbc khi gi\u1ebft m\u1ed5.<\/p>\n<p><strong>H\u1ea0N S\u1eec D\u1ee4NG S\u1ea2N PH\u1ea8M<\/strong><\/p>\n<p>24 th\u00e1ng k\u1ec3 t\u1eeb ng\u00e0y s\u1ea3n xu\u1ea5t.<\/p>\n<p><strong>B\u1ea2O QU\u1ea2N<\/strong><\/p>\n<p>N\u01a1i kh\u00f4 r\u00e1o, tho\u00e1ng m\u00e1t, nhi\u1ec7t \u0111\u1ed9 d\u01b0\u1edbi 30<sup>0<\/sup>C, tr\u00e1nh \u00e1nh n\u1eafng tr\u1ef1c ti\u1ebfp. Tr\u00e1nh xa t\u1ea7m tay tr\u1ebb em.<\/p>\n<p><strong>\u0110\u00d3NG G\u00d3I<\/strong><\/p>\n<p>20g\/g\u00f3i, 50g\/g\u00f3i, 100g\/g\u00f3i, 500g\/lon, 1kg\/lon, 2kg\/lon (4 trong 1)<\/p>\n<p><strong><em>\u00a0<\/em><\/strong><\/p>\n<p><strong>S\u1ed1 \u0111\u0103ng k\u00fd: MBP-134<\/strong><\/p>\n","protected":false},"excerpt":{"rendered":"<p>Th\u00e0nh ph\u1ea7n:\u00a0Amoxicillin trihydrate, Gentamicin sulphate,\u00a0T\u00e1 d\u01b0\u1ee3c v\u1eeba \u0111\u1ee7.<\/p>\n<p>S\u1eed d\u1ee5ng:<\/p>\n<p>Tr\u00ean gia c\u1ea7m:<br \/>\nLi\u1ec1u t\u1ed5ng qu\u00e1t: 1g\/10kg th\u1ec3 tr\u1ecdng.<br \/>\nPh\u00f2ng b\u1ec7nh: d\u00f9ng li\u00ean t\u1ee5c 3-4 ng\u00e0y<br \/>\nG\u00e0 con, g\u00e0 \u0111\u1ebb, g\u00e0 gi\u1ed1ng:<br \/>\n1g\/2-3 l\u00edt n\u01b0\u1edbc u\u1ed1ng.<br \/>\nG\u00e0 th\u1ecbt: 1g\/2 l\u00edt n\u01b0\u1edbc u\u1ed1ng.<br \/>\nTr\u1ecb b\u1ec7nh: g\u1ea5p \u0111\u00f4i li\u1ec1u ph\u00f2ng. D\u00f9ng li\u00ean t\u1ee5c 5-7 ng\u00e0y.<br \/>\nTr\u00ean gia s\u00fac:<br \/>\nLi\u1ec1u t\u1ed5ng qu\u00e1t: 1g\/15kg th\u1ec3 tr\u1ecdng.<br \/>\nPh\u00f2ng b\u1ec7nh: 100g\/100kg th\u1ee9c \u0103n, d\u00f9ng li\u00ean t\u1ee5c 3-4 ng\u00e0y.<br \/>\nTr\u1ecb b\u1ec7nh: g\u1ea5p \u0111\u00f4i li\u1ec1u ph\u00f2ng. D\u00f9ng li\u00ean t\u1ee5c 5-7 ng\u00e0y.<\/p>\n","protected":false},"featured_media":10624,"comment_status":"closed","ping_status":"closed","template":"","meta":[],"product_brand":[],"product_cat":[62],"product_tag":[],"class_list":{"0":"post-4909","1":"product","2":"type-product","3":"status-publish","4":"has-post-thumbnail","6":"product_cat-thuoc-thu-y","8":"first","9":"instock","10":"shipping-taxable","11":"purchasable","12":"product-type-variable","13":"has-default-attributes"},"_links":{"self":[{"href":"https:\/\/mebipha.com\/online\/wp-json\/wp\/v2\/product\/4909","targetHints":{"allow":["GET"]}}],"collection":[{"href":"https:\/\/mebipha.com\/online\/wp-json\/wp\/v2\/product"}],"about":[{"href":"https:\/\/mebipha.com\/online\/wp-json\/wp\/v2\/types\/product"}],"replies":[{"embeddable":true,"href":"https:\/\/mebipha.com\/online\/wp-json\/wp\/v2\/comments?post=4909"}],"wp:featuredmedia":[{"embeddable":true,"href":"https:\/\/mebipha.com\/online\/wp-json\/wp\/v2\/media\/10624"}],"wp:attachment":[{"href":"https:\/\/mebipha.com\/online\/wp-json\/wp\/v2\/media?parent=4909"}],"wp:term":[{"taxonomy":"product_brand","embeddable":true,"href":"https:\/\/mebipha.com\/online\/wp-json\/wp\/v2\/product_brand?post=4909"},{"taxonomy":"product_cat","embeddable":true,"href":"https:\/\/mebipha.com\/online\/wp-json\/wp\/v2\/product_cat?post=4909"},{"taxonomy":"product_tag","embeddable":true,"href":"https:\/\/mebipha.com\/online\/wp-json\/wp\/v2\/product_tag?post=4909"}],"curies":[{"name":"wp","href":"https:\/\/api.w.org\/{rel}","templated":true}]}}