{"id":4873,"date":"2019-03-12T13:31:51","date_gmt":"2019-03-12T06:31:51","guid":{"rendered":"https:\/\/mebipha.com\/?post_type=product&#038;p=4873"},"modified":"2024-10-01T10:22:53","modified_gmt":"2024-10-01T03:22:53","slug":"dac-tri-crd","status":"publish","type":"product","link":"https:\/\/mebipha.com\/online\/dac-tri-crd\/","title":{"rendered":"\u0110\u1eb6C TR\u1eca CRD"},"content":{"rendered":"<p><strong>\u0110\u1eb6C TR\u1eca B\u1ec6NH \u0110\u01af\u1edcNG H\u00d4 H\u1ea4P GIA C\u1ea6M<\/strong><\/p>\n<p><strong>Thu\u1ed1c b\u1ed9t pha n\u01b0\u1edbc u\u1ed1ng<\/strong><\/p>\n<p><strong>C\u00d4NG TH\u1ee8C<\/strong><\/p>\n<p>Tilmicosin phosphate: 150g<\/p>\n<p>T\u00e1 d\u01b0\u1ee3c v\u1eeba \u0111\u1ee7: 1kg<\/p>\n<p><strong>\u0110\u1eb6C T\u00cdNH D\u01af\u1ee2C L\u00dd S\u1ea2N PH\u1ea8M<\/strong><\/p>\n<p>Tilmicosin\u00a0 l\u00e0 kh\u00e1ng sinh b\u00e1n t\u1ed5ng h\u1ee3p nh\u00f3m Macrolide, t\u00e1c \u0111\u1ed9ng k\u00ecm khu\u1ea9n ch\u1ee7 y\u1ebfu tr\u00ean vi khu\u1ea9n Gram(+), m\u1ed9t v\u00e0i vi khu\u1ea9n Gram(-), <em>Mycoplasma<\/em> v\u00e0 c\u00e1c vi khu\u1ea9n g\u00e2y b\u1ec7nh \u0111\u01b0\u1eddng h\u00f4 h\u1ea5p nh\u01b0 <em>Pasteurella multocida<\/em>, <em>Mannheimia haemolytica<\/em> v\u00e0 <em>Haemophilus somnus<\/em>. Thu\u1ed1c \u1ee9c ch\u1ebf t\u1ed5ng h\u1ee3p protein c\u1ee7a t\u1ebf b\u00e0o vi khu\u1ea9n b\u1eb1ng c\u00e1ch g\u1eafn v\u1edbi ph\u00e2n t\u1eed 50S c\u1ee7a ribosom. Thu\u1ed1c \u0111\u01b0\u1ee3c h\u1ea5p thu t\u1ed1t qua \u0111\u01b0\u1eddng u\u1ed1ng.<\/p>\n<p><strong>C\u00d4NG D\u1ee4NG S\u1ea2N PH\u1ea8M<\/strong><\/p>\n<p><strong>Ph\u00f2ng v\u00e0 tr\u1ecb b\u1ec7nh tr\u00ean gia c\u1ea7m:<\/strong><\/p>\n<p>B\u1ec7nh h\u00f4 h\u1ea5p m\u00e3n t\u00ednh (CRD) v\u00e0 c\u00e1c bi\u1ebfn ch\u1ee9ng c\u1ee7a b\u1ec7nh (CCRD): kh\u00f3 th\u1edf, th\u1edf kh\u00f2 kh\u00e8, ch\u1ea3y n\u01b0\u1edbc m\u0169i, s\u01b0ng ph\u00f9 \u0111\u1ea7u.<\/p>\n<p>Vi\u00eam kh\u1edbp do Mycoplasma: s\u01b0ng kh\u1edbp, g\u00e0 \u0111i \u0111\u1ee9ng kh\u00f3 kh\u0103n ho\u1eb7c kh\u00f4ng \u0111i \u0111\u01b0\u1ee3c.<\/p>\n<p><strong>CH\u1ed0NG CH\u1ec8 \u0110\u1ecaNH<\/strong><\/p>\n<p>Th\u00fa qu\u00e1 m\u1eabn v\u1edbi Tilmicosin.<\/p>\n<p><strong>S\u1eec D\u1ee4NG<\/strong><\/p>\n<p><strong>G\u00e0 con<\/strong><\/p>\n<p>Ph\u00f2ng b\u1ec7nh: 1g\/15-20kg th\u1ec3 tr\u1ecdng ho\u1eb7c 1g\/2 l\u00edt n\u01b0\u1edbc u\u1ed1ng, d\u00f9ng li\u00ean t\u1ee5c 2-3 ng\u00e0y. \u0110\u1ecbnh k\u1ef3 10 ng\u00e0y d\u00f9ng 1 \u0111\u1ee3t.<\/p>\n<p>Tr\u1ecb b\u1ec7nh: 1g\/10kg th\u1ec3 tr\u1ecdng ho\u1eb7c 1g\/1l\u00edt n\u01b0\u1edbc u\u1ed1ng, d\u00f9ng li\u00ean t\u1ee5c 3-5 ng\u00e0y.<\/p>\n<p><strong>G\u00e0 th\u1ecbt, g\u00e0 \u0111\u1ebb, g\u00e0 gi\u1ed1ng<\/strong><\/p>\n<p>Ph\u00f2ng b\u1ec7nh: 1g\/20-25kg th\u1ec3 tr\u1ecdng ho\u1eb7c 1g\/2 l\u00edt n\u01b0\u1edbc u\u1ed1ng, d\u00f9ng li\u00ean t\u1ee5c 3-4 ng\u00e0y. \u0110\u1ecbnh k\u1ef3 10-15 ng\u00e0y d\u00f9ng 1 \u0111\u1ee3t.<\/p>\n<p>Tr\u1ecb b\u1ec7nh: 1g\/15kg th\u1ec3 tr\u1ecdng ho\u1eb7c 1g\/1l\u00edt n\u01b0\u1edbc u\u1ed1ng, d\u00f9ng li\u00ean t\u1ee5c 5-7 ng\u00e0y.<\/p>\n<p>L\u01b0u \u00fd: k\u1ebft h\u1ee3p s\u1eed d\u1ee5ng v\u1edbi c\u00e1c ch\u1ebf ph\u1ea9m Glucan \u0111\u1ec3 t\u0103ng t\u1ed1i \u0111a hi\u1ec7u qu\u1ea3 s\u1eed d\u1ee5ng.<\/p>\n<p>Th\u1eddi gian ng\u01b0ng s\u1eed d\u1ee5ng thu\u1ed1c: 5 ng\u00e0y tr\u01b0\u1edbc khi gi\u1ebft th\u1ecbt.<\/p>\n<p><strong>B\u1ea2O QU\u1ea2N: <\/strong>N\u01a1i kh\u00f4 r\u00e1o, tho\u00e1ng m\u00e1t, nhi\u1ec7t \u0111\u1ed9 d\u01b0\u1edbi 30<sup>0<\/sup>C. Tr\u00e1nh \u00e1nh n\u1eafng tr\u1ef1c ti\u1ebfp, tr\u00e1nh xa t\u1ea7m tay tr\u1ebb em.<\/p>\n<p><strong>H\u1ea0N S\u1eec D\u1ee4NG S\u1ea2N PH\u1ea8M<\/strong><\/p>\n<p>24 th\u00e1ng k\u1ec3 t\u1eeb ng\u00e0y s\u1ea3n xu\u1ea5t.<\/p>\n<p><strong>\u0110\u00d3NG G\u00d3I<\/strong><\/p>\n<p>50g\/g\u00f3i, 100g\/g\u00f3i, 1kg\/lon<\/p>\n<p><strong>S\u1ed1 \u0111\u0103ng k\u00fd: MBP-108<\/strong><\/p>\n","protected":false},"excerpt":{"rendered":"<p>Th\u00e0nh ph\u1ea7n:\u00a0 Tilmicosin phosphate, T\u00e1 d\u01b0\u1ee3c v\u1eeba \u0111\u1ee7.<\/p>\n<p>S\u1eed d\u1ee5ng:<\/p>\n<p>G\u00e0 con:<br \/>\nPh\u00f2ng: 1g \/15 &#8211; 20kg th\u1ec3 tr\u1ecdng ho\u1eb7c 1g\/2 l\u00edt n\u01b0\u1edbc u\u1ed1ng, d\u00f9ng 2-3 ng\u00e0y.<br \/>\n\u0110\u1ecbnh k\u1ef3 10 ng\u00e0y d\u00f9ng 1 \u0111\u1ee3t.<br \/>\nTr\u1ecb : 1g\/10kg th\u1ec3 tr\u1ecdng, ho\u1eb7c 1g\/1 l\u00edt n\u01b0\u1edbc u\u1ed1ng, d\u00f9ng 3-5 ng\u00e0y.<br \/>\nG\u00e0 th\u1ecbt, g\u00e0 \u0111\u1ebb, g\u00e0 gi\u1ed1ng:<br \/>\nPh\u00f2ng: 1g\/20-25kg th\u1ec3 tr\u1ecdng ho\u1eb7c 1g\/2 l\u00edt n\u01b0\u1edbc u\u1ed1ng, d\u00f9ng li\u00ean t\u1ee5c 3-4 ng\u00e0y. \u0110\u1ecbnh k\u1ef3 10-15 ng\u00e0y d\u00f9ng 1 \u0111\u1ee3t.<br \/>\nTr\u1ecb: 1g\/15kg th\u1ec3 tr\u1ecdng ho\u1eb7c 1g\/1 l\u00edt n\u01b0\u1edbc u\u1ed1ng, d\u00f9ng 5-7 ng\u00e0y.<\/p>\n","protected":false},"featured_media":10616,"comment_status":"closed","ping_status":"closed","template":"","meta":[],"product_brand":[],"product_cat":[62,142],"product_tag":[],"class_list":{"0":"post-4873","1":"product","2":"type-product","3":"status-publish","4":"has-post-thumbnail","6":"product_cat-thuoc-thu-y","7":"product_cat-danh-muc-san-pham-gia-cam","9":"first","10":"instock","11":"shipping-taxable","12":"purchasable","13":"product-type-variable","14":"has-default-attributes"},"_links":{"self":[{"href":"https:\/\/mebipha.com\/online\/wp-json\/wp\/v2\/product\/4873","targetHints":{"allow":["GET"]}}],"collection":[{"href":"https:\/\/mebipha.com\/online\/wp-json\/wp\/v2\/product"}],"about":[{"href":"https:\/\/mebipha.com\/online\/wp-json\/wp\/v2\/types\/product"}],"replies":[{"embeddable":true,"href":"https:\/\/mebipha.com\/online\/wp-json\/wp\/v2\/comments?post=4873"}],"wp:featuredmedia":[{"embeddable":true,"href":"https:\/\/mebipha.com\/online\/wp-json\/wp\/v2\/media\/10616"}],"wp:attachment":[{"href":"https:\/\/mebipha.com\/online\/wp-json\/wp\/v2\/media?parent=4873"}],"wp:term":[{"taxonomy":"product_brand","embeddable":true,"href":"https:\/\/mebipha.com\/online\/wp-json\/wp\/v2\/product_brand?post=4873"},{"taxonomy":"product_cat","embeddable":true,"href":"https:\/\/mebipha.com\/online\/wp-json\/wp\/v2\/product_cat?post=4873"},{"taxonomy":"product_tag","embeddable":true,"href":"https:\/\/mebipha.com\/online\/wp-json\/wp\/v2\/product_tag?post=4873"}],"curies":[{"name":"wp","href":"https:\/\/api.w.org\/{rel}","templated":true}]}}