{"id":4864,"date":"2019-03-12T13:18:31","date_gmt":"2019-03-12T06:18:31","guid":{"rendered":"https:\/\/mebipha.com\/?post_type=product&#038;p=4864"},"modified":"2025-12-29T13:24:08","modified_gmt":"2025-12-29T06:24:08","slug":"doxy-coli","status":"publish","type":"product","link":"https:\/\/mebipha.com\/online\/doxy-coli\/","title":{"rendered":"DOXY COLI"},"content":{"rendered":"<p><strong>\u0110\u1eb6C TR\u1eca B\u1ec6NH TR\u00caN \u0110\u01af\u1edcNG H\u00d4 H\u1ea4P V\u00c0 TI\u00caU H\u00d3A GIA S\u00daC \u2013 GIA C\u1ea6M<\/strong><\/p>\n<p><strong>\u0110\u1eb6C BI\u1ec6T: TOI R\u00d9, PH\u00c2N TR\u1eaeNG, PH\u00c2N XANH<\/strong><\/p>\n<p><strong>Thu\u1ed1c b\u1ed9t tr\u1ed9n th\u1ee9c \u0103n ho\u1eb7c pha n\u01b0\u1edbc u\u1ed1ng<\/strong><\/p>\n<p><strong>C\u00d4NG TH\u1ee8C<\/strong><\/p>\n<p>Doxycycline hyclate: 50.000mg<\/p>\n<p>Colistin sulfate: 1 t\u1ef7 UI<\/p>\n<p>T\u00e1 d\u01b0\u1ee3c v\u1eeba \u0111\u1ee7: 1kg<\/p>\n<p><strong>\u0110\u1eb6C T\u00cdNH D\u01af\u1ee2C L\u00dd S\u1ea2N PH\u1ea8M<\/strong><\/p>\n<p>Doxycycline thu\u1ed9c nh\u00f3m tetracycline, c\u00f3 t\u00e1c d\u1ee5ng k\u00ecm khu\u1ea9n ch\u1ed1ng l\u1ea1i nhi\u1ec1u vi khu\u1ea9n Gram d\u01b0\u01a1ng v\u00e0 Gram \u00e2m b\u1eb1ng c\u00e1ch \u1ee9c ch\u1ebf s\u1ef1 t\u1ed5ng h\u1ee3p protein c\u1ee7a vi khu\u1ea9n nh\u01b0 <em>E. coli, Bordetella, Campylobacter, Haemophilus, Pasteurella, Salmonella, Staphylococcus, Streptococcus <\/em>spp., <em>Chlamydia, Mycoplasma <\/em>v\u00e0 <em>Rickettsia <\/em>spp. Doxycycline c\u00f3 \u00e1i l\u1ef1c l\u1edbn v\u1edbi ph\u1ed5i v\u00e0 do \u0111\u00f3 \u0111\u1eb7c bi\u1ec7t h\u1eefu \u00edch \u0111\u1ec3 \u0111i\u1ec1u tr\u1ecb nhi\u1ec5m tr\u00f9ng \u0111\u01b0\u1eddng h\u00f4 h\u1ea5p do vi khu\u1ea9n.<\/p>\n<p>Colistin l\u00e0 m\u1ed9t lo\u1ea1i kh\u00e1ng sinh t\u1eeb nh\u00f3m polymyxin c\u00f3 t\u00e1c d\u1ee5ng di\u1ec7t khu\u1ea9n ch\u1ed1ng l\u1ea1i c\u00e1c vi khu\u1ea9n Gram \u00e2m nh\u01b0 <em>E. coli<\/em>, <em>Haemophilus<\/em> v\u00e0 <em>Salmonella<\/em>.<\/p>\n<p>S\u1ef1 k\u1ebft h\u1ee3p 2 ho\u1ea1t ch\u1ea5t n\u00e0y gi\u00fap s\u1ea3n ph\u1ea9m c\u00f3 t\u00e1c d\u1ee5ng m\u1ea1nh v\u00e0 h\u1ea1n ch\u1ebf \u0111\u01b0\u1ee3c s\u1ef1 kh\u00e1ng thu\u1ed1c.<\/p>\n<p><strong>C\u00d4NG D\u1ee4NG S\u1ea2N PH\u1ea8M<\/strong><\/p>\n<p>DOXY COLI c\u00f3 hi\u1ec7u qu\u1ea3 v\u1edbi c\u00e1c b\u1ec7nh h\u00f4 h\u1ea5p v\u00e0 ti\u00eau h\u00f3a:<\/p>\n<p><strong>Tr\u00ean g\u00e0, v\u1ecbt, c\u00fat:<\/strong> CRD, CCRD, vi\u00eam t\u00fai kh\u00ed, s\u1ed5 m\u0169i truy\u1ec1n nhi\u1ec5m, s\u01b0ng ph\u00f9 \u0111\u1ea7u do Coryza, ti\u00eau ch\u1ea3y do E.coli, th\u01b0\u01a1ng h\u00e0n do Salmonella, t\u1ee5 huy\u1ebft tr\u00f9ng, vi\u00eam r\u1ed1n v\u00e0 nhi\u1ec5m tr\u00f9ng m\u00e1u,\u2026<\/p>\n<p><strong>Tr\u00ean heo, b\u00ea, ngh\u00e9:<\/strong> B\u1ec7nh vi\u00eam ph\u1ed5i \u0111\u1ecba ph\u01b0\u01a1ng (SEP), vi\u00eam \u0111a xoang, vi\u00eam teo m\u0169i truy\u1ec1n nhi\u1ec5m, t\u1ee5 huy\u1ebft tr\u00f9ng, s\u01b0ng ph\u00f9 \u0111\u1ea7u, vi\u00eam ru\u1ed9t ti\u00eau ch\u1ea3y, ph\u00f3 th\u01b0\u01a1ng h\u00e0n, nhi\u1ec5m tr\u00f9ng huy\u1ebft,\u2026<\/p>\n<p><strong>CH\u1ed0NG CH\u1ec8 \u0110\u1ecaNH<\/strong><\/p>\n<p>Th\u00fa qu\u00e1 m\u1eabn v\u1edbi Tetracycline ho\u1eb7c Polymyxin.<\/p>\n<p>Th\u00fa b\u1ecb suy gi\u1ea3m ch\u1ee9c n\u0103ng gan v\u00e0 th\u1eadn nghi\u00eam tr\u1ecdng.<\/p>\n<p>Th\u00fa s\u1ea3n xu\u1ea5t s\u1eefa ho\u1eb7c tr\u1ee9ng l\u00e0m th\u1ee9c \u0103n cho ng\u01b0\u1eddi.<\/p>\n<p><strong>S\u1eec D\u1ee4NG<\/strong><\/p>\n<p>H\u00f2a tan v\u00e0o n\u01b0\u1edbc u\u1ed1ng ho\u1eb7c tr\u1ed9n v\u00e0o th\u1ee9c \u0103n.<\/p>\n<p>G\u00e0, v\u1ecbt, c\u00fat: li\u1ec1u t\u1ed5ng qu\u00e1t 1g\/10kg th\u1ec3 tr\u1ecdng.<\/p>\n<p>Ph\u00f2ng b\u1ec7nh: 1g\/2 l\u00edt n\u01b0\u1edbc u\u1ed1ng ho\u1eb7c 1g\/10-15kg th\u1ec3 tr\u1ecdng, d\u00f9ng li\u00ean t\u1ee5c 3-4 ng\u00e0y\/\u0111\u1ee3t.<\/p>\n<p>\u0110i\u1ec1u tr\u1ecb: 1g\/1 l\u00edt n\u01b0\u1edbc u\u1ed1ng ho\u1eb7c 1g\/7kg th\u1ec3 tr\u1ecdng, d\u00f9ng li\u00ean t\u1ee5c 5-7 ng\u00e0y.<\/p>\n<p><strong>Heo, b\u00ea, ngh\u00e9:<\/strong><\/p>\n<p>Ph\u00f2ng b\u1ec7nh: 1g\/15-20kg th\u1ec3 tr\u1ecdng ho\u1eb7c 100g\/50kg th\u1ee9c \u0103n, d\u00f9ng li\u00ean t\u1ee5c 3-4 ng\u00e0y.<\/p>\n<p>\u0110i\u1ec1u tr\u1ecb: g\u1ea5p \u0111\u00f4i li\u1ec1u ph\u00f2ng, d\u00f9ng li\u00ean t\u1ee5c 5-7 ng\u00e0y.<\/p>\n<p>Th\u1eddi gian ng\u01b0ng s\u1eed d\u1ee5ng thu\u1ed1c: 7 ng\u00e0y tr\u01b0\u1edbc khi gi\u1ebft th\u1ecbt.<\/p>\n<p><strong>H\u1ea0N S\u1eec D\u1ee4NG S\u1ea2N PH\u1ea8M<\/strong><\/p>\n<p>24 th\u00e1ng k\u1ec3 t\u1eeb ng\u00e0y s\u1ea3n xu\u1ea5t.<\/p>\n<p><strong>B\u1ea2O QU\u1ea2N<\/strong><\/p>\n<p>N\u01a1i kh\u00f4 r\u00e1o, tho\u00e1ng m\u00e1t, nhi\u1ec7t \u0111\u1ed9 d\u01b0\u1edbi 30<sup>0<\/sup>C, tr\u00e1nh \u00e1nh n\u1eafng tr\u1ef1c ti\u1ebfp. Tr\u00e1nh xa t\u1ea7m tay tr\u1ebb em.<\/p>\n<p><strong>\u0110\u00d3NG G\u00d3I<\/strong><\/p>\n<p>50g\/g\u00f3i, 1kg\/g\u00f3i, 1kg\/lon (10 trong 1)<\/p>\n<p><strong><em>\u00a0<\/em><\/strong><\/p>\n<p><strong>S\u1ed1 \u0111\u0103ng k\u00fd: MBP-41<\/strong><\/p>\n","protected":false},"excerpt":{"rendered":"<p><strong>\u0110\u1eb6C TR\u1eca B\u1ec6NH TR\u00caN \u0110\u01af\u1edcNG H\u00d4 H\u1ea4P V\u00c0 TI\u00caU H\u00d3A:<\/strong><\/p>\n<p><strong>TOI R\u00d9, PH\u00c2N TR\u1eaeNG, PH\u00c2N XANH<\/strong><\/p>\n<p><strong>C\u00d4NG TH\u1ee8C<\/strong><\/p>\n<p>Doxycycline hyclate&#8230;50.000mg<\/p>\n<p>Colistin Sulfate&#8230;.1.000.000.000 UI<\/p>\n<p>T\u00e1 d\u01b0\u1ee3c v\u1eeba \u0111\u1ee7\u2026..\u2026\u20261kg<\/p>\n","protected":false},"featured_media":10613,"comment_status":"closed","ping_status":"closed","template":"","meta":[],"product_brand":[],"product_cat":[62,142],"product_tag":[],"class_list":{"0":"post-4864","1":"product","2":"type-product","3":"status-publish","4":"has-post-thumbnail","6":"product_cat-thuoc-thu-y","7":"product_cat-danh-muc-san-pham-gia-cam","9":"first","10":"instock","11":"shipping-taxable","12":"purchasable","13":"product-type-variable","14":"has-default-attributes"},"_links":{"self":[{"href":"https:\/\/mebipha.com\/online\/wp-json\/wp\/v2\/product\/4864","targetHints":{"allow":["GET"]}}],"collection":[{"href":"https:\/\/mebipha.com\/online\/wp-json\/wp\/v2\/product"}],"about":[{"href":"https:\/\/mebipha.com\/online\/wp-json\/wp\/v2\/types\/product"}],"replies":[{"embeddable":true,"href":"https:\/\/mebipha.com\/online\/wp-json\/wp\/v2\/comments?post=4864"}],"wp:featuredmedia":[{"embeddable":true,"href":"https:\/\/mebipha.com\/online\/wp-json\/wp\/v2\/media\/10613"}],"wp:attachment":[{"href":"https:\/\/mebipha.com\/online\/wp-json\/wp\/v2\/media?parent=4864"}],"wp:term":[{"taxonomy":"product_brand","embeddable":true,"href":"https:\/\/mebipha.com\/online\/wp-json\/wp\/v2\/product_brand?post=4864"},{"taxonomy":"product_cat","embeddable":true,"href":"https:\/\/mebipha.com\/online\/wp-json\/wp\/v2\/product_cat?post=4864"},{"taxonomy":"product_tag","embeddable":true,"href":"https:\/\/mebipha.com\/online\/wp-json\/wp\/v2\/product_tag?post=4864"}],"curies":[{"name":"wp","href":"https:\/\/api.w.org\/{rel}","templated":true}]}}