{"id":4836,"date":"2019-03-12T10:01:41","date_gmt":"2019-03-12T03:01:41","guid":{"rendered":"https:\/\/mebipha.com\/?post_type=product&#038;p=4836"},"modified":"2025-12-29T14:46:56","modified_gmt":"2025-12-29T07:46:56","slug":"benda-safety","status":"publish","type":"product","link":"https:\/\/mebipha.com\/online\/benda-safety\/","title":{"rendered":"BENDA SAFETY"},"content":{"rendered":"<p><strong>\u0110\u1eb6C TR\u1eca GIUN S\u00c1N TR\u00caN HEO<\/strong><\/p>\n<p><strong>Thu\u1ed1c b\u1ed9t tr\u1ed9n th\u1ee9c \u0103n<\/strong><\/p>\n<p><strong>C\u00d4NG TH\u1ee8C<\/strong><\/p>\n<p>Fenbendazol: 20g<\/p>\n<p>T\u00e1 d\u01b0\u1ee3c v\u1eeba \u0111\u1ee7: 1kg<\/p>\n<p><strong>\u0110\u1eb6C T\u00cdNH D\u01af\u1ee2C L\u00dd S\u1ea2N PH\u1ea8M<\/strong><\/p>\n<p>BENDA SAFETY c\u00f3 th\u00e0nh ph\u1ea7n ch\u00ednh l\u00e0 Fenbendazole, m\u1ed9t lo\u1ea1i thu\u1ed1c t\u1ea9y giun s\u00e1n ph\u1ed5 r\u1ed9ng thu\u1ed9c nh\u00f3m Benzimidazole, \u0111\u01b0\u1ee3c ch\u1ec9 \u0111\u1ecbnh \u0111\u1ec3 lo\u1ea1i b\u1ecf c\u00e1c lo\u1ea1i giun sau: <em>Ostertagia <\/em>spp., <em>Trichostrongylus<\/em> spp., <em>Haemonchus<\/em> spp., <em>Bunostomum <\/em>spp., <em>Trichuris<\/em> spp., <em>Contractria<\/em> spp., <em>Nematodirus <\/em>spp., <em>Ascaris suum<\/em><em>, Oesopagostomum <\/em>spp., <em>Strongyloides<\/em> spp., <em>Hyostrongylus rubidus<\/em> v\u00e0 <em>Dictyocaulus viviparus<\/em> v\u00e0 <em>Dictyocaulus filaria. Fenbendazole <\/em>c\u00f3 t\u00e1c \u0111\u1ed9ng ch\u1ed1ng c\u00e1c d\u1ea1ng giun tr\u00f2n <strong>ch\u01b0a tr\u01b0\u1edfng th\u00e0nh<\/strong>\u00a0(\u1ea5u tr\u00f9ng) v\u00e0 giai \u0111o\u1ea1n\u00a0<strong>tr\u01b0\u1edfng th\u00e0nh<\/strong> k\u00fd sinh trong \u0111\u01b0\u1eddng ti\u00eau h\u00f3a, h\u00f4 h\u1ea5p v\u00e0 \u0111\u01b0\u1eddng ti\u1ebft ni\u1ec7u tr\u00ean heo v\u00e0 gia c\u1ea7m. Thu\u1ed1c c\u0169ng c\u00f3 t\u00e1c \u0111\u1ed9ng hi\u1ec7u qu\u1ea3 tr\u00ean\u00a0<strong>tr\u1ee9ng<\/strong>\u00a0giun s\u00e1n (s\u00e1n d\u00e2y).<\/p>\n<p><strong>BENDA SAFETY<\/strong>\u00a0c\u00f3 hi\u1ec7u qu\u1ea3 di\u1ec7t giun s\u00e1n cao v\u00e0 an to\u00e0n cho v\u1eadt nu\u00f4i, c\u00f3 th\u1ec3 d\u00f9ng cho v\u1eadt nu\u00f4i \u1edf c\u00e1c giai \u0111o\u1ea1n \u0111ang mang thai, \u0111ang cho s\u1eefa ho\u1eb7c \u0111ang s\u1ea3n xu\u1ea5t tr\u1ee9ng.<\/p>\n<p><strong>C\u00d4NG D\u1ee4NG S\u1ea2N PH\u1ea8M<\/strong><\/p>\n<p>Ph\u00f2ng v\u00e0 tr\u1ecb c\u00e1c t\u00ecnh tr\u1ea1ng nhi\u1ec5m giun tr\u00f2n v\u00e0 d\u1eb9p k\u00fd sinh trong d\u1ea1 d\u00e0y, ru\u1ed9t, \u0111\u01b0\u1eddng h\u00f4 h\u1ea5p v\u00e0 ti\u1ebft ni\u1ec7u c\u1ee7a heo.<\/p>\n<p>\u0110\u1eb7c bi\u1ec7t ch\u1ec9 \u0111\u1ecbnh trong nh\u1eefng tr\u01b0\u1eddng h\u1ee3p nhi\u1ec5m c\u00e1c lo\u1ea1i giun sau:<\/p>\n<p><em>\u00a0Ascaris suum, Oesophagostomum <\/em>sp., <em>Strongyloides<\/em> sp., <em>Hyostrongylus rubidus<\/em>,&#8230;<\/p>\n<p><strong>An to\u00e0n cho heo \u0111ang mang thai ho\u1eb7c \u0111ang nu\u00f4i con.<\/strong><\/p>\n<p><strong>CH\u1ed0NG CH\u1ec8 \u0110\u1ecaNH<\/strong><\/p>\n<p>Kh\u00f4ng c\u00f3.<\/p>\n<p><strong>S\u1eec D\u1ee4NG<\/strong><\/p>\n<p>S\u1eed d\u1ee5ng 1 li\u1ec1u duy nh\u1ea5t.<\/p>\n<p>Tr\u00ean heo: 25g\/100kg th\u1ec3 tr\u1ecdng.<\/p>\n<p>N\u00e1i: x\u1ed5 l\u00e3i tr\u01b0\u1edbc khi \u0111\u01b0a v\u00e0o chu\u1ed3ng \u0111\u1ebb. N\u00ean x\u1ed5 giun s\u00e1n cho heo n\u00e1i tr\u01b0\u1edbc khi v\u00e0o chu\u1ed3ng sinh v\u00e0 ti\u1ebfp t\u1ee5c sau khi cai s\u1eefa \u0111\u1ec3 l\u00e0m gi\u1ea3m nguy c\u01a1 nhi\u1ec5m giun s\u00e1n tr\u00ean heo con s\u01a1 sinh v\u00e0 b\u1ea3o v\u1ec7 s\u1ee9c kh\u1ecfe cho heo m\u1eb9.<\/p>\n<p>N\u1ecdc: n\u00ean x\u1ed5 l\u00e3i 6 th\u00e1ng 1 l\u1ea7n.<\/p>\n<p>Heo cai s\u1eefa: x\u1ed5 l\u00e3i\u00a0 khi xu\u1ed1ng chu\u1ed3ng nu\u00f4i th\u1ecbt.<\/p>\n<p><strong>Th\u1eddi gian ng\u01b0ng s\u1eed d\u1ee5ng thu\u1ed1c<\/strong><\/p>\n<p>Th\u00fa gi\u1ebft th\u1ecbt: 7 ng\u00e0y tr\u01b0\u1edbc khi gi\u1ebft th\u1ecbt<\/p>\n<p><strong>H\u1ea1n s\u1eed d\u1ee5ng s\u1ea3n ph\u1ea9m <\/strong><\/p>\n<p>36 th\u00e1ng k\u1ec3 t\u1eeb ng\u00e0y s\u1ea3n xu\u1ea5t.<\/p>\n<p><strong>B\u1ea2O QU\u1ea2N<\/strong><\/p>\n<p>N\u01a1i kh\u00f4 r\u00e1o, tho\u00e1ng m\u00e1t, nhi\u1ec7t \u0111\u1ed9 d\u01b0\u1edbi 30<sup>0<\/sup>C. Tr\u00e1nh \u00e1nh n\u1eafng tr\u1ef1c ti\u1ebfp, tr\u00e1nh xa t\u1ea7m tay tr\u1ebb em.<\/p>\n<p><strong>\u0110\u00d3NG G\u00d3I<\/strong><\/p>\n<p><strong>5g\/g\u00f3i, 10g\/g\u00f3i, 25g\/g\u00f3i, 50g\/g\u00f3i, 100g\/g\u00f3i, 1kg\/lon.<\/strong><\/p>\n<p><strong>S\u1ed1 \u0111\u0103ng k\u00fd: MBP-85<\/strong><\/p>\n<p>&nbsp;<\/p>\n","protected":false},"excerpt":{"rendered":"<p>Th\u00e0nh ph\u1ea7n:\u00a0Fenbendazole, T\u00e1 d\u01b0\u1ee3c v\u1eeba \u0111\u1ee7.<\/p>\n<p>S\u1eed d\u1ee5ng:<\/p>\n<p>S\u1eed d\u1ee5ng 1 li\u1ec1u duy nh\u1ea5t.<br \/>\nTr\u00ean heo: 25g\/ 100kg th\u1ec3 tr\u1ecdng.<br \/>\nN\u00e1i: X\u1ed5 l\u00e3i tr\u01b0\u1edbc khi \u0111\u01b0a v\u00e0o chu\u1ed3ng \u0111\u1ebb<br \/>\nN\u1ecdc: N\u00ean x\u1ed5 6 th\u00e1ng 1 l\u1ea7n.<br \/>\nHeo cai s\u1eefa: X\u1ed5 l\u00e3i khi xu\u1ed1ng chu\u1ed3ng nu\u00f4i th\u1ecbt.<\/p>\n","protected":false},"featured_media":10537,"comment_status":"closed","ping_status":"closed","template":"","meta":[],"product_brand":[],"product_cat":[62],"product_tag":[],"class_list":{"0":"post-4836","1":"product","2":"type-product","3":"status-publish","4":"has-post-thumbnail","6":"product_cat-thuoc-thu-y","8":"first","9":"instock","10":"shipping-taxable","11":"purchasable","12":"product-type-variable","13":"has-default-attributes"},"_links":{"self":[{"href":"https:\/\/mebipha.com\/online\/wp-json\/wp\/v2\/product\/4836","targetHints":{"allow":["GET"]}}],"collection":[{"href":"https:\/\/mebipha.com\/online\/wp-json\/wp\/v2\/product"}],"about":[{"href":"https:\/\/mebipha.com\/online\/wp-json\/wp\/v2\/types\/product"}],"replies":[{"embeddable":true,"href":"https:\/\/mebipha.com\/online\/wp-json\/wp\/v2\/comments?post=4836"}],"wp:featuredmedia":[{"embeddable":true,"href":"https:\/\/mebipha.com\/online\/wp-json\/wp\/v2\/media\/10537"}],"wp:attachment":[{"href":"https:\/\/mebipha.com\/online\/wp-json\/wp\/v2\/media?parent=4836"}],"wp:term":[{"taxonomy":"product_brand","embeddable":true,"href":"https:\/\/mebipha.com\/online\/wp-json\/wp\/v2\/product_brand?post=4836"},{"taxonomy":"product_cat","embeddable":true,"href":"https:\/\/mebipha.com\/online\/wp-json\/wp\/v2\/product_cat?post=4836"},{"taxonomy":"product_tag","embeddable":true,"href":"https:\/\/mebipha.com\/online\/wp-json\/wp\/v2\/product_tag?post=4836"}],"curies":[{"name":"wp","href":"https:\/\/api.w.org\/{rel}","templated":true}]}}