{"id":4830,"date":"2019-03-12T09:49:32","date_gmt":"2019-03-12T02:49:32","guid":{"rendered":"https:\/\/mebipha.com\/?post_type=product&#038;p=4830"},"modified":"2025-12-29T15:50:00","modified_gmt":"2025-12-29T08:50:00","slug":"ampicoli-vip-2","status":"publish","type":"product","link":"https:\/\/mebipha.com\/online\/ampicoli-vip-2\/","title":{"rendered":"AMPICOLI VIP"},"content":{"rendered":"<p><strong>\u0110\u1eb6C TR\u1eca CH\u01af\u1edaNG DI\u1ec0U, KH\u00d4 CH\u00c2N, PH\u00c2N XANH, PH\u00c2N TR\u1eaeNG, TOI-R\u00d9, X\u00c3 C\u00c1NH TR\u00caN G\u00c0, V\u1ecaT, C\u00daT<\/strong><\/p>\n<p><strong>Thu\u1ed1c b\u1ed9t u\u1ed1ng<\/strong><\/p>\n<p><strong>C\u00d4NG TH\u1ee8C<\/strong><\/p>\n<p>Ampicillin trihydrate:\u00a0 500g<\/p>\n<p>Colistin sulfate: 2.500.000.000UI<\/p>\n<p>T\u00e1 d\u01b0\u1ee3c v\u1eeba \u0111\u1ee7: 1kg<\/p>\n<p><strong>\u0110\u1eb6C T\u00cdNH D\u01af\u1ee2C L\u00dd S\u1ea2N PH\u1ea8M<\/strong><\/p>\n<p><strong>Ampicillin <\/strong>l\u00e0 m\u1ed9t kh\u00e1ng sinh s\u00e1t khu\u1ea9n ph\u1ed5 r\u1ed9ng c\u00f3 t\u00e1c d\u1ee5ng tr\u00ean c\u1ea3 c\u1ea7u khu\u1ea9n Gram d\u01b0\u01a1ng v\u00e0 Gram \u00e2m:\u00a0<em>Streptoccoccus, Pneumococcus<\/em>\u00a0v\u00e0<em>\u00a0Staphylococcus\u00a0 <\/em>kh\u00f4ng sinh penicilinase. Ampicillin c\u0169ng t\u00e1c d\u1ee5ng tr\u00ean\u00a0<em>Meningococcus\u00a0<\/em>v\u00e0\u00a0<em>Gonococcus.<\/em>\u00a0Ampicillin c\u00f3 t\u00e1c d\u1ee5ng t\u1ed1t tr\u00ean m\u1ed9t s\u1ed1 vi khu\u1ea9n Gram \u00e2m \u0111\u01b0\u1eddng ru\u1ed9t nh\u01b0\u00a0<em>E.coli, Proteus<\/em>\u00a0<em>mirabilis, Shigella, Salmonella<\/em>.<\/p>\n<p><strong>Colistin<\/strong> l\u00e0 kh\u00e1ng sinh s\u00e1t khu\u1ea9n nh\u00f3m polypeptide, th\u01b0\u1eddng d\u00f9ng \u0111\u1ec3 \u0111i\u1ec1u tr\u1ecb nh\u1eefng tr\u01b0\u1eddng h\u1ee3p nhi\u1ec5m khu\u1ea9n do vi khu\u1ea9n: <em>E. coli, Salmonella <\/em>spp.,<em> Pseudomonas aeruginosa, Proteus <\/em>spp,\u2026<\/p>\n<p>C\u00f4ng th\u1ee9c c\u1ea3i ti\u1ebfn m\u1edbi v\u1edbi h\u00e0m l\u01b0\u1ee3ng cao Ampicillin v\u00e0 Colistin cho hi\u1ec7u qu\u1ea3 \u0111i\u1ec1u tr\u1ecb v\u01b0\u1ee3t tr\u1ed9i, ti\u1ebft ki\u1ec7m chi ph\u00ed.<\/p>\n<p><strong>C\u00d4NG D\u1ee4NG S\u1ea2N PH\u1ea8M<\/strong><\/p>\n<p><strong>Tr\u00ean g\u00e0, v\u1ecbt, c\u00fat:<\/strong><\/p>\n<p>Tr\u1ecb ti\u00eau ch\u1ea3y, nhi\u1ec5m tr\u00f9ng huy\u1ebft do E.coli, vi\u00eam ru\u1ed9t ho\u1ea1i t\u1eed, th\u01b0\u01a1ng h\u00e0n do Salmonella.<\/p>\n<p>T\u1ee5 huy\u1ebft tr\u00f9ng.<\/p>\n<p>Ph\u00f2ng v\u00e0 tr\u1ecb b\u1ec7nh h\u00f4 h\u1ea5p m\u00e3n t\u00ednh (CRD) v\u00e0 c\u00e1c bi\u1ebfn ch\u1ee9ng c\u1ee7a b\u1ec7nh (CCRD): kh\u00f3 th\u1edf, th\u1edf kh\u00f2 kh\u00e8,&#8230;b\u1ec7nh kh\u1eb9c \u1edf v\u1ecbt, s\u01b0ng ph\u00f9 \u0111\u1ea7u,&#8230;<\/p>\n<p><strong>S\u1eec D\u1ee4NG<\/strong><\/p>\n<p>Pha v\u00e0o n\u01b0\u1edbc u\u1ed1ng.<\/p>\n<p>Ph\u00f2ng b\u1ec7nh: 1g\/30-40kg th\u1ec3 tr\u1ecdng ho\u1eb7c 1g\/2-3 l\u00edt n\u01b0\u1edbc u\u1ed1ng, d\u00f9ng li\u00ean t\u1ee5c 3-4 ng\u00e0y.<\/p>\n<p>Tr\u1ecb b\u1ec7nh: 1g\/20-25kg th\u1ec3 tr\u1ecdng ho\u1eb7c 1g\/1-2 l\u00edt n\u01b0\u1edbc u\u1ed1ng, d\u00f9ng li\u00ean t\u1ee5c 5-7 ng\u00e0y.<\/p>\n<p><strong>Th\u1eddi gian ng\u01b0ng s\u1eed d\u1ee5ng thu\u1ed1c<\/strong>:<\/p>\n<p>7 ng\u00e0y tr\u01b0\u1edbc khi gi\u1ebft th\u1ecbt<\/p>\n<p><strong>B\u1ea2O QU\u1ea2N: <\/strong>N\u01a1i kh\u00f4 r\u00e1o, tho\u00e1ng m\u00e1t, nhi\u1ec7t \u0111\u1ed9 d\u01b0\u1edbi 30<sup>0<\/sup>C. Tr\u00e1nh \u00e1nh n\u1eafng tr\u1ef1c ti\u1ebfp, tr\u00e1nh xa t\u1ea7m tay tr\u1ebb em.<\/p>\n<p><strong>H\u1ea0N D\u00d9NG<\/strong><\/p>\n<p>24 th\u00e1ng k\u1ec3 t\u1eeb ng\u00e0y s\u1ea3n xu\u1ea5t.<\/p>\n<p><strong>\u0110\u00d3NG G\u00d3I<\/strong><\/p>\n<p>100g, 1kg\/lon, 1kg\/lon (10 trong 1)<\/p>\n<p><strong>S\u1ed1 \u0111\u0103ng k\u00fd: MBP-154<\/strong><\/p>\n","protected":false},"excerpt":{"rendered":"<p><strong>C\u00d4NG TH\u1ee8C<\/strong><\/p>\n<p>Ampicillin trihydrate:\u00a0 500g<\/p>\n<p>Colistin sulfate: 2.500.000.000UI<\/p>\n<p>T\u00e1 d\u01b0\u1ee3c v\u1eeba \u0111\u1ee7: 1kg<\/p>\n<p><strong>S\u1eec D\u1ee4NG:<\/strong><\/p>\n<p>H\u00f2a tan v\u00e0o n\u01b0\u1edbc u\u1ed1ng<\/p>\n<p>Ph\u00f2ng b\u1ec7nh: 1g\/30-40kg th\u1ec3 tr\u1ecdng ho\u1eb7c 1g\/2-3 l\u00edt n\u01b0\u1edbc u\u1ed1ng. D\u00f9ng li\u00ean t\u1ee5c 3-4 ng\u00e0y.<\/p>\n<p>Tr\u1ecb b\u1ec7nh: 1g\/20-25kg th\u1ec3 tr\u1ecdng ho\u1eb7c 1g\/1-2 l\u00edt n\u01b0\u1edbc u\u1ed1ng. D\u00f9ng li\u00ean t\u1ee5c 5-7 ng\u00e0y.<\/p>\n","protected":false},"featured_media":10090,"comment_status":"closed","ping_status":"closed","template":"","meta":[],"product_brand":[],"product_cat":[62,142],"product_tag":[],"class_list":{"0":"post-4830","1":"product","2":"type-product","3":"status-publish","4":"has-post-thumbnail","6":"product_cat-thuoc-thu-y","7":"product_cat-danh-muc-san-pham-gia-cam","9":"first","10":"instock","11":"shipping-taxable","12":"purchasable","13":"product-type-variable","14":"has-default-attributes"},"_links":{"self":[{"href":"https:\/\/mebipha.com\/online\/wp-json\/wp\/v2\/product\/4830","targetHints":{"allow":["GET"]}}],"collection":[{"href":"https:\/\/mebipha.com\/online\/wp-json\/wp\/v2\/product"}],"about":[{"href":"https:\/\/mebipha.com\/online\/wp-json\/wp\/v2\/types\/product"}],"replies":[{"embeddable":true,"href":"https:\/\/mebipha.com\/online\/wp-json\/wp\/v2\/comments?post=4830"}],"wp:featuredmedia":[{"embeddable":true,"href":"https:\/\/mebipha.com\/online\/wp-json\/wp\/v2\/media\/10090"}],"wp:attachment":[{"href":"https:\/\/mebipha.com\/online\/wp-json\/wp\/v2\/media?parent=4830"}],"wp:term":[{"taxonomy":"product_brand","embeddable":true,"href":"https:\/\/mebipha.com\/online\/wp-json\/wp\/v2\/product_brand?post=4830"},{"taxonomy":"product_cat","embeddable":true,"href":"https:\/\/mebipha.com\/online\/wp-json\/wp\/v2\/product_cat?post=4830"},{"taxonomy":"product_tag","embeddable":true,"href":"https:\/\/mebipha.com\/online\/wp-json\/wp\/v2\/product_tag?post=4830"}],"curies":[{"name":"wp","href":"https:\/\/api.w.org\/{rel}","templated":true}]}}