{"id":4814,"date":"2019-03-12T09:25:23","date_gmt":"2019-03-12T02:25:23","guid":{"rendered":"https:\/\/mebipha.com\/?post_type=product&#038;p=4814"},"modified":"2025-12-29T13:12:34","modified_gmt":"2025-12-29T06:12:34","slug":"mebi-ampicoli","status":"publish","type":"product","link":"https:\/\/mebipha.com\/online\/mebi-ampicoli\/","title":{"rendered":"MEBI-AMPICOLI"},"content":{"rendered":"<p><strong>\u0110\u1eb6C TR\u1eca VI\u00caM RU\u1ed8T TI\u00caU CH\u1ea2Y, TH\u01af\u01a0NG H\u00c0N, T\u1ee4 HUY\u1ebeT TR\u00d9NG TR\u00caN GIA S\u00daC, GIA C\u1ea6M<\/strong><\/p>\n<p><strong>Thu\u1ed1c b\u1ed9t tr\u1ed9n th\u1ee9c \u0103n ho\u1eb7c pha n\u01b0\u1edbc u\u1ed1ng<\/strong><\/p>\n<p><strong>C\u00d4NG TH\u1ee8C<\/strong><\/p>\n<p>Ampicillin trihydrate: 50.000mg<\/p>\n<p>Colistin sulfate: 125.000.000UI<\/p>\n<p>T\u00e1 d\u01b0\u1ee3c v\u1eeba \u0111\u1ee7: 1kg<\/p>\n<p><strong>\u0110\u1eb6C T\u00cdNH D\u01af\u1ee2C L\u00dd S\u1ea2N PH\u1ea8M<\/strong><\/p>\n<p><strong>Ampicillin<\/strong> l\u00e0 m\u1ed9t kh\u00e1ng sinh s\u00e1t khu\u1ea9n ph\u1ed5 r\u1ed9ng c\u00f3 t\u00e1c d\u1ee5ng tr\u00ean c\u1ea3 c\u1ea7u khu\u1ea9n Gram d\u01b0\u01a1ng v\u00e0 Gram \u00e2m:\u00a0<em>Streptoccoccus, Pneumococcus<\/em>\u00a0v\u00e0<em>\u00a0Staphylococcus\u00a0 <\/em>kh\u00f4ng sinh penicilinase. Ampicillin c\u0169ng t\u00e1c d\u1ee5ng tr\u00ean\u00a0<em>Meningococcus\u00a0<\/em>v\u00e0\u00a0<em>Gonococcus.<\/em>\u00a0Ampicillin c\u00f3 t\u00e1c d\u1ee5ng t\u1ed1t tr\u00ean m\u1ed9t s\u1ed1 vi khu\u1ea9n Gram \u00e2m \u0111\u01b0\u1eddng ru\u1ed9t nh\u01b0\u00a0<em>E.coli, Proteus<\/em>\u00a0<em>mirabilis, Shigella, Salmonella<\/em>.<\/p>\n<p><strong>Colistin<\/strong> l\u00e0 kh\u00e1ng sinh s\u00e1t khu\u1ea9n nh\u00f3m polypeptide, th\u01b0\u1eddng d\u00f9ng \u0111\u1ec3 \u0111i\u1ec1u tr\u1ecb nh\u1eefng tr\u01b0\u1eddng h\u1ee3p nhi\u1ec5m khu\u1ea9n do vi khu\u1ea9n: <em>E. coli, Salmonella <\/em>spp.,<em> Pseudomonas aeruginosa, Proteus <\/em>spp,\u2026<\/p>\n<p>Ampicilin \u0111\u01b0\u1ee3c k\u1ebft h\u1ee3p v\u1edbi Colistin &#8211; c\u00f3 c\u00f9ng c\u01a1 ch\u1ebf ph\u00e1 h\u1ee7y c\u1ea5u tr\u00fac m\u00e0ng t\u1ebf b\u00e0o vi khu\u1ea9n. Ph\u1ed5 kh\u00e1ng khu\u1ea9n v\u00e0 hi\u1ec7u l\u1ef1c \u0111i\u1ec1u tr\u1ecb c\u1ee7a thu\u1ed1c t\u0103ng l\u00ean nhi\u1ec1u l\u1ea7n nh\u1edd s\u1ef1 t\u01b0\u01a1ng t\u00e1c hi\u1ec7p l\u1ef1c n\u00e0y.<\/p>\n<p><strong>C\u00d4NG D\u1ee4NG S\u1ea2N PH\u1ea8M<\/strong><\/p>\n<p><strong>G\u00e0, v\u1ecbt, c\u00fat<\/strong>: Ph\u00f2ng v\u00e0 tr\u1ecb c\u00e1c b\u1ec7nh vi\u00eam ru\u1ed9t ti\u00eau ch\u1ea3y do E.coli, th\u01b0\u01a1ng h\u00e0n do Salmonella, t\u1ee5 huy\u1ebft tr\u00f9ng, vi\u00eam r\u1ed1n v\u00e0 nhi\u1ec5m tr\u00f9ng m\u00e1u,\u2026<\/p>\n<p><strong>Heo v\u00e0 gia s\u00fac<\/strong>: Ti\u00eau ch\u1ea3y do E.coli, ph\u00f3 th\u01b0\u01a1ng h\u00e0n, t\u1ee5 huy\u1ebft tr\u00f9ng,\u2026<\/p>\n<p><strong>CH\u1ed0NG CH\u1ec8 \u0110\u1ecaNH<\/strong><\/p>\n<p>Th\u00fa m\u1eabn c\u1ea3m v\u1edbi nh\u00f3m Penicillin, polymyxin.<\/p>\n<p>Th\u00fa b\u1ec7nh suy th\u1eadn n\u1eb7ng ho\u1eb7c \u0111ang d\u00f9ng thu\u1ed1c kh\u00e1c \u0111\u1ed9c v\u1edbi th\u1eadn.<\/p>\n<p><strong>S\u1eec D\u1ee4NG<\/strong><\/p>\n<p><strong>G\u00e0, v\u1ecbt, c\u00fat<\/strong><\/p>\n<p>Li\u1ec1u t\u1ed5ng qu\u00e1t: 1g\/5-10kg th\u1ec3 tr\u1ecdng.<\/p>\n<p>Ph\u00f2ng b\u1ec7nh: 1g\/10kg th\u1ec3 tr\u1ecdng ho\u1eb7c 1g\/2 l\u00edt n\u01b0\u1edbc u\u1ed1ng, d\u00f9ng li\u00ean t\u1ee5c trong 3-4 ng\u00e0y.<\/p>\n<p>Tr\u1ecb b\u1ec7nh: 1g\/5kg th\u1ec3 tr\u1ecdng ho\u1eb7c 1g\/1 l\u00edt n\u01b0\u1edbc u\u1ed1ng, d\u00f9ng li\u00ean t\u1ee5c trong 5-7 ng\u00e0y.<\/p>\n<p><strong>Heo, b\u00ea, ngh\u00e9<\/strong><\/p>\n<p>Li\u1ec1u t\u1ed5ng qu\u00e1t: 1g\/10-15kg th\u1ec3 tr\u1ecdng.<\/p>\n<p>Ph\u00f2ng b\u1ec7nh: 1g\/15kg th\u1ec3 tr\u1ecdng ho\u1eb7c 2g\/1kg th\u1ee9c \u0103n, d\u00f9ng li\u00ean t\u1ee5c trong 3-4 ng\u00e0y.<\/p>\n<p>Tr\u1ecb b\u1ec7nh: 1g\/10kg th\u1ec3 tr\u1ecdng ho\u1eb7c 4g\/1kg th\u1ee9c \u0103n, d\u00f9ng li\u00ean t\u1ee5c trong 5-7 ng\u00e0y.<\/p>\n<p>Th\u1eddi gian ng\u01b0ng s\u1eed d\u1ee5ng thu\u1ed1c<\/p>\n<p>12 ng\u00e0y tr\u01b0\u1edbc khi gi\u1ebft th\u1ecbt.<\/p>\n<p><strong>B\u1ea2O QU\u1ea2N<\/strong><\/p>\n<p>B\u1ea3o qu\u1ea3n n\u01a1i kh\u00f4 r\u00e1o, tho\u00e1ng m\u00e1t. Nhi\u1ec7t \u0111\u1ed9 d\u01b0\u1edbi 30\u00baC, tr\u00e1nh \u00e1nh s\u00e1ng tr\u1ef1c ti\u1ebfp. Tr\u00e1nh xa t\u1ea7m tay tr\u1ebb em.<\/p>\n<p><strong>H\u1ea0N D\u00d9NG<\/strong><\/p>\n<p>24 th\u00e1ng k\u1ec3 t\u1eeb ng\u00e0y s\u1ea3n xu\u1ea5t.<\/p>\n<p><strong>\u0110\u00d3NG G\u00d3I<\/strong><\/p>\n<p>10g, 50g, 100g, 500g\/g\u00f3i, 500g\/lon, 1kg\/g\u00f3i, 1kg\/lon, 1kg\/lon (10 trong 1)<\/p>\n<p><strong>S\u0110K: MBP-34<\/strong><\/p>\n<p>&nbsp;<\/p>\n","protected":false},"excerpt":{"rendered":"<p>MEBI-AMPICOLI \u0110\u1eb7c tr\u1ecb c\u00e1c b\u1ec7nh \u0111\u01b0\u1eddng ti\u00eau h\u00f3a tr\u00ean Gia C\u1ea7m, Gia S\u00fac<\/p>\n","protected":false},"featured_media":10572,"comment_status":"closed","ping_status":"closed","template":"","meta":[],"product_brand":[],"product_cat":[62,142],"product_tag":[],"class_list":{"0":"post-4814","1":"product","2":"type-product","3":"status-publish","4":"has-post-thumbnail","6":"product_cat-thuoc-thu-y","7":"product_cat-danh-muc-san-pham-gia-cam","9":"first","10":"instock","11":"shipping-taxable","12":"purchasable","13":"product-type-variable","14":"has-default-attributes"},"_links":{"self":[{"href":"https:\/\/mebipha.com\/online\/wp-json\/wp\/v2\/product\/4814","targetHints":{"allow":["GET"]}}],"collection":[{"href":"https:\/\/mebipha.com\/online\/wp-json\/wp\/v2\/product"}],"about":[{"href":"https:\/\/mebipha.com\/online\/wp-json\/wp\/v2\/types\/product"}],"replies":[{"embeddable":true,"href":"https:\/\/mebipha.com\/online\/wp-json\/wp\/v2\/comments?post=4814"}],"wp:featuredmedia":[{"embeddable":true,"href":"https:\/\/mebipha.com\/online\/wp-json\/wp\/v2\/media\/10572"}],"wp:attachment":[{"href":"https:\/\/mebipha.com\/online\/wp-json\/wp\/v2\/media?parent=4814"}],"wp:term":[{"taxonomy":"product_brand","embeddable":true,"href":"https:\/\/mebipha.com\/online\/wp-json\/wp\/v2\/product_brand?post=4814"},{"taxonomy":"product_cat","embeddable":true,"href":"https:\/\/mebipha.com\/online\/wp-json\/wp\/v2\/product_cat?post=4814"},{"taxonomy":"product_tag","embeddable":true,"href":"https:\/\/mebipha.com\/online\/wp-json\/wp\/v2\/product_tag?post=4814"}],"curies":[{"name":"wp","href":"https:\/\/api.w.org\/{rel}","templated":true}]}}