{"id":4809,"date":"2019-03-11T14:26:22","date_gmt":"2019-03-11T07:26:22","guid":{"rendered":"https:\/\/mebipha.com\/?post_type=product&#038;p=4809"},"modified":"2024-10-05T09:08:03","modified_gmt":"2024-10-05T02:08:03","slug":"yuccatom","status":"publish","type":"product","link":"https:\/\/mebipha.com\/online\/yuccatom\/","title":{"rendered":"YUCCA(T\u00d4M)"},"content":{"rendered":"","protected":false},"excerpt":{"rendered":"<p><strong>DUNG D\u1ecaCH C\u1ea4P C\u1ee8U T\u00d4M N\u1ed4I \u0110\u1ea6U, T\u1ea4P B\u1edc<\/strong><\/p>\n<p><strong>T\u0102NG C\u01af\u1edcNG TI\u00caU H\u00d3A TH\u1ee8C \u0102N V\u00c0 GI\u1ea2I \u0110\u1ed8C<\/strong><\/p>\n<p><strong>TH\u00c0NH PH\u1ea6N<\/strong><\/p>\n<p>Saponin*(min)&#8230;&#8230;&#8230;&#8230;&#8230;&#8230;&#8230;&#8230;&#8230;&#8230;.. 55.000 mg<\/p>\n<p>Kh\u00e1ng sinh, ch\u1ea5t c\u1ea5m&#8230;&#8230;&#8230;&#8230;&#8230;&#8230;. Kh\u00f4ng c\u00f3<\/p>\n<p>Ethoxyquin&#8230;&#8230;&#8230;&#8230;&#8230;&#8230;&#8230;&#8230;&#8230;&#8230;&#8230;&#8230;Kh\u00f4ng c\u00f3<\/p>\n<p>Dung m\u00f4i (N\u01b0\u1edbc c\u1ea5t) v\u1eeba \u0111\u1ee7&#8230;&#8230;&#8230;. 1 l\u00edt<\/p>\n<p><strong>NGUY\u00caN LI\u1ec6U<\/strong> \u00a0Chi\u1ebft xu\u1ea5t Yucca schidigera, N\u01b0\u1edbc c\u1ea5t.<\/p>\n<p><strong>C\u00d4NG D\u1ee4NG<\/strong><\/p>\n<p>C\u1ea5p c\u1ee9u hi\u1ec7n t\u01b0\u1ee3ng \u00a0t\u00f4m n\u1ed5i \u0111\u1ea7u, t\u1ea5p b\u1edd do kh\u00ed \u0111\u1ed9c<\/p>\n<p>Gi\u1ea3m n\u1ed3ng \u0111\u1ed9 kh\u00ed \u0111\u1ed9c Amoniac (NH<sub>3<\/sub>), l\u00e0m s\u1ea1ch m\u00f4i tr\u01b0\u1eddng n\u01b0\u1edbc.<\/p>\n<p>T\u0103ng c\u01b0\u1eddng kh\u1ea3 n\u0103ng ti\u00eau h\u00f3a, h\u1ea5p thu th\u1ee9c \u0103n, gi\u00fap t\u00f4m ph\u00e1t tri\u1ec3n t\u1ed1t.<\/p>\n<p>D\u00f9ng b\u1ed5 sung th\u1ee9c \u0103n: gi\u00fap t\u0103ng c\u01b0\u1eddng kh\u1ea3 n\u0103ng gi\u1ea3i \u0111\u1ed9c cho t\u00f4m trong tr\u01b0\u1eddng h\u1ee3p d\u00f9ng kh\u00e1ng sinh ho\u1eb7c s\u1eed d\u1ee5ng h\u00f3a ch\u1ea5t qu\u00e1 li\u1ec1u.<\/p>\n<p><strong>H\u01af\u1edaNG D\u1eaaN S\u1eec D\u1ee4NG V\u00c0 LI\u1ec0U D\u00d9NG<\/strong><\/p>\n<p>D\u00f9ng x\u1eed l\u00fd m\u00f4i tr\u01b0\u1eddng n\u01b0\u1edbc: t\u1ea1t tr\u1ef1c ti\u1ebfp xu\u1ed1ng ao nu\u00f4i:<\/p>\n<p>1 l\u00edt\/4.000m<sup>3<\/sup> n\u01b0\u1edbc. \u0110\u1ecbnh k\u1ef3 10 ng\u00e0y\/l\u1ea7n.<\/p>\n<p>\u0110\u1ed1i v\u1edbi ao nu\u00f4i qu\u00e1 d\u01a1 ho\u1eb7c khi t\u00f4m c\u00f3 d\u1ea5u hi\u1ec7u n\u1ed5i \u0111\u1ea7u, t\u1ea5p b\u1edd: D\u00f9ng li\u1ec1u cao g\u1ea5p \u0111\u00f4i.<\/p>\n<p>D\u00f9ng b\u1ed5 sung th\u1ee9c \u0103n: h\u00f2a v\u00e0o n\u01b0\u1edbc u\u1ed1ng r\u1ed3i tr\u1ed9n \u0111\u1ec1u v\u1edbi th\u1ee9c \u0103n, \u00e1o l\u1ea1i b\u1eb1ng ch\u1ea5t k\u00edch m\u00f9i ho\u1eb7c d\u1ea7u th\u1ef1c v\u1eadt, sau \u0111\u00f3 m\u1edbi cho t\u00f4m \u0103n: 1 l\u00edt\/2 \u2013 4 t\u1ea5n th\u1ee9c \u0103n.<\/p>\n<p>Ch\u00fa \u00fd: L\u1eafc \u0111\u1ec1u tr\u01b0\u1edbc khi s\u1eed d\u1ee5ng.<\/p>\n","protected":false},"featured_media":10692,"comment_status":"closed","ping_status":"closed","template":"","meta":[],"product_brand":[],"product_cat":[71,134],"product_tag":[],"class_list":{"0":"post-4809","1":"product","2":"type-product","3":"status-publish","4":"has-post-thumbnail","6":"product_cat-thuoc-thuy-san","7":"product_cat-thuoc-thuy-san-thuoc-thuy-san","9":"first","10":"instock","11":"shipping-taxable","12":"purchasable","13":"product-type-variable","14":"has-default-attributes"},"_links":{"self":[{"href":"https:\/\/mebipha.com\/online\/wp-json\/wp\/v2\/product\/4809","targetHints":{"allow":["GET"]}}],"collection":[{"href":"https:\/\/mebipha.com\/online\/wp-json\/wp\/v2\/product"}],"about":[{"href":"https:\/\/mebipha.com\/online\/wp-json\/wp\/v2\/types\/product"}],"replies":[{"embeddable":true,"href":"https:\/\/mebipha.com\/online\/wp-json\/wp\/v2\/comments?post=4809"}],"wp:featuredmedia":[{"embeddable":true,"href":"https:\/\/mebipha.com\/online\/wp-json\/wp\/v2\/media\/10692"}],"wp:attachment":[{"href":"https:\/\/mebipha.com\/online\/wp-json\/wp\/v2\/media?parent=4809"}],"wp:term":[{"taxonomy":"product_brand","embeddable":true,"href":"https:\/\/mebipha.com\/online\/wp-json\/wp\/v2\/product_brand?post=4809"},{"taxonomy":"product_cat","embeddable":true,"href":"https:\/\/mebipha.com\/online\/wp-json\/wp\/v2\/product_cat?post=4809"},{"taxonomy":"product_tag","embeddable":true,"href":"https:\/\/mebipha.com\/online\/wp-json\/wp\/v2\/product_tag?post=4809"}],"curies":[{"name":"wp","href":"https:\/\/api.w.org\/{rel}","templated":true}]}}