{"id":4788,"date":"2019-03-11T13:14:14","date_gmt":"2019-03-11T06:14:14","guid":{"rendered":"https:\/\/mebipha.com\/?post_type=product&#038;p=4788"},"modified":"2024-01-17T10:06:24","modified_gmt":"2024-01-17T03:06:24","slug":"vitalec-4way","status":"publish","type":"product","link":"https:\/\/mebipha.com\/online\/vitalec-4way\/","title":{"rendered":"VITALEC-4 WAY (t\u00f4m)"},"content":{"rendered":"","protected":false},"excerpt":{"rendered":"<p><strong>GI\u1ea2M STRESS &#8211; GI\u00daP T\u00d4M PH\u1ee4C H\u1ed2I NHANH<\/strong><\/p>\n<p><strong>4 TRONG 1 (VITAMIN + MEN TI\u00caU H\u00d3A + \u0110I\u1ec6N GI\u1ea2I + ACID H\u1eeeU C\u01a0 V\u00c0 ACID AMIN)<\/strong><\/p>\n<p><strong>TH\u00c0NH PH\u1ea6N<\/strong><\/p>\n<p>Vitamin B<sub>1<\/sub><sup>*<\/sup> (min)&#8230;&#8230;&#8230;&#8230;&#8230;&#8230;&#8230;&#8230;&#8230;. 5.000 mg<\/p>\n<p>Vitamin B<sub>2<\/sub> (min)&#8230;&#8230;&#8230;&#8230;&#8230;&#8230;&#8230;&#8230;&#8230;.. 2.000 mg<\/p>\n<p>Vitamin B<sub>6<\/sub> (min)&#8230;&#8230;&#8230;&#8230;&#8230;&#8230;&#8230;&#8230;&#8230;.. 3.500 mg<\/p>\n<p>Vitamin B<sub>12<\/sub> (min)&#8230;&#8230;&#8230;&#8230;&#8230;&#8230;&#8230;&#8230;..40.000 mcg<\/p>\n<p>Vitamin C (min)&#8230;&#8230;&#8230;&#8230;&#8230;&#8230;&#8230;&#8230;&#8230;&#8230; 25.000 mg<\/p>\n<p>Vitamin K<sub>3<\/sub> (min)&#8230;&#8230;&#8230;&#8230;&#8230;&#8230;&#8230;&#8230;&#8230;&#8230;. 500 mg<\/p>\n<p>Bacillus subtilis (min)&#8230;&#8230;&#8230;&#8230;&#8230;&#8230;. 1 x 10<sup>9<\/sup> CFU<\/p>\n<p>Sodium* (min \u2013 max)&#8230;&#8230;&#8230;&#8230;. 3.000 \u2013 5.500 mg<\/p>\n<p>Potassium chloride* (min \u2013 max)&#8230;&#8230; 12.500 \u2013 16.000 mg<\/p>\n<p>Acid citric (min)&#8230;&#8230;&#8230;&#8230;&#8230;&#8230;&#8230;&#8230;&#8230;&#8230;..25.000 mg<\/p>\n<p>Lysine (min)&#8230;&#8230;&#8230;&#8230;&#8230;&#8230;&#8230;&#8230;&#8230;&#8230;&#8230;&#8230;..10.000 mg<\/p>\n<p>Kh\u00e1ng sinh, ch\u1ea5t c\u1ea5m&#8230;&#8230;&#8230;&#8230;&#8230;&#8230;&#8230;&#8230;. Kh\u00f4ng c\u00f3<\/p>\n<p>Ethoxyquin&#8230;&#8230;&#8230;&#8230;&#8230;&#8230;&#8230;&#8230;&#8230;&#8230;&#8230;&#8230;&#8230;&#8230; Kh\u00f4ng c\u00f3<\/p>\n<p>Ch\u1ea5t mang (Glucose) v\u1eeba \u0111\u1ee7&#8230;&#8230;&#8230;&#8230;. 1kg<\/p>\n<p><strong>NGUY\u00caN LI\u1ec6U\u00a0 <\/strong>Pyridoxine HCl, Riboflavin, Pyridoxine HCl, Cyanocobalamin, Ascorbic acid, Menadion sodium bisulfite, <em>Bacillus subtilis<\/em>, Na<sub>2<\/sub>SeO<sub>3<\/sub>, Potassium chloride, acid citric, L-Lysine HCl, Dextrose monohydrate.<\/p>\n<p><strong>C\u00d4NG D\u1ee4NG<\/strong><\/p>\n<p>Ch\u1ed1ng stress, ch\u1ed1ng s\u1ed1c \u2013 n\u00e2ng cao s\u1ee9c \u0111\u1ec1 kh\u00e1ng.<\/p>\n<p>Gi\u00fap t\u00f4m ph\u1ee5c h\u1ed3i nhanh sau b\u1ec7nh.<\/p>\n<p>B\u00f9 c\u00e1c ch\u1ea5t \u0111i\u1ec7n gi\u1ea3i v\u00e0 c\u00e2n b\u1eb1ng h\u1ec7 vi khu\u1ea9n \u0111\u01b0\u1eddng ru\u1ed9t. T\u0103ng c\u01b0\u1eddng kh\u1ea3 n\u0103ng ti\u00eau h\u00f3a v\u00e0 h\u1ea5p thu d\u01b0\u1ee1ng ch\u1ea5t t\u1eeb th\u1ee9c \u0103n.<\/p>\n<p>Gi\u00fap t\u00f4m t\u0103ng tr\u01b0\u1edfng nhanh.<\/p>\n<p><strong>H\u01af\u1edaNG D\u1eaaN S\u1eec D\u1ee4NG V\u00c0 LI\u1ec0U D\u00d9NG<\/strong><\/p>\n<p>H\u00f2a tan v\u00e0o n\u01b0\u1edbc tr\u1ed9n \u0111\u1ec1u v\u1edbi th\u1ee9c \u0103n, \u00e1o l\u1ea1i b\u1eb1ng d\u1ea7u th\u1ef1c v\u1eadt ho\u1eb7c ch\u1ea5t k\u00edch m\u00f9i, \u0111\u1ec3 r\u00e1o 15 ph\u00fat sau \u0111\u00f3 m\u1edbi cho t\u00f4m \u0103n.<\/p>\n<p>D\u00f9ng 1,5g\/1kg th\u1ee9c \u0103n, d\u00f9ng li\u00ean t\u1ee5c trong su\u1ed1t th\u1eddi gian nu\u00f4i.<\/p>\n<p>Gi\u1ea3m s\u1ed1c, gi\u1ea3m stress: 2-3g\/1kg th\u1ee9c \u0103n, d\u00f9ng li\u00ean t\u1ee5c 5-7 ng\u00e0y<\/p>\n","protected":false},"featured_media":9864,"comment_status":"closed","ping_status":"closed","template":"","meta":[],"product_brand":[],"product_cat":[71,134],"product_tag":[],"class_list":{"0":"post-4788","1":"product","2":"type-product","3":"status-publish","4":"has-post-thumbnail","6":"product_cat-thuoc-thuy-san","7":"product_cat-thuoc-thuy-san-thuoc-thuy-san","9":"first","10":"instock","11":"shipping-taxable","12":"purchasable","13":"product-type-variable","14":"has-default-attributes"},"_links":{"self":[{"href":"https:\/\/mebipha.com\/online\/wp-json\/wp\/v2\/product\/4788","targetHints":{"allow":["GET"]}}],"collection":[{"href":"https:\/\/mebipha.com\/online\/wp-json\/wp\/v2\/product"}],"about":[{"href":"https:\/\/mebipha.com\/online\/wp-json\/wp\/v2\/types\/product"}],"replies":[{"embeddable":true,"href":"https:\/\/mebipha.com\/online\/wp-json\/wp\/v2\/comments?post=4788"}],"wp:featuredmedia":[{"embeddable":true,"href":"https:\/\/mebipha.com\/online\/wp-json\/wp\/v2\/media\/9864"}],"wp:attachment":[{"href":"https:\/\/mebipha.com\/online\/wp-json\/wp\/v2\/media?parent=4788"}],"wp:term":[{"taxonomy":"product_brand","embeddable":true,"href":"https:\/\/mebipha.com\/online\/wp-json\/wp\/v2\/product_brand?post=4788"},{"taxonomy":"product_cat","embeddable":true,"href":"https:\/\/mebipha.com\/online\/wp-json\/wp\/v2\/product_cat?post=4788"},{"taxonomy":"product_tag","embeddable":true,"href":"https:\/\/mebipha.com\/online\/wp-json\/wp\/v2\/product_tag?post=4788"}],"curies":[{"name":"wp","href":"https:\/\/api.w.org\/{rel}","templated":true}]}}