{"id":4764,"date":"2019-02-21T15:49:55","date_gmt":"2019-02-21T08:49:55","guid":{"rendered":"https:\/\/mebipha.com\/?post_type=product&#038;p=4764"},"modified":"2025-12-29T16:04:25","modified_gmt":"2025-12-29T09:04:25","slug":"terra-neocine","status":"publish","type":"product","link":"https:\/\/mebipha.com\/online\/terra-neocine\/","title":{"rendered":"TERRA-NEOCINE"},"content":{"rendered":"<h5 class=\"uppercase\"><a href=\"https:\/\/mebipha.com\/online\/terra-neocine\/\"><span style=\"font-size: 120%;\">THU\u1ed0C B\u1ed8T U\u1ed0NG TERRA-NEOCINE<strong>\u00a0<\/strong>\u0110\u1eb6C TR\u1eca TOI, TH\u01af\u01a0NG H\u00c0N<\/span><\/a><\/h5>\n<p>Quy c\u00e1ch \u0111\u00f3ng g\u00f3i: G\u00f3i 20g, 50g, 100g<\/p>\n<p><strong>C\u00d4NG TH\u1ee8C TERRA-NEOCINE<\/strong><\/p>\n<p>Neomycine sulfate\u2026\u2026&#8230;&#8230;.5g<\/p>\n<p>Oxytetracycline\u00a0 HCl\u2026\u2026&#8230;.5g<\/p>\n<p>T\u00e1 d\u01b0\u1ee3c v\u1eeba \u0111\u1ee7 \u2026&#8230;&#8230;&#8230;&#8230;.100g<\/p>\n<p><strong>CH\u1ec8 \u0110\u1ecaNH TERRA-NEOCINE<\/strong><\/p>\n<p>\u0110i\u1ec1u tr\u1ecb toi, th\u01b0\u01a1ng h\u00e0n, \u0111\u01b0\u1ee3c ch\u1ec9 \u0111\u1ecbnh d\u00f9ng trong giai \u0111o\u1ea1n \u00fam gia c\u1ea7m con.<\/p>\n<p>Ng\u0103n ng\u1eeba c\u00e1c b\u1ec7nh h\u1ed3ng l\u1ef5, ph\u00e2n xanh, ph\u00e2n tr\u1eafng, ph\u00e2n v\u00e0ng do E.Coli, t\u1ee5 huy\u1ebft tr\u00f9ng, ph\u00f3 th\u01b0\u01a1ng h\u00e0n, s\u01b0ng ph\u00f9 m\u1eb7t, ch\u01b0\u1edbng h\u01a1i, \u0111\u1ea7y b\u1ee5ng, kh\u1eb9c m\u0169i.<\/p>\n<p><strong>LI\u1ec0U L\u01af\u1ee2NG &amp; H\u01af\u1edaNG D\u1eaaN S\u1eec D\u1ee4NG TERRA-NEOCINE<\/strong><\/p>\n<p>Pha v\u00e0o n\u01b0\u1edbc u\u1ed1ng, d\u00f9ng li\u00ean t\u1ee5c trong giai \u0111o\u1ea1n \u00fam.<\/p>\n<p>Li\u1ec1u ph\u00f2ng: 25-30g\/1.000 g\u00e0 con\/ ng\u00e0y ho\u1eb7c 1g\/1 l\u00edt n\u01b0\u1edbc u\u1ed1ng, d\u00f9ng li\u00ean t\u1ee5c 4-5 ng\u00e0y.<\/p>\n<p>Li\u1ec1u tr\u1ecb: 50g\/1.000 g\u00e0 con\/ ng\u00e0y ho\u1eb7c 2g\/1 l\u00edt n\u01b0\u1edbc u\u1ed1ng, d\u00f9ng li\u00ean t\u1ee5c 5 ng\u00e0y.<\/p>\n<p>Th\u1eddi gian ng\u01b0ng s\u1eed d\u1ee5ng thu\u1ed1c: 7 ng\u00e0y tr\u01b0\u1edbc khi gi\u1ebft th\u1ecbt.<\/p>\n<p><strong>B\u1ea2O QU\u1ea2N TERRA-NEOCINE<\/strong><\/p>\n<p>N\u01a1i kh\u00f4 r\u00e1o, tho\u00e1ng m\u00e1t, nhi\u1ec7t \u0111\u1ed9 d\u01b0\u1edbi 30<sup>0<\/sup>C, tr\u00e1nh \u00e1nh n\u1eafng tr\u1ef1c ti\u1ebfp. Tr\u00e1nh xa t\u1ea7m tay tr\u1ebb em.<\/p>\n<hr \/>\n<p><span style=\"color: #0000ff;\">C\u00f4ng ty TNHH S\u1ea3n Xu\u1ea5t \u2013 Th\u01b0\u01a1ng M\u1ea1i MEBIPHA, chuy\u00ean gia h\u00e0ng \u0111\u1ea7u\u00a0<a style=\"color: #0000ff;\" title=\"thu\u1ed1c Th\u00fa Y\" href=\"https:\/\/mebipha.com\/online\/thuoc-thu-y\/\">thu\u1ed1c Th\u00fa Y<\/a>\u00a0\u2013 thu\u1ed1c Thu\u1ef7 S\u1ea3n t\u1ea1i Vi\u1ec7t Nam<\/span><br \/>\n<span style=\"color: #0000ff;\">Website tr\u1ef1c tuy\u1ebfn \u2013<span style=\"color: #ed1c24;\">\u00a0si\u00eau th\u1ecb online MEBIPHA<\/span>,\u00a0t\u01b0\u01a1ng t\u00e1c tr\u1ef1c tuy\u1ebfn v\u1edbi kh\u00e1ch h\u00e0ng, kh\u00e1ch h\u00e0ng c\u00f3 th\u1ec3 t\u00ecm hi\u1ec3u v\u00e0 mua h\u00e0ng t\u1ea1i:\u00a0<span style=\"color: #ed1c24;\"><a style=\"color: #ed1c24;\" href=\"https:\/\/mebipha.com\/online\/\">www.mebipha.com\/online<\/a><\/span><\/span><\/p>\n<p><span style=\"color: #008000;\">\u0110i\u1ec7n tho\u1ea1i: (028) 5427 3127 \u2013 (028) 5427 3128<\/span><br \/>\n<span style=\"color: #008000;\">Hotline: 0948 81 08 08<\/span><br \/>\n<span style=\"color: #008000;\">Email: info@mebipha.com<\/span><\/p>\n","protected":false},"excerpt":{"rendered":"<p><strong>TERRA-NEOCINE &#8211; <\/strong>\u0110i\u1ec1u tr\u1ecb toi, th\u01b0\u01a1ng h\u00e0n, \u0111\u01b0\u1ee3c ch\u1ec9 \u0111\u1ecbnh d\u00f9ng trong giai \u0111o\u1ea1n \u00fam gia c\u1ea7m non<\/p>\n","protected":false},"featured_media":10596,"comment_status":"closed","ping_status":"closed","template":"","meta":[],"product_brand":[],"product_cat":[62,142],"product_tag":[],"class_list":{"0":"post-4764","1":"product","2":"type-product","3":"status-publish","4":"has-post-thumbnail","6":"product_cat-thuoc-thu-y","7":"product_cat-danh-muc-san-pham-gia-cam","9":"first","10":"instock","11":"shipping-taxable","12":"purchasable","13":"product-type-variable","14":"has-default-attributes"},"_links":{"self":[{"href":"https:\/\/mebipha.com\/online\/wp-json\/wp\/v2\/product\/4764","targetHints":{"allow":["GET"]}}],"collection":[{"href":"https:\/\/mebipha.com\/online\/wp-json\/wp\/v2\/product"}],"about":[{"href":"https:\/\/mebipha.com\/online\/wp-json\/wp\/v2\/types\/product"}],"replies":[{"embeddable":true,"href":"https:\/\/mebipha.com\/online\/wp-json\/wp\/v2\/comments?post=4764"}],"wp:featuredmedia":[{"embeddable":true,"href":"https:\/\/mebipha.com\/online\/wp-json\/wp\/v2\/media\/10596"}],"wp:attachment":[{"href":"https:\/\/mebipha.com\/online\/wp-json\/wp\/v2\/media?parent=4764"}],"wp:term":[{"taxonomy":"product_brand","embeddable":true,"href":"https:\/\/mebipha.com\/online\/wp-json\/wp\/v2\/product_brand?post=4764"},{"taxonomy":"product_cat","embeddable":true,"href":"https:\/\/mebipha.com\/online\/wp-json\/wp\/v2\/product_cat?post=4764"},{"taxonomy":"product_tag","embeddable":true,"href":"https:\/\/mebipha.com\/online\/wp-json\/wp\/v2\/product_tag?post=4764"}],"curies":[{"name":"wp","href":"https:\/\/api.w.org\/{rel}","templated":true}]}}