{"id":4759,"date":"2019-02-21T15:42:49","date_gmt":"2019-02-21T08:42:49","guid":{"rendered":"https:\/\/mebipha.com\/?post_type=product&#038;p=4759"},"modified":"2024-10-05T09:04:03","modified_gmt":"2024-10-05T02:04:03","slug":"sultrim-tom","status":"publish","type":"product","link":"https:\/\/mebipha.com\/online\/sultrim-tom\/","title":{"rendered":"SULTRIM (T\u00d4M)"},"content":{"rendered":"","protected":false},"excerpt":{"rendered":"<p>\u0110\u1eb6C TR\u1eca C\u00c1C B\u1ec6NH \u0110\u01af\u1edcNG RU\u1ed8T DO VI KHU\u1ea8N VIBRIO<\/p>\n<p><strong>C\u00d4NG TH\u1ee8C<\/strong><\/p>\n<p>Trimethoprime\u2026.40.000mg<\/p>\n<p>Sulphamethoxazole\u2026..200.000mg<\/p>\n<p>T\u00e1 d\u01b0\u1ee3c v\u1eeba \u0111\u1ee7\u2026\u2026..1.000g<\/p>\n<p><strong>CH\u1ec8 \u0110\u1ecaNH<\/strong><\/p>\n<p>\u0110\u1eb7c tr\u1ecb c\u00e1c b\u1ec7nh do vi khu\u1ea9n Vibrio g\u00e2y ra tr\u00ean t\u00f4m nh\u01b0: b\u1ec7nh ph\u00e2n tr\u1eafng, ph\u00e2n \u0111\u1ee9t kh\u00fac, ph\u00e2n l\u1ecfng,\u2026<\/p>\n<p>\u0110i\u1ec1u tr\u1ecb hi\u1ec7u qu\u1ea3 b\u1ec7nh ph\u00e1t s\u00e1ng tr\u00ean t\u00f4m.<\/p>\n<p><strong>LI\u1ec0U L\u01af\u1ee2NG <\/strong><\/p>\n<p>Ph\u00f2ng b\u1ec7nh: 2-3g\/1 kg th\u1ee9c \u0103n, d\u00f9ng li\u00ean t\u1ee5c 2-3 ng\u00e0y.<\/p>\n<p>Tr\u1ecb b\u1ec7nh: 4g\/1 kg th\u1ee9c \u0103n, d\u00f9ng li\u00ean t\u1ee5c 3-5 ng\u00e0y.<\/p>\n<p><strong>H\u01af\u1edaNG D\u1eaaN S\u1eec D\u1ee4NG<\/strong><\/p>\n<p>H\u00f2a tan v\u00e0o n\u01b0\u1edbc r\u1ed3i tr\u1ed9n \u0111\u1ec1u v\u1edbi th\u1ee9c \u0103n, \u00e1o l\u1ea1i b\u1eb1ng d\u1ea7u th\u1ef1c v\u1eadt ho\u1eb7c ch\u1ea5t k\u00edch m\u00f9i, \u0111\u1ec3 r\u00e1o 15 ph\u00fat sau \u0111\u00f3 m\u1edbi cho t\u00f4m \u0103n.<\/p>\n<p><strong>TH\u1edcI GIAN NG\u01afNG S\u1eec D\u1ee4NG THU\u1ed0C<\/strong><\/p>\n<p>28 ng\u00e0y tr\u01b0\u1edbc khi thu ho\u1ea1ch.<\/p>\n","protected":false},"featured_media":10688,"comment_status":"closed","ping_status":"closed","template":"","meta":[],"product_brand":[],"product_cat":[71,134],"product_tag":[],"class_list":{"0":"post-4759","1":"product","2":"type-product","3":"status-publish","4":"has-post-thumbnail","6":"product_cat-thuoc-thuy-san","7":"product_cat-thuoc-thuy-san-thuoc-thuy-san","9":"first","10":"instock","11":"shipping-taxable","12":"purchasable","13":"product-type-variable","14":"has-default-attributes"},"_links":{"self":[{"href":"https:\/\/mebipha.com\/online\/wp-json\/wp\/v2\/product\/4759","targetHints":{"allow":["GET"]}}],"collection":[{"href":"https:\/\/mebipha.com\/online\/wp-json\/wp\/v2\/product"}],"about":[{"href":"https:\/\/mebipha.com\/online\/wp-json\/wp\/v2\/types\/product"}],"replies":[{"embeddable":true,"href":"https:\/\/mebipha.com\/online\/wp-json\/wp\/v2\/comments?post=4759"}],"wp:featuredmedia":[{"embeddable":true,"href":"https:\/\/mebipha.com\/online\/wp-json\/wp\/v2\/media\/10688"}],"wp:attachment":[{"href":"https:\/\/mebipha.com\/online\/wp-json\/wp\/v2\/media?parent=4759"}],"wp:term":[{"taxonomy":"product_brand","embeddable":true,"href":"https:\/\/mebipha.com\/online\/wp-json\/wp\/v2\/product_brand?post=4759"},{"taxonomy":"product_cat","embeddable":true,"href":"https:\/\/mebipha.com\/online\/wp-json\/wp\/v2\/product_cat?post=4759"},{"taxonomy":"product_tag","embeddable":true,"href":"https:\/\/mebipha.com\/online\/wp-json\/wp\/v2\/product_tag?post=4759"}],"curies":[{"name":"wp","href":"https:\/\/api.w.org\/{rel}","templated":true}]}}