{"id":4747,"date":"2019-02-21T15:20:27","date_gmt":"2019-02-21T08:20:27","guid":{"rendered":"https:\/\/mebipha.com\/?post_type=product&#038;p=4747"},"modified":"2024-10-05T09:00:03","modified_gmt":"2024-10-05T02:00:03","slug":"shrimp-pak-6-way","status":"publish","type":"product","link":"https:\/\/mebipha.com\/online\/shrimp-pak-6-way\/","title":{"rendered":"SHRIMP PAK 6 WAY"},"content":{"rendered":"","protected":false},"excerpt":{"rendered":"<p><strong>H\u1ea0N CH\u1ebe B\u1ec6NH DO VIRUS, VI KHU\u1ea8N, GI\u1ea2M STRESS, GI\u00daP T\u00d4M PH\u1ee4C H\u1ed2I NHANH<\/strong><\/p>\n<p><strong>TH\u00c0NH PH\u1ea6N<\/strong><\/p>\n<p>\u03b2-Glucan* (min)&#8230;&#8230;&#8230;&#8230;&#8230;&#8230;&#8230;&#8230;&#8230;&#8230;&#8230;. 35.000mg<\/p>\n<p><em>Bacillus subtilis<\/em> (min)&#8230;&#8230;&#8230;&#8230;&#8230;&#8230;&#8230;&#8230;.. 1 x 10<sup>9 <\/sup>CFU<\/p>\n<p>Protease (min)&#8230;&#8230;&#8230;&#8230;&#8230;&#8230;&#8230;&#8230;&#8230;&#8230;&#8230;&#8230;. 100.000 UI<\/p>\n<p>Vitamin A (min)&#8230;&#8230;&#8230;&#8230;&#8230;&#8230;&#8230;&#8230;&#8230;&#8230;&#8230;.. 4.500.000 UI<\/p>\n<p>Vitamin D<sub>3<\/sub> (min)&#8230;&#8230;&#8230;&#8230;&#8230;&#8230;&#8230;&#8230;&#8230;&#8230;.. 3.300.000 UI<\/p>\n<p>Vitamin E (min)&#8230;&#8230;&#8230;&#8230;&#8230;&#8230;&#8230;&#8230;&#8230;&#8230;&#8230;&#8230;. 5.000 mg<\/p>\n<p>Vitamin K<sub>3<\/sub> (min)&#8230;&#8230;&#8230;&#8230;&#8230;&#8230;&#8230;&#8230;&#8230;&#8230;&#8230;&#8230;.1.000mg<\/p>\n<p>Vitamin C* (min)&#8230;&#8230;&#8230;&#8230;&#8230;&#8230;&#8230;&#8230;&#8230;&#8230;&#8230;&#8230;25.000mg<\/p>\n<p>Vitamin B<sub>3<\/sub> (min)&#8230;&#8230;&#8230;&#8230;&#8230;&#8230;&#8230;&#8230;&#8230;&#8230;&#8230;.. 6.000mg<\/p>\n<p>Vitamin B<sub>12<\/sub>*(min)&#8230;&#8230;&#8230;&#8230;&#8230;&#8230;&#8230;&#8230;&#8230;&#8230;&#8230;. 30mg<\/p>\n<p>Inositol (min)&#8230;&#8230;&#8230;&#8230;&#8230;&#8230;&#8230;&#8230;&#8230;&#8230;&#8230;&#8230;. 20.000mg<\/p>\n<p>Sorbitol (min)&#8230;&#8230;&#8230;&#8230;&#8230;&#8230;&#8230;&#8230;&#8230;&#8230;&#8230;&#8230;.. 60.000mg<\/p>\n<p>Lysine (min)&#8230;&#8230;&#8230;&#8230;&#8230;&#8230;&#8230;&#8230;&#8230;&#8230;&#8230;&#8230;&#8230;. 17.000mg<\/p>\n<p>Methonine* (min)&#8230;&#8230;&#8230;&#8230;&#8230;&#8230;&#8230;&#8230;&#8230;&#8230;&#8230;.. 30.000mg<\/p>\n<p>Calcium gluconate (min \u2013 max)&#8230;&#8230;&#8230;. 80.000 \u2013 95.000mg<\/p>\n<p>Selenium (min \u2013 max)&#8230;&#8230;&#8230;&#8230;&#8230;&#8230;. 150 \u2013 250mg<\/p>\n<p>Kh\u00e1ng sinh, ch\u1ea5t c\u1ea5m&#8230;&#8230;&#8230;&#8230;&#8230;&#8230;&#8230; kh\u00f4ng c\u00f3<\/p>\n<p>Ethoxyquin&#8230;&#8230;&#8230;&#8230;&#8230;&#8230;&#8230;&#8230;&#8230;&#8230;&#8230;&#8230;&#8230;.. kh\u00f4ng c\u00f3<\/p>\n<p>Ch\u1ea5t mang (Glucose) v\u1eeba \u0111\u1ee7&#8230;&#8230;&#8230;&#8230;.. 1.000g<\/p>\n<p><strong>NGUY\u00caN LI\u1ec6U<\/strong><\/p>\n<p>N\u1ea5m men,\u00a0 <em>Bacillus subtilis<\/em>,\u00a0 Retinyl acetate, Cholecalciferol, DL-alpha-tocopheryl acetate, Menadion sodium bisulfite, Ascorbic acid, Niacin, Cyanocobalamin, Inositol, Sorbitol, L-Lysine HCl, DL-Methonine, Calcium gluconate, Sodium Selenite, Dextrose monohydrate.<\/p>\n<p><strong>C\u00d4NG D\u1ee4NG<\/strong><\/p>\n<p>Gia t\u0103ng mi\u1ec5n d\u1ecbch, t\u0103ng t\u1ef7 l\u1ec7 s\u1ed1ng, gi\u1ea3m t\u1ed1i \u0111a hao h\u1ee5t \u0111\u1ea7u con.<\/p>\n<p>Ch\u1ed1ng stress, ch\u1ed1ng s\u1ed1c do m\u00f4i tr\u01b0\u1eddng thay \u0111\u1ed5i, h\u1ea1n ch\u1ebf t\u1ed1i \u0111a c\u00e1c b\u1ec7nh do virus.<\/p>\n<p>B\u1ed3i b\u1ed5 gan, t\u0103ng kh\u1ea3 n\u0103ng ti\u00eau h\u00f3a, gi\u00fap t\u00f4m r\u1ea5t kh\u1ecfe \u2013 l\u1edbn nhanh.<\/p>\n<p>Gi\u1ea3i \u0111\u1ed9c gan v\u00e0 h\u1ea1n ch\u1ebf c\u00e1c b\u1ec7nh v\u1ec1 gan.<\/p>\n<p><strong>H\u01af\u1edaNG D\u1eaaN S\u1eec D\u1ee4NG V\u00c0 LI\u1ec0U D\u00d9NG<\/strong><\/p>\n<p>H\u00f2a tan v\u00e0o n\u01b0\u1edbc r\u1ed3i tr\u1ed9n \u0111\u1ec1u v\u1edbi th\u1ee9c \u0103n, \u00e1o l\u1ea1i b\u1eb1ng d\u1ea7u th\u1ef1c v\u1eadt ho\u1eb7c ch\u1ea5t k\u00edch m\u00f9i, \u0111\u1ec3 r\u00e1o 15 ph\u00fat sau \u0111\u00f3 m\u1edbi cho t\u00f4m \u0103n.<\/p>\n<p>Li\u1ec1u l\u01b0\u1ee3ng:<\/p>\n<p>T\u00f4m 1 \u2013 2 th\u00e1ng tu\u1ed5i: 2,5g\/1kg th\u1ee9c \u0103n, d\u00f9ng li\u00ean t\u1ee5c.<\/p>\n<p>T\u00f4m 3 th\u00e1ng tu\u1ed5i tr\u1edf l\u00ean: 1,5 \u2013 2g\/1kg th\u1ee9c \u0103n, d\u00f9ng li\u00ean t\u1ee5c 5 \u2013 7 ng\u00e0y. M\u1ed7i th\u00e1ng d\u00f9ng 1 \u2013 2 \u0111\u1ee3t.<\/p>\n<p>Khi v\u00f9ng nu\u00f4i c\u00f3 b\u1ec7nh: 3 \u2013 4g\/1kg th\u1ee9c \u0103n, d\u00f9ng li\u00ean t\u1ee5c 5 \u2013 10 ng\u00e0y.<\/p>\n","protected":false},"featured_media":10685,"comment_status":"closed","ping_status":"closed","template":"","meta":[],"product_brand":[],"product_cat":[71,134],"product_tag":[],"class_list":{"0":"post-4747","1":"product","2":"type-product","3":"status-publish","4":"has-post-thumbnail","6":"product_cat-thuoc-thuy-san","7":"product_cat-thuoc-thuy-san-thuoc-thuy-san","9":"first","10":"instock","11":"shipping-taxable","12":"purchasable","13":"product-type-variable","14":"has-default-attributes"},"_links":{"self":[{"href":"https:\/\/mebipha.com\/online\/wp-json\/wp\/v2\/product\/4747","targetHints":{"allow":["GET"]}}],"collection":[{"href":"https:\/\/mebipha.com\/online\/wp-json\/wp\/v2\/product"}],"about":[{"href":"https:\/\/mebipha.com\/online\/wp-json\/wp\/v2\/types\/product"}],"replies":[{"embeddable":true,"href":"https:\/\/mebipha.com\/online\/wp-json\/wp\/v2\/comments?post=4747"}],"wp:featuredmedia":[{"embeddable":true,"href":"https:\/\/mebipha.com\/online\/wp-json\/wp\/v2\/media\/10685"}],"wp:attachment":[{"href":"https:\/\/mebipha.com\/online\/wp-json\/wp\/v2\/media?parent=4747"}],"wp:term":[{"taxonomy":"product_brand","embeddable":true,"href":"https:\/\/mebipha.com\/online\/wp-json\/wp\/v2\/product_brand?post=4747"},{"taxonomy":"product_cat","embeddable":true,"href":"https:\/\/mebipha.com\/online\/wp-json\/wp\/v2\/product_cat?post=4747"},{"taxonomy":"product_tag","embeddable":true,"href":"https:\/\/mebipha.com\/online\/wp-json\/wp\/v2\/product_tag?post=4747"}],"curies":[{"name":"wp","href":"https:\/\/api.w.org\/{rel}","templated":true}]}}