{"id":4737,"date":"2019-02-21T14:59:26","date_gmt":"2019-02-21T07:59:26","guid":{"rendered":"https:\/\/mebipha.com\/?post_type=product&#038;p=4737"},"modified":"2025-12-29T15:02:53","modified_gmt":"2025-12-29T08:02:53","slug":"para-c-oral","status":"publish","type":"product","link":"https:\/\/mebipha.com\/online\/para-c-oral\/","title":{"rendered":"PARA C ORAL"},"content":{"rendered":"<p><strong>H\u1ea0 S\u1ed0T, GI\u1ea2M \u0110AU, T\u0102NG S\u1ee8C \u0110\u1ec0 KH\u00c1NG,<\/strong><\/p>\n<p><strong>H\u1ed6 TR\u1ee2 \u0110I\u1ec0U TR\u1eca C\u00c1C B\u1ec6NH \u0110\u01af\u1edcNG H\u00d4 H\u1ea4P TR\u00caN GIA C\u1ea6M<\/strong><\/p>\n<p><strong>Dung d\u1ecbch u\u1ed1ng<\/strong><\/p>\n<p><strong>C\u00d4NG TH\u1ee8C<\/strong><\/p>\n<p>Paracetamol: 150g<\/p>\n<p>Vitamin C: 50g<\/p>\n<p>Dung m\u00f4i v\u1eeba \u0111\u1ee7: 1 l\u00edt<\/p>\n<p><strong>\u0110\u1eb6C T\u00cdNH D\u01af\u1ee2C L\u00dd S\u1ea2N PH\u1ea8M<\/strong><\/p>\n<p><strong>Paracetamol <\/strong>l\u00e0 thu\u1ed1c gi\u1ea3m \u0111au &#8211; h\u1ea1 s\u1ed1t<em>\u00a0<\/em>h\u1eefu hi\u1ec7u. Thu\u1ed1c t\u00e1c \u0111\u1ed9ng l\u00ean v\u00f9ng d\u01b0\u1edbi \u0111\u1ed3i g\u00e2y h\u1ea1 nhi\u1ec7t, t\u0103ng t\u1ecfa nhi\u1ec7t do gi\u00e3n m\u1ea1ch v\u00e0 t\u0103ng l\u01b0u l\u01b0\u1ee3ng m\u00e1u ngo\u1ea1i bi\u00ean.<\/p>\n<p><strong>Vitamin C\u00a0<\/strong>gi\u00fap t\u0103ng c\u01b0\u1eddng kh\u1ea3 n\u0103ng h\u1ea5p th\u1ee5 ch\u1ea5t s\u1eaft cho c\u01a1 th\u1ec3. B\u1ea3o v\u1ec7 th\u00e0nh m\u1ea1ch, t\u0103ng mi\u1ec5n d\u1ecbch, gi\u1ea3i \u0111\u1ed9c, t\u0103ng h\u1ea5p thu canxi v\u00e0 \u0111i\u1ec1u h\u00f2a nh\u1ecbp tim. S\u1eed d\u1ee5ng vitamin C gi\u00fap ng\u0103n ng\u1eeba nhi\u1ec5m tr\u00f9ng \u0111\u01b0\u1eddng h\u00f4 h\u1ea5p v\u00e0 ch\u1ed1ng vi\u00eam r\u1ea5t hi\u1ec7u qu\u1ea3.<\/p>\n<p><strong>C\u00d4NG D\u1ee4NG S\u1ea2N PH\u1ea8M<\/strong><\/p>\n<p>H\u1ed7 tr\u1ee3 \u0111i\u1ec1u tr\u1ecb c\u00e1c b\u1ec7nh \u0111\u01b0\u1eddng h\u00f4 h\u1ea5p, t\u0103ng s\u1ee9c \u0111\u1ec1 kh\u00e1ng, gi\u00fap h\u1ea1 s\u1ed1t cho gia c\u1ea7m trong c\u00e1c tr\u01b0\u1eddng h\u1ee3p: s\u1ed1t, c\u1ea3m l\u1ea1nh, c\u1ea3m c\u00fam, nhi\u1ec5m khu\u1ea9n \u0111\u01b0\u1eddng h\u00f4 h\u1ea5p, ti\u00eau h\u00f3a, sinh d\u1ee5c v\u00e0 c\u00e1c tr\u01b0\u1eddng h\u1ee3p s\u1ed1t do vi\u00eam nhi\u1ec5m kh\u00e1c.<\/p>\n<p><strong>CH\u1ed0NG CH\u1ec8 \u0110\u1ecaNH<\/strong><\/p>\n<p>Kh\u00f4ng d\u00f9ng cho v\u1eadt nu\u00f4i m\u1eabn c\u1ea3m v\u1edbi c\u00e1c th\u00e0nh ph\u1ea7n c\u1ee7a thu\u1ed1c.<\/p>\n<p>Kh\u00f4ng d\u00f9ng cho m\u00e8o.<\/p>\n<p><strong>S\u1eec D\u1ee4NG<\/strong><\/p>\n<p>Pha v\u00e0o n\u01b0\u1edbc u\u1ed1ng<\/p>\n<p>Gia c\u1ea7m:<\/p>\n<p>1ml\/ 10kg th\u1ec3 tr\u1ecdng ho\u1eb7c 1ml\/ l\u00edt n\u01b0\u1edbc u\u1ed1ng.<\/p>\n<p>H\u1ed7 tr\u1ee3 \u0111i\u1ec1u tr\u1ecb b\u1ec7nh h\u00f4 h\u1ea5p: d\u00f9ng li\u00ean t\u1ee5c 2 &#8211; 3 ng\u00e0y.<\/p>\n<p><strong>Th\u1eddi gian ng\u01b0ng s\u1eed d\u1ee5ng thu\u1ed1c: <\/strong>2 ng\u00e0y tr\u01b0\u1edbc khi gi\u1ebft th\u1ecbt.<\/p>\n<p><strong>B\u1ea2O QU\u1ea2N: <\/strong>N\u01a1i kh\u00f4 r\u00e1o, tho\u00e1ng m\u00e1t, nhi\u1ec7t \u0111\u1ed9 d\u01b0\u1edbi 30<sup>0<\/sup>C. Tr\u00e1nh \u00e1nh n\u1eafng tr\u1ef1c ti\u1ebfp, tr\u00e1nh xa t\u1ea7m tay tr\u1ebb em.<\/p>\n<p><strong>H\u1ea0N S\u1eec D\u1ee4NG S\u1ea2N PH\u1ea8M<\/strong><\/p>\n<p>24 th\u00e1ng k\u1ec3 t\u1eeb ng\u00e0y s\u1ea3n xu\u1ea5t.<\/p>\n<p><strong>\u0110\u00d3NG G\u00d3I<\/strong><\/p>\n<p>500ml, 1 l\u00edt<\/p>\n<p><strong>S\u1ed1 \u0111\u0103ng k\u00fd: MBP-120<\/strong><\/p>\n","protected":false},"excerpt":{"rendered":"<p><strong>H\u1ea0 S\u1ed0T, GI\u1ea2M \u0110AU, T\u0102NG S\u1ee8C \u0110\u1ec0 KH\u00c1NG,<\/strong><\/p>\n<p><strong>H\u1ed6 TR\u1ee2 \u0110I\u1ec0U TR\u1eca C\u00c1C B\u1ec6NH \u0110\u01af\u1edcNG H\u00d4 H\u1ea4P TR\u00caN GIA C\u1ea6M<\/strong><\/p>\n<p><strong>Dung d\u1ecbch u\u1ed1ng<\/strong><\/p>\n<p><strong>C\u00d4NG TH\u1ee8C<\/strong><\/p>\n<p>Paracetamol: 150g<\/p>\n<p>Vitamin C: 50g<\/p>\n<p>Dung m\u00f4i v\u1eeba \u0111\u1ee7: 1 l\u00edt<\/p>\n<p><strong>C\u00d4NG D\u1ee4NG S\u1ea2N PH\u1ea8M<\/strong><\/p>\n<p>H\u1ed7 tr\u1ee3 \u0111i\u1ec1u tr\u1ecb c\u00e1c b\u1ec7nh \u0111\u01b0\u1eddng h\u00f4 h\u1ea5p, t\u0103ng s\u1ee9c \u0111\u1ec1 kh\u00e1ng, gi\u00fap h\u1ea1 s\u1ed1t cho gia c\u1ea7m trong c\u00e1c tr\u01b0\u1eddng h\u1ee3p: s\u1ed1t, c\u1ea3m l\u1ea1nh, c\u1ea3m c\u00fam, nhi\u1ec5m khu\u1ea9n \u0111\u01b0\u1eddng h\u00f4 h\u1ea5p, ti\u00eau h\u00f3a, sinh d\u1ee5c v\u00e0 c\u00e1c tr\u01b0\u1eddng h\u1ee3p s\u1ed1t do vi\u00eam nhi\u1ec5m kh\u00e1c.<\/p>\n<p><strong>CH\u1ed0NG CH\u1ec8 \u0110\u1ecaNH<\/strong><\/p>\n<p>Kh\u00f4ng d\u00f9ng cho v\u1eadt nu\u00f4i m\u1eabn c\u1ea3m v\u1edbi c\u00e1c th\u00e0nh ph\u1ea7n c\u1ee7a thu\u1ed1c.<\/p>\n<p>Kh\u00f4ng d\u00f9ng cho m\u00e8o.<\/p>\n<p><strong>S\u1eec D\u1ee4NG<\/strong><\/p>\n<p>Pha v\u00e0o n\u01b0\u1edbc u\u1ed1ng<\/p>\n<p>Gia c\u1ea7m:<\/p>\n<p>1ml\/ 10kg th\u1ec3 tr\u1ecdng ho\u1eb7c 1ml\/ l\u00edt n\u01b0\u1edbc u\u1ed1ng.<\/p>\n<p>H\u1ed7 tr\u1ee3 \u0111i\u1ec1u tr\u1ecb b\u1ec7nh h\u00f4 h\u1ea5p: d\u00f9ng li\u00ean t\u1ee5c 2 &#8211; 3 ng\u00e0y.<\/p>\n<p><strong>Th\u1eddi gian ng\u01b0ng s\u1eed d\u1ee5ng thu\u1ed1c: <\/strong>2 ng\u00e0y tr\u01b0\u1edbc khi gi\u1ebft th\u1ecbt.<\/p>\n","protected":false},"featured_media":10590,"comment_status":"closed","ping_status":"closed","template":"","meta":[],"product_brand":[],"product_cat":[62,142],"product_tag":[],"class_list":{"0":"post-4737","1":"product","2":"type-product","3":"status-publish","4":"has-post-thumbnail","6":"product_cat-thuoc-thu-y","7":"product_cat-danh-muc-san-pham-gia-cam","9":"first","10":"instock","11":"shipping-taxable","12":"purchasable","13":"product-type-variable","14":"has-default-attributes"},"_links":{"self":[{"href":"https:\/\/mebipha.com\/online\/wp-json\/wp\/v2\/product\/4737","targetHints":{"allow":["GET"]}}],"collection":[{"href":"https:\/\/mebipha.com\/online\/wp-json\/wp\/v2\/product"}],"about":[{"href":"https:\/\/mebipha.com\/online\/wp-json\/wp\/v2\/types\/product"}],"replies":[{"embeddable":true,"href":"https:\/\/mebipha.com\/online\/wp-json\/wp\/v2\/comments?post=4737"}],"wp:featuredmedia":[{"embeddable":true,"href":"https:\/\/mebipha.com\/online\/wp-json\/wp\/v2\/media\/10590"}],"wp:attachment":[{"href":"https:\/\/mebipha.com\/online\/wp-json\/wp\/v2\/media?parent=4737"}],"wp:term":[{"taxonomy":"product_brand","embeddable":true,"href":"https:\/\/mebipha.com\/online\/wp-json\/wp\/v2\/product_brand?post=4737"},{"taxonomy":"product_cat","embeddable":true,"href":"https:\/\/mebipha.com\/online\/wp-json\/wp\/v2\/product_cat?post=4737"},{"taxonomy":"product_tag","embeddable":true,"href":"https:\/\/mebipha.com\/online\/wp-json\/wp\/v2\/product_tag?post=4737"}],"curies":[{"name":"wp","href":"https:\/\/api.w.org\/{rel}","templated":true}]}}