{"id":4729,"date":"2019-02-21T14:44:04","date_gmt":"2019-02-21T07:44:04","guid":{"rendered":"https:\/\/mebipha.com\/?post_type=product&#038;p=4729"},"modified":"2025-12-29T15:00:53","modified_gmt":"2025-12-29T08:00:53","slug":"oxytocin-inj","status":"publish","type":"product","link":"https:\/\/mebipha.com\/online\/oxytocin-inj\/","title":{"rendered":"OXYTOCIN INJ"},"content":{"rendered":"<p><strong>K\u00cdCH TH\u00cdCH CO B\u00d3P T\u1eec CUNG<\/strong><\/p>\n<p><strong>Dung d\u1ecbch ti\u00eam<\/strong><\/p>\n<p><strong>C\u00f4ng th\u1ee9c<\/strong><\/p>\n<p>Oxytocin: 1.000 UI<\/p>\n<p>Dung m\u00f4i v\u1eeba \u0111\u1ee7: 100ml<\/p>\n<p><strong>\u0110\u1eb6C T\u00cdNH D\u01af\u1ee2C L\u00dd S\u1ea2N PH\u1ea8M<\/strong><\/p>\n<p>Oxytocin l\u00e0 hoocmon c\u1ee7a th\u00f9y sau tuy\u1ebfn y\u00ean, \u1ea3nh h\u01b0\u1edfng \u0111\u1ebfn d\u1eabn ion xuy\u00ean m\u00e0ng tr\u00ean b\u1ec1 m\u1eb7t t\u1ebf b\u00e0o c\u01a1 tr\u01a1n t\u1eed cung n\u00ean oxytocin \u0111\u01b0\u1ee3c d\u00f9ng trong h\u1ed7 tr\u1ee3 sinh \u0111\u1ebb v\u00e0 \u0111i\u1ec1u tr\u1ecb m\u1ee7 t\u1eed cung.<\/p>\n<p>Oxytocin c\u00f2n g\u00e2y co t\u1ebf b\u00e0o bi\u1ec3u m\u00f4 c\u01a1 \u1edf tuy\u1ebfn v\u00fa n\u00ean k\u00edch th\u00edch ti\u1ebft s\u1eefa.<\/p>\n<p><strong>C\u00d4NG D\u1ee4NG S\u1ea2N PH\u1ea8M<\/strong><\/p>\n<p>K\u00edch th\u00edch co b\u00f3p t\u1eed cung, s\u1eed d\u1ee5ng trong tr\u01b0\u1eddng h\u1ee3p \u0111\u1ebb kh\u00f3 (chuy\u1ec3n d\u1ea1 y\u1ebfu), \u0111i\u1ec1u tr\u1ecb s\u00f3t nhau, vi\u00eam t\u1eed cung, vi\u00eam v\u00fa tr\u00ean heo v\u00e0 gia s\u00fac kh\u00e1c<\/p>\n<p>K\u00edch th\u00edch s\u1ef1 co b\u00f3p \u1edf tuy\u1ebfn v\u00fa, t\u0103ng ti\u1ebft s\u1eefa sau khi sanh.<\/p>\n<p><strong>CH\u1ed0NG CH\u1ec8 \u0110\u1ecaNH<\/strong><\/p>\n<p>Kh\u00f4ng s\u1eed d\u1ee5ng trong tr\u01b0\u1eddng h\u1ee3p thai kh\u00f3 ph\u00e1t tri\u1ec3n v\u00e0 c\u1ed5 t\u1eed cung kh\u00f4ng gi\u00e3n n\u1edf.<\/p>\n<p><strong>s\u1eed d\u1ee5ng<\/strong><\/p>\n<p>B\u1ec7nh s\u1ea3n khoa<\/p>\n<p>Heo n\u00e1i, c\u1eebu c\u00e1i: 30 &#8211; 50UI (3 &#8211; 5ml)<\/p>\n<p>B\u00f2 c\u00e1i, ng\u1ef1a c\u00e1i: 75 &#8211; 100UI (7,5 &#8211; 10ml).<\/p>\n<p>K\u00edch th\u00edch ti\u1ebft s\u1eefa:<\/p>\n<p>Heo n\u00e1i, c\u1eebu c\u00e1i: 10 &#8211; 20UI (1 &#8211; 2ml).<\/p>\n<p>B\u00f2 c\u00e1i, ng\u1ef1a c\u00e1i: 15 &#8211; 25UI (1,5 &#8211; 2,5ml).<\/p>\n<p>\u0110\u01b0\u1eddng c\u1ea5p thu\u1ed1c: Ti\u00eam b\u1eafp, ti\u00eam d\u01b0\u1edbi da ho\u1eb7c ti\u00eam ch\u1eadm v\u00e0o t\u0129nh m\u1ea1ch, 3-4 gi\u1edd ti\u00eam 1 li\u1ec1u.<\/p>\n<p><strong>Th\u1eddi gian ng\u01b0ng s\u1eed d\u1ee5ng thu\u1ed1c<\/strong><\/p>\n<p>Kh\u00f4ng c\u1ea7n th\u1eddi gian ng\u01b0ng thu\u1ed1c.<\/p>\n<p><strong>B\u1ea2O QU\u1ea2N: <\/strong>N\u01a1i kh\u00f4 r\u00e1o, tho\u00e1ng m\u00e1t, nhi\u1ec7t \u0111\u1ed9 d\u01b0\u1edbi 30<sup>0<\/sup>C. Tr\u00e1nh \u00e1nh n\u1eafng tr\u1ef1c ti\u1ebfp, tr\u00e1nh xa t\u1ea7m tay tr\u1ebb em.<\/p>\n<p><strong>H\u1ea0N S\u1eec D\u1ee4NG S\u1ea2N PH\u1ea8M<\/strong><\/p>\n<p>24 th\u00e1ng k\u1ec3 t\u1eeb ng\u00e0y s\u1ea3n xu\u1ea5t.<\/p>\n<p><strong>\u0110\u00d3NG G\u00d3I<\/strong><\/p>\n<p>50ml<\/p>\n<p><strong>S\u1ed1 \u0111\u0103ng k\u00fd: MBP-118<\/strong><\/p>\n","protected":false},"excerpt":{"rendered":"<p>Th\u00e0nh ph\u1ea7n:\u00a0Oxytocin, Dung m\u00f4i v\u1eeba \u0111\u1ee7.<\/p>\n<p>S\u1eed d\u1ee5ng:<\/p>\n<p>Heo n\u00e1i, c\u1eebu c\u00e1i:<br \/>\nB\u1ec7nh s\u1ea3n khoa: 30-50 UI(3-5ml)<br \/>\nK\u00edch th\u00edch ti\u1ebft s\u1eefa: 10-20 UI(1-2ml)<br \/>\nB\u00f2 c\u00e1i, ng\u1ef1a c\u00e1i:<br \/>\nB\u1ec7nh s\u1ea3n khoa: 75-100 UI(7,5-10ml)<br \/>\nK\u00edch th\u00edch ti\u1ebft s\u1eefa: 15-25 UI (1,5-2,5ml)<br \/>\n\u0110\u01b0\u1eddng c\u1ea5p thu\u1ed1c :ti\u00eam b\u1eafp d\u01b0\u1edbi da ho\u1eb7c ti\u00eam ch\u1eadm v\u00e0o t\u0129nh m\u1ea1ch<\/p>\n","protected":false},"featured_media":10589,"comment_status":"closed","ping_status":"closed","template":"","meta":[],"product_brand":[],"product_cat":[62],"product_tag":[],"class_list":{"0":"post-4729","1":"product","2":"type-product","3":"status-publish","4":"has-post-thumbnail","6":"product_cat-thuoc-thu-y","8":"first","9":"instock","10":"shipping-taxable","11":"purchasable","12":"product-type-variable","13":"has-default-attributes"},"_links":{"self":[{"href":"https:\/\/mebipha.com\/online\/wp-json\/wp\/v2\/product\/4729","targetHints":{"allow":["GET"]}}],"collection":[{"href":"https:\/\/mebipha.com\/online\/wp-json\/wp\/v2\/product"}],"about":[{"href":"https:\/\/mebipha.com\/online\/wp-json\/wp\/v2\/types\/product"}],"replies":[{"embeddable":true,"href":"https:\/\/mebipha.com\/online\/wp-json\/wp\/v2\/comments?post=4729"}],"wp:featuredmedia":[{"embeddable":true,"href":"https:\/\/mebipha.com\/online\/wp-json\/wp\/v2\/media\/10589"}],"wp:attachment":[{"href":"https:\/\/mebipha.com\/online\/wp-json\/wp\/v2\/media?parent=4729"}],"wp:term":[{"taxonomy":"product_brand","embeddable":true,"href":"https:\/\/mebipha.com\/online\/wp-json\/wp\/v2\/product_brand?post=4729"},{"taxonomy":"product_cat","embeddable":true,"href":"https:\/\/mebipha.com\/online\/wp-json\/wp\/v2\/product_cat?post=4729"},{"taxonomy":"product_tag","embeddable":true,"href":"https:\/\/mebipha.com\/online\/wp-json\/wp\/v2\/product_tag?post=4729"}],"curies":[{"name":"wp","href":"https:\/\/api.w.org\/{rel}","templated":true}]}}