{"id":4726,"date":"2019-02-21T14:35:14","date_gmt":"2019-02-21T07:35:14","guid":{"rendered":"https:\/\/mebipha.com\/?post_type=product&#038;p=4726"},"modified":"2025-12-26T10:48:14","modified_gmt":"2025-12-26T03:48:14","slug":"oxytetra-200-la","status":"publish","type":"product","link":"https:\/\/mebipha.com\/online\/oxytetra-200-la\/","title":{"rendered":"Oxytetra 200 LA"},"content":{"rendered":"<p><strong>\u0110\u1eb6C TR\u1eca NHI\u1ec4M TR\u00d9NG H\u00d4 H\u1ea4P, TI\u00caU H\u00d3A TR\u00caN GIA S\u00daC<\/strong><\/p>\n<p><strong>Dung d\u1ecbch kh\u00e1ng sinh ti\u00eam<\/strong><\/p>\n<p><strong>C\u00f4ng th\u1ee9c<\/strong><\/p>\n<p>Oxytetracycline HCl: 20g<\/p>\n<p>Dung m\u00f4i v\u1eeba \u0111\u1ee7: 100 ml<\/p>\n<p><strong>\u0110\u1eb6C T\u00cdNH D\u01af\u1ee2C L\u00dd S\u1ea2N PH\u1ea8M<\/strong><\/p>\n<p>Oxytetracycline l\u00e0 m\u1ed9t kh\u00e1ng sinh k\u00ecm khu\u1ea9n nh\u00f3m Tetracycline, \u1ee9c ch\u1ebf s\u1ef1 t\u1ed5ng h\u1ee3p protein c\u1ee7a t\u1ebf b\u00e0o vi khu\u1ea9n. Thu\u1ed1c c\u00f3 ph\u1ed5 kh\u00e1ng khu\u1ea9n r\u1ed9ng, t\u00e1c d\u1ee5ng v\u1edbi h\u1ea7u h\u1ebft c\u00e1c vi khu\u1ea9n <em>Mycoplasma;<\/em> c\u00e1c lo\u00e0i vi khu\u1ea9n G(+): <em>Actinomyces<\/em> spp., <em>Bacillus anthracis, Clostridium perfringens<\/em> v\u00e0 <em>tetani<\/em>, <em>Listeria monocytogenes<\/em> v\u00e0 <em>Nocardia<\/em>; v\u00e0 G(-) <em>Bordetella<\/em> spp., <em>Brucella, Bartonella, Haemophilus<\/em> spp., <em>Pasturella multocida, Shigella<\/em> v\u00e0 <em>Yersinia pestis<\/em>.<\/p>\n<p>V\u1edbi c\u00f4ng th\u1ee9c pha ch\u1ebf \u0111\u1eb7c bi\u1ec7t, m\u1ed9t m\u0169i ti\u00eam b\u1eafp c\u1ee7a s\u1ea3n ph\u1ea9m OXYTETRA 200 LA cung c\u1ea5p l\u01b0\u1ee3ng kh\u00e1ng sinh duy tr\u00ec trong m\u00e1u\u00a0\u0111\u1ebfn 48h, gi\u00fap hi\u1ec7u qu\u1ea3 \u0111i\u1ec1u tr\u1ecb k\u00e9o d\u00e0i, l\u00e0m gi\u1ea3m c\u00f4ng ti\u00eam v\u00e0 gi\u1ea3m stress cho v\u1eadt nu\u00f4i.<\/p>\n<p><strong>C\u00d4NG D\u1ee4NG S\u1ea2N PH\u1ea8M <\/strong><\/p>\n<p><strong>Tr\u00ean heo, tr\u00e2u, b\u00f2, d\u00ea, c\u1eebu:<\/strong><\/p>\n<p>\u0110\u1eb7c tr\u1ecb ho, vi\u00eam ph\u1ed5i, t\u1ee5 huy\u1ebft tr\u00f9ng, ph\u00f3 th\u01b0\u01a1ng h\u00e0n, t\u1ee5 huy\u1ebft tr\u00f9ng, vi\u00eam ru\u1ed9t ti\u00eau ch\u1ea3y, vi\u00eam ru\u1ed9t ho\u1ea1i t\u1eed, h\u1ed9i ch\u1ee9ng MMA tr\u00ean heo n\u00e1i (vi\u00eam v\u00fa \u2013 vi\u00eam t\u1eed cung \u2013 m\u1ea5t s\u1eefa).<\/p>\n<p><strong>CH\u1ed0NG CH\u1ec8 \u0110\u1ecaNH<\/strong><\/p>\n<p>Th\u00fa m\u1eabn c\u1ea3m v\u1edbi th\u00e0nh ph\u1ea7n c\u1ee7a thu\u1ed1c.<\/p>\n<p><strong>s\u1eed d\u1ee5ng<\/strong><\/p>\n<p>Ti\u00eam s\u00e2u v\u00e0o b\u1eafp th\u1ecbt<\/p>\n<p>Heo con: 1ml\/10kg th\u1ec3 tr\u1ecdng\/48 gi\u1edd<\/p>\n<p>Heo tr\u00ean 50 kg, b\u00ea, c\u1eebu, d\u00ea: 1ml\/15kg th\u1ec3 tr\u1ecdng\/48 gi\u1edd<\/p>\n<p>Tr\u00e2u, b\u00f2: 1ml\/25kg th\u1ec3 tr\u1ecdng\/48 gi\u1edd.<\/p>\n<p><strong>Th\u1eddi gian ng\u01b0ng s\u1eed d\u1ee5ng thu\u1ed1c<\/strong><\/p>\n<p>Th\u00fa l\u1ea5y th\u1ecbt: 14 ng\u00e0y tr\u01b0\u1edbc khi gi\u1ebft m\u1ed5.<\/p>\n<p>Th\u00fa l\u1ea5y s\u1eefa: 6 l\u1ea7n v\u1eaft s\u1eefa.<\/p>\n<p><strong>B\u1ea2O QU\u1ea2N<\/strong><\/p>\n<p>N\u01a1i kh\u00f4 r\u00e1o, tho\u00e1ng m\u00e1t, nhi\u1ec7t \u0111\u1ed9 d\u01b0\u1edbi 30<sup>0<\/sup>C, tr\u00e1nh \u00e1nh n\u1eafng tr\u1ef1c ti\u1ebfp. Tr\u00e1nh xa t\u1ea7m tay tr\u1ebb em.<\/p>\n<p><strong>H\u1ea0N D\u00d9NG <\/strong><\/p>\n<p>24 th\u00e1ng k\u1ec3 t\u1eeb ng\u00e0y s\u1ea3n xu\u1ea5t.<\/p>\n<p><strong>\u0110\u00d3NG G\u00d3I<\/strong><\/p>\n<p>20ml, 100ml, 250ml<\/p>\n","protected":false},"excerpt":{"rendered":"<p>Th\u00e0nh ph\u1ea7n<br \/>\nOxytetracycline: 20g<br \/>\nDung m\u00f4i v\u1eeba \u0111\u1ee7 : 100ml<\/p>\n<p>S\u1eed d\u1ee5ng:<br \/>\nHeo con: 1ml\/10kg th\u1ec3 tr\u1ecdng.<br \/>\nHeo tr\u00ean 50kg, b\u00ea, c\u1eebu, d\u00ea: 1ml\/ 15kg th\u1ec3 tr\u1ecdng.<br \/>\nTr\u00e2u, b\u00f2: 1ml\/25kg th\u1ec3 tr\u1ecdng.<br \/>\n1 m\u0169i ti\u00eam duy nh\u1ea5t cho 48 gi\u1edd<\/p>\n","protected":false},"featured_media":10588,"comment_status":"closed","ping_status":"closed","template":"","meta":[],"product_brand":[],"product_cat":[62],"product_tag":[],"class_list":{"0":"post-4726","1":"product","2":"type-product","3":"status-publish","4":"has-post-thumbnail","6":"product_cat-thuoc-thu-y","8":"first","9":"instock","10":"shipping-taxable","11":"purchasable","12":"product-type-variable","13":"has-default-attributes"},"_links":{"self":[{"href":"https:\/\/mebipha.com\/online\/wp-json\/wp\/v2\/product\/4726","targetHints":{"allow":["GET"]}}],"collection":[{"href":"https:\/\/mebipha.com\/online\/wp-json\/wp\/v2\/product"}],"about":[{"href":"https:\/\/mebipha.com\/online\/wp-json\/wp\/v2\/types\/product"}],"replies":[{"embeddable":true,"href":"https:\/\/mebipha.com\/online\/wp-json\/wp\/v2\/comments?post=4726"}],"wp:featuredmedia":[{"embeddable":true,"href":"https:\/\/mebipha.com\/online\/wp-json\/wp\/v2\/media\/10588"}],"wp:attachment":[{"href":"https:\/\/mebipha.com\/online\/wp-json\/wp\/v2\/media?parent=4726"}],"wp:term":[{"taxonomy":"product_brand","embeddable":true,"href":"https:\/\/mebipha.com\/online\/wp-json\/wp\/v2\/product_brand?post=4726"},{"taxonomy":"product_cat","embeddable":true,"href":"https:\/\/mebipha.com\/online\/wp-json\/wp\/v2\/product_cat?post=4726"},{"taxonomy":"product_tag","embeddable":true,"href":"https:\/\/mebipha.com\/online\/wp-json\/wp\/v2\/product_tag?post=4726"}],"curies":[{"name":"wp","href":"https:\/\/api.w.org\/{rel}","templated":true}]}}