{"id":4713,"date":"2019-02-21T13:58:13","date_gmt":"2019-02-21T06:58:13","guid":{"rendered":"https:\/\/mebipha.com\/?post_type=product&#038;p=4713"},"modified":"2025-12-29T14:04:16","modified_gmt":"2025-12-29T07:04:16","slug":"norflox-inj","status":"publish","type":"product","link":"https:\/\/mebipha.com\/online\/norflox-inj\/","title":{"rendered":"NORFLOX INJ"},"content":{"rendered":"<p><strong>\u0110\u1eb6C TR\u1eca VI\u00caM PH\u1ed4I, T\u1ee4 HUY\u1ebeT TR\u00d9NG, TI\u00caU CH\u1ea2Y TR\u00caN GIA S\u00daC, GIA C\u1ea6M<\/strong><\/p>\n<p><strong>Dung d\u1ecbch kh\u00e1ng sinh ti\u00eam<\/strong><\/p>\n<p><strong>C\u00d4NG TH\u1ee8C\u00a0\u00a0\u00a0\u00a0\u00a0\u00a0\u00a0\u00a0\u00a0\u00a0\u00a0\u00a0\u00a0\u00a0\u00a0\u00a0\u00a0\u00a0\u00a0\u00a0\u00a0\u00a0\u00a0\u00a0\u00a0\u00a0\u00a0\u00a0\u00a0\u00a0\u00a0\u00a0\u00a0\u00a0\u00a0\u00a0\u00a0\u00a0\u00a0\u00a0\u00a0\u00a0\u00a0\u00a0\u00a0\u00a0\u00a0\u00a0\u00a0\u00a0\u00a0 <\/strong><\/p>\n<p>Norfloxacin: 10g<\/p>\n<p>Dung m\u00f4i v\u1eeba \u0111\u1ee7: 100 ml<\/p>\n<p><strong>\u0110\u1eb6C T\u00cdNH D\u01af\u1ee2C L\u00dd S\u1ea2N PH\u1ea8M<\/strong><\/p>\n<p>Norfloxacin l\u00e0 kh\u00e1ng sinh th\u1ebf h\u1ec7 th\u1ee9 hai c\u1ee7a nh\u00f3m Quinolone, t\u00e1c \u0111\u1ed9ng s\u00e1t khu\u1ea9n do \u1ee9c ch\u1ebf DNA &#8211; gyrase, m\u1ed9t enzym c\u1ea7n thi\u1ebft cho s\u1ef1 sao ch\u00e9p DNA c\u1ee7a vi khu\u1ea9n.<\/p>\n<p>Norfloxacin c\u00f3 t\u00e1c d\u1ee5ng v\u1edbi c\u1ea3 vi khu\u1ea9n hi\u1ebfu kh\u00ed Gram(+) v\u00e0 Gram(-) nh\u01b0 <em>Escherichia coli,<\/em> <em>Staphylococcus, Klebsiella\u00a0<\/em>spp., <em>\u00a0Enterobacter\u00a0<\/em>spp.,\u00a0 <em>Proteus\u00a0<\/em>spp<em>.<\/em>\u00a0indol d\u01b0\u01a1ng,\u00a0<em>Pasteurella<\/em>, <em>Pseudomonas aeruginosa<\/em>, <em>Streptococcus faecalis<\/em>, <em>Salmonella\u00a0<\/em>spp<em>., Shigella\u00a0<\/em>spp<em>., Campylobacter\u00a0<\/em>spp<em>\u2026<\/em><\/p>\n<p><strong>C\u00d4NG D\u1ee4NG S\u1ea2N PH\u1ea8M<\/strong><\/p>\n<p>\u0110i\u1ec1u tr\u1ecb ho, vi\u00eam ph\u1ed5i \u0111\u1ecba ph\u01b0\u01a1ng tr\u00ean heo.<\/p>\n<p>B\u1ec7nh CRD v\u00e0 c\u00e1c bi\u1ebfn ch\u1ee9ng c\u1ee7a b\u1ec7nh CCRD tr\u00ean g\u00e0, v\u1ecbt.<\/p>\n<p>Vi\u00eam ph\u1ed5i, t\u1ee5 huy\u1ebft tr\u00f9ng tr\u00ean tr\u00e2u, b\u00f2, d\u00ea, c\u1eebu.<\/p>\n<p>C\u00e1c b\u1ec7nh \u0111\u01b0\u1eddng ru\u1ed9t: th\u01b0\u01a1ng h\u00e0n, ti\u00eau ch\u1ea3y ph\u00e2n tr\u1eafng, ph\u00e2n xanh, ph\u00e2n v\u00e0ng.<\/p>\n<p><strong>CH\u1ed0NG CH\u1ec8 \u0110\u1ecaNH<\/strong><\/p>\n<p>Th\u00fa qu\u00e1 m\u1eabn v\u1edbi norfloxacin ho\u1eb7c v\u1edbi c\u00e1c ch\u1ea5t kh\u00e1ng khu\u1ea9n c\u00f3 li\u00ean quan v\u1ec1 m\u1eb7t h\u00f3a h\u1ecdc v\u1edbi quinolone.<\/p>\n<p>Th\u00fa mang thai, th\u00fa non.<\/p>\n<p><strong>S\u1eec D\u1ee4NG<\/strong><\/p>\n<p>Heo con: 1ml\/5kg th\u1ec3 tr\u1ecdng.<\/p>\n<p>Heo tr\u00ean 50kg v\u00e0 gia s\u00fac kh\u00e1c: 1ml\/10kg th\u1ec3 tr\u1ecdng.<\/p>\n<p>G\u00e0, v\u1ecbt: 1ml\/4kg th\u1ec3 tr\u1ecdng.<\/p>\n<p>D\u00f9ng li\u00ean t\u1ee5c 3-5 ng\u00e0y.<\/p>\n<p><strong>Th\u1eddi gian ng\u01b0ng s\u1eed d\u1ee5ng thu\u1ed1c<\/strong><\/p>\n<p>Th\u00fa l\u1ea5y th\u1ecbt: 8 ng\u00e0ytr\u01b0\u1edbc khi gi\u1ebft m\u1ed5<\/p>\n<p>Th\u00fa l\u1ea5y s\u1eefa: 8 l\u1ea7n v\u1eaft s\u1eefa<\/p>\n<p><strong>B\u1ea2O QU\u1ea2N<\/strong><\/p>\n<p>N\u01a1i kh\u00f4 r\u00e1o, tho\u00e1ng m\u00e1t, nhi\u1ec7t \u0111\u1ed9 d\u01b0\u1edbi 30<sup>0<\/sup>C, tr\u00e1nh \u00e1nh n\u1eafng tr\u1ef1c ti\u1ebfp. Tr\u00e1nh xa t\u1ea7m tay tr\u1ebb em.<\/p>\n<p><strong>H\u1ea0N D\u00d9NG <\/strong><\/p>\n<p>24 th\u00e1ng k\u1ec3 t\u1eeb ng\u00e0y s\u1ea3n xu\u1ea5t.<\/p>\n<p><strong>\u0110\u00d3NG G\u00d3I<\/strong><\/p>\n<p>20ml, 100ml<\/p>\n<p><strong>S\u1ed1 \u0111\u0103ng k\u00fd: MBP-69<\/strong><\/p>\n","protected":false},"excerpt":{"rendered":"<p>Th\u00e0nh ph\u1ea7n:\u00a0Norfloxacin,\u00a0Dung m\u00f4i v\u1eeba \u0111\u1ee7.<\/p>\n<p>S\u1eed d\u1ee5ng:<\/p>\n<p>Heo con: 1ml\/5kg th\u1ec3 tr\u1ecdng.<br \/>\nHeo tr\u00ean 50kg v\u00e0 gia s\u00fac kh\u00e1c: 1ml\/10kg th\u1ec3 tr\u1ecdng.<br \/>\nG\u00e0, v\u1ecbt: 1ml\/4kg th\u1ec3 tr\u1ecdng.<\/p>\n","protected":false},"featured_media":11070,"comment_status":"closed","ping_status":"closed","template":"","meta":[],"product_brand":[],"product_cat":[62],"product_tag":[],"class_list":{"0":"post-4713","1":"product","2":"type-product","3":"status-publish","4":"has-post-thumbnail","6":"product_cat-thuoc-thu-y","8":"first","9":"instock","10":"shipping-taxable","11":"purchasable","12":"product-type-variable"},"_links":{"self":[{"href":"https:\/\/mebipha.com\/online\/wp-json\/wp\/v2\/product\/4713","targetHints":{"allow":["GET"]}}],"collection":[{"href":"https:\/\/mebipha.com\/online\/wp-json\/wp\/v2\/product"}],"about":[{"href":"https:\/\/mebipha.com\/online\/wp-json\/wp\/v2\/types\/product"}],"replies":[{"embeddable":true,"href":"https:\/\/mebipha.com\/online\/wp-json\/wp\/v2\/comments?post=4713"}],"wp:featuredmedia":[{"embeddable":true,"href":"https:\/\/mebipha.com\/online\/wp-json\/wp\/v2\/media\/11070"}],"wp:attachment":[{"href":"https:\/\/mebipha.com\/online\/wp-json\/wp\/v2\/media?parent=4713"}],"wp:term":[{"taxonomy":"product_brand","embeddable":true,"href":"https:\/\/mebipha.com\/online\/wp-json\/wp\/v2\/product_brand?post=4713"},{"taxonomy":"product_cat","embeddable":true,"href":"https:\/\/mebipha.com\/online\/wp-json\/wp\/v2\/product_cat?post=4713"},{"taxonomy":"product_tag","embeddable":true,"href":"https:\/\/mebipha.com\/online\/wp-json\/wp\/v2\/product_tag?post=4713"}],"curies":[{"name":"wp","href":"https:\/\/api.w.org\/{rel}","templated":true}]}}