{"id":4707,"date":"2019-02-21T13:40:09","date_gmt":"2019-02-21T06:40:09","guid":{"rendered":"https:\/\/mebipha.com\/?post_type=product&#038;p=4707"},"modified":"2025-12-26T10:45:44","modified_gmt":"2025-12-26T03:45:44","slug":"multibiotic-la","status":"publish","type":"product","link":"https:\/\/mebipha.com\/online\/multibiotic-la\/","title":{"rendered":"Multibiotic LA"},"content":{"rendered":"<p><strong>\u0110\u1eb6C TR\u1eca H\u1ed8I CH\u1ee8NG MMA TR\u00caN HEO N\u00c1I, TI\u00caU CH\u1ea2Y TR\u00caN HEO CON<\/strong><\/p>\n<p><strong>H\u1ed7n d\u1ecbch kh\u00e1ng sinh ti\u00eam<\/strong><\/p>\n<p><strong>C\u00f4ng th\u1ee9c<\/strong><\/p>\n<p>Ampicillin trihydrate: 10g<\/p>\n<p>Colistin sulfate: 25.000.000UI<\/p>\n<p>Dung m\u00f4i v\u1eeba \u0111\u1ee7: \u00a0100ml<\/p>\n<p><strong>\u0110\u1eb6C T\u00cdNH D\u01af\u1ee2C L\u00dd S\u1ea2N PH\u1ea8M<\/strong><\/p>\n<p>Ampicillin v\u00e0 Colistin l\u00e0 2 kh\u00e1ng sinh ph\u1ed1i h\u1ee3p hi\u1ec7p l\u1ef1c v\u1edbi nhau\u00a0l\u00e0m b\u1ed9i t\u0103ng t\u00e1c d\u1ee5ng s\u00e1t khu\u1ea9n khi t\u00e1c \u0111\u1ed9ng l\u00ean vi khu\u1ea9n g\u00e2y b\u1ec7nh \u1edf c\u1ea3 giai \u0111o\u1ea1n t\u0103ng tr\u01b0\u1edfng v\u00e0 giai \u0111o\u1ea1n y\u00ean ngh\u1ec9 t\u1eeb \u0111\u00f3 cho hi\u1ec7u qu\u1ea3 \u0111i\u1ec1u tr\u1ecb cao.<\/p>\n<p>Ampicillin l\u00e0 m\u1ed9t kh\u00e1ng sinh di\u1ec7t khu\u1ea9n nh\u00f3m Beta-lactam, ph\u1ed5 kh\u00e1ng khu\u1ea9n r\u1ed9ng, t\u00e1c d\u1ee5ng tr\u00ean c\u1ea3 c\u1ea7u khu\u1ea9n Gram(+) v\u00e0 Gram(-): <em>Streptococcus<\/em>, <em>Pneumococcus<\/em> v\u00e0 <em>Staphylococcus<\/em> kh\u00f4ng sinh penicillinase; m\u1ed9t s\u1ed1 vi khu\u1ea9n Gram(-) \u0111\u01b0\u1eddng ru\u1ed9t nh\u01b0<em> E. coli, Klebsiella, Haemophilus, Proteus<\/em>\u00a0<em>mirabilis, Shigella, Salmonella<\/em>.<\/p>\n<p>Colistin l\u00e0 kh\u00e1ng sinh nh\u00f3m polymyxin, th\u01b0\u1eddng d\u00f9ng \u0111i\u1ec1u tr\u1ecb c\u00e1c tr\u01b0\u1eddng h\u1ee3p nhi\u1ec5m khu\u1ea9n do vi khu\u1ea9n Gram(-) g\u00e2y ra \u0111\u1eb7c bi\u1ec7t l\u00e0 c\u00e1c tr\u01b0\u1eddng h\u1ee3p nhi\u1ec5m\u00a0<em>Pseudomonas aeruginosa.<\/em> C\u00e1c vi khu\u1ea9n nh\u1ea1y c\u1ea3m v\u1edbi thu\u1ed1c nh\u01b0 l\u00e0 <em>Pseudomonas aeruginosa, E. Coli, Enterobacter, Salmonella, Haemophillus,Pasteurella, Citrobacter, Acinetobacter.<\/em><\/p>\n<p><strong>C\u00d4NG D\u1ee4NG S\u1ea2N PH\u1ea8M<\/strong><\/p>\n<p><strong>Tr\u00ean heo: <\/strong>Vi\u00eam v\u00fa, vi\u00eam t\u1eed cung, m\u1ea5t s\u1eefa (MMA). Ti\u00eau ch\u1ea3y do <em>E.coli<\/em>, b\u1ec7nh ph\u00f9 tr\u00ean heo con cai s\u1eefa.<\/p>\n<p><strong>Tr\u00e2u, b\u00f2, d\u00ea, c\u1eebu<\/strong>: \u0110\u1eb7c tr\u1ecb vi\u00eam ph\u1ed5i, ph\u00f3 th\u01b0\u01a1ng h\u00e0n, t\u1ee5 huy\u1ebft tr\u00f9ng.<\/p>\n<p><strong>Tr\u00ean gia c\u1ea7m<\/strong>: B\u1ec7nh h\u00f4 h\u1ea5p m\u00e3n t\u00ednh (CRD), vi\u00eam xoang m\u0169i, ti\u00eau ch\u1ea3y ph\u00e2n tr\u1eafng, ph\u00e2n xanh, th\u01b0\u01a1ng h\u00e0n, t\u1ee5 huy\u1ebft tr\u00f9ng.<\/p>\n<p><strong>CH\u1ed0NG CH\u1ec8 \u0110\u1ecaNH<\/strong><\/p>\n<p>Th\u00fa m\u1eabn c\u1ea3m v\u1edbi c\u00e1c th\u00e0nh ph\u1ea7n c\u1ee7a thu\u1ed1c hay m\u1eabn c\u1ea3m v\u1edbi c\u00e1c kh\u00e1ng sinh kh\u00e1c trong nh\u00f3m Beta-lactam v\u00e0 cephalosporin.<\/p>\n<p><strong>s\u1eed d\u1ee5ng<\/strong><\/p>\n<p>L\u1eafc \u0111\u1ec1u tr\u01b0\u1edbc khi d\u00f9ng. Ti\u00eam s\u00e2u v\u00e0o b\u1eafp th\u1ecbt.<\/p>\n<p>Heo con: 1ml\/10kg th\u1ec3 tr\u1ecdng\/ 72 gi\u1edd.<\/p>\n<p>Heo l\u1edbn: 1ml\/15 kg th\u1ec3 tr\u1ecdng\/72 gi\u1edd.<\/p>\n<p>\u0110\u1eb7c bi\u1ec7t: Ti\u00eam cho heo n\u00e1i kho\u1ea3ng 1 &#8211; 2 gi\u1edd sau khi sanh gi\u00fap ng\u0103n ng\u1eeba h\u1ed9i ch\u1ee9ng MMA.<\/p>\n<p>Tr\u00e2u, b\u00f2, d\u00ea, c\u1eebu: 1ml\/25 kg th\u1ec3 tr\u1ecdng\/72 gi\u1edd.<\/p>\n<p>Gia c\u1ea7m: 1ml\/5 kg th\u1ec3 tr\u1ecdng\/72 gi\u1edd.<\/p>\n<p>Ti\u00eam nh\u1eafc l\u1ea1i sau 48 gi\u1edd, n\u1ebfu c\u1ea7n thi\u1ebft.<\/p>\n<p><strong>Th\u1eddi gian ng\u01b0ng s\u1eed d\u1ee5ng thu\u1ed1c<\/strong><\/p>\n<p>Th\u00fa gi\u1ebft th\u1ecbt: 6 ng\u00e0y tr\u01b0\u1edbc khi gi\u1ebft m\u1ed5<\/p>\n<p>Th\u00fa l\u1ea5y s\u1eefa: 4 l\u1ea7n v\u1eaft s\u1eefa.<\/p>\n<p><strong>H\u1ea1n s\u1eed d\u1ee5ng s\u1ea3n ph\u1ea9m <\/strong><\/p>\n<p>24 th\u00e1ng k\u1ec3 t\u1eeb ng\u00e0y s\u1ea3n xu\u1ea5t.<\/p>\n<p><strong>B\u1ea2O QU\u1ea2N<\/strong><\/p>\n<p>N\u01a1i kh\u00f4 r\u00e1o, tho\u00e1ng m\u00e1t, nhi\u1ec7t \u0111\u1ed9 d\u01b0\u1edbi 30<sup>0<\/sup>C. Tr\u00e1nh \u00e1nh n\u1eafng tr\u1ef1c ti\u1ebfp, tr\u00e1nh xa t\u1ea7m tay tr\u1ebb em.<\/p>\n<p><strong>\u0110\u00d3NG G\u00d3I<\/strong><\/p>\n<p><strong>20ml, 100ml, 250ml<\/strong><\/p>\n<p><strong>S\u1ed1 \u0111\u0103ng k\u00fd: MBP-2<\/strong><\/p>\n","protected":false},"excerpt":{"rendered":"<p>Th\u00e0nh ph\u1ea7n:\u00a0Ampicillin trihydrate, Colistin Sulfate, Dung m\u00f4i v\u1eeba \u0111\u1ee7.<\/p>\n<p>S\u1eed d\u1ee5ng:<\/p>\n<p>Heo con: 1ml\/10kg th\u1ec3 tr\u1ecdng.<br \/>\nHeo l\u1edbn: 1ml\/15 kg th\u1ec3 tr\u1ecdng<br \/>\n\u0110\u1eb7c bi\u1ec7t: Ti\u00eam cho heo n\u00e1i kho\u1ea3ng 1 &#8211; 2 gi\u1edd sau khi sanh.<br \/>\nTr\u00e2u, b\u00f2, d\u00ea, c\u1eebu: 1ml\/25kg th\u1ec3 tr\u1ecdng.<br \/>\nGia c\u1ea7m: 1ml\/5kg th\u1ec3 tr\u1ecdng.<br \/>\n1 m\u0169i ti\u00eam duy nh\u1ea5t cho 72 gi\u1edd, ti\u00eam nh\u1eafc l\u1ea1i sau 48 gi\u1edd n\u1ebfu c\u1ea7n thi\u1ebft.<\/p>\n","protected":false},"featured_media":9900,"comment_status":"closed","ping_status":"closed","template":"","meta":[],"product_brand":[],"product_cat":[62],"product_tag":[],"class_list":{"0":"post-4707","1":"product","2":"type-product","3":"status-publish","4":"has-post-thumbnail","6":"product_cat-thuoc-thu-y","8":"first","9":"instock","10":"shipping-taxable","11":"purchasable","12":"product-type-variable","13":"has-default-attributes"},"_links":{"self":[{"href":"https:\/\/mebipha.com\/online\/wp-json\/wp\/v2\/product\/4707","targetHints":{"allow":["GET"]}}],"collection":[{"href":"https:\/\/mebipha.com\/online\/wp-json\/wp\/v2\/product"}],"about":[{"href":"https:\/\/mebipha.com\/online\/wp-json\/wp\/v2\/types\/product"}],"replies":[{"embeddable":true,"href":"https:\/\/mebipha.com\/online\/wp-json\/wp\/v2\/comments?post=4707"}],"wp:featuredmedia":[{"embeddable":true,"href":"https:\/\/mebipha.com\/online\/wp-json\/wp\/v2\/media\/9900"}],"wp:attachment":[{"href":"https:\/\/mebipha.com\/online\/wp-json\/wp\/v2\/media?parent=4707"}],"wp:term":[{"taxonomy":"product_brand","embeddable":true,"href":"https:\/\/mebipha.com\/online\/wp-json\/wp\/v2\/product_brand?post=4707"},{"taxonomy":"product_cat","embeddable":true,"href":"https:\/\/mebipha.com\/online\/wp-json\/wp\/v2\/product_cat?post=4707"},{"taxonomy":"product_tag","embeddable":true,"href":"https:\/\/mebipha.com\/online\/wp-json\/wp\/v2\/product_tag?post=4707"}],"curies":[{"name":"wp","href":"https:\/\/api.w.org\/{rel}","templated":true}]}}