{"id":4703,"date":"2019-02-21T13:29:43","date_gmt":"2019-02-21T06:29:43","guid":{"rendered":"https:\/\/mebipha.com\/?post_type=product&#038;p=4703"},"modified":"2024-10-04T09:54:09","modified_gmt":"2024-10-04T02:54:09","slug":"mos","status":"publish","type":"product","link":"https:\/\/mebipha.com\/online\/mos\/","title":{"rendered":"MOS"},"content":{"rendered":"","protected":false},"excerpt":{"rendered":"<p><strong>H\u1ea0N CH\u1ebe T\u1ed0I \u0110A B\u1ec6NH PH\u00c2N TR\u1eaeNG, GI\u00daP T\u00d4M N\u1ede TO \u0110\u01af\u1edcNG RU\u1ed8T<\/strong><\/p>\n<p><strong>TH\u00c0NH PH\u1ea6N<\/strong><\/p>\n<p><em>Bacillus subtilis<\/em> (min)\u2026\u2026\u20261 x 10<sup>9 <\/sup>CFU<\/p>\n<p>Vitamin B<sub>12<\/sub> (min)\u2026\u2026\u2026..20 mg<\/p>\n<p>Kh\u00e1ng sinh, ch\u1ea5t c\u1ea5m\u2026..kh\u00f4ng c\u00f3<\/p>\n<p>Ethoxyquin\u2026\u2026.kh\u00f4ng c\u00f3<\/p>\n<p>Ch\u1ea5t mang (Glucose) v\u1eeba \u0111\u1ee7\u2026\u2026\u2026\u20261 kg<\/p>\n<p><strong>NGUY\u00caN LI\u1ec6U<\/strong><\/p>\n<p>Mannan Oligosaccharide<em>, Bacillus subtilis<\/em>, Protease, Cyanocobalamin, Dextrose monohydrate.<\/p>\n<p><strong>C\u00d4NG D\u1ee4NG<\/strong><\/p>\n<p>Cung c\u1ea5p ch\u1ea5t tr\u1ee3 sinh (prebiotic) gi\u00fap ph\u1ee5c h\u1ed3i, b\u1ea3o v\u1ec7 v\u00e0 ph\u00e1t tri\u1ec3n nhung mao ru\u1ed9t, t\u0103ng c\u01b0\u1eddng kh\u1ea3 n\u0103ng ti\u00eau h\u00f3a v\u00e0 h\u1ea5p thu th\u1ee9c \u0103n.<\/p>\n<p>Gi\u00fap t\u00f4m, c\u00e1 ph\u00e1t tri\u1ec3n nhanh.<\/p>\n<p>\u1ed4n \u0111\u1ecbnh h\u1ec7 vi sinh v\u1eadt c\u00f3 l\u1ee3i trong \u0111\u01b0\u1eddng ru\u1ed9t.<\/p>\n<p><strong>H\u01af\u1edaNG D\u1eaaN S\u1eec D\u1ee4NG V\u00c0 LI\u1ec0U D\u00d9NG<\/strong><\/p>\n<p>H\u00f2a tan v\u00e0o n\u01b0\u1edbc, tr\u1ed9n \u0111\u1ec1u v\u1edbi th\u1ee9c \u0103n, \u00e1o l\u1ea1i b\u1eb1ng d\u1ea7u th\u1ef1c v\u1eadt ho\u1eb7c ch\u1ea5t k\u00edch m\u00f9i, \u0111\u1ec3 r\u00e1o 15 ph\u00fat sau \u0111\u00f3 cho t\u00f4m \u0103n.<\/p>\n<p>2 \u2013 3g\/1kg th\u1ee9c \u0103n, d\u00f9ng li\u00ean t\u1ee5c.<\/p>\n<p>Khi t\u00f4m, c\u00e1 c\u00f3 bi\u1ec3u hi\u1ec7n gi\u1ea3m \u0103n, r\u1ed1i lo\u1ea1n ti\u00eau h\u00f3a, ph\u00e2n \u0111\u1ee9t kh\u00fac: d\u00f9ng li\u1ec1u 5g\/1kg th\u1ee9c \u0103n.<\/p>\n","protected":false},"featured_media":10667,"comment_status":"closed","ping_status":"closed","template":"","meta":[],"product_brand":[],"product_cat":[71,134],"product_tag":[],"class_list":{"0":"post-4703","1":"product","2":"type-product","3":"status-publish","4":"has-post-thumbnail","6":"product_cat-thuoc-thuy-san","7":"product_cat-thuoc-thuy-san-thuoc-thuy-san","9":"first","10":"instock","11":"shipping-taxable","12":"purchasable","13":"product-type-variable","14":"has-default-attributes"},"_links":{"self":[{"href":"https:\/\/mebipha.com\/online\/wp-json\/wp\/v2\/product\/4703","targetHints":{"allow":["GET"]}}],"collection":[{"href":"https:\/\/mebipha.com\/online\/wp-json\/wp\/v2\/product"}],"about":[{"href":"https:\/\/mebipha.com\/online\/wp-json\/wp\/v2\/types\/product"}],"replies":[{"embeddable":true,"href":"https:\/\/mebipha.com\/online\/wp-json\/wp\/v2\/comments?post=4703"}],"wp:featuredmedia":[{"embeddable":true,"href":"https:\/\/mebipha.com\/online\/wp-json\/wp\/v2\/media\/10667"}],"wp:attachment":[{"href":"https:\/\/mebipha.com\/online\/wp-json\/wp\/v2\/media?parent=4703"}],"wp:term":[{"taxonomy":"product_brand","embeddable":true,"href":"https:\/\/mebipha.com\/online\/wp-json\/wp\/v2\/product_brand?post=4703"},{"taxonomy":"product_cat","embeddable":true,"href":"https:\/\/mebipha.com\/online\/wp-json\/wp\/v2\/product_cat?post=4703"},{"taxonomy":"product_tag","embeddable":true,"href":"https:\/\/mebipha.com\/online\/wp-json\/wp\/v2\/product_tag?post=4703"}],"curies":[{"name":"wp","href":"https:\/\/api.w.org\/{rel}","templated":true}]}}