{"id":4694,"date":"2019-02-21T12:02:49","date_gmt":"2019-02-21T05:02:49","guid":{"rendered":"https:\/\/mebipha.com\/?post_type=product&#038;p=4694"},"modified":"2025-12-26T10:46:17","modified_gmt":"2025-12-26T03:46:17","slug":"metril-max-la","status":"publish","type":"product","link":"https:\/\/mebipha.com\/online\/metril-max-la\/","title":{"rendered":"METRIL MAX LA"},"content":{"rendered":"<p><strong>\u0110\u1eb6C TR\u1eca B\u1ec6NH VI\u00caM PH\u1ed4I TR\u00caN HEO, CRD TR\u00caN GIA C\u1ea6M<\/strong><\/p>\n<p><strong>H\u1ed7n d\u1ecbch kh\u00e1ng sinh ti\u00eam<\/strong><\/p>\n<p><strong>C\u00d4NG TH\u1ee8C<\/strong><\/p>\n<p>Enrofloxacin \u00a0base: 10g<\/p>\n<p>Dung m\u00f4i v\u1eeba \u0111\u1ee7: 100ml<\/p>\n<p><strong>\u0110\u1eb6C T\u00cdNH D\u01af\u1ee2C L\u00dd S\u1ea2N PH\u1ea8M<\/strong><\/p>\n<p>Enrofloxacin l\u00e0 kh\u00e1ng sinh Fluoroquinolone th\u1ebf h\u1ec7 III, c\u00f3 t\u00e1c d\u1ee5ng di\u1ec7t khu\u1ea9n ph\u1ee5 thu\u1ed9c n\u1ed3ng \u0111\u1ed9 thu\u1ed1c, b\u1eb1ng c\u00e1ch \u1ee9c ch\u1ebf s\u1ef1 t\u1ed5ng h\u1ee3p DNA c\u1ee7a vi khu\u1ea9n. Kh\u00e1ng sinh n\u00e0y c\u00f3 t\u00e1c d\u1ee5ng tr\u00ean nhi\u1ec1u vi khu\u1ea9n G(+), tr\u1ef1c khu\u1ea9n v\u00e0 c\u1ea7u khu\u1ea9n G(-) bao g\u1ed3m nhi\u1ec1u lo\u00e0i v\u00e0 ch\u1ee7ng c\u1ee7a <em>Pseudomonas aeruginosa, Klebsiella <\/em>spp.<em>, E. coli, Enterobacter, Campylobacter, Shigella, Salmonella, Aeromonas, Haemophilus, Proteus, Yersinia, Serratia, <\/em>v\u00e0 <em>Vibrio. <\/em><\/p>\n<p><strong>V<\/strong>\u1edbi c\u00f4ng ngh\u1ec7 b\u00e0o ch\u1ebf \u0111\u1eb7c bi\u1ec7t\u00a0<strong>METRIL MAX LA<\/strong>\u00a0d\u01b0\u1edbi d\u1ea1ng h\u1ed7n d\u1ecbch, c\u00f3 t\u00e1c d\u1ee5ng k\u00e9o d\u00e0i th\u1eddi gian \u0111i\u1ec1u tr\u1ecb 72h sau khi ti\u00eam.\u00a0<strong>METRIL MAX LA<\/strong>\u00a0gi\u00fap gi\u1ea3m chi ph\u00ed, gi\u1ea3m c\u00f4ng s\u1ee9c ti\u00eam, gi\u1ea3m stress cho v\u1eadt nu\u00f4i.<\/p>\n<p><strong>C\u00d4NG D\u1ee4NG S\u1ea2N PH\u1ea8M<\/strong><\/p>\n<p><strong>Tr\u00ean heo:<\/strong><\/p>\n<p>\u0110\u1eb7c tr\u1ecb b\u1ec7nh vi\u00eam ph\u1ed5i \u0111i\u1ea1 ph\u01b0\u01a1ng (SEP), vi\u00eam ph\u1ed5i d\u00ednh s\u01b0\u1eddn (APP.), t\u1ee5 huy\u1ebft tr\u00f9ng, ph\u00f3 th\u01b0\u01a1ng h\u00e0n, ti\u00eau ch\u1ea3y, s\u01b0ng ph\u00f9 \u0111\u1ea7u.<\/p>\n<p>H\u1ed7 tr\u1ee3 \u0111i\u1ec1u tr\u1ecb c\u00e1c b\u1ec7nh k\u1ebf ph\u00e1t b\u1ec7nh heo tai xanh (PRRS), d\u1ecbch t\u1ea3, FMD,\u2026<\/p>\n<p><strong>Tr\u00ean g\u00e0, v\u1ecbt: <\/strong><\/p>\n<p>\u0110\u1eb7c tr\u1ecb CRD v\u00e0 c\u00e1c bi\u1ebfn ch\u1ee9ng c\u1ee7a b\u1ec7nh (CCRD).<\/p>\n<p><strong>CH\u1ed0NG CH\u1ec8 \u0110\u1ecaNH<\/strong><\/p>\n<p>Th\u00fa m\u1eabn c\u1ea3m v\u1edbi c\u00e1c th\u00e0nh ph\u1ea7n c\u1ee7a thu\u1ed1c.<\/p>\n<p>Th\u00fa mang thai, sinh s\u1ea3n v\u00e0 l\u00e0m gi\u1ed1ng.<\/p>\n<p><strong>S\u1eec D\u1ee4NG<\/strong><\/p>\n<p>L\u1eafc \u0111\u1ec1u tr\u01b0\u1edbc khi s\u1eed d\u1ee5ng. Ti\u00eam s\u00e2u v\u00e0o b\u1eafp th\u1ecbt.<\/p>\n<p>Tr\u00ean heo:<\/p>\n<p>Heo con: 1ml\/10kg th\u1ec3 tr\u1ecdng\/72 gi\u1edd.<\/p>\n<p>Heo tr\u00ean 50kg v\u00e0 gia s\u00fac kh\u00e1c: 1ml\/15kg th\u1ec3 tr\u1ecdng\/72 gi\u1edd.<\/p>\n<p>B\u1ec7nh n\u1eb7ng ti\u00eam nh\u1eafc l\u1ea1i sau 48 gi\u1edd t\u00f9y tr\u01b0\u1eddng h\u1ee3p.<\/p>\n<p>Tr\u00ean g\u00e0, v\u1ecbt: 1ml\/8 kg th\u1ec3 tr\u1ecdng\/72 gi\u1edd.<\/p>\n<p>C\u00f3 th\u1ec3 pha lo\u00e3ng thu\u1ed1c b\u1eb1ng <strong>DUNG M\u00d4I HD INJ.<\/strong><\/p>\n<p><strong>Th\u1eddi gian ng\u01b0ng s\u1eed d\u1ee5ng<\/strong><strong> thu\u1ed1c<\/strong><\/p>\n<p>7 ng\u00e0y tr\u01b0\u1edbc khi gi\u1ebft m\u1ed5<\/p>\n<p><strong>B\u1ea2O QU\u1ea2N: <\/strong>N\u01a1i kh\u00f4 r\u00e1o, tho\u00e1ng m\u00e1t, nhi\u1ec7t \u0111\u1ed9 d\u01b0\u1edbi 30<sup>0<\/sup>C. Tr\u00e1nh \u00e1nh n\u1eafng tr\u1ef1c ti\u1ebfp, tr\u00e1nh xa t\u1ea7m tay tr\u1ebb em.<\/p>\n<p><strong>H\u1ea0N D\u00d9NG <\/strong><\/p>\n<p>24 th\u00e1ng k\u1ec3 t\u1eeb ng\u00e0y s\u1ea3n xu\u1ea5t.<\/p>\n<p><strong>\u0110\u00d3NG G\u00d3I<\/strong><\/p>\n<p>20ml, 100ml<\/p>\n<p><strong>S\u1ed1 \u0111\u0103ng k\u00fd: MBP-3<\/strong><\/p>\n","protected":false},"excerpt":{"rendered":"<p>Th\u00e0nh ph\u1ea7n:\u00a0Enrofloxacin, Dung m\u00f4i v\u1eeba \u0111\u1ee7.<\/p>\n<p>S\u1eed d\u1ee5ng:<\/p>\n<p>Heo con: 1ml\/10kg th\u1ec3 tr\u1ecdng\/72 gi\u1edd.<br \/>\nHeo tr\u00ean 50kg v\u00e0 gia s\u00fac kh\u00e1c: 1ml\/15kg th\u1ec3 tr\u1ecdng\/72 gi\u1edd.<br \/>\nG\u00e0, V\u1ecbt: 1ml\/8 kg th\u1ec3 tr\u1ecdng\/72 gi\u1edd.<br \/>\nB\u1ec7nh n\u1eb7ng ti\u00eam nh\u1eafc l\u1ea1i sau 48 gi\u1edd t\u00f9y tr\u01b0\u1eddng h\u1ee3p.<\/p>\n","protected":false},"featured_media":9897,"comment_status":"closed","ping_status":"closed","template":"","meta":[],"product_brand":[],"product_cat":[62],"product_tag":[],"class_list":{"0":"post-4694","1":"product","2":"type-product","3":"status-publish","4":"has-post-thumbnail","6":"product_cat-thuoc-thu-y","8":"first","9":"instock","10":"shipping-taxable","11":"purchasable","12":"product-type-variable","13":"has-default-attributes"},"_links":{"self":[{"href":"https:\/\/mebipha.com\/online\/wp-json\/wp\/v2\/product\/4694","targetHints":{"allow":["GET"]}}],"collection":[{"href":"https:\/\/mebipha.com\/online\/wp-json\/wp\/v2\/product"}],"about":[{"href":"https:\/\/mebipha.com\/online\/wp-json\/wp\/v2\/types\/product"}],"replies":[{"embeddable":true,"href":"https:\/\/mebipha.com\/online\/wp-json\/wp\/v2\/comments?post=4694"}],"wp:featuredmedia":[{"embeddable":true,"href":"https:\/\/mebipha.com\/online\/wp-json\/wp\/v2\/media\/9897"}],"wp:attachment":[{"href":"https:\/\/mebipha.com\/online\/wp-json\/wp\/v2\/media?parent=4694"}],"wp:term":[{"taxonomy":"product_brand","embeddable":true,"href":"https:\/\/mebipha.com\/online\/wp-json\/wp\/v2\/product_brand?post=4694"},{"taxonomy":"product_cat","embeddable":true,"href":"https:\/\/mebipha.com\/online\/wp-json\/wp\/v2\/product_cat?post=4694"},{"taxonomy":"product_tag","embeddable":true,"href":"https:\/\/mebipha.com\/online\/wp-json\/wp\/v2\/product_tag?post=4694"}],"curies":[{"name":"wp","href":"https:\/\/api.w.org\/{rel}","templated":true}]}}