{"id":4682,"date":"2019-02-21T11:36:46","date_gmt":"2019-02-21T04:36:46","guid":{"rendered":"https:\/\/mebipha.com\/?post_type=product&#038;p=4682"},"modified":"2024-10-04T09:48:56","modified_gmt":"2024-10-04T02:48:56","slug":"mebilactyl-sp","status":"publish","type":"product","link":"https:\/\/mebipha.com\/online\/mebilactyl-sp\/","title":{"rendered":"Mebilactyl SP (T\u00f4m)"},"content":{"rendered":"","protected":false},"excerpt":{"rendered":"<p><strong>MEN TI\u00caU H\u00d3A \u2013 GI\u00daP T\u00d4M PH\u00c1T TRI\u1ec2N \u0110\u01af\u1edcNG RU\u1ed8T<\/strong><\/p>\n<p><strong>TH\u00c0NH PH\u1ea6N<\/strong><\/p>\n<p><em>Bacillus subtilis<\/em> *(min)&#8230;&#8230;&#8230;&#8230;&#8230;&#8230;&#8230;&#8230;&#8230;&#8230; 1 x 10<sup>9 <\/sup>CFU<\/p>\n<p><em>Saccharomyces cerevisiae<\/em> (min)&#8230;&#8230;&#8230;&#8230;. 1 x 10<sup>11\u00a0 <\/sup>CFU<\/p>\n<p>Kh\u00e1ng sinh, ch\u1ea5t c\u1ea5m&#8230;&#8230;&#8230;&#8230;&#8230;&#8230;&#8230;&#8230;&#8230;&#8230;.. Kh\u00f4ng c\u00f3<\/p>\n<p>Ethoxyquin&#8230;&#8230;&#8230;&#8230;&#8230;&#8230;&#8230;&#8230;&#8230;&#8230;&#8230;&#8230;&#8230;&#8230;&#8230;&#8230;. Kh\u00f4ng c\u00f3<\/p>\n<p>Ch\u1ea5t mang (Glucose) v\u1eeba \u0111\u1ee7&#8230;&#8230;&#8230;&#8230;&#8230;&#8230;&#8230;. 1 kg<\/p>\n<p><strong>NGUY\u00caN LI\u1ec6U<\/strong><strong>\u00a0 <\/strong><em>Bacillus subtilis<\/em>, N\u1ea5m men, Dextrose monohydrate.<\/p>\n<p><strong>C\u00d4NG D\u1ee4NG<\/strong><\/p>\n<p>B\u1ed5 sung c\u00e1c vi khu\u1ea9n c\u00f3 l\u1ee3i v\u00e0o th\u1ee9c \u0103n, gi\u00fap cho t\u00f4m h\u1ea5p thu tri\u1ec7t \u0111\u1ec3 th\u1ee9c \u0103n, t\u00f4m kh\u1ecfe v\u00e0 t\u0103ng tr\u01b0\u1edfng nhanh.<\/p>\n<p>Giu\u0301p gia\u0309m h\u00ea\u0323 s\u00f4\u0301 ti\u00eau t\u00f4\u0301n th\u01b0\u0301c \u0103n FCR.<\/p>\n<p><strong>H\u01af\u1edaNG D\u1eaaN S\u1eec D\u1ee4NG V\u00c0 LI\u1ec0U D\u00d9NG<\/strong><\/p>\n<p>H\u00f2a tan v\u00e0o n\u01b0\u1edbc tr\u1ed9n \u0111\u1ec1u v\u1edbi th\u1ee9c \u0103n, \u00e1o l\u1ea1i b\u1eb1ng ch\u1ea5t k\u00edch m\u00f9i ho\u1eb7c d\u1ea7u th\u1ef1c v\u1eadt sau \u0111\u00f3 m\u1edbi cho t\u00f4m \u0103n.<\/p>\n<p>D\u00f9ng 2-3g\/1kg th\u1ee9c \u0103n, ng\u00e0y 1 l\u1ea7n, d\u00f9ng li\u00ean t\u1ee5c trong th\u1eddi gian nu\u00f4i.<\/p>\n<p>Ch\u00fa \u00fd: Kh\u00f4ng d\u00f9ng MEBILACTYL SP chung v\u1edbi kh\u00e1ng sinh.<\/p>\n","protected":false},"featured_media":10664,"comment_status":"closed","ping_status":"closed","template":"","meta":[],"product_brand":[],"product_cat":[71,134],"product_tag":[],"class_list":{"0":"post-4682","1":"product","2":"type-product","3":"status-publish","4":"has-post-thumbnail","6":"product_cat-thuoc-thuy-san","7":"product_cat-thuoc-thuy-san-thuoc-thuy-san","9":"first","10":"instock","11":"shipping-taxable","12":"purchasable","13":"product-type-variable","14":"has-default-attributes"},"_links":{"self":[{"href":"https:\/\/mebipha.com\/online\/wp-json\/wp\/v2\/product\/4682","targetHints":{"allow":["GET"]}}],"collection":[{"href":"https:\/\/mebipha.com\/online\/wp-json\/wp\/v2\/product"}],"about":[{"href":"https:\/\/mebipha.com\/online\/wp-json\/wp\/v2\/types\/product"}],"replies":[{"embeddable":true,"href":"https:\/\/mebipha.com\/online\/wp-json\/wp\/v2\/comments?post=4682"}],"wp:featuredmedia":[{"embeddable":true,"href":"https:\/\/mebipha.com\/online\/wp-json\/wp\/v2\/media\/10664"}],"wp:attachment":[{"href":"https:\/\/mebipha.com\/online\/wp-json\/wp\/v2\/media?parent=4682"}],"wp:term":[{"taxonomy":"product_brand","embeddable":true,"href":"https:\/\/mebipha.com\/online\/wp-json\/wp\/v2\/product_brand?post=4682"},{"taxonomy":"product_cat","embeddable":true,"href":"https:\/\/mebipha.com\/online\/wp-json\/wp\/v2\/product_cat?post=4682"},{"taxonomy":"product_tag","embeddable":true,"href":"https:\/\/mebipha.com\/online\/wp-json\/wp\/v2\/product_tag?post=4682"}],"curies":[{"name":"wp","href":"https:\/\/api.w.org\/{rel}","templated":true}]}}