{"id":4672,"date":"2019-02-21T11:20:50","date_gmt":"2019-02-21T04:20:50","guid":{"rendered":"https:\/\/mebipha.com\/?post_type=product&#038;p=4672"},"modified":"2025-12-29T11:59:33","modified_gmt":"2025-12-29T04:59:33","slug":"mebi-cox-5heo","status":"publish","type":"product","link":"https:\/\/mebipha.com\/online\/mebi-cox-5heo\/","title":{"rendered":"MEBI-COX 5%(HEO)"},"content":{"rendered":"<p><strong>\u0110\u1eb6C TR\u1eca C\u1ea6U TR\u00d9NG TR\u00caN HEO CON<\/strong><\/p>\n<p><strong>H\u1ed7n d\u1ecbch u\u1ed1ng d\u1ea1ng siro<\/strong><\/p>\n<p><strong>C\u00d4NG TH\u1ee8C<\/strong><\/p>\n<p>Toltrazuril: 5.000mg<\/p>\n<p>Dung m\u00f4i v\u1eeba \u0111\u1ee7: 100ml<\/p>\n<p><strong>\u0110\u1eb6C T\u00cdNH D\u01af\u1ee2C L\u00dd S\u1ea2N PH\u1ea8M<\/strong><\/p>\n<p>Toltrazuril l\u00e0 thu\u1ed1c \u0111\u1eb7c tr\u1ecb c\u1ea7u tr\u00f9ng thu\u1ed9c nh\u00f3m triazinon, c\u00f3 ph\u1ed5 t\u00e1c \u0111\u1ed9ng r\u1ed9ng, hi\u1ec7u qu\u1ea3 \u0111\u1ed1i v\u1edbi <em>Isospora<\/em> v\u00e0 <em>Eimeria<\/em>. Toltrazuril t\u00e1c \u0111\u1ed9ng tr\u00ean c\u1ea3 giai \u0111o\u1ea1n sinh s\u1ea3n v\u00f4 t\u00ednh v\u00e0 h\u1eefu t\u00ednh c\u1ee7a c\u1ea7u tr\u00f9ng, g\u00e2y r\u1ed1i lo\u1ea1n ph\u00e2n chia t\u1ebf b\u00e0o d\u1eabn \u0111\u1ebfn s\u1ef1 thay \u0111\u1ed5i c\u1ea5u tr\u00fac, ng\u0103n ch\u1eb7n c\u1ea7u tr\u00f9ng ph\u00e1t tri\u1ec3n v\u00e0 ch\u1ed1ng l\u1ea1i s\u1ef1 t\u1ed5n th\u01b0\u01a1ng do c\u1ea7u tr\u00f9ng g\u00e2y ra tr\u00ean \u0111\u01b0\u1eddng ru\u1ed9t.<\/p>\n<p><strong>C\u00d4NG D\u1ee4NG S\u1ea2N PH\u1ea8M<\/strong><\/p>\n<p>Ph\u00f2ng v\u00e0 tr\u1ecb b\u1ec7nh c\u1ea7u tr\u00f9ng g\u00e2y ti\u00eau ch\u1ea3y tr\u00ean heo con theo m\u1eb9 v\u00e0 b\u00ea, ngh\u00e9.<\/p>\n<p><strong>CH\u1ed0NG CH\u1ec8 \u0110\u1ecaNH<\/strong><\/p>\n<p>Kh\u00f4ng d\u00f9ng cho th\u00fa m\u1eabn c\u1ea3m v\u1edbi c\u00e1c th\u00e0nh ph\u1ea7n c\u1ee7a thu\u1ed1c.<\/p>\n<p>Kh\u00f4ng d\u00f9ng cho th\u00fa b\u1ecb suy gi\u1ea3m ch\u1ee9c n\u0103ng gan ho\u1eb7c th\u1eadn.<\/p>\n<p><strong>S\u1eec D\u1ee4NG<\/strong><\/p>\n<p>L\u1eafc \u0111\u1ec1u tr\u01b0\u1edbc khi s\u1eed d\u1ee5ng.<\/p>\n<p>0,4ml\/ 1kg th\u1ec3 tr\u1ecdng ho\u1eb7c 1ml\/ 1 heo con 3 &#8211; 5 ng\u00e0y tu\u1ed5i.<\/p>\n<p>3ml\/ 10kg th\u1ec3 tr\u1ecdng l\u00fac heo 3 tu\u1ea7n tu\u1ed5i.<\/p>\n<p><strong>Th\u1eddi gian ng\u01b0ng s\u1eed d\u1ee5ng thu\u1ed1c: <\/strong>12 ng\u00e0y tr\u01b0\u1edbc khi gi\u1ebft th\u1ecbt.<\/p>\n<p><strong>H\u1ea1n s\u1eed d\u1ee5ng s\u1ea3n ph\u1ea9m <\/strong><\/p>\n<p>36 th\u00e1ng k\u1ec3 t\u1eeb ng\u00e0y s\u1ea3n xu\u1ea5t.<\/p>\n<p><strong>B\u1ea2O QU\u1ea2N<\/strong><\/p>\n<p>N\u01a1i kh\u00f4 r\u00e1o, tho\u00e1ng m\u00e1t, nhi\u1ec7t \u0111\u1ed9 d\u01b0\u1edbi 30<sup>0<\/sup>C. Tr\u00e1nh \u00e1nh n\u1eafng tr\u1ef1c ti\u1ebfp, tr\u00e1nh xa t\u1ea7m tay tr\u1ebb em.<\/p>\n<p><strong>\u0110\u00d3NG G\u00d3I<\/strong><\/p>\n<p><strong>10ml, 50ml, 100ml<\/strong><\/p>\n<p><strong>S\u1ed1 \u0111\u0103ng k\u00fd: MBP-27<\/strong><\/p>\n<p>&nbsp;<\/p>\n","protected":false},"excerpt":{"rendered":"<p><strong>\u0110\u1eb6C TR\u1eca C\u1ea6U TR\u00d9NG TR\u00caN HEO CON<\/strong><\/p>\n<p><strong>H\u1ed7n d\u1ecbch u\u1ed1ng d\u1ea1ng siro<\/strong><\/p>\n<p><strong>C\u00d4NG TH\u1ee8C<\/strong><\/p>\n<p>Toltrazuril: 5.000mg<\/p>\n<p>Dung m\u00f4i v\u1eeba \u0111\u1ee7: 100ml<\/p>\n<p><strong>C\u00d4NG D\u1ee4NG S\u1ea2N PH\u1ea8M<\/strong><\/p>\n<p>Ph\u00f2ng v\u00e0 tr\u1ecb b\u1ec7nh c\u1ea7u tr\u00f9ng g\u00e2y ti\u00eau ch\u1ea3y tr\u00ean heo con theo m\u1eb9 v\u00e0 b\u00ea, ngh\u00e9.<\/p>\n<p><strong>CH\u1ed0NG CH\u1ec8 \u0110\u1ecaNH<\/strong><\/p>\n<p>Kh\u00f4ng d\u00f9ng cho th\u00fa m\u1eabn c\u1ea3m v\u1edbi c\u00e1c th\u00e0nh ph\u1ea7n c\u1ee7a thu\u1ed1c.<\/p>\n<p>Kh\u00f4ng d\u00f9ng cho th\u00fa b\u1ecb suy gi\u1ea3m ch\u1ee9c n\u0103ng gan ho\u1eb7c th\u1eadn.<\/p>\n<p><strong>S\u1eec D\u1ee4NG<\/strong><\/p>\n<p>L\u1eafc \u0111\u1ec1u tr\u01b0\u1edbc khi s\u1eed d\u1ee5ng.<\/p>\n<p>0,4ml\/ 1kg th\u1ec3 tr\u1ecdng ho\u1eb7c 1ml\/ 1 heo con 3 &#8211; 5 ng\u00e0y tu\u1ed5i.<\/p>\n<p>3ml\/ 10kg th\u1ec3 tr\u1ecdng l\u00fac heo 3 tu\u1ea7n tu\u1ed5i.<\/p>\n<p><strong>Th\u1eddi gian ng\u01b0ng s\u1eed d\u1ee5ng thu\u1ed1c: <\/strong>12 ng\u00e0y tr\u01b0\u1edbc khi gi\u1ebft th\u1ecbt.<\/p>\n","protected":false},"featured_media":10077,"comment_status":"closed","ping_status":"closed","template":"","meta":[],"product_brand":[],"product_cat":[62],"product_tag":[],"class_list":{"0":"post-4672","1":"product","2":"type-product","3":"status-publish","4":"has-post-thumbnail","6":"product_cat-thuoc-thu-y","8":"first","9":"instock","10":"shipping-taxable","11":"purchasable","12":"product-type-variable","13":"has-default-attributes"},"_links":{"self":[{"href":"https:\/\/mebipha.com\/online\/wp-json\/wp\/v2\/product\/4672","targetHints":{"allow":["GET"]}}],"collection":[{"href":"https:\/\/mebipha.com\/online\/wp-json\/wp\/v2\/product"}],"about":[{"href":"https:\/\/mebipha.com\/online\/wp-json\/wp\/v2\/types\/product"}],"replies":[{"embeddable":true,"href":"https:\/\/mebipha.com\/online\/wp-json\/wp\/v2\/comments?post=4672"}],"wp:featuredmedia":[{"embeddable":true,"href":"https:\/\/mebipha.com\/online\/wp-json\/wp\/v2\/media\/10077"}],"wp:attachment":[{"href":"https:\/\/mebipha.com\/online\/wp-json\/wp\/v2\/media?parent=4672"}],"wp:term":[{"taxonomy":"product_brand","embeddable":true,"href":"https:\/\/mebipha.com\/online\/wp-json\/wp\/v2\/product_brand?post=4672"},{"taxonomy":"product_cat","embeddable":true,"href":"https:\/\/mebipha.com\/online\/wp-json\/wp\/v2\/product_cat?post=4672"},{"taxonomy":"product_tag","embeddable":true,"href":"https:\/\/mebipha.com\/online\/wp-json\/wp\/v2\/product_tag?post=4672"}],"curies":[{"name":"wp","href":"https:\/\/api.w.org\/{rel}","templated":true}]}}