{"id":4652,"date":"2019-02-21T10:47:13","date_gmt":"2019-02-21T03:47:13","guid":{"rendered":"https:\/\/mebipha.com\/?post_type=product&#038;p=4652"},"modified":"2025-12-29T16:18:25","modified_gmt":"2025-12-29T09:18:25","slug":"mebi-taktic","status":"publish","type":"product","link":"https:\/\/mebipha.com\/online\/mebi-taktic\/","title":{"rendered":"MEBI-TAKTIC"},"content":{"rendered":"<p><strong>\u0110\u1eb6C TR\u1eca NGO\u1ea0I K\u00dd SINH TR\u00d9NG TR\u00caN GIA S\u00daC<\/strong><\/p>\n<p><strong>Dung d\u1ecbch d\u00f9ng ngo\u00e0i<\/strong><\/p>\n<p><strong>C\u00d4NG TH\u1ee8C<\/strong><\/p>\n<p>Amitraz: 12,5g<\/p>\n<p>Dung m\u00f4i v\u1eeba \u0111\u1ee7: 100ml<\/p>\n<p><strong>\u0110\u1eb6C T\u00cdNH D\u01af\u1ee2C L\u00dd S\u1ea2N PH\u1ea8M<\/strong><\/p>\n<p><strong>MEBI-TAKTIC<\/strong> ch\u1ee9a ho\u1ea1t ch\u1ea5t ch\u00ednh<strong> Amitraz<\/strong>, l\u00e0 ch\u1ea5t ng\u0103n c\u1ea3n enzyme monoamin oxidase c\u00f3 vai tr\u00f2 trong s\u1ef1 chuy\u1ec3n h\u00f3a amin hi\u1ec7n di\u1ec7n trong h\u1ec7 th\u1ea7n kinh c\u1ee7a ngo\u1ea1i k\u00fd sinh. <strong>Amitraz<\/strong> ph\u00e2n t\u00e1n kh\u1eafp c\u01a1 th\u1ec3 \u0111\u1eb7c bi\u1ec7t l\u00e0 \u0111\u1ebfn l\u00f4ng da, g\u00e2y \u0111\u1ed9c v\u00e0 g\u00e2y ch\u1ebft k\u00fd sinh \u0111\u1eb7c bi\u1ec7t trong giai \u0111o\u1ea1n \u1ea5u tr\u00f9ng t\u1eeb \u0111\u00f3 ng\u0103n c\u1ea3n s\u1ef1 b\u00e1m v\u00e0o l\u00f4ng da c\u1ee7a k\u00fd sinh.<\/p>\n<p>S\u1ea3n ph\u1ea9m c\u00f2n \u0111\u01b0\u1ee3c s\u1ea3n xu\u1ea5t b\u1eb1ng dung m\u00f4i th\u1ebf h\u1ec7 m\u1edbi, kh\u00f4ng g\u00e2y kh\u00f4 da, k\u00edch \u1ee9ng da, an to\u00e0n cho v\u1eadt nu\u00f4i v\u00e0 ng\u01b0\u1eddi s\u1eed d\u1ee5ng.<\/p>\n<p><strong>C\u00d4NG D\u1ee4NG S\u1ea2N PH\u1ea8M<\/strong><\/p>\n<p>Tr\u1ecb hi\u1ec7u qu\u1ea3 ve, gh\u1ebb, r\u1eadn v\u00e0 k\u00fd sinh tr\u00f9ng ngo\u00e0i da tr\u00ean heo v\u00e0 gia s\u00fac.<\/p>\n<p>\u0110\u1eb7c bi\u1ec7t hi\u1ec7u qu\u1ea3 \u0111\u1ed1i v\u1edbi b\u1ec7nh gh\u1ebb do <em>Sarcoptes<\/em> g\u00e2y ra tr\u00ean heo.<\/p>\n<p><strong>CH\u1ed0NG CH\u1ec8 \u0110\u1ecaNH<\/strong><\/p>\n<p>Kh\u00f4ng d\u00f9ng cho th\u00fa m\u1eabn c\u1ea3m v\u1edbi thu\u1ed1c.<\/p>\n<p>Kh\u00f4ng d\u00f9ng chung v\u1edbi c\u00e1c lo\u1ea1i thu\u1ed1c tr\u1ecb k\u00fd sinh tr\u00f9ng ngo\u00e0i da kh\u00e1c.<\/p>\n<p><strong>S\u1eec D\u1ee4NG<\/strong><\/p>\n<p>Tr\u00ean gia s\u00fac<\/p>\n<p>Pha 100ml MEBI TAKTIC v\u1edbi 50-70 l\u00edt n\u01b0\u1edbc v\u00e0 ng\u00e2m con v\u1eadt ho\u1eb7c x\u1ecbt cho \u0111\u1ebfn khi \u01b0\u1edbt.<\/p>\n<p>Tr\u00ean heo: phun x\u1ecbt ho\u1eb7c thoa l\u00ean v\u00f9ng nhi\u1ec5m k\u00fd sinh:<\/p>\n<p>Heo con, heo th\u1ecbt: 5ml\/1 l\u00edt n\u01b0\u1edbc\/ l\u1ea7n\/ tu\u1ea7n cho \u0111\u1ebfn khi kh\u1ecfi h\u1eb3n.<\/p>\n<p>Heo n\u00e1i, heo n\u1ecdc: 20ml\/1 l\u00edt n\u01b0\u1edbc\/ l\u1ea7n\/ tu\u1ea7n cho \u0111\u1ebfn khi kh\u1ecfi h\u1eb3n.<\/p>\n<p>L\u1eb7p l\u1ea1i \u0111i\u1ec1u tr\u1ecb sau 7-10 ng\u00e0y.<\/p>\n<p><strong>Th\u1eddi gian ng\u01b0ng s\u1eed d\u1ee5ng thu\u1ed1c<\/strong><\/p>\n<p>Th\u00fa l\u1ea5y th\u1ecbt: 7 ng\u00e0y tr\u01b0\u1edbc khi gi\u1ebft th\u1ecbt.<\/p>\n<p>Th\u00fa l\u1ea5y s\u1eefa: 1 l\u1ea7n v\u1eaft s\u1eefa.<\/p>\n<p><strong>H\u1ea1n s\u1eed d\u1ee5ng s\u1ea3n ph\u1ea9m <\/strong><\/p>\n<p>24 th\u00e1ng k\u1ec3 t\u1eeb ng\u00e0y s\u1ea3n xu\u1ea5t.<\/p>\n<p><strong>B\u1ea2O QU\u1ea2N<\/strong><\/p>\n<p>N\u01a1i kh\u00f4 r\u00e1o, tho\u00e1ng m\u00e1t, nhi\u1ec7t \u0111\u1ed9 d\u01b0\u1edbi 30<sup>0<\/sup>C. Tr\u00e1nh \u00e1nh n\u1eafng tr\u1ef1c ti\u1ebfp, tr\u00e1nh xa t\u1ea7m tay tr\u1ebb em.<\/p>\n<p><strong>\u0110\u00d3NG G\u00d3I<\/strong><\/p>\n<p><strong>100ml, 250ml, 1 l\u00edt<\/strong><\/p>\n<p><strong>S\u1ed1 \u0111\u0103ng k\u00fd: MBP-148<\/strong><\/p>\n","protected":false},"excerpt":{"rendered":"<p><strong>\u0110\u1eb6C TR\u1eca NGO\u1ea0I K\u00dd SINH TR\u00d9NG TR\u00caN GIA S\u00daC<\/strong><\/p>\n<p><strong>Dung d\u1ecbch d\u00f9ng ngo\u00e0i<\/strong><\/p>\n<p><strong>C\u00d4NG TH\u1ee8C<\/strong><\/p>\n<p>Amitraz: 12,5g<\/p>\n<p>Dung m\u00f4i v\u1eeba \u0111\u1ee7: 100ml<\/p>\n<p><strong>C\u00d4NG D\u1ee4NG S\u1ea2N PH\u1ea8M<\/strong><\/p>\n<p>Tr\u1ecb hi\u1ec7u qu\u1ea3 ve, gh\u1ebb, r\u1eadn v\u00e0 k\u00fd sinh tr\u00f9ng ngo\u00e0i da tr\u00ean heo v\u00e0 gia s\u00fac.<\/p>\n<p>\u0110\u1eb7c bi\u1ec7t hi\u1ec7u qu\u1ea3 \u0111\u1ed1i v\u1edbi b\u1ec7nh gh\u1ebb do <em>Sarcoptes<\/em> g\u00e2y ra tr\u00ean heo.<\/p>\n<p><strong>CH\u1ed0NG CH\u1ec8 \u0110\u1ecaNH<\/strong><\/p>\n<p>Kh\u00f4ng d\u00f9ng cho th\u00fa m\u1eabn c\u1ea3m v\u1edbi thu\u1ed1c.<\/p>\n<p>Kh\u00f4ng d\u00f9ng chung v\u1edbi c\u00e1c lo\u1ea1i thu\u1ed1c tr\u1ecb k\u00fd sinh tr\u00f9ng ngo\u00e0i da kh\u00e1c.<\/p>\n<p><strong>S\u1eec D\u1ee4NG<\/strong><\/p>\n<p>Tr\u00ean gia s\u00fac<\/p>\n<p>Pha 100ml MEBI TAKTIC v\u1edbi 50-70 l\u00edt n\u01b0\u1edbc v\u00e0 ng\u00e2m con v\u1eadt ho\u1eb7c x\u1ecbt cho \u0111\u1ebfn khi \u01b0\u1edbt.<\/p>\n<p>Tr\u00ean heo: phun x\u1ecbt ho\u1eb7c thoa l\u00ean v\u00f9ng nhi\u1ec5m k\u00fd sinh:<\/p>\n<p>Heo con, heo th\u1ecbt: 5ml\/1 l\u00edt n\u01b0\u1edbc\/ l\u1ea7n\/ tu\u1ea7n cho \u0111\u1ebfn khi kh\u1ecfi h\u1eb3n.<\/p>\n<p>Heo n\u00e1i, heo n\u1ecdc: 20ml\/1 l\u00edt n\u01b0\u1edbc\/ l\u1ea7n\/ tu\u1ea7n cho \u0111\u1ebfn khi kh\u1ecfi h\u1eb3n.<\/p>\n<p>L\u1eb7p l\u1ea1i \u0111i\u1ec1u tr\u1ecb sau 7-10 ng\u00e0y.<\/p>\n<p><strong>Th\u1eddi gian ng\u01b0ng s\u1eed d\u1ee5ng thu\u1ed1c<\/strong><\/p>\n<p>Th\u00fa l\u1ea5y th\u1ecbt: 7 ng\u00e0y tr\u01b0\u1edbc khi gi\u1ebft th\u1ecbt.<\/p>\n<p>Th\u00fa l\u1ea5y s\u1eefa: 1 l\u1ea7n v\u1eaft s\u1eefa.<\/p>\n","protected":false},"featured_media":9893,"comment_status":"closed","ping_status":"closed","template":"","meta":[],"product_brand":[],"product_cat":[62,142,106],"product_tag":[],"class_list":{"0":"post-4652","1":"product","2":"type-product","3":"status-publish","4":"has-post-thumbnail","6":"product_cat-thuoc-thu-y","7":"product_cat-danh-muc-san-pham-gia-cam","8":"product_cat-san-pham-tieu-bieu","10":"first","11":"instock","12":"shipping-taxable","13":"purchasable","14":"product-type-variable","15":"has-default-attributes"},"_links":{"self":[{"href":"https:\/\/mebipha.com\/online\/wp-json\/wp\/v2\/product\/4652","targetHints":{"allow":["GET"]}}],"collection":[{"href":"https:\/\/mebipha.com\/online\/wp-json\/wp\/v2\/product"}],"about":[{"href":"https:\/\/mebipha.com\/online\/wp-json\/wp\/v2\/types\/product"}],"replies":[{"embeddable":true,"href":"https:\/\/mebipha.com\/online\/wp-json\/wp\/v2\/comments?post=4652"}],"wp:featuredmedia":[{"embeddable":true,"href":"https:\/\/mebipha.com\/online\/wp-json\/wp\/v2\/media\/9893"}],"wp:attachment":[{"href":"https:\/\/mebipha.com\/online\/wp-json\/wp\/v2\/media?parent=4652"}],"wp:term":[{"taxonomy":"product_brand","embeddable":true,"href":"https:\/\/mebipha.com\/online\/wp-json\/wp\/v2\/product_brand?post=4652"},{"taxonomy":"product_cat","embeddable":true,"href":"https:\/\/mebipha.com\/online\/wp-json\/wp\/v2\/product_cat?post=4652"},{"taxonomy":"product_tag","embeddable":true,"href":"https:\/\/mebipha.com\/online\/wp-json\/wp\/v2\/product_tag?post=4652"}],"curies":[{"name":"wp","href":"https:\/\/api.w.org\/{rel}","templated":true}]}}