{"id":4631,"date":"2019-02-21T09:43:13","date_gmt":"2019-02-21T02:43:13","guid":{"rendered":"https:\/\/mebipha.com\/?post_type=product&#038;p=4631"},"modified":"2025-12-29T15:47:22","modified_gmt":"2025-12-29T08:47:22","slug":"mebi-flor-20-2","status":"publish","type":"product","link":"https:\/\/mebipha.com\/online\/mebi-flor-20-2\/","title":{"rendered":"MEBI-FLOR 20%"},"content":{"rendered":"<p><strong>\u0110\u1eb6C TR\u1eca CRD, TI\u00caU CH\u1ea2Y DO E.COLI<\/strong><\/p>\n<p><strong>Dung d\u1ecbch u\u1ed1ng<\/strong><\/p>\n<p><strong>C\u00f4ng th\u1ee9c<\/strong><\/p>\n<p>Florfenicol: 200g<\/p>\n<p>Dung m\u00f4i v\u1eeba \u0111\u1ee7: 1 l\u00edt<\/p>\n<p><strong>\u0110\u1eb6C T\u00cdNH D\u01af\u1ee2C L\u00dd S\u1ea2N PH\u1ea8M<\/strong><\/p>\n<p>Florfenicol l\u00e0 kh\u00e1ng sinh t\u1ed5ng h\u1ee3p thu\u1ed9c nh\u00f3m Phenicol, c\u00f3 t\u00e1c d\u1ee5ng k\u00ecm khu\u1ea9n nh\u01b0ng c\u00f3 th\u1ec3 di\u1ec7t khu\u1ea9n ch\u1ed1ng l\u1ea1i m\u1ed9t s\u1ed1 lo\u00e0i vi khu\u1ea9n nh\u1ea5t \u0111\u1ecbnh. N\u00f3 ho\u1ea1t \u0111\u1ed9ng b\u1eb1ng c\u00e1ch li\u00ean k\u1ebft v\u1edbi ti\u1ec3u \u0111\u01a1n v\u1ecb 50S c\u1ee7a ribosom v\u00e0 \u1ee9c ch\u1ebf s\u1ef1 t\u1ed5ng h\u1ee3p protein c\u1ee7a vi khu\u1ea9n.<\/p>\n<p>Kh\u00e1ng sinh nh\u00f3m n\u00e0y c\u00f3 ph\u1ed5 kh\u00e1ng khu\u1ea9n r\u1ed9ng tr\u00ean nhi\u1ec1u vi khu\u1ea9n Gram+ v\u00e0 Gram- (<em>Corynebacterium pyogenes<\/em>, <em>Streptococcus agalactiae<\/em>, <em>Streptococcus dysgalactiae<\/em>, <em>Streptococcus uberis<\/em>, <em>Streptococcus zooepidermicos<\/em>, <em>Streptococcus aureus<\/em>, <em>Enterococcus <\/em>spp., <em>Pasteurella haemolytica<\/em>, <em>Haemophilus influenzae<\/em>, <em>Pasteurella multocida<\/em>, <em>Haemophilus sommus<\/em>, <em>Escherichia coli<\/em>, <em>Salmonella <\/em>spp., <em>Moraxella<\/em> spp., <em>Klebsiella<\/em>, <em>Shigella<\/em> spp., <em>Treponema hyodysentariae<\/em>, <em>Bordroides <\/em>spp., <em>Bordetella bronchiseptica<\/em>, <em>Proteus<\/em> spp. v\u00e0 <em>Neisseria<\/em> spp., <em>), <\/em>vi khu\u1ea9n n\u1ed9i b\u00e0o<em> (Ricketsia, Chlamydia), <\/em>vi khu\u1ea9n k\u1ecb kh\u00ed (<em>Clostridium <\/em>spp.) v\u00e0 <em>Mycoplasma hyopneumoniae.<\/em><\/p>\n<p><em><strong>MEBI-FLOR 20% <\/strong><\/em><em>ch\u1ee9a Florfenicol h\u00e0m l\u01b0\u1ee3ng cao, gi\u00fap t\u0103ng hi\u1ec7u qu\u1ea3 \u0111i\u1ec1u tr\u1ecb.<\/em><\/p>\n<p><strong>C\u00d4NG D\u1ee4NG S\u1ea2N PH\u1ea8M<\/strong><\/p>\n<p><strong>\u0110\u1eb7c tr\u1ecb c\u00e1c b\u1ec7nh h\u00f4 h\u1ea5p v\u00e0 ti\u00eau h\u00f3a tr\u00ean gia c\u1ea7m:<\/strong><\/p>\n<p>B\u1ec7nh CRD ph\u1ee9c h\u1ee3p, vi\u00eam t\u00fai kh\u00ed, t\u1ee5 huy\u1ebft tr\u00f9ng, s\u1ed5 m\u0169i truy\u1ec1n nhi\u1ec5m, s\u01b0ng ph\u00f9 \u0111\u1ea7u.<\/p>\n<p>C\u00e1c b\u1ec7nh nhi\u1ec5m tr\u00f9ng \u0111\u01b0\u1eddng ru\u1ed9t: Ti\u00eau ch\u1ea3y ph\u00e2n s\u1ed1ng do <em>E.coli<\/em>, th\u01b0\u01a1ng h\u00e0n, b\u1ec7nh vi\u00eam ru\u1ed9t, ti\u00eau ch\u1ea3y ph\u00e2n tr\u1eafng, ph\u00e2n xanh.<\/p>\n<p><strong>CH\u1ed0NG CH\u1ec8 \u0110\u1ecaNH<\/strong><\/p>\n<p>Kh\u00f4ng d\u00f9ng cho gia c\u1ea7m m\u1eabn c\u1ea3m v\u1edbi Florfenicol.<\/p>\n<p>Kh\u00f4ng d\u00f9ng cho gia c\u1ea7m \u0111\u1ebb tr\u1ee9ng l\u00e0m th\u1ee9c \u0103n cho ng\u01b0\u1eddi.<\/p>\n<p><strong>s\u1eed d\u1ee5ng<\/strong><\/p>\n<p>Pha v\u00e0o n\u01b0\u1edbc u\u1ed1ng.<\/p>\n<p>Ph\u00f2ng b\u1ec7nh: 1ml\/ 15-20kg th\u1ec3 tr\u1ecdng ho\u1eb7c 1ml\/2 l\u00edt n\u01b0\u1edbc u\u1ed1ng, d\u00f9ng li\u00ean t\u1ee5c 2 &#8211; 3 ng\u00e0y\/\u0111\u1ee3t.<\/p>\n<p>Tr\u1ecb b\u1ec7nh: 1ml\/ 10kg th\u1ec3 tr\u1ecdng ho\u1eb7c 1ml\/1 l\u00edt n\u01b0\u1edbc u\u1ed1ng, d\u00f9ng li\u00ean t\u1ee5c 5 &#8211; 7 ng\u00e0y.<\/p>\n<p><strong>Th\u1eddi gian ng\u01b0ng s\u1eed d\u1ee5ng thu\u1ed1c<\/strong><\/p>\n<p>7 ng\u00e0y tr\u01b0\u1edbc khi gi\u1ebft th\u1ecbt.<\/p>\n<p><strong>B\u1ea2O QU\u1ea2N: <\/strong>N\u01a1i kh\u00f4 r\u00e1o, tho\u00e1ng m\u00e1t, nhi\u1ec7t \u0111\u1ed9 d\u01b0\u1edbi 30<sup>0<\/sup>C. Tr\u00e1nh \u00e1nh n\u1eafng tr\u1ef1c ti\u1ebfp, tr\u00e1nh xa t\u1ea7m tay tr\u1ebb em.<\/p>\n<p><strong>H\u1ea0N S\u1eec D\u1ee4NG S\u1ea2N PH\u1ea8M<\/strong><\/p>\n<p>24 th\u00e1ng k\u1ec3 t\u1eeb ng\u00e0y s\u1ea3n xu\u1ea5t.<\/p>\n<p><strong>\u0110\u00d3NG G\u00d3I<\/strong><\/p>\n<p>100ml, 250ml, 500ml, 1 l\u00edt<\/p>\n<p><strong>S\u1ed1 \u0111\u0103ng k\u00fd: MBP-152<\/strong><\/p>\n","protected":false},"excerpt":{"rendered":"<p><strong>\u0110\u1eb6C TR\u1eca CRD, TI\u00caU CH\u1ea2Y DO E.COLI<\/strong><\/p>\n<p><strong>Dung d\u1ecbch u\u1ed1ng<\/strong><\/p>\n<p><strong>C\u00f4ng th\u1ee9c<\/strong><\/p>\n<p>Florfenicol: 200g<\/p>\n<p>Dung m\u00f4i v\u1eeba \u0111\u1ee7: 1 l\u00edt<\/p>\n<p><strong>C\u00d4NG D\u1ee4NG S\u1ea2N PH\u1ea8M<\/strong><\/p>\n<p><strong>\u0110\u1eb7c tr\u1ecb c\u00e1c b\u1ec7nh h\u00f4 h\u1ea5p v\u00e0 ti\u00eau h\u00f3a tr\u00ean gia c\u1ea7m:<\/strong><\/p>\n<p>B\u1ec7nh CRD ph\u1ee9c h\u1ee3p, vi\u00eam t\u00fai kh\u00ed, t\u1ee5 huy\u1ebft tr\u00f9ng, s\u1ed5 m\u0169i truy\u1ec1n nhi\u1ec5m, s\u01b0ng ph\u00f9 \u0111\u1ea7u.<\/p>\n<p>C\u00e1c b\u1ec7nh nhi\u1ec5m tr\u00f9ng \u0111\u01b0\u1eddng ru\u1ed9t: Ti\u00eau ch\u1ea3y ph\u00e2n s\u1ed1ng do <em>E.coli<\/em>, th\u01b0\u01a1ng h\u00e0n, b\u1ec7nh vi\u00eam ru\u1ed9t, ti\u00eau ch\u1ea3y ph\u00e2n tr\u1eafng, ph\u00e2n xanh.<\/p>\n<p><strong>CH\u1ed0NG CH\u1ec8 \u0110\u1ecaNH<\/strong><\/p>\n<p>Kh\u00f4ng d\u00f9ng cho gia c\u1ea7m m\u1eabn c\u1ea3m v\u1edbi Florfenicol.<\/p>\n<p>Kh\u00f4ng d\u00f9ng cho gia c\u1ea7m \u0111\u1ebb tr\u1ee9ng l\u00e0m th\u1ee9c \u0103n cho ng\u01b0\u1eddi.<\/p>\n<p><strong>s\u1eed d\u1ee5ng<\/strong><\/p>\n<p>Pha v\u00e0o n\u01b0\u1edbc u\u1ed1ng.<\/p>\n<p>Ph\u00f2ng b\u1ec7nh: 1ml\/ 15-20kg th\u1ec3 tr\u1ecdng ho\u1eb7c 1ml\/2 l\u00edt n\u01b0\u1edbc u\u1ed1ng, d\u00f9ng li\u00ean t\u1ee5c 2 &#8211; 3 ng\u00e0y\/\u0111\u1ee3t.<\/p>\n<p>Tr\u1ecb b\u1ec7nh: 1ml\/ 10kg th\u1ec3 tr\u1ecdng ho\u1eb7c 1ml\/1 l\u00edt n\u01b0\u1edbc u\u1ed1ng, d\u00f9ng li\u00ean t\u1ee5c 5 &#8211; 7 ng\u00e0y.<\/p>\n","protected":false},"featured_media":10563,"comment_status":"closed","ping_status":"closed","template":"","meta":[],"product_brand":[],"product_cat":[62,142],"product_tag":[],"class_list":{"0":"post-4631","1":"product","2":"type-product","3":"status-publish","4":"has-post-thumbnail","6":"product_cat-thuoc-thu-y","7":"product_cat-danh-muc-san-pham-gia-cam","9":"first","10":"instock","11":"shipping-taxable","12":"purchasable","13":"product-type-variable","14":"has-default-attributes"},"_links":{"self":[{"href":"https:\/\/mebipha.com\/online\/wp-json\/wp\/v2\/product\/4631","targetHints":{"allow":["GET"]}}],"collection":[{"href":"https:\/\/mebipha.com\/online\/wp-json\/wp\/v2\/product"}],"about":[{"href":"https:\/\/mebipha.com\/online\/wp-json\/wp\/v2\/types\/product"}],"replies":[{"embeddable":true,"href":"https:\/\/mebipha.com\/online\/wp-json\/wp\/v2\/comments?post=4631"}],"wp:featuredmedia":[{"embeddable":true,"href":"https:\/\/mebipha.com\/online\/wp-json\/wp\/v2\/media\/10563"}],"wp:attachment":[{"href":"https:\/\/mebipha.com\/online\/wp-json\/wp\/v2\/media?parent=4631"}],"wp:term":[{"taxonomy":"product_brand","embeddable":true,"href":"https:\/\/mebipha.com\/online\/wp-json\/wp\/v2\/product_brand?post=4631"},{"taxonomy":"product_cat","embeddable":true,"href":"https:\/\/mebipha.com\/online\/wp-json\/wp\/v2\/product_cat?post=4631"},{"taxonomy":"product_tag","embeddable":true,"href":"https:\/\/mebipha.com\/online\/wp-json\/wp\/v2\/product_tag?post=4631"}],"curies":[{"name":"wp","href":"https:\/\/api.w.org\/{rel}","templated":true}]}}