{"id":4606,"date":"2019-02-19T15:49:19","date_gmt":"2019-02-19T08:49:19","guid":{"rendered":"https:\/\/mebipha.com\/?post_type=product&#038;p=4606"},"modified":"2024-02-21T13:20:48","modified_gmt":"2024-02-21T06:20:48","slug":"mebi-aminovita","status":"publish","type":"product","link":"https:\/\/mebipha.com\/online\/mebi-aminovita\/","title":{"rendered":"MEBI-AMINOVITA"},"content":{"rendered":"<p><strong>B\u1ed4 SUNG VITAMIN, T\u0102NG N\u0102NG SU\u1ea4T CH\u0102N NU\u00d4I<\/strong><\/p>\n<p><strong>Dung d\u1ecbch u\u1ed1ng<\/strong><\/p>\n<p><strong>MEBI-AMINOVITA <\/strong>l\u00e0 dung d\u1ecbch \u0111\u1eadm \u0111\u1eb7c ch\u1ee9a c\u00e1c vitamin thi\u1ebft y\u1ebfu h\u1ed7 tr\u1ee3 t\u00ecnh tr\u1ea1ng suy dinh d\u01b0\u1ee1ng, thi\u1ebfu ch\u1ea5t cho gia s\u00fac, gia c\u1ea7m:<\/p>\n<p><strong>Vitamin A<\/strong> gi\u00fap b\u1ea3o v\u1ec7 bi\u1ec3u m\u00f4 da, ni\u00eam m\u1ea1c \u0111\u01b0\u1eddng h\u00f4 h\u1ea5p, c\u00e1c tuy\u1ebfn b\u00e0i ti\u1ebft gi\u00e1c m\u1ea1c m\u1eaft, t\u0103ng c\u01b0\u1eddng kh\u1ea3 n\u0103ng mi\u1ec5n d\u1ecbch, t\u0103ng s\u1ee9c \u0111\u1ec1 kh\u00e1ng v\u00e0 k\u00edch th\u00edch qu\u00e1 tr\u00ecnh sinh s\u1ea3n c\u1ee7a v\u1eadt nu\u00f4i.<\/p>\n<p><strong>Vitamin D3 <\/strong>gi\u00fap c\u01a1 th\u1ec3 v\u1eadt nu\u00f4i h\u1ea5p th\u1ee5 canxi v\u00e0 phosphate. Canxi v\u00e0 phosphate r\u1ea5t quan tr\u1ecdng cho vi\u1ec7c x\u00e2y d\u1ef1ng v\u00e0 duy tr\u00ec x\u01b0\u01a1ng ch\u1eafc kh\u1ecfe.<\/p>\n<p><strong>Vitamin B1 <\/strong>c\u1ea7n thi\u1ebft cho s\u1ef1 chuy\u1ec3n h\u00f3a glucid cung c\u1ea5p n\u0103ng l\u01b0\u1ee3ng cho c\u01a1 th\u1ec3, c\u00e2n b\u1eb1ng h\u1ec7 th\u1ed1ng th\u1ea7n kinh, tim v\u00e0 gan.<\/p>\n<p><strong>Vitamin B2<\/strong> gi\u00fap v\u1ebft th\u01b0\u01a1ng nhanh l\u00e0nh, ng\u0103n ch\u1eb7n m\u1ea7m b\u1ec7nh x\u00e2m h\u1ea1i c\u01a1 th\u1ec3.<\/p>\n<p><strong>Viamin B12<\/strong> tham gia v\u00e0o qu\u00e1 tr\u00ecnh t\u1ea1o m\u00e1u n\u00ean \u0111\u1eb7c bi\u1ec7t c\u1ea7n thi\u1ebft cho v\u1eadt nu\u00f4i.<\/p>\n<p><strong>TH\u00c0NH PH\u1ea6N<\/strong><\/p>\n<p>Vitamin A* (min): 12.000.000 UI<\/p>\n<p>Vitamin D3* (min): 4.000.000 UI<\/p>\n<p>Vitamin B1 (min): 2.500mg<\/p>\n<p>Vitamin B2 (min): 1.000mg<\/p>\n<p>Vitamin B12 (min): 30.000mcg<\/p>\n<p>Dung m\u00f4i (N\u01b0\u1edbc c\u1ea5t, Propylene glycol) v\u1eeba \u0111\u1ee7: 1 l\u00edt<\/p>\n<p><strong>L\u1ee2I \u00cdCH C\u1ee6A VI\u1ec6C B\u1ed4 SUNG S\u1ea2N PH\u1ea8M<\/strong><\/p>\n<p>H\u1ea1n ch\u1ebf t\u00ecnh tr\u1ea1ng suy dinh d\u01b0\u1ee1ng.<\/p>\n<p>H\u1ea1n ch\u1ebf stress do nhi\u1ec1u nguy\u00ean nh\u00e2n.<\/p>\n<p>T\u0103ng s\u1ea3n l\u01b0\u1ee3ng tr\u1ee9ng, \u1ed5n \u0111\u1ecbnh n\u0103ng su\u1ea5t \u0111\u1ebb tr\u00ean gia c\u1ea7m.<\/p>\n<p>V\u1eadt nu\u00f4i t\u0103ng tr\u01b0\u1edfng nhanh.<\/p>\n<p>G\u00e0 th\u1ecbt v\u00e0ng ch\u00e2n, v\u00e0ng da, \u0111\u1eb9p m\u00e3.<\/p>\n<p><strong>H\u01af\u1edaNG D\u1eaaN S\u1eec D\u1ee4NG<\/strong><\/p>\n<p>Pha v\u00e0o n\u01b0\u1edbc u\u1ed1ng.<\/p>\n<p>S\u1eed d\u1ee5ng \u0111\u1ecbnh k\u1ef3: 1ml\/5 l\u00edt n\u01b0\u1edbc u\u1ed1ng, d\u00f9ng li\u00ean t\u1ee5c 3 \u2013 5 ng\u00e0y.<\/p>\n<p>Trong th\u1eddi gian \u0111i\u1ec1u tr\u1ecb b\u1ec7nh: 1ml\/2 l\u00edt n\u01b0\u1edbc u\u1ed1ng, d\u00f9ng li\u00ean t\u1ee5c 5 \u2013 7 ng\u00e0y.<\/p>\n<p><strong>H\u1ea1n s\u1eed d\u1ee5ng s\u1ea3n ph\u1ea9m <\/strong><\/p>\n<p>24 th\u00e1ng k\u1ec3 t\u1eeb ng\u00e0y s\u1ea3n xu\u1ea5t.<\/p>\n<p><strong>B\u1ea2O QU\u1ea2N<\/strong><\/p>\n<p>N\u01a1i kh\u00f4 r\u00e1o, tho\u00e1ng m\u00e1t, nhi\u1ec7t \u0111\u1ed9 d\u01b0\u1edbi 30<sup>0<\/sup>C. Tr\u00e1nh \u00e1nh n\u1eafng tr\u1ef1c ti\u1ebfp, tr\u00e1nh xa t\u1ea7m tay tr\u1ebb em.<\/p>\n<p><strong>\u0110\u00d3NG G\u00d3I<\/strong><\/p>\n<p><strong>100ml, 500ml, 1 l\u00edt<\/strong><\/p>\n<p><strong>S\u1ed1 \u0111\u0103ng k\u00fd: TCCS 003:2013\/MBP<\/strong><\/p>\n","protected":false},"excerpt":{"rendered":"<p><strong>B\u1ed4 SUNG VITAMIN, T\u0102NG N\u0102NG SU\u1ea4T CH\u0102N NU\u00d4I<\/strong><\/p>\n<p><strong>Dung d\u1ecbch u\u1ed1ng<\/strong><\/p>\n<p><strong>TH\u00c0NH PH\u1ea6N<\/strong><\/p>\n<p>Vitamin A* (min): 12.000.000 UI<\/p>\n<p>Vitamin D3* (min): 4.000.000 UI<\/p>\n<p>Vitamin B1 (min): 2.500mg<\/p>\n<p>Vitamin B2 (min): 1.000mg<\/p>\n<p>Vitamin B12 (min): 30.000mcg<\/p>\n<p><strong>L\u1ee2I \u00cdCH C\u1ee6A VI\u1ec6C B\u1ed4 SUNG S\u1ea2N PH\u1ea8M<\/strong><\/p>\n<p>H\u1ea1n ch\u1ebf t\u00ecnh tr\u1ea1ng suy dinh d\u01b0\u1ee1ng.<\/p>\n<p>H\u1ea1n ch\u1ebf stress do nhi\u1ec1u nguy\u00ean nh\u00e2n.<\/p>\n<p>T\u0103ng s\u1ea3n l\u01b0\u1ee3ng tr\u1ee9ng, \u1ed5n \u0111\u1ecbnh n\u0103ng su\u1ea5t \u0111\u1ebb tr\u00ean gia c\u1ea7m.<\/p>\n<p>V\u1eadt nu\u00f4i t\u0103ng tr\u01b0\u1edfng nhanh.<\/p>\n<p>G\u00e0 th\u1ecbt v\u00e0ng ch\u00e2n, v\u00e0ng da, \u0111\u1eb9p m\u00e3.<\/p>\n<p><strong>H\u01af\u1edaNG D\u1eaaN S\u1eec D\u1ee4NG<\/strong><\/p>\n<p>Pha v\u00e0o n\u01b0\u1edbc u\u1ed1ng.<\/p>\n<p>S\u1eed d\u1ee5ng \u0111\u1ecbnh k\u1ef3: 1ml\/5 l\u00edt n\u01b0\u1edbc u\u1ed1ng, d\u00f9ng li\u00ean t\u1ee5c 3 \u2013 5 ng\u00e0y.<\/p>\n<p>Trong th\u1eddi gian \u0111i\u1ec1u tr\u1ecb b\u1ec7nh: 1ml\/2 l\u00edt n\u01b0\u1edbc u\u1ed1ng, d\u00f9ng li\u00ean t\u1ee5c 5 \u2013 7 ng\u00e0y.<\/p>\n","protected":false},"featured_media":10086,"comment_status":"closed","ping_status":"closed","template":"","meta":[],"product_brand":[],"product_cat":[62,142],"product_tag":[],"class_list":{"0":"post-4606","1":"product","2":"type-product","3":"status-publish","4":"has-post-thumbnail","6":"product_cat-thuoc-thu-y","7":"product_cat-danh-muc-san-pham-gia-cam","9":"first","10":"instock","11":"shipping-taxable","12":"purchasable","13":"product-type-variable","14":"has-default-attributes"},"_links":{"self":[{"href":"https:\/\/mebipha.com\/online\/wp-json\/wp\/v2\/product\/4606","targetHints":{"allow":["GET"]}}],"collection":[{"href":"https:\/\/mebipha.com\/online\/wp-json\/wp\/v2\/product"}],"about":[{"href":"https:\/\/mebipha.com\/online\/wp-json\/wp\/v2\/types\/product"}],"replies":[{"embeddable":true,"href":"https:\/\/mebipha.com\/online\/wp-json\/wp\/v2\/comments?post=4606"}],"wp:featuredmedia":[{"embeddable":true,"href":"https:\/\/mebipha.com\/online\/wp-json\/wp\/v2\/media\/10086"}],"wp:attachment":[{"href":"https:\/\/mebipha.com\/online\/wp-json\/wp\/v2\/media?parent=4606"}],"wp:term":[{"taxonomy":"product_brand","embeddable":true,"href":"https:\/\/mebipha.com\/online\/wp-json\/wp\/v2\/product_brand?post=4606"},{"taxonomy":"product_cat","embeddable":true,"href":"https:\/\/mebipha.com\/online\/wp-json\/wp\/v2\/product_cat?post=4606"},{"taxonomy":"product_tag","embeddable":true,"href":"https:\/\/mebipha.com\/online\/wp-json\/wp\/v2\/product_tag?post=4606"}],"curies":[{"name":"wp","href":"https:\/\/api.w.org\/{rel}","templated":true}]}}