{"id":4602,"date":"2019-02-19T15:33:43","date_gmt":"2019-02-19T08:33:43","guid":{"rendered":"https:\/\/mebipha.com\/?post_type=product&#038;p=4602"},"modified":"2025-12-26T10:53:53","modified_gmt":"2025-12-26T03:53:53","slug":"mebi-sultrim-inj","status":"publish","type":"product","link":"https:\/\/mebipha.com\/online\/mebi-sultrim-inj\/","title":{"rendered":"MEBI-SULTRIM INJ"},"content":{"rendered":"<p><strong>\u0110\u1eb6C TR\u1eca NHI\u1ec4M TR\u00d9NG \u0110\u01af\u1edcNG RU\u1ed8T, \u0110\u01af\u1edcNG H\u00d4 H\u1ea4P<\/strong><\/p>\n<p><strong>Dung d\u1ecbch kh\u00e1ng sinh ti\u00eam<\/strong><\/p>\n<p><strong>C\u00d4NG TH\u1ee8C<\/strong><\/p>\n<p>Trimethoprim: 4g<\/p>\n<p>Sulfamethoxazole: 20g<\/p>\n<p>Dung m\u00f4i v\u1eeba \u0111\u1ee7: 100ml<\/p>\n<p><strong>\u0110\u1eb6C T\u00cdNH D\u01af\u1ee2C L\u00dd C\u1ee6A S\u1ea2N PH\u1ea8M<\/strong><\/p>\n<p>Sulfamethoxazole v\u00e0 Trimethoprim hi\u1ec7p l\u1ef1c do \u1ee9c ch\u1ebf c\u00e1c \u0111o\u1ea1n k\u1ebf ti\u1ebfp trong chuy\u1ec3n h\u00f3a, \u0111\u1ea9y nhanh qu\u00e1 tr\u00ecnh ti\u00eau di\u1ec7t vi khu\u1ea9n, t\u0103ng hi\u1ec7u qu\u1ea3 c\u1ee7a kh\u00e1ng sinh. C\u1ea3 2 kh\u00e1ng sinh n\u00e0y \u0111\u1ec1u c\u00f3 t\u00e1c \u0111\u1ed9ng k\u00ecm khu\u1ea9n nh\u01b0ng khi k\u1ebft h\u1ee3p v\u1edbi nhau th\u00ec c\u00f3 hi\u1ec7u qu\u1ea3 di\u1ec7t khu\u1ea9n v\u00e0 \u1ee9c ch\u1ebf vi khu\u1ea9n t\u1ed5ng h\u1ee3p thymidine.<\/p>\n<p>Ph\u1ed5 kh\u00e1ng khu\u1ea9n \u0111\u01b0\u1ee3c m\u1edf r\u1ed9ng khi k\u1ebft h\u1ee3p c\u00f9ng l\u00fac hai lo\u1ea1i kh\u00e1ng sinh n\u00e0y. C\u00e1c vi khu\u1ea9n nh\u1ea1y c\u1ea3m bao g\u1ed3m: <em>Actinomyces <\/em>spp., <em>Bacillus anthracis<\/em>, <em>Bordetella<\/em> spp., <em>Brucella<\/em> spp., <em>Clostridia <\/em>spp., <em>Corynebacterium<\/em> spp., <em>E. coli<\/em>, <em>Haemophilus<\/em> spp., <em>Klebsiella<\/em> spp. , <em>Pasteurella<\/em> spp., <em>Proteus<\/em> spp., <em>Salmonella<\/em> spp., <em>Staphylococci<\/em>, <em>Streptococci<\/em> v\u00e0 <em>Campylobacter <\/em>spp .. v\u00e0 m\u1ed9t s\u1ed1 lo\u00e0i protozoa (<em>Pneumocystis carinii<\/em>, <em>Coccidia v\u00e0 Toxoplasma<\/em>). Ngo\u00e0i ra, s\u1ef1 k\u1ebft h\u1ee3p gi\u1eefa hai kh\u00e1ng sinh n\u00e0y c\u0169ng gi\u1ea3m thi\u1ec3u kh\u1ea3 n\u0103ng b\u1ecb \u0111\u1ec1 kh\u00e1ng h\u01a1n l\u00e0 m\u1ed9t lo\u1ea1i kh\u00e1ng sinh ri\u00eang l\u1ebb.<\/p>\n<p><strong>C\u00d4NG D\u1ee4NG S\u1ea2N PH\u1ea8M<\/strong><\/p>\n<p><strong>\u0110i\u1ec1u tr\u1ecb cho heo, tr\u00e2u, b\u00f2, d\u00ea, c\u1eebu trong c\u00e1c tr\u01b0\u1eddng h\u1ee3p:<\/strong><\/p>\n<p>Ti\u00eau ch\u1ea3y do <em>E.coli<\/em>, ph\u00f3 th\u01b0\u01a1ng h\u00e0n, t\u1ee5 huy\u1ebft tr\u00f9ng.<\/p>\n<p>Nhi\u1ec5m tr\u00f9ng \u0111\u01b0\u1eddng h\u00f4 h\u1ea5p: vi\u00eam ph\u1ed5i, suy\u1ec5n. Nhi\u1ec5m tr\u00f9ng \u0111\u01b0\u1eddng ti\u1ebft ni\u1ec7u.<\/p>\n<p>\u0110\u1eb7c bi\u1ec7t l\u00e0 d\u00f9ng trong c\u00e1c tr\u01b0\u1eddng h\u1ee3p v\u1eadt nu\u00f4i s\u1ed1t, b\u1ecf \u0103n kh\u00f4ng r\u00f5 nguy\u00ean nh\u00e2n.<\/p>\n<p><strong>CH\u1ed0NG CH\u1ec8 \u0110\u1ecaNH<\/strong><\/p>\n<p>Th\u00fa m\u1eabn c\u1ea3m v\u1edbi c\u00e1c th\u00e0nh ph\u1ea7n c\u1ee7a thu\u1ed1c.<\/p>\n<p>Th\u00fa b\u1ecb suy gi\u1ea3m ch\u1ee9c n\u0103ng gan, th\u1eadn nghi\u00eam tr\u1ecdng.<\/p>\n<p><strong>S\u1eec D\u1ee4NG<\/strong><\/p>\n<p>Ti\u00eam b\u1eafp ho\u1eb7c d\u01b0\u1edbi da.<\/p>\n<p>Heo con: 1ml\/ 10kg th\u1ec3 tr\u1ecdng\/ ng\u00e0y.<\/p>\n<p>Heo l\u1edbn, c\u1eebu, d\u00ea, b\u00ea, ngh\u00e9: 1ml\/ 15kg th\u1ec3 tr\u1ecdng\/ ng\u00e0y.<\/p>\n<p>Tr\u00e2u b\u00f2: 1ml\/ 25kg th\u1ec3 tr\u1ecdng\/ ng\u00e0y.<\/p>\n<p>\u0110i\u1ec1u tr\u1ecb li\u00ean t\u1ee5c trong 3 &#8211; 5 ng\u00e0y.<\/p>\n<p><strong>Th\u1eddi gian ng\u01b0ng s\u1eed d\u1ee5ng thu\u1ed1c <\/strong><\/p>\n<p>Th\u00fa l\u1ea5y th\u1ecbt: 5 ng\u00e0y tr\u01b0\u1edbc khi gi\u1ebft m\u1ed5<\/p>\n<p>Th\u00fa l\u1ea5y s\u1eefa: 8 l\u1ea7n v\u1eaft s\u1eefa<\/p>\n<p><strong>B\u1ea2O QU\u1ea2N: <\/strong>N\u01a1i kh\u00f4 r\u00e1o, tho\u00e1ng m\u00e1t, nhi\u1ec7t \u0111\u1ed9 d\u01b0\u1edbi 30<sup>0<\/sup>C. Tr\u00e1nh \u00e1nh n\u1eafng tr\u1ef1c ti\u1ebfp, tr\u00e1nh xa t\u1ea7m tay tr\u1ebb em.<\/p>\n<p><strong>H\u1ea0N S\u1eec D\u1ee4NG S\u1ea2N PH\u1ea8M<\/strong><\/p>\n<p>24 th\u00e1ng k\u1ec3 t\u1eeb ng\u00e0y s\u1ea3n xu\u1ea5t.<\/p>\n<p><strong>\u0110\u00d3NG G\u00d3I<\/strong><\/p>\n<p>20ml, 100ml<\/p>\n<p><strong>S\u1ed1 \u0111\u0103ng k\u00fd: MBP-11<\/strong><\/p>\n","protected":false},"excerpt":{"rendered":"<p>Th\u00e0nh ph\u1ea7n:\u00a0Trimethoprim, Sulfamethoxazole,\u00a0Dung m\u00f4i v\u1eeba \u0111\u1ee7.<\/p>\n<p>S\u1eed d\u1ee5ng:<\/p>\n<p>Heo con: 1ml\/10 kg th\u1ec3 tr\u1ecdng \/ ng\u00e0y.<br \/>\nHeo l\u1edbn, b\u00ea, c\u1eebu, d\u00ea: 1ml\/ 15 kg th\u1ec3 tr\u1ecdng \/ ng\u00e0y.<br \/>\nTr\u00e2u, b\u00f2: 1ml\/25 kg th\u1ec3 tr\u1ecdng\/ ng\u00e0y \u0110i\u1ec1u tr\u1ecb 3 &#8211; 5 ng\u00e0y.<\/p>\n","protected":false},"featured_media":10078,"comment_status":"closed","ping_status":"closed","template":"","meta":[],"product_brand":[],"product_cat":[62],"product_tag":[],"class_list":{"0":"post-4602","1":"product","2":"type-product","3":"status-publish","4":"has-post-thumbnail","6":"product_cat-thuoc-thu-y","8":"first","9":"instock","10":"shipping-taxable","11":"purchasable","12":"product-type-variable","13":"has-default-attributes"},"_links":{"self":[{"href":"https:\/\/mebipha.com\/online\/wp-json\/wp\/v2\/product\/4602","targetHints":{"allow":["GET"]}}],"collection":[{"href":"https:\/\/mebipha.com\/online\/wp-json\/wp\/v2\/product"}],"about":[{"href":"https:\/\/mebipha.com\/online\/wp-json\/wp\/v2\/types\/product"}],"replies":[{"embeddable":true,"href":"https:\/\/mebipha.com\/online\/wp-json\/wp\/v2\/comments?post=4602"}],"wp:featuredmedia":[{"embeddable":true,"href":"https:\/\/mebipha.com\/online\/wp-json\/wp\/v2\/media\/10078"}],"wp:attachment":[{"href":"https:\/\/mebipha.com\/online\/wp-json\/wp\/v2\/media?parent=4602"}],"wp:term":[{"taxonomy":"product_brand","embeddable":true,"href":"https:\/\/mebipha.com\/online\/wp-json\/wp\/v2\/product_brand?post=4602"},{"taxonomy":"product_cat","embeddable":true,"href":"https:\/\/mebipha.com\/online\/wp-json\/wp\/v2\/product_cat?post=4602"},{"taxonomy":"product_tag","embeddable":true,"href":"https:\/\/mebipha.com\/online\/wp-json\/wp\/v2\/product_tag?post=4602"}],"curies":[{"name":"wp","href":"https:\/\/api.w.org\/{rel}","templated":true}]}}