{"id":4590,"date":"2019-02-19T14:57:29","date_gmt":"2019-02-19T07:57:29","guid":{"rendered":"https:\/\/mebipha.com\/?post_type=product&#038;p=4590"},"modified":"2024-05-10T15:55:25","modified_gmt":"2024-05-10T08:55:25","slug":"mebi-iodinetom","status":"publish","type":"product","link":"https:\/\/mebipha.com\/online\/mebi-iodinetom\/","title":{"rendered":"MEBI-IODINE(T\u00d4M)"},"content":{"rendered":"","protected":false},"excerpt":{"rendered":"<p>DI\u1ec6T VI KHU\u1ea8N, NGUY\u00caN SINH \u0110\u1ed8NG V\u1eacT<\/p>\n<p><strong>C\u00d4NG TH\u1ee8C<\/strong><\/p>\n<p>PVP Iodine\u2026\u2026. 120 g<\/p>\n<p>Dung m\u00f4i v\u1eeba \u0111\u1ee7\u2026&#8230; 1 l\u00edt<\/p>\n<p><strong>CH\u1ec8 \u0110\u1ecaNH<\/strong><\/p>\n<p>S\u00e1t tr\u00f9ng di\u1ec7t khu\u1ea9n, nguy\u00ean sinh \u0111\u1ed9ng v\u1eadt, l\u00e0m s\u1ea1ch ngu\u1ed3n n\u01b0\u1edbc ao nu\u00f4i th\u1ee7y s\u1ea3n. S\u00e1t tr\u00f9ng nh\u00e0 x\u01b0\u1edfng, d\u1ee5ng c\u1ee5, trang thi\u1ebft b\u1ecb trong b\u1ec3 \u01b0\u01a1m.<\/p>\n<p><strong>LI\u1ec0U L\u01af\u1ee2NG <\/strong><\/p>\n<p>Chu\u1ea9n b\u1ecb ao: 1 l\u00edt\/2.000 &#8211; 3.000m<sup>3<\/sup> n\u01b0\u1edbc tr\u01b0\u1edbc khi th\u1ea3 gi\u1ed1ng.<\/p>\n<p>Di\u1ec7t vi khu\u1ea9n, virus\u00a0 khi t\u00f4m b\u1ecb b\u1ec7nh: 1 l\u00edt \/4.000 m<sup>3<\/sup> n\u01b0\u1edbc.<\/p>\n<p>\u0110\u1ecbnh k\u1ef3 di\u1ec7t vi khu\u1ea9n, virus: 1 l\u00edt\/8.000m<sup>3<\/sup> n\u01b0\u1edbc, 14 ng\u00e0y 1 l\u1ea7n.<\/p>\n<p><strong>H\u01af\u1edaNG D\u1eaaN S\u1eec D\u1ee4NG<\/strong><\/p>\n<p>H\u00f2a tan v\u00e0o n\u01b0\u1edbc, sau \u0111\u00f3 t\u1ea1t \u0111\u1ec1u kh\u1eafp m\u1eb7t ao, k\u1ebft h\u1ee3p ch\u1ea1y qu\u1ea1t n\u01b0\u1edbc, d\u00f9ng t\u1ed1t nh\u1ea5t l\u00fac tr\u1eddi m\u00e1t (16-18 gi\u1edd) ho\u1eb7c bu\u1ed5i t\u1ed1i (18-20 gi\u1edd).<\/p>\n<p><strong>TH\u1edcI GIAN NG\u01afNG S\u1eec D\u1ee4NG THU\u1ed0C<\/strong><\/p>\n<p>Kh\u00f4ng c\u1ea7n th\u1eddi gian ng\u01b0ng thu\u1ed1c.<\/p>\n","protected":false},"featured_media":10315,"comment_status":"closed","ping_status":"closed","template":"","meta":[],"product_brand":[],"product_cat":[71,134],"product_tag":[],"class_list":{"0":"post-4590","1":"product","2":"type-product","3":"status-publish","4":"has-post-thumbnail","6":"product_cat-thuoc-thuy-san","7":"product_cat-thuoc-thuy-san-thuoc-thuy-san","9":"first","10":"instock","11":"shipping-taxable","12":"purchasable","13":"product-type-variable","14":"has-default-attributes"},"_links":{"self":[{"href":"https:\/\/mebipha.com\/online\/wp-json\/wp\/v2\/product\/4590","targetHints":{"allow":["GET"]}}],"collection":[{"href":"https:\/\/mebipha.com\/online\/wp-json\/wp\/v2\/product"}],"about":[{"href":"https:\/\/mebipha.com\/online\/wp-json\/wp\/v2\/types\/product"}],"replies":[{"embeddable":true,"href":"https:\/\/mebipha.com\/online\/wp-json\/wp\/v2\/comments?post=4590"}],"wp:featuredmedia":[{"embeddable":true,"href":"https:\/\/mebipha.com\/online\/wp-json\/wp\/v2\/media\/10315"}],"wp:attachment":[{"href":"https:\/\/mebipha.com\/online\/wp-json\/wp\/v2\/media?parent=4590"}],"wp:term":[{"taxonomy":"product_brand","embeddable":true,"href":"https:\/\/mebipha.com\/online\/wp-json\/wp\/v2\/product_brand?post=4590"},{"taxonomy":"product_cat","embeddable":true,"href":"https:\/\/mebipha.com\/online\/wp-json\/wp\/v2\/product_cat?post=4590"},{"taxonomy":"product_tag","embeddable":true,"href":"https:\/\/mebipha.com\/online\/wp-json\/wp\/v2\/product_tag?post=4590"}],"curies":[{"name":"wp","href":"https:\/\/api.w.org\/{rel}","templated":true}]}}