{"id":4581,"date":"2019-02-19T14:48:05","date_gmt":"2019-02-19T07:48:05","guid":{"rendered":"https:\/\/mebipha.com\/?post_type=product&#038;p=4581"},"modified":"2025-12-29T13:35:34","modified_gmt":"2025-12-29T06:35:34","slug":"mebi-iodine-2","status":"publish","type":"product","link":"https:\/\/mebipha.com\/online\/mebi-iodine-2\/","title":{"rendered":"MEBI-IODINE"},"content":{"rendered":"<p><strong>S\u00c1T TR\u00d9NG, DI\u1ec6T VIRUS, B\u00c0O T\u1eec N\u1ea4M M\u1ed0C V\u00c0 NGUY\u00caN SINH \u0110\u1ed8NG V\u1eacT<\/strong><\/p>\n<p><strong>Dung d\u1ecbch d\u00f9ng ngo\u00e0i<\/strong><\/p>\n<p><strong>C\u00d4NG TH\u1ee8C<\/strong><\/p>\n<p>PVP Iodine: 10g<\/p>\n<p>Dung m\u00f4i v\u1eeba \u0111\u1ee7: 100ml<\/p>\n<p><strong>\u0110\u1eb6C T\u00cdNH D\u01af\u1ee2C L\u00dd S\u1ea2N PH\u1ea8M<\/strong><\/p>\n<p><strong>MEBI \u2013 IODINE <\/strong>ch\u1ee9a ph\u1ee9c h\u1ee3p h\u1eefu c\u01a1 Polyvidone iodine (PVP Iodine), c\u00f3 ph\u1ed5 s\u00e1t khu\u1ea9n r\u1ed9ng, c\u00f3 th\u1ec3 di\u1ec7t vi khu\u1ea9n, vi n\u1ea5m, virus, k\u00fd sinh tr\u00f9ng, k\u1ec3 c\u1ea3 b\u00e0o t\u1eed vi khu\u1ea9n.<\/p>\n<p>PVP Iodine ch\u1ee9a 10% iod ho\u1ea1t t\u00ednh, iod \u0111\u01b0\u1ee3c ph\u00f3ng th\u00edch t\u1eeb t\u1eeb, do \u0111\u00f3 t\u00ednh s\u00e1t tr\u00f9ng v\u00e0 di\u1ec7t n\u1ea5m c\u1ee7a PVP IODINE r\u1ea5t t\u1ed1t v\u00e0 k\u00e9o d\u00e0i, an to\u00e0n khi s\u1eed d\u1ee5ng.<\/p>\n<p>PVP Iodine t\u00e1c d\u1ee5ng t\u1ed1t tr\u00ean <em>Staphylococcus, Proteus, Clostridium, Colibacillus, Candida albicans<\/em>, c\u00e1c v\u1ebft th\u01b0\u01a1ng c\u00f3 m\u00e1u m\u1ee7 hay th\u1ed1i r\u1eefa.<\/p>\n<p><strong>C\u00d4NG D\u1ee4NG S\u1ea2N PH\u1ea8M<\/strong><\/p>\n<p>Ti\u00eau di\u1ec7t nhanh h\u1ea7u h\u1ebft c\u00e1c lo\u1ea1i virus g\u00e2y b\u1ec7nh nh\u01b0: D\u1ecbch c\u00fam gia c\u1ea7m, L\u1edf m\u1ed3m long m\u00f3ng (FMD), virus g\u00e2y d\u1ecbch ti\u00eau ch\u1ea3y TGE, vi rus PRRS, virus D\u1ecbch t\u1ea3 heo, Virus Gumboro, Newcastle, D\u1ecbch t\u1ea3 v\u1ecbt, Corona v\u00e0 Rota virus, Mycoplasma, vi tr\u00f9ng Gram \u00e2m, Gram d\u01b0\u01a1ng, b\u00e0o t\u1eed n\u1ea5m m\u1ed1c v\u00e0 nguy\u00ean sinh \u0111\u1ed9ng v\u1eadt.<\/p>\n<p>S\u00e1t tr\u00f9ng chu\u1ed3ng tr\u1ea1i, d\u1ee5ng c\u1ee5 ch\u0103n nu\u00f4i, ph\u01b0\u01a1ng ti\u1ec7n v\u1eadn chuy\u1ec3n, d\u1ee5ng c\u1ee5 v\u1eaft s\u1eefa, s\u00e1t tr\u00f9ng ngo\u00e0i da, v\u1ebft th\u01b0\u01a1ng, v\u1ebft ph\u1eabu thu\u1eadt, b\u1ea7u v\u00fa, kh\u1eed tr\u00f9ng ngu\u1ed3n n\u01b0\u1edbc u\u1ed1ng.<\/p>\n<p><strong>CH\u1ed0NG CH\u1ec8 \u0110\u1ecaNH<\/strong><\/p>\n<p>Th\u00fa m\u1eabn c\u1ea3m v\u1edbi thu\u1ed1c.<\/p>\n<p><strong>S\u1eec D\u1ee4NG<\/strong><\/p>\n<p>S\u00e1t tr\u00f9ng chu\u1ed3ng tr\u1ea1i v\u00e0 v\u00f9ng xung quanh, xe ch\u1edf gia s\u00fac, d\u1ee5ng c\u1ee5 ch\u0103n nu\u00f4i, d\u1ee5ng c\u1ee5 v\u1eaft s\u1eefa: 2ml\/ 1 l\u00edt n\u01b0\u1edbc (t\u1ef7 l\u1ec7 2\/1.000).<\/p>\n<p>S\u00e1t tr\u00f9ng chu\u1ed3ng tr\u1ea1i khi c\u00f3 d\u1ecbch: 10ml\/ 2 l\u00edt n\u01b0\u1edbc (t\u1ef7 l\u1ec7 5\/1.000).<\/p>\n<p>S\u00e1t tr\u00f9ng tr\u1ef1c ti\u1ebfp tr\u00ean \u0111\u00e0n th\u00fa nhi\u1ec5m b\u1ec7nh: 10ml\/ 4 l\u00edt n\u01b0\u1edbc (t\u1ef7 l\u1ec7 2,5\/1.000).<\/p>\n<p>Ti\u00eau \u0111\u1ed9c x\u00e1c ch\u1ebft v\u00e0 quanh n\u01a1i ch\u1ee9a x\u00e1c:10ml\/1 l\u00edt n\u01b0\u1edbc (t\u1ec9 l\u1ec7 10\/1.000)<\/p>\n<p>S\u00e1t tr\u00f9ng tay ch\u00e2n, d\u1ee5ng c\u1ee5 gi\u1ea3i ph\u1ea9u, b\u1ea7u v\u00fa: 15ml\/1 l\u00edt n\u01b0\u1edbc (t\u1ef7 l\u1ec7 15\/1.000).<\/p>\n<p>S\u00e1t tr\u00f9ng v\u1ebft th\u01b0\u01a1ng b\u00ean ngo\u00e0i: 1 ph\u1ea7n thu\u1ed1c v\u1edbi 4 ph\u1ea7n oxy gi\u00e0.<\/p>\n<p>Kh\u1eed tr\u00f9ng ngu\u1ed3n n\u01b0\u1edbc u\u1ed1ng cho gia s\u00fac, gia c\u1ea7m:\u00a0 5ml\/ 4 l\u00edt n\u01b0\u1edbc (t\u1ef7 l\u1ec7 1,25\/1.000)<\/p>\n<p>Th\u1ee5t r\u1eeda t\u1eed cung gia s\u00fac sau khi sanh:\u00a0 1,5ml\/ 1 l\u00edt n\u01b0\u1edbc.<\/p>\n<p><strong>L\u01b0u \u00fd: <\/strong>\u0110\u1ecdc k\u1ef9 h\u01b0\u1edbng d\u1eabn s\u1eed d\u1ee5ng tr\u01b0\u1edbc khi d\u00f9ng.<\/p>\n<p>\u0110\u1ec3 thu\u1ed1c c\u00e1ch xa t\u1ea7m tay tr\u1ebb em.<\/p>\n<p>C\u1ea7n x\u1ecbt r\u1eeda c\u00e1c d\u1ee5ng c\u1ee5, chu\u1ed3ng tr\u1ea1i ho\u1eb7c b\u1ec1 m\u1eb7t c\u1ea7n s\u00e1t tr\u00f9ng tr\u01b0\u1edbc khi phun thu\u1ed1c v\u00e0 x\u1ecbt thu\u1ed1c \u0111\u1ee7 \u01b0\u1edbt l\u00ean b\u1ec1 m\u1eb7t n\u1ec1n, v\u00e1ch chu\u1ed3ng, d\u1ee5ng c\u1ee5 ch\u0103n nu\u00f4i.<\/p>\n<p><strong>H\u1ea1n s\u1eed d\u1ee5ng s\u1ea3n ph\u1ea9m <\/strong><\/p>\n<p>24 th\u00e1ng k\u1ec3 t\u1eeb ng\u00e0y s\u1ea3n xu\u1ea5t.<\/p>\n<p><strong>B\u1ea2O QU\u1ea2N<\/strong><\/p>\n<p>N\u01a1i kh\u00f4 r\u00e1o, tho\u00e1ng m\u00e1t, nhi\u1ec7t \u0111\u1ed9 d\u01b0\u1edbi 30<sup>0<\/sup>C. Tr\u00e1nh \u00e1nh n\u1eafng tr\u1ef1c ti\u1ebfp, tr\u00e1nh xa t\u1ea7m tay tr\u1ebb em.<\/p>\n<p><strong>\u0110\u00d3NG G\u00d3I<\/strong><\/p>\n<p><strong>100ml, 500ml, 1 l\u00edt, 5 l\u00edt, 20 l\u00edt<\/strong><\/p>\n<p><strong>S\u1ed1 \u0111\u0103ng k\u00fd: MBP-49<\/strong><\/p>\n","protected":false},"excerpt":{"rendered":"<p><strong>S\u00c1T TR\u00d9NG, DI\u1ec6T VIRUS, B\u00c0O T\u1eec N\u1ea4M M\u1ed0C V\u00c0 NGUY\u00caN SINH \u0110\u1ed8NG V\u1eacT<\/strong><\/p>\n<p><strong>Dung d\u1ecbch d\u00f9ng ngo\u00e0i<\/strong><\/p>\n<p><strong>C\u00d4NG TH\u1ee8C<\/strong><\/p>\n<p>PVP Iodine: 10g<\/p>\n<p>Dung m\u00f4i v\u1eeba \u0111\u1ee7: 100ml<\/p>\n<p><strong>C\u00d4NG D\u1ee4NG S\u1ea2N PH\u1ea8M<\/strong><\/p>\n<p>Ti\u00eau di\u1ec7t nhanh h\u1ea7u h\u1ebft c\u00e1c lo\u1ea1i virus g\u00e2y b\u1ec7nh nh\u01b0: D\u1ecbch c\u00fam gia c\u1ea7m, L\u1edf m\u1ed3m long m\u00f3ng (FMD), virus g\u00e2y d\u1ecbch ti\u00eau ch\u1ea3y TGE, vi rus PRRS, virus D\u1ecbch t\u1ea3 heo, Virus Gumboro, Newcastle, D\u1ecbch t\u1ea3 v\u1ecbt, Corona v\u00e0 Rota virus, Mycoplasma, vi tr\u00f9ng Gram \u00e2m, Gram d\u01b0\u01a1ng, b\u00e0o t\u1eed n\u1ea5m m\u1ed1c v\u00e0 nguy\u00ean sinh \u0111\u1ed9ng v\u1eadt.<\/p>\n<p>S\u00e1t tr\u00f9ng chu\u1ed3ng tr\u1ea1i, d\u1ee5ng c\u1ee5 ch\u0103n nu\u00f4i, ph\u01b0\u01a1ng ti\u1ec7n v\u1eadn chuy\u1ec3n, d\u1ee5ng c\u1ee5 v\u1eaft s\u1eefa, s\u00e1t tr\u00f9ng ngo\u00e0i da, v\u1ebft th\u01b0\u01a1ng, v\u1ebft ph\u1eabu thu\u1eadt, b\u1ea7u v\u00fa, kh\u1eed tr\u00f9ng ngu\u1ed3n n\u01b0\u1edbc u\u1ed1ng.<\/p>\n<p><strong>CH\u1ed0NG CH\u1ec8 \u0110\u1ecaNH<\/strong><\/p>\n<p>Th\u00fa m\u1eabn c\u1ea3m v\u1edbi thu\u1ed1c.<\/p>\n<p><strong>S\u1eec D\u1ee4NG<\/strong><\/p>\n<p>S\u00e1t tr\u00f9ng chu\u1ed3ng tr\u1ea1i v\u00e0 v\u00f9ng xung quanh, xe ch\u1edf gia s\u00fac, d\u1ee5ng c\u1ee5 ch\u0103n nu\u00f4i, d\u1ee5ng c\u1ee5 v\u1eaft s\u1eefa: 2ml\/ 1 l\u00edt n\u01b0\u1edbc (t\u1ef7 l\u1ec7 2\/1.000).<\/p>\n<p>S\u00e1t tr\u00f9ng chu\u1ed3ng tr\u1ea1i khi c\u00f3 d\u1ecbch: 10ml\/ 2 l\u00edt n\u01b0\u1edbc (t\u1ef7 l\u1ec7 5\/1.000).<\/p>\n<p>S\u00e1t tr\u00f9ng tr\u1ef1c ti\u1ebfp tr\u00ean \u0111\u00e0n th\u00fa nhi\u1ec5m b\u1ec7nh: 10ml\/ 4 l\u00edt n\u01b0\u1edbc (t\u1ef7 l\u1ec7 2,5\/1.000).<\/p>\n<p>Ti\u00eau \u0111\u1ed9c x\u00e1c ch\u1ebft v\u00e0 quanh n\u01a1i ch\u1ee9a x\u00e1c:10ml\/1 l\u00edt n\u01b0\u1edbc (t\u1ec9 l\u1ec7 10\/1.000)<\/p>\n<p>S\u00e1t tr\u00f9ng tay ch\u00e2n, d\u1ee5ng c\u1ee5 gi\u1ea3i ph\u1ea9u, b\u1ea7u v\u00fa: 15ml\/1 l\u00edt n\u01b0\u1edbc (t\u1ef7 l\u1ec7 15\/1.000).<\/p>\n<p>S\u00e1t tr\u00f9ng v\u1ebft th\u01b0\u01a1ng b\u00ean ngo\u00e0i: 1 ph\u1ea7n thu\u1ed1c v\u1edbi 4 ph\u1ea7n oxy gi\u00e0.<\/p>\n<p>Kh\u1eed tr\u00f9ng ngu\u1ed3n n\u01b0\u1edbc u\u1ed1ng cho gia s\u00fac, gia c\u1ea7m:\u00a0 5ml\/ 4 l\u00edt n\u01b0\u1edbc (t\u1ef7 l\u1ec7 1,25\/1.000)<\/p>\n<p>Th\u1ee5t r\u1eeda t\u1eed cung gia s\u00fac sau khi sanh:\u00a0 1,5ml\/ 1 l\u00edt n\u01b0\u1edbc.<\/p>\n<p>&nbsp;<\/p>\n<p>&nbsp;<\/p>\n","protected":false},"featured_media":10119,"comment_status":"closed","ping_status":"closed","template":"","meta":[],"product_brand":[],"product_cat":[62,142,106],"product_tag":[],"class_list":{"0":"post-4581","1":"product","2":"type-product","3":"status-publish","4":"has-post-thumbnail","6":"product_cat-thuoc-thu-y","7":"product_cat-danh-muc-san-pham-gia-cam","8":"product_cat-san-pham-tieu-bieu","10":"first","11":"instock","12":"shipping-taxable","13":"purchasable","14":"product-type-variable","15":"has-default-attributes"},"_links":{"self":[{"href":"https:\/\/mebipha.com\/online\/wp-json\/wp\/v2\/product\/4581","targetHints":{"allow":["GET"]}}],"collection":[{"href":"https:\/\/mebipha.com\/online\/wp-json\/wp\/v2\/product"}],"about":[{"href":"https:\/\/mebipha.com\/online\/wp-json\/wp\/v2\/types\/product"}],"replies":[{"embeddable":true,"href":"https:\/\/mebipha.com\/online\/wp-json\/wp\/v2\/comments?post=4581"}],"wp:featuredmedia":[{"embeddable":true,"href":"https:\/\/mebipha.com\/online\/wp-json\/wp\/v2\/media\/10119"}],"wp:attachment":[{"href":"https:\/\/mebipha.com\/online\/wp-json\/wp\/v2\/media?parent=4581"}],"wp:term":[{"taxonomy":"product_brand","embeddable":true,"href":"https:\/\/mebipha.com\/online\/wp-json\/wp\/v2\/product_brand?post=4581"},{"taxonomy":"product_cat","embeddable":true,"href":"https:\/\/mebipha.com\/online\/wp-json\/wp\/v2\/product_cat?post=4581"},{"taxonomy":"product_tag","embeddable":true,"href":"https:\/\/mebipha.com\/online\/wp-json\/wp\/v2\/product_tag?post=4581"}],"curies":[{"name":"wp","href":"https:\/\/api.w.org\/{rel}","templated":true}]}}