{"id":4577,"date":"2019-02-19T14:35:18","date_gmt":"2019-02-19T07:35:18","guid":{"rendered":"https:\/\/mebipha.com\/?post_type=product&#038;p=4577"},"modified":"2024-09-25T14:52:52","modified_gmt":"2024-09-25T07:52:52","slug":"mebi-glucan-inj","status":"publish","type":"product","link":"https:\/\/mebipha.com\/online\/mebi-glucan-inj\/","title":{"rendered":"MEBI-GLUCAN INJ"},"content":{"rendered":"<p><strong>GIA T\u0102NG MI\u1ec4N D\u1ecaCH, T\u0102NG BI\u1ebeN D\u01af\u1ee0NG<\/strong><\/p>\n<p><strong>GI\u00daP TH\u00da B\u1ec6NH MAU H\u1ed2I PH\u1ee4C, H\u1ed6 TR\u1ee2 \u0110I\u1ec0U TR\u1eca B\u1ec6NH<\/strong><\/p>\n<p><strong>Dung d\u1ecbch ti\u00eam<\/strong><\/p>\n<p><strong>C\u00d4NG TH\u1ee8C<\/strong><\/p>\n<p>Buta-phosphan: 10g<\/p>\n<p>Vitamin B<sub>12<\/sub>: 5mg<\/p>\n<p>Dung m\u00f4i v\u1eeba \u0111\u1ee7: 100ml<\/p>\n<p><strong>\u0110\u1eb6C T\u00cdNH D\u01af\u1ee2C L\u00dd S\u1ea2N PH\u1ea8M<\/strong><\/p>\n<p>MEBI-GLUCAN INJ l\u00e0 s\u1ef1 k\u1ebft h\u1ee3p gi\u1eefa Butaphosphan v\u00e0 Vitamin B12. S\u1ef1 k\u1ebft h\u1ee3p n\u00e0y cho hi\u1ec7u qu\u1ea3 v\u01b0\u1ee3t tr\u1ed9i, gi\u00fap t\u0103ng c\u01b0\u1eddng qu\u00e1 tr\u00ecnh bi\u1ebfn d\u01b0\u1ee1ng v\u00e0 ph\u1ee5c h\u1ed3i sinh l\u1ef1c v\u1eadt nu\u00f4i.<\/p>\n<p>Butaphosphan l\u00e0 ngu\u1ed3n cung Phospho h\u1eefu c\u01a1 v\u1edbi c\u1ea5u tr\u00fac \u0111\u1ed9c \u0111\u00e1o h\u01a1n c\u00e1c d\u1ea1ng phospho th\u00f4ng th\u01b0\u1eddng kh\u00e1c, gi\u00fap qu\u00e1 tr\u00ecnh bi\u1ebfn d\u01b0\u1ee1ng di\u1ec5n ra t\u00edch c\u1ef1c h\u01a1n, k\u00edch th\u00edch s\u1ef1 th\u00e8m \u0103n, th\u00fac \u0111\u1ea9y ch\u1ee9c n\u0103ng mi\u1ec5n d\u1ecbch v\u00e0 kh\u1ea3 n\u0103ng ph\u1ee5c h\u1ed3i sau b\u1ec7nh. Phospho gi\u1eef vai tr\u00f2 quan tr\u1ecdng trong c\u1ea5u tr\u00fac c\u1ee7a ph\u00e2n t\u1eed axit nucleic, ATP v\u00e0 AMP, do \u0111\u00f3 n\u00f3 c\u0169ng li\u00ean quan \u0111\u1ebfn chuy\u1ec3n h\u00f3a n\u0103ng l\u01b0\u1ee3ng v\u00e0 s\u1ee9c t\u0103ng tr\u01b0\u1edfng c\u1ee7a v\u1eadt nu\u00f4i.<\/p>\n<p>Vitamin B12 l\u00e0 vi ch\u1ea5t li\u00ean quan tr\u1ef1c ti\u1ebfp \u0111\u1ebfn qu\u00e1 tr\u00ecnh t\u1ea1o m\u00e1u, \u0111\u1eb7c bi\u1ec7t l\u00e0 h\u1ed3ng c\u1ea7u, nh\u00e2n t\u1ed1 gi\u1eef vai tr\u00f2 v\u1eadn chuy\u1ec3n oxy \u0111\u1ebfn m\u00f4 b\u00e0o, gi\u00fap t\u0103ng c\u01b0\u1eddng qu\u00e1 tr\u00ecnh trao \u0111\u1ed5i ch\u1ea5t, gi\u00fap ph\u1ee5c h\u1ed3i nhanh sinh l\u1ef1c v\u1eadt nu\u00f4i..<\/p>\n<p><strong>C\u00d4NG D\u1ee4NG S\u1ea2N PH\u1ea8M<\/strong><\/p>\n<p>K\u00edch th\u00edch mi\u1ec5n d\u1ecbch, ng\u0103n ng\u1eeba h\u1eefu hi\u1ec7u nh\u1eefng b\u1ec7nh g\u00e2y suy gi\u1ea3m mi\u1ec5n d\u1ecbch.<\/p>\n<p>T\u0103ng bi\u1ebfn d\u01b0\u1ee1ng, ch\u1ed1ng stress, gi\u00fap th\u00fa mau h\u1ed3i ph\u1ee5c sau m\u1eafc b\u1ec7nh, sinh s\u1ea3n,\u2026<\/p>\n<p>H\u1ed7 tr\u1ee3 v\u01b0\u1ee3t qua nh\u1eefng b\u1ec7nh do virus: Heo tai xanh (PRRS), FMD, TGE, D\u1ecbch t\u1ea3, Gumboro, IB,&#8230;<\/p>\n<p><strong>CH\u1ed0NG CH\u1ec8 \u0110\u1ecaNH<\/strong><\/p>\n<p>Th\u00fa m\u1eabn c\u1ea3m v\u1edbi c\u00e1c th\u00e0nh ph\u1ea7n c\u1ee7a thu\u1ed1c.<\/p>\n<p><strong>S\u1eec D\u1ee4NG<\/strong><\/p>\n<p>Ti\u00eam s\u00e2u v\u00e0o b\u1eafp th\u1ecbt.<\/p>\n<p>Heo con: 1ml\/ 10kg th\u1ec3 tr\u1ecdng\/ ng\u00e0y.<\/p>\n<p>Heo tr\u00ean 50kg: 1ml\/ 15kg th\u1ec3 tr\u1ecdng\/ ng\u00e0y.<\/p>\n<p>B\u00ea, c\u1eebu, d\u00ea: 1ml\/ 20kg th\u1ec3 tr\u1ecdng\/ ng\u00e0y.<\/p>\n<p>Tr\u00e2u b\u00f2: 1ml\/ 30kg th\u1ec3 tr\u1ecdng\/ ng\u00e0y.<\/p>\n<p>G\u00e0, v\u1ecbt: 1ml\/ 5kg th\u1ec3 tr\u1ecdng\/ ng\u00e0y.<\/p>\n<p>Ph\u00f2ng b\u1ec7nh: \u00a0d\u00f9ng li\u00ean t\u1ee5c 2 ng\u00e0y.<\/p>\n<p>H\u1ed7 tr\u1ee3 \u0111i\u1ec1u tr\u1ecb b\u1ec7nh: d\u00f9ng li\u00ean t\u1ee5c 3 &#8211; 5 ng\u00e0y.<\/p>\n<p><strong>Kh\u00f4ng c\u1ea7n th\u1eddi gian ng\u01b0ng thu\u1ed1c.<\/strong><\/p>\n<p><strong>H\u1ea0N S\u1eec D\u1ee4NG S\u1ea2N PH\u1ea8M<\/strong><\/p>\n<p>24 th\u00e1ng k\u1ec3 t\u1eeb ng\u00e0y s\u1ea3n xu\u1ea5t.<\/p>\n<p><strong>B\u1ea2O QU\u1ea2N<\/strong><\/p>\n<p>N\u01a1i kh\u00f4 r\u00e1o, tho\u00e1ng m\u00e1t, nhi\u1ec7t \u0111\u1ed9 d\u01b0\u1edbi 30<sup>0<\/sup>C, tr\u00e1nh \u00e1nh n\u1eafng tr\u1ef1c ti\u1ebfp. Tr\u00e1nh xa t\u1ea7m tay tr\u1ebb em.<\/p>\n<p><strong>\u0110\u00d3NG G\u00d3I<\/strong><\/p>\n<p>20ml, 100ml, 250ml<\/p>\n<p><strong>S\u1ed1 \u0111\u0103ng k\u00fd: MBP-20<\/strong><\/p>\n","protected":false},"excerpt":{"rendered":"<p>Th\u00e0nh ph\u1ea7n:\u00a0Buta-phosphan, Vitamin B12, Dung m\u00f4i v\u1eeba \u0111\u1ee7.<\/p>\n<p>S\u1eed d\u1ee5ng:<\/p>\n<p>Heo con: 1ml\/ 10 kg th\u1ec3 tr\u1ecdng\/ ng\u00e0y<br \/>\nHeo tr\u00ean 50kg:<br \/>\n1ml\/15kg th\u1ec3 tr\u1ecdng\/ ng\u00e0y<br \/>\nB\u00ea, c\u1eebu, d\u00ea: 1ml\/20kg th\u1ec3 tr\u1ecdng\/ng\u00e0y<br \/>\nTr\u00e2u, b\u00f2: 1ml\/30kg th\u1ec3 tr\u1ecdng\/ng\u00e0y.<br \/>\nGia c\u1ea7m: 1ml\/5kg th\u1ec3 tr\u1ecdng\/ng\u00e0y.<br \/>\nPh\u00f2ng b\u1ec7nh: d\u00f9ng li\u00ean t\u1ee5c 2 ng\u00e0y.<br \/>\nH\u1ed7 tr\u1ee3 \u0111i\u1ec1u tr\u1ecb b\u1ec7nh: d\u00f9ng li\u00ean t\u1ee5c 3 \u2013 5 ng\u00e0y.<\/p>\n","protected":false},"featured_media":10567,"comment_status":"closed","ping_status":"closed","template":"","meta":[],"product_brand":[],"product_cat":[62],"product_tag":[],"class_list":{"0":"post-4577","1":"product","2":"type-product","3":"status-publish","4":"has-post-thumbnail","6":"product_cat-thuoc-thu-y","8":"first","9":"instock","10":"shipping-taxable","11":"purchasable","12":"product-type-variable","13":"has-default-attributes"},"_links":{"self":[{"href":"https:\/\/mebipha.com\/online\/wp-json\/wp\/v2\/product\/4577","targetHints":{"allow":["GET"]}}],"collection":[{"href":"https:\/\/mebipha.com\/online\/wp-json\/wp\/v2\/product"}],"about":[{"href":"https:\/\/mebipha.com\/online\/wp-json\/wp\/v2\/types\/product"}],"replies":[{"embeddable":true,"href":"https:\/\/mebipha.com\/online\/wp-json\/wp\/v2\/comments?post=4577"}],"wp:featuredmedia":[{"embeddable":true,"href":"https:\/\/mebipha.com\/online\/wp-json\/wp\/v2\/media\/10567"}],"wp:attachment":[{"href":"https:\/\/mebipha.com\/online\/wp-json\/wp\/v2\/media?parent=4577"}],"wp:term":[{"taxonomy":"product_brand","embeddable":true,"href":"https:\/\/mebipha.com\/online\/wp-json\/wp\/v2\/product_brand?post=4577"},{"taxonomy":"product_cat","embeddable":true,"href":"https:\/\/mebipha.com\/online\/wp-json\/wp\/v2\/product_cat?post=4577"},{"taxonomy":"product_tag","embeddable":true,"href":"https:\/\/mebipha.com\/online\/wp-json\/wp\/v2\/product_tag?post=4577"}],"curies":[{"name":"wp","href":"https:\/\/api.w.org\/{rel}","templated":true}]}}