{"id":4573,"date":"2019-02-19T14:27:13","date_gmt":"2019-02-19T07:27:13","guid":{"rendered":"https:\/\/mebipha.com\/?post_type=product&#038;p=4573"},"modified":"2025-12-26T11:09:02","modified_gmt":"2025-12-26T04:09:02","slug":"mebi-gentatylo-inj","status":"publish","type":"product","link":"https:\/\/mebipha.com\/online\/mebi-gentatylo-inj\/","title":{"rendered":"MEBI-GENTATYLO INJ"},"content":{"rendered":"<p><strong>\u0110\u1eb6C TR\u1eca VI\u00caM PH\u1ed4I, VI\u00caM V\u00da, VI\u00caM T\u1eec CUNG, TI\u00caU CH\u1ea2Y<\/strong><\/p>\n<p><strong>Dung d\u1ecbch kh\u00e1ng sinh ti\u00eam<\/strong><\/p>\n<p><strong>C\u00f4ng th\u1ee9c<\/strong><\/p>\n<p>Tylosin tartrate: 15g<br \/>\nGentamycine sulfate: 6g<\/p>\n<p>Dung m\u00f4i v\u1eeba \u0111\u1ee7: 100ml<\/p>\n<p><strong>\u0110\u1eb6C T\u00cdNH D\u01af\u1ee2C L\u00dd S\u1ea2N PH\u1ea8M<\/strong><\/p>\n<p>Tylosin k\u1ebft h\u1ee3p v\u1edbi Gentamycine \u0111\u01b0\u1ee3c ch\u1ee9ng minh l\u00e0 l\u00e0m t\u0103ng hi\u1ec7u qu\u1ea3 \u0111i\u1ec1u tr\u1ecb v\u00ec t\u00ednh ch\u1ea5t hi\u1ec7p \u0111\u1ed3ng, m\u1edf r\u1ed9ng ph\u1ed5 t\u00e1c \u0111\u1ed9ng. C\u1ea3 hai kh\u00e1ng sinh n\u00e0y \u0111\u1ec1u \u1ee9c ch\u1ebf t\u1ed5ng h\u1ee3p protein c\u1ee7a t\u1ebf b\u00e0o vi khu\u1ea9n, trong khi Tylosin g\u1eafn k\u1ebft v\u1edbi ph\u00e2n t\u1eed 50S c\u1ee7a ribosome v\u00e0 c\u00f3 t\u00e1c \u0111\u1ed9ng \u1ee9c ch\u1ebf khu\u1ea9n th\u00ec Gentamycine g\u1eafn v\u1edbi ph\u00e2n t\u1eed 30S v\u00e0 c\u00f3 t\u00e1c \u0111\u1ed9ng s\u00e1t khu\u1ea9n. S\u1ef1 ph\u1ed1i h\u1ee3p hai kh\u00e1ng sinh n\u00e0y trong m\u1ed9t s\u1ea3n ph\u1ea9m \u0111\u1ea9y nhanh ti\u1ebfn tr\u00ecnh ti\u00eau di\u1ec7t vi khu\u1ea9n. C\u00e1c vi khu\u1ea9n nh\u1ea1y c\u1ea3m bao g\u1ed3m: <em>E. coli, Klebsiella, <\/em><em>Staphylococcus aureus, Streptococcus hemolitica, Haemophillus influenza, Proteus, Pseudomonas, Salmonella, Enterobacter, Serratia, Shigella, Mycoplasma,\u2026<\/em><\/p>\n<p><strong>C\u00d4NG D\u1ee4NG S\u1ea2N PH\u1ea8M <\/strong><\/p>\n<p>Tr\u1ecb c\u00e1c b\u1ec7nh \u0111\u01b0\u1eddng h\u00f4 h\u1ea5p, vi\u00eam ph\u1ebf qu\u1ea3n, vi\u00eam ph\u1ed5i, vi\u00eam ph\u1ed5i \u0111\u1ecba ph\u01b0\u01a1ng (SEP) do <em>Mycoplasma<\/em>, vi\u00eam kh\u1edbp, vi\u00eam v\u00fa, vi\u00eam t\u1eed cung tr\u00ean gia s\u00fac.<\/p>\n<p>Tr\u1ecb CRD v\u00e0 c\u00e1c bi\u1ebfn ch\u1ee9ng c\u1ee7a b\u1ec7nh (CCRD) tr\u00ean gia c\u1ea7m.<\/p>\n<p>Tr\u1ecb b\u1ec7nh \u0111\u01b0\u1eddng ti\u00eau h\u00f3a: vi\u00eam ru\u1ed9t, ti\u00eau ch\u1ea3y, th\u01b0\u01a1ng h\u00e0n.<\/p>\n<p><strong>CH\u1ed0NG CH\u1ec8 \u0110\u1ecaNH<\/strong><\/p>\n<p>Th\u00fa m\u1eabn c\u1ea3m c\u00e1c th\u00e0nh ph\u1ea7n c\u1ee7a thu\u1ed1c.<\/p>\n<p><strong>s\u1eed d\u1ee5ng<\/strong><\/p>\n<p>Heo con: 1ml\/10kg th\u1ec3 tr\u1ecdng\/ng\u00e0y.<\/p>\n<p>Heo l\u1edbn, b\u00ea, d\u00ea, c\u1eebu: 1ml\/15kg th\u1ec3 tr\u1ecdng\/ng\u00e0y.<\/p>\n<p>Tr\u00e2u, b\u00f2: 1ml\/25kg th\u1ec3 tr\u1ecdng\/ng\u00e0y.<\/p>\n<p>G\u00e0, v\u1ecbt: 1ml\/5-8kg th\u1ec3 tr\u1ecdng\/ng\u00e0y.<\/p>\n<p>\u0110i\u1ec1u tr\u1ecb trong 3-5 ng\u00e0y.<\/p>\n<p><strong>Th\u1eddi gian ng\u01b0ng s\u1eed d\u1ee5ng thu\u1ed1c<\/strong><\/p>\n<p>Th\u00fa l\u1ea5y th\u1ecbt: 14 ng\u00e0y tr\u01b0\u1edbc khi gi\u1ebft m\u1ed5.<\/p>\n<p>Th\u00fa l\u1ea5y s\u1eefa: 6 l\u1ea7n v\u1eaft s\u1eefa.<\/p>\n<p><strong>B\u1ea2O QU\u1ea2N: <\/strong>N\u01a1i kh\u00f4 r\u00e1o, tho\u00e1ng m\u00e1t, nhi\u1ec7t \u0111\u1ed9 d\u01b0\u1edbi 30<sup>0<\/sup>C. Tr\u00e1nh \u00e1nh n\u1eafng tr\u1ef1c ti\u1ebfp, tr\u00e1nh xa t\u1ea7m tay tr\u1ebb em.<\/p>\n<p><strong>H\u1ea0N S\u1eec D\u1ee4NG S\u1ea2N PH\u1ea8M<\/strong><\/p>\n<p>24 th\u00e1ng k\u1ec3 t\u1eeb ng\u00e0y s\u1ea3n xu\u1ea5t.<\/p>\n<p><strong>\u0110\u00d3NG G\u00d3I<\/strong><\/p>\n<p>20ml, 100ml, 250ml<\/p>\n<p><strong>S\u1ed1 \u0111\u0103ng k\u00fd: MBP-13<\/strong><\/p>\n","protected":false},"excerpt":{"rendered":"<p>Th\u00e0nh ph\u1ea7n:\u00a0Tylosin tartrate,\u00a0Gentamicin Sulphate,\u00a0Dung m\u00f4i v\u1eeba \u0111\u1ee7 .<\/p>\n<p>S\u1eed d\u1ee5ng:<\/p>\n<p>Heo con: 1ml\/10kg th\u1ec3 tr\u1ecdng\/ng\u00e0y.<br \/>\nHeo l\u1edbn, b\u00ea, c\u1eebu, d\u00ea: 1ml\/15kg th\u1ec3 tr\u1ecdng\/ng\u00e0y.<br \/>\nTr\u00e2u, b\u00f2: 1ml\/25kg th\u1ec3 tr\u1ecdng\/ng\u00e0y.<br \/>\nG\u00e0, v\u1ecbt: 1ml\/5 &#8211; 8kg th\u1ec3 tr\u1ecdng\/ng\u00e0y.<br \/>\nD\u00f9ng li\u00ean t\u1ee5c 3-5 ng\u00e0y.<\/p>\n","protected":false},"featured_media":10565,"comment_status":"closed","ping_status":"closed","template":"","meta":[],"product_brand":[],"product_cat":[62],"product_tag":[],"class_list":{"0":"post-4573","1":"product","2":"type-product","3":"status-publish","4":"has-post-thumbnail","6":"product_cat-thuoc-thu-y","8":"first","9":"instock","10":"shipping-taxable","11":"purchasable","12":"product-type-variable","13":"has-default-attributes"},"_links":{"self":[{"href":"https:\/\/mebipha.com\/online\/wp-json\/wp\/v2\/product\/4573","targetHints":{"allow":["GET"]}}],"collection":[{"href":"https:\/\/mebipha.com\/online\/wp-json\/wp\/v2\/product"}],"about":[{"href":"https:\/\/mebipha.com\/online\/wp-json\/wp\/v2\/types\/product"}],"replies":[{"embeddable":true,"href":"https:\/\/mebipha.com\/online\/wp-json\/wp\/v2\/comments?post=4573"}],"wp:featuredmedia":[{"embeddable":true,"href":"https:\/\/mebipha.com\/online\/wp-json\/wp\/v2\/media\/10565"}],"wp:attachment":[{"href":"https:\/\/mebipha.com\/online\/wp-json\/wp\/v2\/media?parent=4573"}],"wp:term":[{"taxonomy":"product_brand","embeddable":true,"href":"https:\/\/mebipha.com\/online\/wp-json\/wp\/v2\/product_brand?post=4573"},{"taxonomy":"product_cat","embeddable":true,"href":"https:\/\/mebipha.com\/online\/wp-json\/wp\/v2\/product_cat?post=4573"},{"taxonomy":"product_tag","embeddable":true,"href":"https:\/\/mebipha.com\/online\/wp-json\/wp\/v2\/product_tag?post=4573"}],"curies":[{"name":"wp","href":"https:\/\/api.w.org\/{rel}","templated":true}]}}