{"id":4562,"date":"2019-02-19T14:01:33","date_gmt":"2019-02-19T07:01:33","guid":{"rendered":"https:\/\/mebipha.com\/?post_type=product&#038;p=4562"},"modified":"2024-10-17T10:20:53","modified_gmt":"2024-10-17T03:20:53","slug":"mebi-iodine","status":"publish","type":"product","link":"https:\/\/mebipha.com\/online\/mebi-iodine\/","title":{"rendered":"MEBI-IODINE(C\u00c1)"},"content":{"rendered":"","protected":false},"excerpt":{"rendered":"<p>DI\u1ec6T KHU\u1ea8N NGU\u1ed2N N\u01af\u1edaC, H\u1ed6 TR\u1ee2 \u0110I\u1ec0U TR\u1eca B\u1ec6NH GAN TH\u1eacN M\u1ee6, XU\u1ea4T HUY\u1ebeT<\/p>\n<p><strong>C\u00d4NG TH\u1ee8C<\/strong><\/p>\n<p>PVP Iodine\u2026\u2026. 100 g<\/p>\n<p>Dung m\u00f4i v\u1eeba \u0111\u1ee7\u2026&#8230; 1 l\u00edt<\/p>\n<p><strong>CH\u1ec8 \u0110\u1ecaNH<\/strong><\/p>\n<p>S\u00e1t tr\u00f9ng di\u1ec7t khu\u1ea9n, nguy\u00ean sinh \u0111\u1ed9ng v\u1eadt, l\u00e0m s\u1ea1ch ngu\u1ed3n n\u01b0\u1edbc ao nu\u00f4i th\u1ee7y s\u1ea3n. S\u00e1t tr\u00f9ng nh\u00e0 x\u01b0\u1edfng, d\u1ee5ng c\u1ee5, trang thi\u1ebft b\u1ecb trong b\u1ec3 \u01b0\u01a1m.<\/p>\n<p><strong>LI\u1ec0U L\u01af\u1ee2NG &amp; H\u01af\u1edaNG D\u1eaaN S\u1eec D\u1ee4NG<\/strong><\/p>\n<p>Chu\u1ea9n b\u1ecb ao: 1 l\u00edt\/2.000 &#8211; 3.000m3 n\u01b0\u1edbc, 3 ng\u00e0y tr\u01b0\u1edbc khi th\u1ea3 gi\u1ed1ng.<\/p>\n<p>Di\u1ec7t vi khu\u1ea9n, virus: khi c\u00e1 b\u1ecb b\u1ec7nh gan th\u1eadn m\u1ee7, xu\u1ea5t huy\u1ebft, ph\u00f9 \u0111\u1ea7u, s\u1eed d\u1ee5ng li\u1ec1u 1 l\u00edt \/4.000-5.000m3 n\u01b0\u1edbc, trong 2 ng\u00e0y li\u00ean t\u1ee5c.<\/p>\n<p>N\u00ean s\u1eed d\u1ee5ng 1 l\u00edt\/8.000m3 n\u01b0\u1edbc. \u0110\u1ecbnh k\u1ef3 10 ng\u00e0y\/l\u1ea7n.<\/p>\n<p><strong>TH\u1edcI GIAN NG\u01afNG S\u1eec D\u1ee4NG THU\u1ed0C<\/strong><\/p>\n<p>Kh\u00f4ng c\u1ea7n th\u1eddi gian ng\u01b0ng thu\u1ed1c.<\/p>\n","protected":false},"featured_media":10732,"comment_status":"closed","ping_status":"closed","template":"","meta":[],"product_brand":[],"product_cat":[71,107],"product_tag":[],"class_list":{"0":"post-4562","1":"product","2":"type-product","3":"status-publish","4":"has-post-thumbnail","6":"product_cat-thuoc-thuy-san","7":"product_cat-san-pham-cho-ca","9":"first","10":"instock","11":"shipping-taxable","12":"purchasable","13":"product-type-variable","14":"has-default-attributes"},"_links":{"self":[{"href":"https:\/\/mebipha.com\/online\/wp-json\/wp\/v2\/product\/4562","targetHints":{"allow":["GET"]}}],"collection":[{"href":"https:\/\/mebipha.com\/online\/wp-json\/wp\/v2\/product"}],"about":[{"href":"https:\/\/mebipha.com\/online\/wp-json\/wp\/v2\/types\/product"}],"replies":[{"embeddable":true,"href":"https:\/\/mebipha.com\/online\/wp-json\/wp\/v2\/comments?post=4562"}],"wp:featuredmedia":[{"embeddable":true,"href":"https:\/\/mebipha.com\/online\/wp-json\/wp\/v2\/media\/10732"}],"wp:attachment":[{"href":"https:\/\/mebipha.com\/online\/wp-json\/wp\/v2\/media?parent=4562"}],"wp:term":[{"taxonomy":"product_brand","embeddable":true,"href":"https:\/\/mebipha.com\/online\/wp-json\/wp\/v2\/product_brand?post=4562"},{"taxonomy":"product_cat","embeddable":true,"href":"https:\/\/mebipha.com\/online\/wp-json\/wp\/v2\/product_cat?post=4562"},{"taxonomy":"product_tag","embeddable":true,"href":"https:\/\/mebipha.com\/online\/wp-json\/wp\/v2\/product_tag?post=4562"}],"curies":[{"name":"wp","href":"https:\/\/api.w.org\/{rel}","templated":true}]}}