{"id":4558,"date":"2019-02-19T13:52:17","date_gmt":"2019-02-19T06:52:17","guid":{"rendered":"https:\/\/mebipha.com\/?post_type=product&#038;p=4558"},"modified":"2025-12-29T10:28:01","modified_gmt":"2025-12-29T03:28:01","slug":"mebi-dextran-inj","status":"publish","type":"product","link":"https:\/\/mebipha.com\/online\/mebi-dextran-inj\/","title":{"rendered":"MEBI-DEXTRAN INJ"},"content":{"rendered":"<p><strong>B\u1ed4 SUNG S\u1eaeT, PH\u00d2NG V\u00c0 \u0110I\u1ec0U TR\u1eca THI\u1ebeU M\u00c1U CHO HEO CON<\/strong><\/p>\n<p><strong>Dung d\u1ecbch ti\u00eam<\/strong><\/p>\n<p><strong>C\u00d4NG TH\u1ee8C<\/strong><\/p>\n<p>Iron Dextran: 10g<\/p>\n<p>Dung m\u00f4i v\u1eeba \u0111\u1ee7: 100ml<\/p>\n<p><strong>\u0110\u1eb6C \u0110I\u1ec2M S\u1ea2N PH\u1ea8M<\/strong><\/p>\n<p><strong>MEBI-DEXTRAN INJ<\/strong> l\u00e0 dung d\u1ecbch dextran c\u00f3 ph\u00e2n t\u1eed l\u01b0\u1ee3ng th\u1ea5p. Dung d\u1ecbch n\u00e0y c\u00f3 t\u00e1c d\u1ee5ng l\u00e0m t\u0103ng nhanh th\u1ec3 t\u00edch tu\u1ea7n ho\u00e0n. T\u00e1c d\u1ee5ng duy tr\u00ec th\u1ec3 t\u00edch k\u00e9o d\u00e0i trong 3 &#8211; 4 gi\u1edd. Nh\u1edd kh\u1ea3 n\u0103ng g\u1eafn k\u1ebft v\u1edbi n\u01b0\u1edbc m\u1ea1nh m\u00e0 dextran ph\u00e2n t\u1eed l\u01b0\u1ee3ng th\u1ea5p c\u1ea3i thi\u1ec7n c\u00e1c t\u00ednh ch\u1ea5t l\u01b0u bi\u1ebfn c\u1ee7a m\u00e1u v\u00e0 v\u00ec th\u1ebf c\u00f3 t\u00e1c d\u1ee5ng \u0111\u1eb7c hi\u1ec7u l\u00ean vi tu\u1ea7n ho\u00e0n: t\u0103ng cung c\u1ea5p oxygen v\u00e0o m\u00f4, d\u1eabn \u0111\u1ebfn l\u00e0m lo\u00e3ng m\u00e1u, gi\u1ea3m \u0111\u1ed9 qu\u00e1nh c\u1ee7a m\u00e1u, t\u0103ng cung l\u01b0\u1ee3ng tim v\u00e0 gi\u1ea3m s\u1ee9c c\u1ea3n ngo\u1ea1i bi\u00ean.<\/p>\n<p>Dung d\u1ecbch ti\u00eam <strong>MEBI-DEXTRAN INJ<\/strong> l\u00e0 thu\u1ed1c b\u1ed5 sung s\u1eaft hi\u1ec7u qu\u1ea3 nh\u1ea5t, \u0111\u01b0\u1ee3c h\u1ea5p thu r\u1ea5t nhanh v\u00e0 an to\u00e0n cho v\u1eadt nu\u00f4i.<\/p>\n<p><strong>C\u00d4NG D\u1ee4NG S\u1ea2N PH\u1ea8M<\/strong><\/p>\n<p>Ph\u00f2ng v\u00e0 h\u1ed7 tr\u1ee3 \u0111i\u1ec1u tr\u1ecb b\u1ec7nh thi\u1ebfu m\u00e1u do thi\u1ebfu s\u1eaft \u1edf heo con.<\/p>\n<p>S\u1ea3n ph\u1ea9m c\u00f2n \u0111\u01b0\u1ee3c s\u1eed d\u1ee5ng hi\u1ec7u qu\u1ea3 trong tr\u01b0\u1eddng h\u1ee3p heo con c\u00f2i c\u1ecdc, ch\u1eadm l\u1edbn, x\u00f9 l\u00f4ng, gi\u00fap heo con t\u0103ng tr\u01b0\u1edfng nhanh.<\/p>\n<p><strong>CH\u1ed0NG CH\u1ec8 \u0110\u1ecaNH<\/strong><\/p>\n<p>Kh\u00f4ng s\u1eed d\u1ee5ng cho th\u00fa nh\u1ea1y c\u1ea3m v\u1edbi thu\u1ed1c.<\/p>\n<p><strong>S\u1eec D\u1ee4NG<\/strong><\/p>\n<p>Ti\u00eam s\u00e2u b\u1eafp th\u1ecbt 1 li\u1ec1u duy nh\u1ea5t.<\/p>\n<p>1ml\/ 1 heo con l\u00fac heo 3 &#8211; 5 ng\u00e0y tu\u1ed5i.<\/p>\n<p>C\u00f3 th\u1ec3 l\u1eb7p l\u1ea1i 1 m\u0169i th\u1ee9 2 tr\u01b0\u1edbc khi cai s\u1eefa 3 &#8211; 5 ng\u00e0y v\u1edbi li\u1ec1u nh\u01b0 tr\u00ean.<\/p>\n<p><strong>Kh\u00f4ng c\u1ea7n th\u1eddi gian ng\u01b0ng thu\u1ed1c.<\/strong><\/p>\n<p><strong>H\u1ea1n s\u1eed d\u1ee5ng s\u1ea3n ph\u1ea9m <\/strong><\/p>\n<p>36 th\u00e1ng k\u1ec3 t\u1eeb ng\u00e0y s\u1ea3n xu\u1ea5t.<\/p>\n<p><strong>B\u1ea2O QU\u1ea2N<\/strong><\/p>\n<p>N\u01a1i kh\u00f4 r\u00e1o, tho\u00e1ng m\u00e1t, nhi\u1ec7t \u0111\u1ed9 d\u01b0\u1edbi 30<sup>0<\/sup>C. Tr\u00e1nh \u00e1nh n\u1eafng tr\u1ef1c ti\u1ebfp, tr\u00e1nh xa t\u1ea7m tay tr\u1ebb em.<\/p>\n<p><strong>\u0110\u00d3NG G\u00d3I<\/strong><\/p>\n<p><strong>20ml, 100ml<\/strong><\/p>\n<p><strong>S\u1ed1 \u0111\u0103ng k\u00fd: MBP-25<\/strong><\/p>\n","protected":false},"excerpt":{"rendered":"<p><strong>B\u1ed4 SUNG S\u1eaeT, PH\u00d2NG V\u00c0 \u0110I\u1ec0U TR\u1eca THI\u1ebeU M\u00c1U CHO HEO CON<\/strong><\/p>\n<p><strong>Dung d\u1ecbch ti\u00eam<\/strong><\/p>\n<p><strong>C\u00d4NG TH\u1ee8C<\/strong><\/p>\n<p>Iron Dextran: 10g<\/p>\n<p>Dung m\u00f4i v\u1eeba \u0111\u1ee7: 100ml<\/p>\n<p><strong>C\u00d4NG D\u1ee4NG S\u1ea2N PH\u1ea8M<\/strong><\/p>\n<p>Ph\u00f2ng v\u00e0 h\u1ed7 tr\u1ee3 \u0111i\u1ec1u tr\u1ecb b\u1ec7nh thi\u1ebfu m\u00e1u do thi\u1ebfu s\u1eaft \u1edf heo con.<\/p>\n<p>S\u1ea3n ph\u1ea9m c\u00f2n \u0111\u01b0\u1ee3c s\u1eed d\u1ee5ng hi\u1ec7u qu\u1ea3 trong tr\u01b0\u1eddng h\u1ee3p heo con c\u00f2i c\u1ecdc, ch\u1eadm l\u1edbn, x\u00f9 l\u00f4ng, gi\u00fap heo con t\u0103ng tr\u01b0\u1edfng nhanh.<\/p>\n<p><strong>CH\u1ed0NG CH\u1ec8 \u0110\u1ecaNH<\/strong><\/p>\n<p>Kh\u00f4ng s\u1eed d\u1ee5ng cho th\u00fa nh\u1ea1y c\u1ea3m v\u1edbi thu\u1ed1c.<\/p>\n<p><strong>S\u1eec D\u1ee4NG<\/strong><\/p>\n<p>Ti\u00eam s\u00e2u b\u1eafp th\u1ecbt 1 li\u1ec1u duy nh\u1ea5t.<\/p>\n<p>1ml\/ 1 heo con l\u00fac heo 3 &#8211; 5 ng\u00e0y tu\u1ed5i.<\/p>\n<p>C\u00f3 th\u1ec3 l\u1eb7p l\u1ea1i 1 m\u0169i th\u1ee9 2 tr\u01b0\u1edbc khi cai s\u1eefa 3 &#8211; 5 ng\u00e0y v\u1edbi li\u1ec1u nh\u01b0 tr\u00ean.<\/p>\n<p>&nbsp;<\/p>\n","protected":false},"featured_media":10560,"comment_status":"closed","ping_status":"closed","template":"","meta":[],"product_brand":[],"product_cat":[62],"product_tag":[],"class_list":{"0":"post-4558","1":"product","2":"type-product","3":"status-publish","4":"has-post-thumbnail","6":"product_cat-thuoc-thu-y","8":"first","9":"instock","10":"shipping-taxable","11":"purchasable","12":"product-type-variable","13":"has-default-attributes"},"_links":{"self":[{"href":"https:\/\/mebipha.com\/online\/wp-json\/wp\/v2\/product\/4558","targetHints":{"allow":["GET"]}}],"collection":[{"href":"https:\/\/mebipha.com\/online\/wp-json\/wp\/v2\/product"}],"about":[{"href":"https:\/\/mebipha.com\/online\/wp-json\/wp\/v2\/types\/product"}],"replies":[{"embeddable":true,"href":"https:\/\/mebipha.com\/online\/wp-json\/wp\/v2\/comments?post=4558"}],"wp:featuredmedia":[{"embeddable":true,"href":"https:\/\/mebipha.com\/online\/wp-json\/wp\/v2\/media\/10560"}],"wp:attachment":[{"href":"https:\/\/mebipha.com\/online\/wp-json\/wp\/v2\/media?parent=4558"}],"wp:term":[{"taxonomy":"product_brand","embeddable":true,"href":"https:\/\/mebipha.com\/online\/wp-json\/wp\/v2\/product_brand?post=4558"},{"taxonomy":"product_cat","embeddable":true,"href":"https:\/\/mebipha.com\/online\/wp-json\/wp\/v2\/product_cat?post=4558"},{"taxonomy":"product_tag","embeddable":true,"href":"https:\/\/mebipha.com\/online\/wp-json\/wp\/v2\/product_tag?post=4558"}],"curies":[{"name":"wp","href":"https:\/\/api.w.org\/{rel}","templated":true}]}}