{"id":4554,"date":"2019-02-19T13:42:40","date_gmt":"2019-02-19T06:42:40","guid":{"rendered":"https:\/\/mebipha.com\/?post_type=product&#038;p=4554"},"modified":"2025-12-26T10:52:37","modified_gmt":"2025-12-26T03:52:37","slug":"linspec-inj","status":"publish","type":"product","link":"https:\/\/mebipha.com\/online\/linspec-inj\/","title":{"rendered":"LINSPEC  INJ"},"content":{"rendered":"<p><strong>\u0110\u1eb6C TR\u1eca VI\u00caM PH\u1ed4I, TH\u01af\u01a0NG H\u00c0N, TI\u00caU CH\u1ea2Y TR\u00caN GIA S\u00daC<\/strong><\/p>\n<p><strong>Dung d\u1ecbch kh\u00e1ng sinh ti\u00eam<\/strong><\/p>\n<p><strong>\u00a0<\/strong><\/p>\n<p><strong>C\u00d4NG TH\u1ee8C<\/strong><\/p>\n<p>Lincomycin HCl: 5g<\/p>\n<p>Spectinomycin HCl: 10g<\/p>\n<p>Dung m\u00f4i v\u1eeba \u0111\u1ee7: 100ml<\/p>\n<p><strong>\u0110\u1eb6C T\u00cdNH D\u01af\u1ee2C L\u00dd S\u1ea2N PH\u1ea8M<\/strong><\/p>\n<p>Lincomycine: L\u00e0 kh\u00e1ng sinh nh\u00f3m Lincosamides, \u1ee9c ch\u1ebf s\u1ef1 t\u1ed5ng h\u1ee3p protein c\u1ee7a vi khu\u1ea9n do g\u1eafn v\u1edbi ti\u1ec3u \u0111\u01a1n v\u1ecb 50S c\u1ee7a ribosome. Ph\u1ed5 kh\u00e1ng khu\u1ea9n h\u1eb9p, t\u00e1c \u0111\u1ed9ng l\u00ean ph\u1ea7n l\u1edbn vi khu\u1ea9n Gram (+) hi\u1ebfu kh\u00ed v\u00e0 <em>Mycoplasma<\/em>, <em>Erysipelothrix<\/em> (h\u1ed3ng l\u1ef5), <em>Leptospira<\/em>. M\u1ed9t s\u1ed1 vi khu\u1ea9n k\u1ecb kh\u00ed c\u00f3 th\u1ec3 nh\u1ea1y c\u1ea3m v\u1edbi Lincomycine nh\u01b0 \u00a0<em>Clostridium perfringens, C. tetani.<\/em><\/p>\n<p>Spectinomycine: L\u00e0 kh\u00e1ng sinh thu\u1ed9c nh\u00f3m Aminoglycoside, \u1ee9c ch\u1ebf t\u1ed5ng h\u1ee3p protein c\u1ee7a vi khu\u1ea9n b\u1eb1ng c\u00e1ch g\u1eafn v\u1edbi ti\u1ec3u \u0111\u01a1n v\u1ecb 30S c\u1ee7a ribosome. Thu\u1ed1c th\u01b0\u1eddng \u0111\u01b0\u1ee3c s\u1eed d\u1ee5ng \u0111\u1ec3 tr\u1ecb vi\u00eam ph\u1ed5i do <em>Actinobaccillus pleuropneumoniae<\/em>, vi\u00eam ph\u1ed5i, vi\u00eam kh\u1edbp do <em>Mycoplasma <\/em>spp. g\u00e2y ra, nhi\u1ec5m tr\u00f9ng \u0111\u01b0\u1eddng ti\u00eau ho\u00e1, nhi\u1ec5m tr\u00f9ng huy\u1ebft do <em>E.coli<\/em> v\u00e0 <em>Salmonella<\/em> spp., nhi\u1ec5m tr\u00f9ng \u0111\u01b0\u1eddng h\u00f4 h\u1ea5p do c\u00e1c vi khu\u1ea9n G (-) g\u00e2y ra cho tr\u00e2u, b\u00f2, heo.<\/p>\n<p>Lincomycine th\u01b0\u1eddng \u0111\u01b0\u1ee3c k\u1ebft h\u1ee3p v\u1edbi Spectinomycine trong \u0111i\u1ec1u tr\u1ecb b\u1ec7nh tr\u00ean \u0111\u01b0\u1eddng h\u00f4 h\u1ea5p cho tr\u00e2u, b\u00f2, d\u00ea, c\u1eebu, heo do Lincomycine c\u00f3 hi\u1ec7u qu\u1ea3 v\u1edbi <em>Mycoplasma, Arcanobacteria<\/em>, vi khu\u1ea9n k\u1ecb kh\u00ed trong khi Spectinomycine c\u00f3 th\u1ec3 ch\u1ed1ng l\u1ea1i <em>Pasteurella<\/em> v\u00e0 <em>Heamophilus<\/em>. Lincomycine c\u1ed9ng h\u01b0\u1edfng v\u1edbi Spectinomycine trong t\u00e1c \u0111\u1ed9ng \u0111\u1ebfn <em>Mycoplasma<\/em>. S\u1ef1 k\u1ebft h\u1ee3p n\u00e0y c\u0169ng cho hi\u1ec7u qu\u1ea3 t\u1ed1t trong c\u00e1c nhi\u1ec5m tr\u00f9ng \u1edf m\u00f3ng c\u1ee7a gia s\u00fac.<\/p>\n<p><strong>C\u00d4NG D\u1ee4NG S\u1ea2N PH\u1ea8M<\/strong><\/p>\n<p>\u0110i\u1ec1u tr\u1ecb hi\u1ec7u qu\u1ea3 <em>Mycoplasma <\/em>spp, vi\u00eam ph\u1ed5i-m\u00e0ng ph\u1ed5i, ph\u00f3 th\u01b0\u01a1ng h\u00e0n, ti\u00eau ch\u1ea3y, vi\u00eam m\u00f3ng, vi\u00eam kh\u1edbp tr\u00ean heo, tr\u00e2u, b\u00f2, d\u00ea, c\u1eebu.<\/p>\n<p><strong>CH\u1ed0NG CH\u1ec8 \u0110\u1ecaNH<\/strong><\/p>\n<p>Th\u00fa m\u1eabn c\u1ea3m v\u1edbi c\u00e1c th\u00e0nh ph\u1ea7n c\u1ee7a thu\u1ed1c.<\/p>\n<p>Kh\u00f4ng n\u00ean s\u1eed d\u1ee5ng tr\u00ean th\u00fa non.<\/p>\n<p><strong>S\u1eec D\u1ee4NG<\/strong><\/p>\n<p>Ti\u00eam s\u00e2u v\u00e0o b\u1eafp th\u1ecbt.<\/p>\n<p>Heo con: 1ml\/10kg th\u1ec3 tr\u1ecdng.<\/p>\n<p>Heo l\u1edbn, b\u00ea, c\u1eebu, d\u00ea: 1ml\/15kg th\u1ec3 tr\u1ecdng.<\/p>\n<p>Tr\u00e2u, b\u00f2: 1ml\/25kg th\u1ec3 tr\u1ecdng.<\/p>\n<p>\u0110i\u1ec1u tr\u1ecb 3 &#8211; 5 ng\u00e0y.<\/p>\n<p><strong>Th\u1eddi gian ng\u01b0ng s\u1eed d\u1ee5ng thu\u1ed1c<\/strong><\/p>\n<p>Th\u00fa l\u1ea5y th\u1ecbt: 14 ng\u00e0y tr\u01b0\u1edbc khi gi\u1ebft m\u1ed5<\/p>\n<p>Th\u00fa l\u1ea5y s\u1eefa: 6 l\u1ea7n v\u1eaft s\u1eefa<\/p>\n<p><strong>B\u1ea2O QU\u1ea2N<\/strong><\/p>\n<p>N\u01a1i kh\u00f4 r\u00e1o, tho\u00e1ng m\u00e1t, nhi\u1ec7t \u0111\u1ed9 d\u01b0\u1edbi 30<sup>0<\/sup>C, tr\u00e1nh \u00e1nh n\u1eafng tr\u1ef1c ti\u1ebfp. Tr\u00e1nh xa t\u1ea7m tay tr\u1ebb em.<\/p>\n<p><strong>H\u1ea0N D\u00d9NG <\/strong><\/p>\n<p>24 th\u00e1ng k\u1ec3 t\u1eeb ng\u00e0y s\u1ea3n xu\u1ea5t.<\/p>\n<p><strong>\u0110\u00d3NG G\u00d3I<\/strong><\/p>\n<p>20ml, 100ml, 250ml<\/p>\n<p><strong>S\u1ed1 \u0111\u0103ng k\u00fd: MBP-9<\/strong><\/p>\n","protected":false},"excerpt":{"rendered":"<p>Th\u00e0nh ph\u1ea7n:\u00a0Lincomycin, Spectinomycin, Dung m\u00f4i v\u1eeba \u0111\u1ee7.<\/p>\n<p>S\u1eed d\u1ee5ng:<\/p>\n<p>Heo con: 1ml\/10kg th\u1ec3 tr\u1ecdng\/ng\u00e0y.<br \/>\nHeo l\u1edbn, b\u00ea, c\u1eebu, d\u00ea: 1ml\/15kg th\u1ec3 tr\u1ecdng\/ng\u00e0y.<br \/>\nTr\u00e2u, b\u00f2: 1ml\/25kg th\u1ec3 tr\u1ecdng\/ng\u00e0y<br \/>\n\u0110i\u1ec1u tr\u1ecb 3 &#8211; 5 ng\u00e0y.<\/p>\n","protected":false},"featured_media":10630,"comment_status":"closed","ping_status":"closed","template":"","meta":[],"product_brand":[],"product_cat":[62,142],"product_tag":[],"class_list":{"0":"post-4554","1":"product","2":"type-product","3":"status-publish","4":"has-post-thumbnail","6":"product_cat-thuoc-thu-y","7":"product_cat-danh-muc-san-pham-gia-cam","9":"first","10":"instock","11":"shipping-taxable","12":"purchasable","13":"product-type-variable","14":"has-default-attributes"},"_links":{"self":[{"href":"https:\/\/mebipha.com\/online\/wp-json\/wp\/v2\/product\/4554","targetHints":{"allow":["GET"]}}],"collection":[{"href":"https:\/\/mebipha.com\/online\/wp-json\/wp\/v2\/product"}],"about":[{"href":"https:\/\/mebipha.com\/online\/wp-json\/wp\/v2\/types\/product"}],"replies":[{"embeddable":true,"href":"https:\/\/mebipha.com\/online\/wp-json\/wp\/v2\/comments?post=4554"}],"wp:featuredmedia":[{"embeddable":true,"href":"https:\/\/mebipha.com\/online\/wp-json\/wp\/v2\/media\/10630"}],"wp:attachment":[{"href":"https:\/\/mebipha.com\/online\/wp-json\/wp\/v2\/media?parent=4554"}],"wp:term":[{"taxonomy":"product_brand","embeddable":true,"href":"https:\/\/mebipha.com\/online\/wp-json\/wp\/v2\/product_brand?post=4554"},{"taxonomy":"product_cat","embeddable":true,"href":"https:\/\/mebipha.com\/online\/wp-json\/wp\/v2\/product_cat?post=4554"},{"taxonomy":"product_tag","embeddable":true,"href":"https:\/\/mebipha.com\/online\/wp-json\/wp\/v2\/product_tag?post=4554"}],"curies":[{"name":"wp","href":"https:\/\/api.w.org\/{rel}","templated":true}]}}