{"id":4535,"date":"2019-02-19T13:13:36","date_gmt":"2019-02-19T06:13:36","guid":{"rendered":"https:\/\/mebipha.com\/?post_type=product&#038;p=4535"},"modified":"2025-12-29T14:30:56","modified_gmt":"2025-12-29T07:30:56","slug":"ketofen-inj","status":"publish","type":"product","link":"https:\/\/mebipha.com\/online\/ketofen-inj\/","title":{"rendered":"KETOFEN INJ"},"content":{"rendered":"<p><strong>H\u1ed6 TR\u1ee2 \u0110I\u1ec0U TR\u1eca C\u00c1C B\u1ec6NH VI\u00caM, \u0110AU<\/strong><\/p>\n<p><strong>H\u1ea0 S\u1ed0T TR\u00caN GIA S\u00daC<\/strong><\/p>\n<p><strong>Dung d\u1ecbch ti\u00eam<\/strong><\/p>\n<p><strong>\u00a0<\/strong><\/p>\n<p><strong>C\u00d4NG TH\u1ee8C<\/strong><\/p>\n<p>Ketoprofen: 10 g<\/p>\n<p>Dung m\u00f4i v\u1eeba \u0111\u1ee7: 100 ml<\/p>\n<p><strong>\u0110\u1eb6C T\u00cdNH D\u01af\u1ee2C L\u00dd S\u1ea2N PH\u1ea8M<\/strong><\/p>\n<p>Ketoprofen l\u00e0 m\u1ed9t lo\u1ea1i thu\u1ed1c ch\u1ed1ng vi\u00eam kh\u00f4ng steroid (NSAID) c\u00f3 t\u00e1c d\u1ee5ng gi\u1ea3m \u0111au v\u00e0 h\u1ea1 s\u1ed1t. Ketoprofen t\u1ea1o ra t\u00e1c d\u1ee5ng gi\u1ea3m \u0111au b\u1eb1ng c\u00e1ch \u1ee9c ch\u1ebf t\u1ed5ng h\u1ee3p c\u00e1c prostaglandin \u1edf ngo\u1ea1i vi v\u00e0 trung \u01b0\u01a1ng. Ketoprofen c\u00f2n g\u00e2y ra s\u1ef1 \u1ee9c ch\u1ebf t\u1ed5ng h\u1ee3p prostaglandin \u1edf th\u1ea7n kinh trung \u01b0\u01a1ng (c\u00f3 th\u1ec3 l\u00e0 \u1edf v\u00f9ng d\u01b0\u1edbi \u0111\u1ed3i) cho t\u00e1c d\u1ee5ng h\u1ea1 s\u1ed1t.<\/p>\n<p>S\u1ea3n ph\u1ea9m <strong>KETOFEN INJ<\/strong> c\u00f3 t\u00e1c d\u1ee5ng nhanh, k\u00e9o d\u00e0i 24 gi\u1edd, an to\u00e0n cho v\u1eadt nu\u00f4i v\u00ec kh\u00f4ng g\u00e2y t\u00e1c d\u1ee5ng ph\u1ee5, kh\u00f4ng g\u00e2y m\u1ea5t s\u1eefa.<\/p>\n<p><strong>C\u00d4NG D\u1ee4NG S\u1ea2N PH\u1ea8M<\/strong><\/p>\n<p>H\u1ed7 tr\u1ee3 \u0111i\u1ec1u tr\u1ecb tri\u1ec7u ch\u1ee9ng nhi\u1ec5m tr\u00f9ng h\u00f4 h\u1ea5p, vi\u00eam v\u00fa, vi\u00eam kh\u1edbp, ch\u1ea5n th\u01b0\u01a1ng, nhi\u1ec5m tr\u00f9ng sau ph\u1eabu thu\u1eadt tr\u00ean gia s\u00fac:<\/p>\n<p>Tr\u00e2u, b\u00f2, ng\u1ef1a: Chuy\u00ean d\u00f9ng kh\u00e1ng vi\u00eam, gi\u1ea3m \u0111au, h\u1ea1 s\u1ed1t.<\/p>\n<p>Heo: kh\u00e1ng vi\u00eam, gi\u1ea3m \u0111au, h\u1ea1 s\u1ed1t trong c\u00e1c b\u1ec7nh nhi\u1ec5m tr\u00f9ng, c\u00e1c tri\u1ec7u ch\u1ee9ng (s\u1ed1t, \u0111au) c\u1ee7a vi\u00eam v\u00fa, vi\u00eam t\u1eed cung, m\u1ea5t s\u1eefa tr\u00ean heo n\u00e1i.<\/p>\n<p><strong>CH\u1ed0NG CH\u1ec8 \u0110\u1ecaNH<\/strong><\/p>\n<p>Th\u00fa qu\u00e1 m\u1eabn v\u1edbi flunixin.<\/p>\n<p>Th\u00fa b\u1ecb suy tim, gan ho\u1eb7c th\u1eadn ho\u1eb7c b\u1ecb lo\u00e9t d\u1ea1 d\u00e0y-ru\u1ed9t.<\/p>\n<p><strong>S\u1eec D\u1ee4NG<\/strong><\/p>\n<p>Ti\u00eam s\u00e2u v\u00e0o b\u1eafp th\u1ecbt. Ch\u1ec9 s\u1eed d\u1ee5ng 1 li\u1ec1u\/ng\u00e0y.<\/p>\n<p><strong>Tr\u00e2u, b\u00f2 ng\u1ef1a<\/strong>: 1ml\/20 &#8211; 25kg th\u1ec3 tr\u1ecdng.<\/p>\n<p><strong>Heo, d\u00ea, c\u1eebu:<\/strong> 1ml\/15 &#8211; 20kg th\u1ec3 tr\u1ecdng.<\/p>\n<p>D\u00f9ng li\u00ean t\u1ee5c 3-5 ng\u00e0y.<\/p>\n<p><strong>Th\u1eddi gian ng\u01b0ng s\u1eed d\u1ee5ng thu\u1ed1c<\/strong><\/p>\n<p>Th\u00fa l\u1ea5y th\u1ecbt: 5 ng\u00e0y tr\u01b0\u1edbc khi gi\u1ebft m\u1ed5.<\/p>\n<p><strong>H\u1ea0N S\u1eec D\u1ee4NG S\u1ea2N PH\u1ea8M<\/strong><\/p>\n<p>2 n\u0103m k\u1ec3 t\u1eeb ng\u00e0y s\u1ea3n xu\u1ea5t<\/p>\n<p><strong>B\u1ea2O QU\u1ea2N<\/strong><\/p>\n<p>N\u01a1i kh\u00f4 r\u00e1o, tho\u00e1ng m\u00e1t, nhi\u1ec7t \u0111\u1ed9 d\u01b0\u1edbi 30<sup>0<\/sup>C, tr\u00e1nh \u00e1nh n\u1eafng tr\u1ef1c ti\u1ebfp. Tr\u00e1nh xa t\u1ea7m tay tr\u1ebb em.<\/p>\n<p><strong>\u0110\u00d3NG G\u00d3I<\/strong><\/p>\n<p>20ml, 100ml<\/p>\n<p><strong>S\u1ed1 \u0111\u0103ng k\u00fd: MBP-14<\/strong><\/p>\n","protected":false},"excerpt":{"rendered":"<p>Th\u00e0nh ph\u1ea7n: Ketoprofen, Dung m\u00f4i v\u1eeba \u0111\u1ee7.<\/p>\n<p>S\u1eed d\u1ee5ng:<\/p>\n<p>Tr\u00e2u, b\u00f2, ng\u1ef1a:<br \/>\n1ml\/20 &#8211; 25kg th\u1ec3 tr\u1ecdng<br \/>\nHeo, d\u00ea, c\u1eebu:<br \/>\n1ml\/15 &#8211; 20kg th\u1ec3 tr\u1ecdng.<br \/>\nD\u00f9ng li\u00ean t\u1ee5c 3-5 ng\u00e0y.<\/p>\n","protected":false},"featured_media":9888,"comment_status":"closed","ping_status":"closed","template":"","meta":[],"product_brand":[],"product_cat":[62],"product_tag":[],"class_list":{"0":"post-4535","1":"product","2":"type-product","3":"status-publish","4":"has-post-thumbnail","6":"product_cat-thuoc-thu-y","8":"first","9":"instock","10":"shipping-taxable","11":"purchasable","12":"product-type-variable","13":"has-default-attributes"},"_links":{"self":[{"href":"https:\/\/mebipha.com\/online\/wp-json\/wp\/v2\/product\/4535","targetHints":{"allow":["GET"]}}],"collection":[{"href":"https:\/\/mebipha.com\/online\/wp-json\/wp\/v2\/product"}],"about":[{"href":"https:\/\/mebipha.com\/online\/wp-json\/wp\/v2\/types\/product"}],"replies":[{"embeddable":true,"href":"https:\/\/mebipha.com\/online\/wp-json\/wp\/v2\/comments?post=4535"}],"wp:featuredmedia":[{"embeddable":true,"href":"https:\/\/mebipha.com\/online\/wp-json\/wp\/v2\/media\/9888"}],"wp:attachment":[{"href":"https:\/\/mebipha.com\/online\/wp-json\/wp\/v2\/media?parent=4535"}],"wp:term":[{"taxonomy":"product_brand","embeddable":true,"href":"https:\/\/mebipha.com\/online\/wp-json\/wp\/v2\/product_brand?post=4535"},{"taxonomy":"product_cat","embeddable":true,"href":"https:\/\/mebipha.com\/online\/wp-json\/wp\/v2\/product_cat?post=4535"},{"taxonomy":"product_tag","embeddable":true,"href":"https:\/\/mebipha.com\/online\/wp-json\/wp\/v2\/product_tag?post=4535"}],"curies":[{"name":"wp","href":"https:\/\/api.w.org\/{rel}","templated":true}]}}