{"id":4506,"date":"2019-02-19T11:08:36","date_gmt":"2019-02-19T04:08:36","guid":{"rendered":"https:\/\/mebipha.com\/?post_type=product&#038;p=4506"},"modified":"2025-12-29T14:12:13","modified_gmt":"2025-12-29T07:12:13","slug":"immuno-ones-2","status":"publish","type":"product","link":"https:\/\/mebipha.com\/online\/immuno-ones-2\/","title":{"rendered":"IMMUNO ONES (GIA C\u1ea6M)"},"content":{"rendered":"<p><strong>CH\u1ebe PH\u1ea8M THAY TH\u1ebe KH\u00c1NG SINH<\/strong><\/p>\n<p><strong>KH\u00c1NG TH\u1ec2 \u0110\u1eb6C BI\u1ec6T D\u00c0NH CHO GIA C\u1ea6M, G\u00c0 \u0110\u00c1, CHIM C\u1ea2NH<\/strong><\/p>\n<p><strong>Dung d\u1ecbch u\u1ed1ng<\/strong><\/p>\n<p><strong>C\u00f4ng th\u1ee9c <\/strong><\/p>\n<p>Betain: 9g<\/p>\n<p>Fructose Oligosaccharide: 20g<\/p>\n<p>Dung m\u00f4i c\u00f3 ch\u1ee9a ATP, Butaphosphan, Vitamin B12, Selenium v\u00e0 Nucleotide v\u1eeba \u0111\u1ee7:\u00a0 100ml<\/p>\n<p><strong>\u0110\u1eb6C \u0110I\u1ec2M S\u1ea2N PH\u1ea8M<\/strong><\/p>\n<p><strong>IMMUNO ONES<\/strong> \u0111em l\u1ea1i nhi\u1ec1u l\u1ee3i \u00edch v\u01b0\u1ee3t tr\u1ed9i, gi\u00fap nh\u00e0 ch\u0103n nu\u00f4i b\u1ea3o v\u1ec7 t\u1ed1i \u0111a s\u1ee9c kh\u1ecfe gia c\u1ea7m, \u0111\u1eb7c bi\u1ec7t l\u00e0 gia c\u1ea7m non, gia t\u0103ng s\u1ee9c \u0111\u1ec1 kh\u00e1ng v\u1edbi m\u1ea7m b\u1ec7nh, gia t\u0103ng s\u1ee9c kh\u1ecfe \u0111\u01b0\u1eddng ru\u1ed9t, \u0111\u1ed3ng th\u1eddi c\u1ea3i thi\u1ec7n hi\u1ec7u qu\u1ea3 trao \u0111\u1ed5i ch\u1ea5t. Nh\u1edd \u0111\u00f3, gia c\u1ea7m kh\u1ecfe m\u1ea1nh v\u00e0 ph\u00e1t tri\u1ec3n t\u1ed1t, \u0111\u1ea1t n\u0103ng su\u1ea5t t\u1ed1i \u01b0u.<\/p>\n<p>Trong ch\u1ebf ph\u1ea9m <strong>IMMUNO ONES<\/strong> c\u00f3 ch\u1ee9a ch\u1ea5t ch\u00ednh Fructose Oligosaccharide (FOS) v\u00e0 Betain, \u0111\u01b0\u1ee3c b\u00e0o ch\u1ebf trong dung m\u00f4i \u0111\u1eb7c bi\u1ec7t.<\/p>\n<p><strong>Fructose Oligosaccharide (FOS)<\/strong> gi\u00fap c\u1ea3i thi\u1ec7n r\u00f5 r\u1ec7t m\u1ee9c \u0111\u1ed9 sinh tr\u01b0\u1edfng, gia t\u0103ng c\u1ea3 mi\u1ec5n d\u1ecbch th\u1ee5 \u0111\u1ed9ng v\u00e0 mi\u1ec5n d\u1ecbch \u0111\u00e1p \u1ee9ng, c\u1ea3i thi\u1ec7n c\u1ea5u tr\u00fac ni\u00eam m\u1ea1c ru\u1ed9t non, thay \u0111\u1ed5i t\u00edch c\u1ef1c h\u1ec7 l\u1ee3i khu\u1ea9n \u0111\u01b0\u1eddng ru\u1ed9t. FOS c\u00f3 th\u1ec3 k\u00edch th\u00edch gia t\u0103ng c\u00e1c nh\u00f3m l\u1ee3i khu\u1ea9n ru\u1ed9t nh\u01b0\u00a0<em>bifidobacterial\u00a0<\/em>v\u00e0\u00a0<em>lactobacilli<\/em>, \u0111\u1ed3ng th\u1eddi \u1ee9c ch\u1ebf c\u00e1c nh\u00f3m vi khu\u1ea9n g\u00e2y h\u1ea1i nh\u01b0\u00a0<em>Salmonella<\/em>\u00a0spp. v\u00e0\u00a0<em>E. coli<\/em>.<\/p>\n<p><strong>Betain <\/strong>gi\u1eef vai tr\u00f2 c\u00e2n b\u1eb1ng \u00e1p su\u1ea5t th\u1ea9m th\u1ea5u t\u1ebf b\u00e0o, ph\u1ee5c h\u1ed3i v\u00e0 duy tr\u00ec t\u00ednh to\u00e0n v\u1eb9n v\u00e0 ch\u1ee9c n\u0103ng c\u1ee7a t\u1ebf b\u00e0o, ch\u1ed1ng m\u1ea5t n\u01b0\u1edbc. <strong>Betain <\/strong>kh\u00f4ng nh\u1eefng gi\u1ea3m \u0111\u01b0\u1ee3c t\u00e1c \u0111\u1ed9ng ti\u00eau c\u1ef1c c\u1ee7a stress v\u00ec nhi\u1ec7t m\u00e0 c\u00f2n gi\u00fap c\u1ea3i thi\u1ec7n s\u1ee9c kh\u1ecfe \u0111\u01b0\u1eddng ru\u1ed9t c\u1ee7a v\u1eadt nu\u00f4i. \u0110\u1eb7c bi\u1ec7t, <strong>Betain<\/strong> gi\u00fap c\u1ea3i thi\u1ec7n c\u00e1c v\u1ea5n \u0111\u1ec1 v\u1ec1 ti\u00eau h\u00f3a l\u1eabn s\u1ee9c kh\u1ecfe \u0111\u01b0\u1eddng ru\u1ed9t v\u00e0 t\u0103ng c\u01b0\u1eddng ch\u1ee9c n\u0103ng gan.<\/p>\n<p><strong>C\u00d4NG D\u1ee4NG S\u1ea2N PH\u1ea8M<\/strong><\/p>\n<p>T\u0103ng c\u01b0\u1eddng kh\u1ea3 n\u0103ng mi\u1ec5n d\u1ecbch, ch\u1ed1ng ch\u1ecdi t\u1ed1t v\u1edbi m\u1ea7m b\u1ec7nh t\u1eeb m\u00f4i tr\u01b0\u1eddng, ph\u00f2ng ng\u1eeba b\u1ec7nh.<\/p>\n<p>Gi\u00fap h\u1ec7 l\u1ee3i khu\u1ea9n ph\u00e1t tri\u1ec3n, \u1ee9c ch\u1ebf vi khu\u1ea9n g\u00e2y b\u1ec7nh trong \u0111\u01b0\u1eddng ru\u1ed9t c\u1ee7a gia c\u1ea7m non, gi\u00fap gi\u1ea3m hao h\u1ee5t.<\/p>\n<p>T\u0103ng kh\u1ea3 n\u0103ng ti\u00eau h\u00f3a v\u00e0 h\u1ea5p thu d\u01b0\u1ee1ng ch\u1ea5t t\u1eeb th\u1ee9c \u0103n, gi\u00fap gia c\u1ea7m sinh tr\u01b0\u1edfng v\u00e0 ph\u00e1t tri\u1ec3n t\u1ed1i \u01b0u, n\u00e2ng cao n\u0103ng su\u1ea5t.<\/p>\n<p>D\u00f9ng k\u1ebft h\u1ee3p v\u1edbi kh\u00e1ng sinh h\u1ed7 tr\u1ee3 \u0111i\u1ec1u tr\u1ecb b\u1ec7nh nhanh ch\u00f3ng.<\/p>\n<p><strong>IMMUNO ONES <\/strong>\u0111\u01b0\u1ee3c khuy\u1ebfn c\u00e1o d\u00f9ng thay th\u1ebf kh\u00e1ng sinh ho\u00e0n to\u00e0n trong giai \u0111o\u1ea1n \u00fam gia c\u1ea7m non, mang l\u1ea1i hi\u1ec7u qu\u1ea3 cao.<\/p>\n<p><strong>s\u1eed d\u1ee5ng<\/strong><\/p>\n<p>Pha v\u00e0o n\u01b0\u1edbc u\u1ed1ng.<\/p>\n<p>Li\u1ec1u t\u1ed5ng qu\u00e1t: 1ml\/10kg th\u1ec3 tr\u1ecdng.<\/p>\n<p>Ph\u00f2ng b\u1ec7nh: 1ml\/1 l\u00edt n\u01b0\u1edbc u\u1ed1ng, d\u00f9ng li\u00ean t\u1ee5c t\u1eeb 3 \u2013 4 ng\u00e0y. \u0110\u1ecbnh k\u1ef3 2 \u2013 3 tu\u1ea7n d\u00f9ng 1 \u0111\u1ee3t.<\/p>\n<p>H\u1ed7 tr\u1ee3 \u0111i\u1ec1u tr\u1ecb: d\u00f9ng k\u1ebft h\u1ee3p v\u1edbi kh\u00e1ng sinh 2ml\/1 l\u00edt n\u01b0\u1edbc u\u1ed1ng, d\u00f9ng li\u00ean t\u1ee5c t\u1eeb 5 \u2013 7 ng\u00e0y.<\/p>\n<p><strong>Kh\u00f4ng c\u1ea7n th\u1eddi gian ng\u01b0ng thu\u1ed1c.<\/strong><\/p>\n<p><strong>H\u1ea1n s\u1eed d\u1ee5ng s\u1ea3n ph\u1ea9m <\/strong><\/p>\n<p>24 th\u00e1ng k\u1ec3 t\u1eeb ng\u00e0y s\u1ea3n xu\u1ea5t.<\/p>\n<p><strong>B\u1ea2O QU\u1ea2N<\/strong><\/p>\n<p>N\u01a1i kh\u00f4 r\u00e1o, tho\u00e1ng m\u00e1t, nhi\u1ec7t \u0111\u1ed9 d\u01b0\u1edbi 30<sup>0<\/sup>C. Tr\u00e1nh \u00e1nh n\u1eafng tr\u1ef1c ti\u1ebfp, tr\u00e1nh xa t\u1ea7m tay tr\u1ebb em.<\/p>\n<p><strong>\u0110\u00d3NG G\u00d3I<\/strong><\/p>\n<p><strong>20ml, 100ml, 250ml, 1 l\u00edt.<\/strong><\/p>\n<p><strong>S\u1ed1 \u0111\u0103ng k\u00fd: MBP-75<\/strong><\/p>\n","protected":false},"excerpt":{"rendered":"<p><strong>CH\u1ebe PH\u1ea8M THAY TH\u1ebe KH\u00c1NG SINH<\/strong><\/p>\n<p><strong>KH\u00c1NG TH\u1ec2 \u0110\u1eb6C BI\u1ec6T D\u00c0NH CHO GIA C\u1ea6M, G\u00c0 \u0110\u00c1, CHIM C\u1ea2NH<\/strong><\/p>\n<p><strong>C\u00f4ng th\u1ee9c <\/strong><\/p>\n<p>Betain: 9g<\/p>\n<p>Fructose Oligosaccharide: 20g<\/p>\n<p>Dung m\u00f4i c\u00f3 ch\u1ee9a ATP, Butaphosphan, Vitamin B12, Selenium v\u00e0 Nucleotide v\u1eeba \u0111\u1ee7:\u00a0 100ml<\/p>\n<p><strong>C\u00d4NG D\u1ee4NG S\u1ea2N PH\u1ea8M<\/strong><\/p>\n<p>T\u0103ng c\u01b0\u1eddng kh\u1ea3 n\u0103ng mi\u1ec5n d\u1ecbch, ch\u1ed1ng ch\u1ecdi t\u1ed1t v\u1edbi m\u1ea7m b\u1ec7nh t\u1eeb m\u00f4i tr\u01b0\u1eddng, ph\u00f2ng ng\u1eeba b\u1ec7nh.<\/p>\n<p>Gi\u00fap h\u1ec7 l\u1ee3i khu\u1ea9n ph\u00e1t tri\u1ec3n, \u1ee9c ch\u1ebf vi khu\u1ea9n g\u00e2y b\u1ec7nh trong \u0111\u01b0\u1eddng ru\u1ed9t c\u1ee7a gia c\u1ea7m non, gi\u00fap gi\u1ea3m hao h\u1ee5t.<\/p>\n<p>T\u0103ng kh\u1ea3 n\u0103ng ti\u00eau h\u00f3a v\u00e0 h\u1ea5p thu d\u01b0\u1ee1ng ch\u1ea5t t\u1eeb th\u1ee9c \u0103n, gi\u00fap gia c\u1ea7m sinh tr\u01b0\u1edfng v\u00e0 ph\u00e1t tri\u1ec3n t\u1ed1i \u01b0u, n\u00e2ng cao n\u0103ng su\u1ea5t.<\/p>\n<p>D\u00f9ng k\u1ebft h\u1ee3p v\u1edbi kh\u00e1ng sinh h\u1ed7 tr\u1ee3 \u0111i\u1ec1u tr\u1ecb b\u1ec7nh nhanh ch\u00f3ng.<\/p>\n<p><strong>IMMUNO ONES <\/strong>\u0111\u01b0\u1ee3c khuy\u1ebfn c\u00e1o d\u00f9ng thay th\u1ebf kh\u00e1ng sinh ho\u00e0n to\u00e0n trong giai \u0111o\u1ea1n \u00fam gia c\u1ea7m non, mang l\u1ea1i hi\u1ec7u qu\u1ea3 cao.<\/p>\n<p><strong>H\u01b0\u1edbng d\u1eabn s\u1eed d\u1ee5ng<\/strong><\/p>\n<p>Pha v\u00e0o n\u01b0\u1edbc u\u1ed1ng.<\/p>\n<p>Li\u1ec1u t\u1ed5ng qu\u00e1t: 1ml\/10kg th\u1ec3 tr\u1ecdng.<\/p>\n<p>Ph\u00f2ng b\u1ec7nh: 1ml\/1 l\u00edt n\u01b0\u1edbc u\u1ed1ng, d\u00f9ng li\u00ean t\u1ee5c t\u1eeb 3 \u2013 4 ng\u00e0y. \u0110\u1ecbnh k\u1ef3 2 \u2013 3 tu\u1ea7n d\u00f9ng 1 \u0111\u1ee3t.<\/p>\n<p>H\u1ed7 tr\u1ee3 \u0111i\u1ec1u tr\u1ecb: d\u00f9ng k\u1ebft h\u1ee3p v\u1edbi kh\u00e1ng sinh 2ml\/1 l\u00edt n\u01b0\u1edbc u\u1ed1ng, d\u00f9ng li\u00ean t\u1ee5c t\u1eeb 5 \u2013 7 ng\u00e0y.<\/p>\n","protected":false},"featured_media":9882,"comment_status":"closed","ping_status":"closed","template":"","meta":[],"product_brand":[],"product_cat":[62,142,106],"product_tag":[],"class_list":{"0":"post-4506","1":"product","2":"type-product","3":"status-publish","4":"has-post-thumbnail","6":"product_cat-thuoc-thu-y","7":"product_cat-danh-muc-san-pham-gia-cam","8":"product_cat-san-pham-tieu-bieu","10":"first","11":"instock","12":"shipping-taxable","13":"purchasable","14":"product-type-variable","15":"has-default-attributes"},"_links":{"self":[{"href":"https:\/\/mebipha.com\/online\/wp-json\/wp\/v2\/product\/4506","targetHints":{"allow":["GET"]}}],"collection":[{"href":"https:\/\/mebipha.com\/online\/wp-json\/wp\/v2\/product"}],"about":[{"href":"https:\/\/mebipha.com\/online\/wp-json\/wp\/v2\/types\/product"}],"replies":[{"embeddable":true,"href":"https:\/\/mebipha.com\/online\/wp-json\/wp\/v2\/comments?post=4506"}],"wp:featuredmedia":[{"embeddable":true,"href":"https:\/\/mebipha.com\/online\/wp-json\/wp\/v2\/media\/9882"}],"wp:attachment":[{"href":"https:\/\/mebipha.com\/online\/wp-json\/wp\/v2\/media?parent=4506"}],"wp:term":[{"taxonomy":"product_brand","embeddable":true,"href":"https:\/\/mebipha.com\/online\/wp-json\/wp\/v2\/product_brand?post=4506"},{"taxonomy":"product_cat","embeddable":true,"href":"https:\/\/mebipha.com\/online\/wp-json\/wp\/v2\/product_cat?post=4506"},{"taxonomy":"product_tag","embeddable":true,"href":"https:\/\/mebipha.com\/online\/wp-json\/wp\/v2\/product_tag?post=4506"}],"curies":[{"name":"wp","href":"https:\/\/api.w.org\/{rel}","templated":true}]}}