{"id":4502,"date":"2019-02-19T11:01:05","date_gmt":"2019-02-19T04:01:05","guid":{"rendered":"https:\/\/mebipha.com\/?post_type=product&#038;p=4502"},"modified":"2024-10-04T09:28:11","modified_gmt":"2024-10-04T02:28:11","slug":"hepasol-b12tom","status":"publish","type":"product","link":"https:\/\/mebipha.com\/online\/hepasol-b12tom\/","title":{"rendered":"HEPASOL B12(T\u00d4M)"},"content":{"rendered":"","protected":false},"excerpt":{"rendered":"<p><strong>GI\u1ea2I \u0110\u1ed8C GAN, T\u1ee4Y, T\u0102NG C\u01af\u1edcNG MI\u1ec4N D\u1ecaCH<\/strong><\/p>\n<p><strong>GI\u00daP T\u00d4M KH\u1eceE, PH\u00c1T TRI\u1ec2N NHANH<\/strong><\/p>\n<p><strong>TH\u00c0NH PH\u1ea6N<\/strong><\/p>\n<p>Inositol* (min)&#8230;&#8230;&#8230;&#8230;&#8230;&#8230;&#8230;..20.000 mg<\/p>\n<p>Sorbitol* (min)&#8230;&#8230;&#8230;&#8230;&#8230;&#8230;&#8230;.100.000 mg<\/p>\n<p>Vitamin B<sub>12<\/sub> (min)&#8230;&#8230;&#8230;&#8230;&#8230;.. 30 mg<\/p>\n<p>Methionine (min)&#8230;&#8230;&#8230;&#8230;&#8230;&#8230; 20.000 mg<\/p>\n<p>Selenium \u00a0(min &#8211; max)&#8230;&#8230;&#8230; 80 &#8211; 110 mg<\/p>\n<p>Kh\u00e1ng sinh, ch\u1ea5t c\u1ea5m&#8230;&#8230;&#8230;.. Kh\u00f4ng c\u00f3<\/p>\n<p>Ethoxyquin&#8230;&#8230;&#8230;&#8230;&#8230;&#8230;&#8230;&#8230;&#8230;. Kh\u00f4ng c\u00f3<\/p>\n<p>Dung m\u00f4i (N\u01b0\u1edbc c\u1ea5t) v\u1eeba \u0111\u1ee7&#8230;&#8230;. 1 l\u00edt<\/p>\n<p><strong>NGUY\u00caN LI\u1ec6U\u00a0 <\/strong>Inositol, Sorbitol, Cyanocobalamin, DL-Methionine, Sodium Selenite, Dextrose monohydrate.<\/p>\n<p><strong>C\u00d4NG D\u1ee4NG<\/strong><\/p>\n<p>T\u0103ng c\u01b0\u1eddng v\u00e0 \u0111i\u1ec1u h\u00f2a ch\u1ee9c n\u0103ng gan, t\u1ee5y, ch\u1ee9c n\u0103ng ti\u1ebft m\u1eadt. H\u1ea1n ch\u1ebf 1 s\u1ed1 b\u1ec7nh v\u1ec1 gan, t\u1ee5y. Gia t\u0103ng mi\u1ec5n d\u1ecbch.<\/p>\n<p>K\u00edch th\u00edch s\u1ef1 b\u1eaft m\u1ed3i. T\u0103ng kh\u1ea3 n\u0103ng ti\u00eau h\u00f3a, h\u1ea5p thu. Gi\u00fap t\u00f4m ph\u00e1t tri\u1ec3n nhanh.<\/p>\n<p><strong>H\u01af\u1edaNG D\u1eaaN S\u1eec D\u1ee4NG V\u00c0 LI\u1ec0U D\u00d9NG<\/strong><\/p>\n<p>H\u00f2a tan v\u00e0o n\u01b0\u1edbc, tr\u1ed9n \u0111\u1ec1u v\u1edbi th\u1ee9c \u0103n, \u00e1o l\u1ea1i b\u1eb1ng ch\u1ea5t k\u00edch m\u00f9i ho\u1eb7c d\u1ea7u th\u1ef1c v\u1eadt, sau \u0111\u00f3 m\u1edbi cho t\u00f4m \u0103n.<\/p>\n<p>D\u00f9ng \u0111\u1ecbnh k\u1ef3 h\u1ea1n ch\u1ebf b\u1ec7nh: 2-3ml\/1kg th\u1ee9c \u0103n, ng\u00e0y 1 c\u1eef, li\u00ean t\u1ee5c trong qu\u00e1 tr\u00ecnh nu\u00f4i.<\/p>\n<p>Gi\u1ea3i \u0111\u1ed9c gan, h\u1ed7 tr\u1ee3 \u0111i\u1ec1u tr\u1ecb b\u1ec7nh v\u00e0 sau \u0111i\u1ec1u tr\u1ecb b\u1ec7nh: 3-5ml\/1kg th\u1ee9c \u0103n, ng\u00e0y 1 c\u1eed, d\u00f9ng li\u00ean t\u1ee5c 10-15 ng\u00e0y.<\/p>\n","protected":false},"featured_media":10654,"comment_status":"closed","ping_status":"closed","template":"","meta":[],"product_brand":[],"product_cat":[71,134],"product_tag":[],"class_list":{"0":"post-4502","1":"product","2":"type-product","3":"status-publish","4":"has-post-thumbnail","6":"product_cat-thuoc-thuy-san","7":"product_cat-thuoc-thuy-san-thuoc-thuy-san","9":"first","10":"instock","11":"shipping-taxable","12":"purchasable","13":"product-type-variable","14":"has-default-attributes"},"_links":{"self":[{"href":"https:\/\/mebipha.com\/online\/wp-json\/wp\/v2\/product\/4502","targetHints":{"allow":["GET"]}}],"collection":[{"href":"https:\/\/mebipha.com\/online\/wp-json\/wp\/v2\/product"}],"about":[{"href":"https:\/\/mebipha.com\/online\/wp-json\/wp\/v2\/types\/product"}],"replies":[{"embeddable":true,"href":"https:\/\/mebipha.com\/online\/wp-json\/wp\/v2\/comments?post=4502"}],"wp:featuredmedia":[{"embeddable":true,"href":"https:\/\/mebipha.com\/online\/wp-json\/wp\/v2\/media\/10654"}],"wp:attachment":[{"href":"https:\/\/mebipha.com\/online\/wp-json\/wp\/v2\/media?parent=4502"}],"wp:term":[{"taxonomy":"product_brand","embeddable":true,"href":"https:\/\/mebipha.com\/online\/wp-json\/wp\/v2\/product_brand?post=4502"},{"taxonomy":"product_cat","embeddable":true,"href":"https:\/\/mebipha.com\/online\/wp-json\/wp\/v2\/product_cat?post=4502"},{"taxonomy":"product_tag","embeddable":true,"href":"https:\/\/mebipha.com\/online\/wp-json\/wp\/v2\/product_tag?post=4502"}],"curies":[{"name":"wp","href":"https:\/\/api.w.org\/{rel}","templated":true}]}}