{"id":4498,"date":"2019-02-19T10:54:12","date_gmt":"2019-02-19T03:54:12","guid":{"rendered":"https:\/\/mebipha.com\/?post_type=product&#038;p=4498"},"modified":"2024-01-17T11:08:08","modified_gmt":"2024-01-17T04:08:08","slug":"hepasol-b12ca","status":"publish","type":"product","link":"https:\/\/mebipha.com\/online\/hepasol-b12ca\/","title":{"rendered":"HEPASOL B12(C\u00c1)"},"content":{"rendered":"","protected":false},"excerpt":{"rendered":"<p><strong>\u00a0DUNG D\u1ecaCH U\u1ed0NG <\/strong><strong>B\u1ed4 TR\u1ee2 GAN T\u1ee4Y<\/strong><\/p>\n<p><strong>TH\u00c0NH PH\u1ea6N<\/strong><\/p>\n<p>Inositol* (min)&#8230;&#8230;&#8230;&#8230;. 20.000 mg<\/p>\n<p>Sorbitol* (min)&#8230;&#8230;&#8230;&#8230;. 100.000 mg<\/p>\n<p>Vitamin B<sub>12<\/sub> (min)&#8230;&#8230;&#8230;30 mg<\/p>\n<p>Methionine (min)&#8230;&#8230;&#8230;.20.000 mg<\/p>\n<p>Selenium \u00a0(min &#8211; max)&#8230;. 80 &#8211; 110 mg<\/p>\n<p>Kh\u00e1ng sinh, ch\u1ea5t c\u1ea5m&#8230;.. Kh\u00f4ng c\u00f3<\/p>\n<p>Ethoxyquin&#8230;&#8230;&#8230;&#8230;&#8230;&#8230;&#8230;. Kh\u00f4ng c\u00f3<\/p>\n<p>Dung m\u00f4i (N\u01b0\u1edbc c\u1ea5t) v\u1eeba \u0111\u1ee7&#8230;.. 1 l\u00edt<\/p>\n<p><strong>NGUY\u00caN LI\u1ec6U\u00a0 <\/strong>Inositol, Sorbitol, Cyanocobalamin, DL-Methionine, Sodium Selenite, Dextrose monohydrate.<\/p>\n<p><strong>C\u00d4NG D\u1ee4NG<\/strong><\/p>\n<p>T\u0103ng c\u01b0\u1eddng v\u00e0 \u0111i\u1ec1u h\u00f2a ch\u1ee9c n\u0103ng gan, t\u1ee5y, ch\u1ee9c n\u0103ng ti\u1ebft m\u1eadt. H\u1ea1n ch\u1ebf 1 s\u1ed1 b\u1ec7nh v\u1ec1 gan, t\u1ee5y. Gia t\u0103ng mi\u1ec5n d\u1ecbch.<\/p>\n<p>K\u00edch th\u00edch s\u1ef1 b\u1eaft m\u1ed3i. T\u0103ng kh\u1ea3 n\u0103ng ti\u00eau h\u00f3a, h\u1ea5p thu. Gi\u00fap c\u00e1 ph\u00e1t tri\u1ec3n t\u1ed1t.<\/p>\n<p><strong>H\u01af\u1edaNG D\u1eaaN S\u1eec D\u1ee4NG V\u00c0 LI\u1ec0U D\u00d9NG<\/strong><\/p>\n<p>H\u00f2a tan v\u00e0o n\u01b0\u1edbc, tr\u1ed9n \u0111\u1ec1u v\u1edbi th\u1ee9c \u0103n, \u0111\u1ec3 r\u00e1o 15 ph\u00fat, sau \u0111\u00f3\u00a0 cho c\u00e1 \u0103n.<\/p>\n<p>2ml\/1kg th\u1ee9c \u0103n.Tr\u1ed9n \u0111\u1ec1u v\u00e0o th\u1ee9c \u0103n v\u00e0 bao l\u1ea1i b\u1eb1ng lecithin ho\u1eb7c d\u1ea7u m\u1ef1c.<\/p>\n","protected":false},"featured_media":9908,"comment_status":"closed","ping_status":"closed","template":"","meta":[],"product_brand":[],"product_cat":[71,107],"product_tag":[],"class_list":{"0":"post-4498","1":"product","2":"type-product","3":"status-publish","4":"has-post-thumbnail","6":"product_cat-thuoc-thuy-san","7":"product_cat-san-pham-cho-ca","9":"first","10":"instock","11":"shipping-taxable","12":"purchasable","13":"product-type-variable","14":"has-default-attributes"},"_links":{"self":[{"href":"https:\/\/mebipha.com\/online\/wp-json\/wp\/v2\/product\/4498","targetHints":{"allow":["GET"]}}],"collection":[{"href":"https:\/\/mebipha.com\/online\/wp-json\/wp\/v2\/product"}],"about":[{"href":"https:\/\/mebipha.com\/online\/wp-json\/wp\/v2\/types\/product"}],"replies":[{"embeddable":true,"href":"https:\/\/mebipha.com\/online\/wp-json\/wp\/v2\/comments?post=4498"}],"wp:featuredmedia":[{"embeddable":true,"href":"https:\/\/mebipha.com\/online\/wp-json\/wp\/v2\/media\/9908"}],"wp:attachment":[{"href":"https:\/\/mebipha.com\/online\/wp-json\/wp\/v2\/media?parent=4498"}],"wp:term":[{"taxonomy":"product_brand","embeddable":true,"href":"https:\/\/mebipha.com\/online\/wp-json\/wp\/v2\/product_brand?post=4498"},{"taxonomy":"product_cat","embeddable":true,"href":"https:\/\/mebipha.com\/online\/wp-json\/wp\/v2\/product_cat?post=4498"},{"taxonomy":"product_tag","embeddable":true,"href":"https:\/\/mebipha.com\/online\/wp-json\/wp\/v2\/product_tag?post=4498"}],"curies":[{"name":"wp","href":"https:\/\/api.w.org\/{rel}","templated":true}]}}