{"id":4494,"date":"2019-02-19T10:47:50","date_gmt":"2019-02-19T03:47:50","guid":{"rendered":"https:\/\/mebipha.com\/?post_type=product&#038;p=4494"},"modified":"2024-10-05T08:48:59","modified_gmt":"2024-10-05T01:48:59","slug":"hepasol-b12","status":"publish","type":"product","link":"https:\/\/mebipha.com\/online\/hepasol-b12\/","title":{"rendered":"HEPASOL-B12"},"content":{"rendered":"<p><strong>T\u0102NG C\u01af\u1edcNG CH\u1ee8C N\u0102NG GAN CHO GIA S\u00daC, GIA C\u1ea6M<\/strong><\/p>\n<p><strong>Dung d\u1ecbch u\u1ed1ng<\/strong><\/p>\n<p><strong>HEPASOL-B12 <\/strong>l\u00e0 ch\u1ebf ph\u1ea9m \u0111\u01b0\u1ee3c t\u1ea1o n\u00ean t\u1eeb c\u00e1c th\u00e0nh ph\u1ea7n c\u00f3 hi\u1ec7u qu\u1ea3 cao trong vi\u1ec7c gi\u1ea3i \u0111\u1ed9c gan v\u00e0 h\u1ed7 tr\u1ee3 \u0111i\u1ec1u tr\u1ecb c\u00e1c b\u1ec7nh gan m\u1eadt, s\u1ea3n ph\u1ea9m c\u00f3 th\u1ec3 \u0111\u01b0\u1ee3c s\u1eed d\u1ee5ng h\u1eb1ng ng\u00e0y v\u1edbi li\u1ec1u nh\u1ecf \u0111\u1ec3 duy tr\u00ec ch\u1ee9c n\u0103ng gan kh\u1ecfe m\u1ea1nh, h\u1ed7 tr\u1ee3 v\u1eadt nu\u00f4i trong v\u00e0 sau qu\u00e1 tr\u00ecnh \u0111i\u1ec1u tr\u1ecb c\u00f3 s\u1eed d\u1ee5ng c\u00e1c thu\u1ed1c kh\u00e1ng sinh, kh\u00e1ng vi\u00eam, kh\u00e1ng n\u1ea5m, thu\u1ed1c tr\u1ecb k\u00fd sinh tr\u00f9ng.<\/p>\n<p><strong>Vitamin B12<\/strong>: l\u00e0 m\u1ed9t trong nh\u1eefng lo\u1ea1i vitamin c\u1ea7n thi\u1ebft cho s\u1ef1 ph\u00e1t tri\u1ec3n kh\u1ecfe m\u1ea1nh c\u1ee7a v\u1eadt nu\u00f4i, tham gia v\u00e0o qu\u00e1 tr\u00ecnh s\u1ea3n xu\u1ea5t h\u1ed3ng c\u1ea7u.<\/p>\n<p><strong>Sorbitol<\/strong>: k\u00edch th\u00edch s\u1ef1 b\u00e0i ti\u1ebft c\u1ee7a axit m\u1eadt, khi k\u1ebft h\u1ee3p v\u00e0o n\u01b0\u1edbc u\u1ed1ng c\u00f3 t\u00e1c d\u1ee5ng h\u1ed7 tr\u1ee3 ti\u00eau ho\u00e1 th\u1ee9c \u0103n v\u00e0 h\u1ed7 tr\u1ee3 ch\u1ee9c n\u0103ng gan.<\/p>\n<p><strong>Methionine<\/strong>: l\u00e0 m\u1ed9t axit amin thi\u1ebft y\u1ebfu, h\u1ed7 tr\u1ee3 vi\u1ec7c s\u1eeda ch\u1eefa gan, gi\u00fap gan x\u1eed l\u00fd ch\u1ea5t b\u00e9o, l\u00e0m gi\u1ea3m cholesterol huy\u1ebft t\u01b0\u01a1ng b\u1eb1ng c\u00e1ch t\u0103ng s\u1ea3n xu\u1ea5t lecithin \u1edf gan v\u00e0 gi\u1ea3m m\u1ee1 gan.<\/p>\n<p><strong>Selen<\/strong>: l\u00e0 m\u1ed9t kho\u00e1ng ch\u1ea5t t\u1ef1 nhi\u00ean m\u00e0 v\u1eadt nu\u00f4i c\u1ea7n trong ch\u1ebf \u0111\u1ed9 \u0103n u\u1ed1ng c\u1ee7a ch\u00fang \u0111\u1ec3 gi\u1eef cho ch\u00fang kh\u1ecfe m\u1ea1nh v\u00e0 t\u0103ng c\u01b0\u1eddng h\u1ec7 mi\u1ec5n d\u1ecbch.<\/p>\n<p><strong>Choline<\/strong> tham gia v\u00e0o qu\u00e1 tr\u00ecnh trao \u0111\u1ed5i ch\u1ea5t v\u00e0 b\u1ea3o v\u1ec7 gan kh\u1ecfi c\u00e1c ch\u1ea5t \u0111\u1ed9c<\/p>\n<p><strong>Inositol <\/strong>gi\u00fap lo\u1ea1i b\u1ecf ch\u1ea5t b\u00e9o kh\u1ecfi gan v\u00e0 th\u01b0\u1eddng \u0111\u01b0\u1ee3c s\u1eed d\u1ee5ng cho v\u1eadt nu\u00f4i b\u1ecb b\u1ec7nh gan nhi\u1ec5m m\u1ee1.<\/p>\n<p><strong>TH\u00c0NH PH\u1ea6N<\/strong><\/p>\n<p>Vitamin B12 (min): 30mg<\/p>\n<p>Inositol* (min): 25.000mg<\/p>\n<p>Sorbitol* (min): 100.000mg<\/p>\n<p>Methionine (min): 30.000mg<\/p>\n<p>Se (min \u2013 max): 120 \u2013 180mg<\/p>\n<p>Choline (min): 10.000mg<\/p>\n<p>N\u01b0\u1edbc c\u1ea5t v\u1eeba \u0111\u1ee7: 1 l\u00edt<\/p>\n<p><strong>L\u1ee2I \u00cdCH C\u1ee6A VI\u1ec6C B\u1ed4 SUNG S\u1ea2N PH\u1ea8M<\/strong><\/p>\n<p>T\u0103ng c\u01b0\u1eddng ch\u1ee9c n\u0103ng gi\u1ea3i \u0111\u1ed9c gan, ph\u1ee5c h\u1ed3i v\u00e0 \u0111i\u1ec1u h\u00f2a ch\u1ee9c n\u0103ng gan, ch\u1ee9c n\u0103ng ti\u1ebft m\u1eadt.<\/p>\n<p>T\u0103ng c\u01b0\u1eddng ch\u1ee9c n\u0103ng b\u00e0i ti\u1ebft c\u1ee7a th\u1eadn.<\/p>\n<p>H\u1ea1n ch\u1ebf stress, n\u00e2ng cao s\u1ee9c \u0111\u1ec1 kh\u00e1ng.<\/p>\n<p>Gi\u00fap v\u1eadt nu\u00f4i ph\u1ee5c h\u1ed3i nhanh sau b\u1ec7nh.<\/p>\n<p>K\u00edch th\u00edch s\u1ef1 th\u00e8m \u0103n, t\u0103ng kh\u1ea3 n\u0103ng h\u1ea5p th\u1ee5 v\u00e0 ti\u00eau h\u00f3a th\u1ee9c \u0103n, gi\u00fap v\u1eadt nu\u00f4i lu\u00f4n lu\u00f4n kh\u1ecfe m\u1ea1nh, t\u0103ng tr\u01b0\u1edfng nhanh, l\u00f4ng da b\u00f3ng m\u01b0\u1ee3t, n\u00e2ng cao n\u0103ng su\u1ea5t ch\u0103n nu\u00f4i.<\/p>\n<p><strong>H\u01af\u1edaNG D\u1eaaN S\u1eec D\u1ee4NG<\/strong><\/p>\n<p>Pha v\u00e0o n\u01b0\u1edbc u\u1ed1ng.<\/p>\n<p>Gia c\u1ea7m v\u00e0 heo: 1ml\/2 l\u00edt n\u01b0\u1edbc u\u1ed1ng, d\u00f9ng li\u00ean t\u1ee5c 3 \u2013 5 ng\u00e0y.<\/p>\n<p>H\u1ed7 tr\u1ee3 \u0111i\u1ec1u tr\u1ecb b\u1ec7nh: 1ml\/1 l\u00edt n\u01b0\u1edbc u\u1ed1ng, d\u00f9ng li\u00ean t\u1ee5c 5 \u2013 7 ng\u00e0y.<\/p>\n<p><strong>H\u1ea1n s\u1eed d\u1ee5ng s\u1ea3n ph\u1ea9m <\/strong><\/p>\n<p>24 th\u00e1ng k\u1ec3 t\u1eeb ng\u00e0y s\u1ea3n xu\u1ea5t.<\/p>\n<p><strong>B\u1ea2O QU\u1ea2N<\/strong><\/p>\n<p>N\u01a1i kh\u00f4 r\u00e1o, tho\u00e1ng m\u00e1t, nhi\u1ec7t \u0111\u1ed9 d\u01b0\u1edbi 30<sup>0<\/sup>C. Tr\u00e1nh \u00e1nh n\u1eafng tr\u1ef1c ti\u1ebfp, tr\u00e1nh xa t\u1ea7m tay tr\u1ebb em.<\/p>\n<p><strong>\u0110\u00d3NG G\u00d3I<\/strong><\/p>\n<p><strong>100ml, 500ml, 1 l\u00edt, 5 l\u00edt, 20 l\u00edt<\/strong><\/p>\n<p><strong>S\u1ed1 \u0111\u0103ng k\u00fd: TCCS 002:2013\/MBP<\/strong><\/p>\n","protected":false},"excerpt":{"rendered":"<p><strong>T\u0102NG C\u01af\u1edcNG CH\u1ee8C N\u0102NG GAN CHO GIA S\u00daC, GIA C\u1ea6M<\/strong><\/p>\n<p><strong>TH\u00c0NH PH\u1ea6N<\/strong><\/p>\n<p>Vitamin B12 (min): 30mg<\/p>\n<p>Inositol* (min): 25.000mg<\/p>\n<p>Sorbitol* (min): 100.000mg<\/p>\n<p>Methionine (min): 30.000mg<\/p>\n<p>Se (min \u2013 max): 120 \u2013 180mg<\/p>\n<p>Choline (min): 10.000mg<\/p>\n<p>N\u01b0\u1edbc c\u1ea5t v\u1eeba \u0111\u1ee7: 1 l\u00edt<\/p>\n<p><strong>L\u1ee2I \u00cdCH C\u1ee6A VI\u1ec6C B\u1ed4 SUNG S\u1ea2N PH\u1ea8M<\/strong><\/p>\n<p>T\u0103ng c\u01b0\u1eddng ch\u1ee9c n\u0103ng gi\u1ea3i \u0111\u1ed9c gan, ph\u1ee5c h\u1ed3i v\u00e0 \u0111i\u1ec1u h\u00f2a ch\u1ee9c n\u0103ng gan, ch\u1ee9c n\u0103ng ti\u1ebft m\u1eadt.<\/p>\n<p>T\u0103ng c\u01b0\u1eddng ch\u1ee9c n\u0103ng b\u00e0i ti\u1ebft c\u1ee7a th\u1eadn.<\/p>\n<p>H\u1ea1n ch\u1ebf stress, n\u00e2ng cao s\u1ee9c \u0111\u1ec1 kh\u00e1ng.<\/p>\n<p>Gi\u00fap v\u1eadt nu\u00f4i ph\u1ee5c h\u1ed3i nhanh sau b\u1ec7nh.<\/p>\n<p>K\u00edch th\u00edch s\u1ef1 th\u00e8m \u0103n, t\u0103ng kh\u1ea3 n\u0103ng h\u1ea5p th\u1ee5 v\u00e0 ti\u00eau h\u00f3a th\u1ee9c \u0103n, gi\u00fap v\u1eadt nu\u00f4i lu\u00f4n lu\u00f4n kh\u1ecfe m\u1ea1nh, t\u0103ng tr\u01b0\u1edfng nhanh, l\u00f4ng da b\u00f3ng m\u01b0\u1ee3t, n\u00e2ng cao n\u0103ng su\u1ea5t ch\u0103n nu\u00f4i.<\/p>\n<p><strong>H\u01af\u1edaNG D\u1eaaN S\u1eec D\u1ee4NG<\/strong><\/p>\n<p>Pha v\u00e0o n\u01b0\u1edbc u\u1ed1ng.<\/p>\n<p>Gia c\u1ea7m v\u00e0 heo: 1ml\/2 l\u00edt n\u01b0\u1edbc u\u1ed1ng, d\u00f9ng li\u00ean t\u1ee5c 3 \u2013 5 ng\u00e0y.<\/p>\n<p>H\u1ed7 tr\u1ee3 \u0111i\u1ec1u tr\u1ecb b\u1ec7nh: 1ml\/1 l\u00edt n\u01b0\u1edbc u\u1ed1ng, d\u00f9ng li\u00ean t\u1ee5c 5 \u2013 7 ng\u00e0y.<\/p>\n","protected":false},"featured_media":10678,"comment_status":"closed","ping_status":"closed","template":"","meta":[],"product_brand":[],"product_cat":[62,142],"product_tag":[],"class_list":{"0":"post-4494","1":"product","2":"type-product","3":"status-publish","4":"has-post-thumbnail","6":"product_cat-thuoc-thu-y","7":"product_cat-danh-muc-san-pham-gia-cam","9":"first","10":"instock","11":"shipping-taxable","12":"purchasable","13":"product-type-variable"},"_links":{"self":[{"href":"https:\/\/mebipha.com\/online\/wp-json\/wp\/v2\/product\/4494","targetHints":{"allow":["GET"]}}],"collection":[{"href":"https:\/\/mebipha.com\/online\/wp-json\/wp\/v2\/product"}],"about":[{"href":"https:\/\/mebipha.com\/online\/wp-json\/wp\/v2\/types\/product"}],"replies":[{"embeddable":true,"href":"https:\/\/mebipha.com\/online\/wp-json\/wp\/v2\/comments?post=4494"}],"wp:featuredmedia":[{"embeddable":true,"href":"https:\/\/mebipha.com\/online\/wp-json\/wp\/v2\/media\/10678"}],"wp:attachment":[{"href":"https:\/\/mebipha.com\/online\/wp-json\/wp\/v2\/media?parent=4494"}],"wp:term":[{"taxonomy":"product_brand","embeddable":true,"href":"https:\/\/mebipha.com\/online\/wp-json\/wp\/v2\/product_brand?post=4494"},{"taxonomy":"product_cat","embeddable":true,"href":"https:\/\/mebipha.com\/online\/wp-json\/wp\/v2\/product_cat?post=4494"},{"taxonomy":"product_tag","embeddable":true,"href":"https:\/\/mebipha.com\/online\/wp-json\/wp\/v2\/product_tag?post=4494"}],"curies":[{"name":"wp","href":"https:\/\/api.w.org\/{rel}","templated":true}]}}