{"id":4489,"date":"2019-02-19T10:38:11","date_gmt":"2019-02-19T03:38:11","guid":{"rendered":"https:\/\/mebipha.com\/?post_type=product&#038;p=4489"},"modified":"2024-04-26T16:05:03","modified_gmt":"2024-04-26T09:05:03","slug":"grow-onetom","status":"publish","type":"product","link":"https:\/\/mebipha.com\/online\/grow-onetom\/","title":{"rendered":"GROW ONE(T\u00d4M)"},"content":{"rendered":"","protected":false},"excerpt":{"rendered":"<p><strong>B\u1ed4 SUNG VITAMIN, C\u00c1C ACID AMIN THI\u1ebeT Y\u1ebeU V\u00c0 KHO\u00c1NG CH\u1ea4T C\u00c2N THI\u1ebeT CHO T\u00d4M, K\u00cdCH TH\u00cdCH T\u0102NG TR\u01af\u1edeNG<\/strong><\/p>\n<p><strong>TH\u00c0NH PH\u1ea6N<\/strong><\/p>\n<p>Vitamin A (min) &#8230;&#8230;&#8230;&#8230;&#8230;&#8230;&#8230;&#8230;&#8230;.. 10.000.000UI<\/p>\n<p>Vitamin D<sub>3<\/sub> (min)&#8230;&#8230;&#8230;&#8230;&#8230;&#8230;&#8230;&#8230;&#8230;. 2.500.000UI<\/p>\n<p>Vitamin C* (min) &#8230;&#8230;&#8230;&#8230;&#8230;&#8230;&#8230;&#8230;&#8230; 25.000mg<\/p>\n<p>Vitamin K<sub>3<\/sub> (min) &#8230;&#8230;&#8230;&#8230;&#8230;&#8230;&#8230;&#8230;&#8230;.250mg<\/p>\n<p>Vitamin B<sub>1 <\/sub>(min) &#8230;&#8230;&#8230;&#8230;&#8230;&#8230;&#8230;&#8230;&#8230; 8.000mg<\/p>\n<p>Vitamin B<sub>6<\/sub><sup>*<\/sup> (min) &#8230;&#8230;&#8230;&#8230;&#8230;&#8230;&#8230;&#8230;. 3.500mg<\/p>\n<p>Vitamin B<sub>12<\/sub><sup>*<\/sup> (min) &#8230;&#8230;&#8230;&#8230;&#8230;&#8230;&#8230;30.000mcg<\/p>\n<p>Lysine* (min)&#8230;&#8230;&#8230;&#8230;&#8230;&#8230;&#8230;&#8230;&#8230;&#8230;30.000mg<\/p>\n<p>Selenium* (min \u2013 max)&#8230;&#8230;&#8230;&#8230;.. 190 \u2013 200mg<\/p>\n<p>Kh\u00e1ng sinh, ch\u1ea5t c\u1ea5m&#8230;&#8230;&#8230;&#8230;&#8230;&#8230; Kh\u00f4ng c\u00f3<\/p>\n<p>Ethoxyquin &#8230;&#8230;&#8230;&#8230;&#8230;&#8230;&#8230;&#8230;&#8230;&#8230;&#8230;..\u00a0 kh\u00f4ng c\u00f3<\/p>\n<p>Ch\u1ea5t mang (Lactose) v\u1eeba \u0111\u1ee7&#8230;&#8230;&#8230;1kg<\/p>\n<p><strong>NGUY\u00caN LI\u1ec6U<\/strong>\u00a0 Retinyl acetate, Cholecalciferol, Ascorbic acid, Menadion sodium bisulfite, Thiamine mononitrate, Pyridoxine HCl, Cyanocobalamin, L-Lysine HCl, Sodium Selenite, Lactose.<\/p>\n<p><strong>C\u00d4NG D\u1ee4NG<\/strong><\/p>\n<p>B\u1ed5 sung \u0111\u1ea7y \u0111\u1ee7 v\u00e0 c\u00e2n \u0111\u1ed1i c\u00e1c vitamin, acid amin thi\u1ebft y\u1ebfu v\u00e0 ch\u1ea5t kho\u00e1ng c\u1ea7n thi\u1ebft v\u00e0o th\u1ee9c \u0103n, gi\u00fap t\u0103ng kh\u1ea3 n\u0103ng ti\u00eau h\u00f3a v\u00e0 t\u0103ng tr\u01b0\u1edfng nhanh \u1edf t\u00f4m, gi\u1ea3m h\u1ec7 s\u1ed1 ti\u00eau t\u00f4\u0301n th\u01b0\u0301c \u0103n FCR.<\/p>\n<p><strong>H\u01af\u1edaNG D\u1eaaN S\u1eec D\u1ee4NG V\u00c0 LI\u1ec0U D\u00d9NG<\/strong><\/p>\n<p>H\u00f2a tan v\u00e0o n\u01b0\u1edbc tr\u1ed9n \u0111\u1ec1u v\u1edbi th\u1ee9c \u0103n, \u00e1o l\u1ea1i b\u1eb1ng ch\u1ea5t k\u00edch m\u00f9i ho\u1eb7c d\u1ea7u th\u1ef1c v\u1eadt sau \u0111\u00f3 m\u1edbi cho t\u00f4m \u0103n.<\/p>\n<p>2g\/1kg th\u1ee9c \u0103n, d\u00f9ng li\u00ean t\u1ee5c trong th\u1eddi gian nu\u00f4i.<\/p>\n","protected":false},"featured_media":10295,"comment_status":"closed","ping_status":"closed","template":"","meta":[],"product_brand":[],"product_cat":[71,134],"product_tag":[],"class_list":{"0":"post-4489","1":"product","2":"type-product","3":"status-publish","4":"has-post-thumbnail","6":"product_cat-thuoc-thuy-san","7":"product_cat-thuoc-thuy-san-thuoc-thuy-san","9":"first","10":"instock","11":"shipping-taxable","12":"purchasable","13":"product-type-variable","14":"has-default-attributes"},"_links":{"self":[{"href":"https:\/\/mebipha.com\/online\/wp-json\/wp\/v2\/product\/4489","targetHints":{"allow":["GET"]}}],"collection":[{"href":"https:\/\/mebipha.com\/online\/wp-json\/wp\/v2\/product"}],"about":[{"href":"https:\/\/mebipha.com\/online\/wp-json\/wp\/v2\/types\/product"}],"replies":[{"embeddable":true,"href":"https:\/\/mebipha.com\/online\/wp-json\/wp\/v2\/comments?post=4489"}],"wp:featuredmedia":[{"embeddable":true,"href":"https:\/\/mebipha.com\/online\/wp-json\/wp\/v2\/media\/10295"}],"wp:attachment":[{"href":"https:\/\/mebipha.com\/online\/wp-json\/wp\/v2\/media?parent=4489"}],"wp:term":[{"taxonomy":"product_brand","embeddable":true,"href":"https:\/\/mebipha.com\/online\/wp-json\/wp\/v2\/product_brand?post=4489"},{"taxonomy":"product_cat","embeddable":true,"href":"https:\/\/mebipha.com\/online\/wp-json\/wp\/v2\/product_cat?post=4489"},{"taxonomy":"product_tag","embeddable":true,"href":"https:\/\/mebipha.com\/online\/wp-json\/wp\/v2\/product_tag?post=4489"}],"curies":[{"name":"wp","href":"https:\/\/api.w.org\/{rel}","templated":true}]}}