{"id":4485,"date":"2019-02-19T10:24:40","date_gmt":"2019-02-19T03:24:40","guid":{"rendered":"https:\/\/mebipha.com\/?post_type=product&#038;p=4485"},"modified":"2024-10-04T09:11:57","modified_gmt":"2024-10-04T02:11:57","slug":"glucan","status":"publish","type":"product","link":"https:\/\/mebipha.com\/online\/glucan\/","title":{"rendered":"\u03b2-GLUCAN(T\u00d4M)"},"content":{"rendered":"","protected":false},"excerpt":{"rendered":"<p><strong>GIA T\u0102NG MI\u1ec4N D\u1ecaCH<\/strong><\/p>\n<p><strong>H\u1ed6 TR\u1ee2 \u0110I\u1ec0U TR\u1eca B\u1ec6NH<\/strong><\/p>\n<p><strong>TH\u00c0NH PH\u1ea6N<\/strong><\/p>\n<p>\u03b2-Glucan* (min)&#8230;&#8230;&#8230;&#8230;.. 125.000 mg<\/p>\n<p><em>Bacillus subtilis<\/em> (min)&#8230;&#8230; 1 x 10<sup>9 <\/sup>CFU<\/p>\n<p>Vitamin B<sub>12<\/sub> (min)&#8230;&#8230;&#8230;&#8230;.20 mg<\/p>\n<p>Selenium (min \u2013 max)&#8230;&#8230;. 40 \u2013 60 mg<\/p>\n<p>Kh\u00e1ng sinh, ch\u1ea5t c\u1ea5m&#8230;&#8230;.. Kh\u00f4ng c\u00f3<\/p>\n<p>Ethoxyquin&#8230;&#8230;&#8230;&#8230;&#8230;&#8230;&#8230;&#8230;. Kh\u00f4ng c\u00f3<\/p>\n<p>Ch\u1ea5t mang (Glucose) v\u1eeba \u0111\u1ee7&#8230;.. 1 kg<\/p>\n<p><strong>NGUY\u00caN LI\u1ec6U\u00a0 <\/strong>N\u1ea5m men, <em>Bacillus subtilis<\/em>, Cyanocobalamin , Sodium selenite, Dextrose monohydrate.<\/p>\n<p><strong>C\u00d4NG D\u1ee4NG<\/strong><\/p>\n<p>N\u00e2ng cao s\u1ee9c \u0111\u1ec1 kh\u00e1ng.<\/p>\n<p>K\u00edch th\u00edch t\u0103ng tr\u01b0\u1edfng, gi\u00fap t\u00f4m \u0111\u1ea1t t\u1ec9 l\u1ec7 s\u1ed1ng cao.<\/p>\n<p>Gi\u00fap t\u00f4m ph\u1ee5c h\u1ed3i nhanh sau b\u1ec7nh, t\u0103ng c\u01b0\u1eddng kh\u1ea3 n\u0103ng gi\u1ea3i \u0111\u1ed9c, ti\u00eau h\u00f3a th\u1ee9c \u0103n.<\/p>\n<p><strong>H\u01af\u1edaNG D\u1eaaN S\u1eec D\u1ee4NG V\u00c0 LI\u1ec0U D\u00d9NG<\/strong><\/p>\n<p>Tr\u1ed9n \u0111\u1ec1u <strong>\u03b2-GLUCAN <\/strong>v\u1edbi th\u1ee9c \u0103n, \u00e1o l\u1ea1i b\u1eb1ng ch\u1ea5t k\u00edch m\u00f9i ho\u1eb7c d\u1ea7u th\u1ef1c v\u1eadt.<\/p>\n<p>D\u00f9ng 2,5g\/1kg th\u1ee9c \u0103n ho\u1eb7c 1kg\/400kg th\u1ee9c \u0103n, cho \u0103n li\u00ean t\u1ee5c trong th\u1eddi gian nu\u00f4i.<\/p>\n<p>Ch\u00fa \u00fd\u00a0: Khi m\u00f4i tr\u01b0\u1eddng c\u00f3 bi\u1ebfn \u0111\u1ed9ng v\u00e0 c\u00f3 d\u1ecbch b\u1ec7nh n\u00ean d\u00f9ng li\u1ec1u g\u1ea5p \u0111\u00f4i.<\/p>\n","protected":false},"featured_media":10642,"comment_status":"closed","ping_status":"closed","template":"","meta":[],"product_brand":[],"product_cat":[71,134],"product_tag":[],"class_list":{"0":"post-4485","1":"product","2":"type-product","3":"status-publish","4":"has-post-thumbnail","6":"product_cat-thuoc-thuy-san","7":"product_cat-thuoc-thuy-san-thuoc-thuy-san","9":"first","10":"instock","11":"shipping-taxable","12":"purchasable","13":"product-type-variable","14":"has-default-attributes"},"_links":{"self":[{"href":"https:\/\/mebipha.com\/online\/wp-json\/wp\/v2\/product\/4485","targetHints":{"allow":["GET"]}}],"collection":[{"href":"https:\/\/mebipha.com\/online\/wp-json\/wp\/v2\/product"}],"about":[{"href":"https:\/\/mebipha.com\/online\/wp-json\/wp\/v2\/types\/product"}],"replies":[{"embeddable":true,"href":"https:\/\/mebipha.com\/online\/wp-json\/wp\/v2\/comments?post=4485"}],"wp:featuredmedia":[{"embeddable":true,"href":"https:\/\/mebipha.com\/online\/wp-json\/wp\/v2\/media\/10642"}],"wp:attachment":[{"href":"https:\/\/mebipha.com\/online\/wp-json\/wp\/v2\/media?parent=4485"}],"wp:term":[{"taxonomy":"product_brand","embeddable":true,"href":"https:\/\/mebipha.com\/online\/wp-json\/wp\/v2\/product_brand?post=4485"},{"taxonomy":"product_cat","embeddable":true,"href":"https:\/\/mebipha.com\/online\/wp-json\/wp\/v2\/product_cat?post=4485"},{"taxonomy":"product_tag","embeddable":true,"href":"https:\/\/mebipha.com\/online\/wp-json\/wp\/v2\/product_tag?post=4485"}],"curies":[{"name":"wp","href":"https:\/\/api.w.org\/{rel}","templated":true}]}}