{"id":4476,"date":"2019-02-19T10:01:41","date_gmt":"2019-02-19T03:01:41","guid":{"rendered":"https:\/\/mebipha.com\/?post_type=product&#038;p=4476"},"modified":"2024-10-04T09:24:12","modified_gmt":"2024-10-04T02:24:12","slug":"gay-mau-nuoc-tom","status":"publish","type":"product","link":"https:\/\/mebipha.com\/online\/gay-mau-nuoc-tom\/","title":{"rendered":"G\u00c2Y M\u00c0U N\u01af\u1edaC (T\u00d4M)"},"content":{"rendered":"","protected":false},"excerpt":{"rendered":"<p><strong>CH\u1ebe PH\u1ea8M VI SINH V\u00c0 ENZYME<\/strong><\/p>\n<p><strong>D\u00d9NG G\u00c2Y M\u00c0U N\u01af\u1edaC T\u1ef0 NHI\u00caN<\/strong><\/p>\n<p><strong>TH\u00c0NH PH\u1ea6N<\/strong><\/p>\n<p><em>Bacillus subtilis*<\/em> (min)&#8230;&#8230;&#8230;&#8230;&#8230;&#8230;&#8230; 1 x 10<sup>8 <\/sup>CFU<\/p>\n<p><em>Nitrobacter <\/em>sp. (min)&#8230;&#8230;&#8230;&#8230;&#8230;&#8230;&#8230;&#8230;1 x 10<sup>6<\/sup> CFU<\/p>\n<p>Protease (min)&#8230;&#8230;&#8230;&#8230;&#8230;&#8230;&#8230;&#8230;&#8230;&#8230;&#8230; 25.000 UI<\/p>\n<p>Kh\u00e1ng sinh, ch\u1ea5t c\u1ea5m&#8230;&#8230;&#8230;&#8230;&#8230;&#8230;&#8230;.Kh\u00f4ng c\u00f3<\/p>\n<p>Ethoxyquin&#8230;&#8230;&#8230;&#8230;&#8230;&#8230;&#8230;&#8230;&#8230;&#8230;&#8230;&#8230;.. Kh\u00f4ng c\u00f3<\/p>\n<p>Ch\u1ea5t mang (Glucose) v\u1eeba \u0111\u1ee7&#8230;&#8230;&#8230;&#8230;&#8230;1 kg<\/p>\n<p><strong>NGUY\u00caN LI\u1ec6U<\/strong> \u00a0<em>Bacillus subtilis, Nitrobacter<\/em> sp., Protease, Glucose.<\/p>\n<p><strong>C\u00d4NG D\u1ee4NG<\/strong><\/p>\n<p>K\u00edch th\u00edch t\u1ea3o, phi\u00eau sinh th\u1ef1c v\u1eadt v\u00e0 phi\u00eau sinh \u0111\u1ed9ng v\u1eadt c\u00f3 l\u1ee3i ph\u00e1t tri\u1ec3n, \u1ed5n \u0111\u1ecbnh m\u1eadt \u0111\u1ed9 t\u1ea3o.<\/p>\n<p>C\u1ea3i thi\u1ec7n ch\u1ea5t l\u01b0\u1ee3ng n\u01b0\u1edbc, gi\u1ea3m thi\u1ec3u \u00f4 nhi\u1ec5m \u0111\u00e1y ao nu\u00f4i. Ph\u00e2n h\u1ee7y nhanh th\u1ee9c \u0103n th\u1eeba, ph\u00e2n c\u1ee7a t\u00f4m, l\u00e0m s\u1ea1ch \u0111\u00e1y ao. Gi\u1ea3m c\u00e1c kh\u00ed \u0111\u1ed9c NH<sub>3<\/sub>, NO<sub>2<\/sub>,&#8230;c\u00f3 trong ao nu\u00f4i.<\/p>\n<p>G\u00e2y m\u00e0u n\u01b0\u1edbc t\u1ef1 nhi\u00ean. C\u00e2n b\u1eb1ng h\u1ec7 sinh th\u00e1i trong ao, \u1ed5n \u0111\u1ecbnh m\u00e0u n\u01b0\u1edbc, t\u1ea1o m\u00f4i tr\u01b0\u1eddng thu\u1eadn l\u1ee3i cho t\u00f4m ph\u00e1t tri\u1ec3n.<\/p>\n<p><strong>H\u01af\u1edaNG D\u1eaaN S\u1eec D\u1ee4NG V\u00c0 LI\u1ec0U D\u00d9NG<\/strong><\/p>\n<p>H\u00f2a tan 1kg v\u00e0o 80 &#8211; 100 l\u00edt n\u01b0\u1edbc s\u1ea1ch, t\u1ea1t \u0111\u1ec1u kh\u1eafp ao.<\/p>\n<p>Th\u1eddi \u0111i\u1ec3m s\u1eed d\u1ee5ng t\u1ed1t nh\u1ea5t t\u1eeb 10 \u2013 12 gi\u1edd.<\/p>\n<p>Tr\u01b0\u1edbc khi th\u1ea3 t\u00f4m: 1kg\/2.000 \u2013 3.000m<sup>2 <\/sup>m\u1eb7t n\u01b0\u1edbc.<\/p>\n<p>T\u00f4m 1 &#8211; 2 th\u00e1ng tu\u1ed5i: 1kg\/6.000 \u2013 8.000m<sup>3 <\/sup>n\u01b0\u1edbc, \u0111\u1ecbnh k\u1ef3 30 ng\u00e0y 1 l\u1ea7n.<\/p>\n<p>T\u00f4m 3 th\u00e1ng tu\u1ed5i tr\u1edf \u0111i: 1kg\/5.000m<sup>3<\/sup> n\u01b0\u1edbc, \u0111\u1ecbnh k\u1ef3 20 ng\u00e0y 1 l\u1ea7n.<\/p>\n<p><strong>L\u01b0u \u00fd<\/strong>: kh\u00f4ng s\u1eed d\u1ee5ng chung v\u1edbi c\u00e1c ch\u1ea5t c\u00f3 t\u00ednh di\u1ec7t khu\u1ea9n.<\/p>\n","protected":false},"featured_media":10651,"comment_status":"closed","ping_status":"closed","template":"","meta":[],"product_brand":[],"product_cat":[71,134],"product_tag":[],"class_list":{"0":"post-4476","1":"product","2":"type-product","3":"status-publish","4":"has-post-thumbnail","6":"product_cat-thuoc-thuy-san","7":"product_cat-thuoc-thuy-san-thuoc-thuy-san","9":"first","10":"instock","11":"shipping-taxable","12":"purchasable","13":"product-type-variable","14":"has-default-attributes"},"_links":{"self":[{"href":"https:\/\/mebipha.com\/online\/wp-json\/wp\/v2\/product\/4476","targetHints":{"allow":["GET"]}}],"collection":[{"href":"https:\/\/mebipha.com\/online\/wp-json\/wp\/v2\/product"}],"about":[{"href":"https:\/\/mebipha.com\/online\/wp-json\/wp\/v2\/types\/product"}],"replies":[{"embeddable":true,"href":"https:\/\/mebipha.com\/online\/wp-json\/wp\/v2\/comments?post=4476"}],"wp:featuredmedia":[{"embeddable":true,"href":"https:\/\/mebipha.com\/online\/wp-json\/wp\/v2\/media\/10651"}],"wp:attachment":[{"href":"https:\/\/mebipha.com\/online\/wp-json\/wp\/v2\/media?parent=4476"}],"wp:term":[{"taxonomy":"product_brand","embeddable":true,"href":"https:\/\/mebipha.com\/online\/wp-json\/wp\/v2\/product_brand?post=4476"},{"taxonomy":"product_cat","embeddable":true,"href":"https:\/\/mebipha.com\/online\/wp-json\/wp\/v2\/product_cat?post=4476"},{"taxonomy":"product_tag","embeddable":true,"href":"https:\/\/mebipha.com\/online\/wp-json\/wp\/v2\/product_tag?post=4476"}],"curies":[{"name":"wp","href":"https:\/\/api.w.org\/{rel}","templated":true}]}}