{"id":4462,"date":"2019-02-19T09:19:04","date_gmt":"2019-02-19T02:19:04","guid":{"rendered":"https:\/\/mebipha.com\/?post_type=product&#038;p=4462"},"modified":"2025-12-29T14:46:58","modified_gmt":"2025-12-29T07:46:58","slug":"fenben-oral","status":"publish","type":"product","link":"https:\/\/mebipha.com\/online\/fenben-oral\/","title":{"rendered":"FENBEN ORAL"},"content":{"rendered":"<p><strong>PH\u00d2NG V\u00c0 TR\u1eca C\u00c1C LO\u1ea0I GIUN TR\u00caN GIA C\u1ea6M<\/strong><\/p>\n<p><strong>H\u1ed7n d\u1ecbch u\u1ed1ng<\/strong><\/p>\n<p><strong>C\u00d4NG TH\u1ee8C<\/strong><\/p>\n<p>Fenbendazole: 100g<\/p>\n<p>Dung m\u00f4i v\u1eeba \u0111\u1ee7: 1l\u00edt<\/p>\n<p><strong>\u0110\u1eb6C T\u00cdNH D\u01af\u1ee2C L\u00dd S\u1ea2N PH\u1ea8M<\/strong><\/p>\n<p>Fenbendazole l\u00e0 m\u1ed9t lo\u1ea1i thu\u1ed1c t\u1ea9y giun s\u00e1n ph\u1ed5 r\u1ed9ng thu\u1ed9c nh\u00f3m Benzimidazole, \u0111\u01b0\u1ee3c ch\u1ec9 \u0111\u1ecbnh \u0111\u1ec3 lo\u1ea1i b\u1ecf c\u00e1c lo\u1ea1i giun sau: <em>Ostertagia <\/em>spp., <em>Trichostrongylus<\/em> spp., <em>Haemonchus<\/em> spp., <em>Bunostomum <\/em>spp., <em>Trichuris<\/em> spp., <em>Contractria<\/em> spp., <em>Nematodirus <\/em>spp., <em>Ascaris suum<\/em><em>, Oesopagostomum <\/em>spp., <em>Strongyloides<\/em> spp., <em>Hyostrongylus rubidus<\/em> v\u00e0 <em>Dictyocaulus viviparus<\/em> v\u00e0 <em>Dictyocaulus filaria. Fenbendazole <\/em>c\u00f3 t\u00e1c \u0111\u1ed9ng ch\u1ed1ng c\u00e1c d\u1ea1ng giun tr\u00f2n <strong>ch\u01b0a tr\u01b0\u1edfng th\u00e0nh<\/strong>\u00a0(\u1ea5u tr\u00f9ng) v\u00e0 giai \u0111o\u1ea1n\u00a0<strong>tr\u01b0\u1edfng th\u00e0nh<\/strong> k\u00fd sinh trong \u0111\u01b0\u1eddng ti\u00eau h\u00f3a, h\u00f4 h\u1ea5p v\u00e0 \u0111\u01b0\u1eddng ti\u1ebft ni\u1ec7u tr\u00ean heo v\u00e0 gia c\u1ea7m. Thu\u1ed1c c\u0169ng c\u00f3 t\u00e1c \u0111\u1ed9ng hi\u1ec7u qu\u1ea3 tr\u00ean\u00a0<strong>tr\u1ee9ng<\/strong>\u00a0giun s\u00e1n (s\u00e1n d\u00e2y).<\/p>\n<p><strong>C\u00d4NG D\u1ee4NG S\u1ea2N PH\u1ea8M<\/strong><\/p>\n<p>Ph\u00f2ng v\u00e0 tr\u1ecb c\u00e1c tr\u01b0\u1eddng h\u1ee3p nhi\u1ec5m giun tr\u00f2n, giun d\u1eb9p (k\u1ec3 c\u1ea3 giai \u0111o\u1ea1n tr\u1ee9ng v\u00e0 \u1ea5u tr\u00f9ng) k\u00fd sinh trong d\u1ea1 d\u00e0y, ru\u1ed9t, \u0111\u01b0\u1eddng h\u00f4 h\u1ea5p v\u00e0 ti\u1ebft ni\u1ec7u tr\u00ean gia c\u1ea7m.<\/p>\n<p>\u0110\u1eb7c bi\u1ec7t \u0111\u01b0\u1ee3c ch\u1ec9 \u0111\u1ecbnh trong nh\u1eefng tr\u01b0\u1eddng h\u1ee3p nhi\u1ec5m c\u00e1c lo\u1ea1i giun sau: <em>Ascaris suum<\/em>, <em>Oesophagostomum <\/em>sp, <em>Strongyloides<\/em> sp, <em>Hyostrongylus rubidus<\/em>\u2026<\/p>\n<p><strong>CH\u1ed0NG CH\u1ec8 \u0110\u1ecaNH<\/strong><\/p>\n<p>Kh\u00f4ng s\u1eed d\u1ee5ng cho th\u00fa m\u1eabn c\u1ea3m v\u1edbi thu\u1ed1c.<\/p>\n<p><strong>S\u1eec D\u1ee4NG<\/strong><\/p>\n<p>L\u1eafc \u0111\u1ec1u tr\u01b0\u1edbc khi s\u1eed d\u1ee5ng.<\/p>\n<p>Pha v\u00e0o n\u01b0\u1edbc u\u1ed1ng:<\/p>\n<p>Li\u1ec1u t\u1ed5ng qu\u00e1t: 1ml\/8kg th\u1ec3 tr\u1ecdng.<\/p>\n<p>G\u00e0 si\u00eau th\u1ecbt x\u1ed5 l\u00e3i l\u00fac 3 tu\u1ea7n tu\u1ed5i, s\u1eed d\u1ee5ng 1 l\u1ea7n duy nh\u1ea5t.<\/p>\n<p>G\u00e0 th\u1ecbt l\u00f4ng m\u00e0u: x\u1ed5 l\u00e3i l\u00fac 4-5 tu\u1ea7n tu\u1ed5i, s\u1eed d\u1ee5ng 1 l\u1ea7n duy nh\u1ea5t.<\/p>\n<p>G\u00e0 \u0111\u1ebb h\u1eadu b\u1ecb: x\u1ed5 l\u00e3i l\u00fac 16 tu\u1ea7n tu\u1ed5i v\u00e0 l\u1eb7p l\u1ea1i sau 2-3 th\u00e1ng.<\/p>\n<p><strong>Th\u1eddi gian ng\u01b0ng s\u1eed d\u1ee5ng thu\u1ed1c<\/strong><\/p>\n<p>Th\u00fa th\u1ecbt: 6 ng\u00e0y tr\u01b0\u1edbc khi gi\u1ebft m\u1ed5.<\/p>\n<p><strong>B\u1ea2O QU\u1ea2N<\/strong><\/p>\n<p>N\u01a1i kh\u00f4 r\u00e1o, tho\u00e1ng m\u00e1t, nhi\u1ec7t \u0111\u1ed9 d\u01b0\u1edbi 30<sup>0<\/sup>C, tr\u00e1nh \u00e1nh n\u1eafng tr\u1ef1c ti\u1ebfp. Tr\u00e1nh xa t\u1ea7m tay tr\u1ebb em.<\/p>\n<p><strong>H\u1ea0N D\u00d9NG <\/strong><\/p>\n<p>24 th\u00e1ng k\u1ec3 t\u1eeb ng\u00e0y s\u1ea3n xu\u1ea5t.<\/p>\n<p><strong>\u0110\u00d3NG G\u00d3I<\/strong><\/p>\n<p>20ml, 100ml, 500ml<\/p>\n<p><strong>S\u1ed1 \u0111\u0103ng k\u00fd: MBP-110<\/strong><\/p>\n","protected":false},"excerpt":{"rendered":"<p><strong>PH\u00d2NG V\u00c0 TR\u1eca C\u00c1C LO\u1ea0I GIUN TR\u00caN GIA C\u1ea6M<\/strong><\/p>\n<p><strong>C\u00d4NG TH\u1ee8C<\/strong><\/p>\n<p>Fenbendazole: 100g<\/p>\n<p>Dung m\u00f4i v\u1eeba \u0111\u1ee7: 1l\u00edt<\/p>\n<p><strong>C\u00d4NG D\u1ee4NG S\u1ea2N PH\u1ea8M<\/strong><\/p>\n<p>Ph\u00f2ng v\u00e0 tr\u1ecb c\u00e1c tr\u01b0\u1eddng h\u1ee3p nhi\u1ec5m giun tr\u00f2n, giun d\u1eb9p (k\u1ec3 c\u1ea3 giai \u0111o\u1ea1n tr\u1ee9ng v\u00e0 \u1ea5u tr\u00f9ng) k\u00fd sinh trong d\u1ea1 d\u00e0y, ru\u1ed9t, \u0111\u01b0\u1eddng h\u00f4 h\u1ea5p v\u00e0 ti\u1ebft ni\u1ec7u tr\u00ean gia c\u1ea7m.<\/p>\n<p>\u0110\u1eb7c bi\u1ec7t \u0111\u01b0\u1ee3c ch\u1ec9 \u0111\u1ecbnh trong nh\u1eefng tr\u01b0\u1eddng h\u1ee3p nhi\u1ec5m c\u00e1c lo\u1ea1i giun sau: <em>Ascaris suum<\/em>, <em>Oesophagostomum <\/em>sp, <em>Strongyloides<\/em> sp, <em>Hyostrongylus rubidus<\/em>\u2026<\/p>\n<p><strong>CH\u1ed0NG CH\u1ec8 \u0110\u1ecaNH<\/strong><\/p>\n<p>Kh\u00f4ng s\u1eed d\u1ee5ng cho th\u00fa m\u1eabn c\u1ea3m v\u1edbi thu\u1ed1c.<\/p>\n<p><strong>S\u1eec D\u1ee4NG<\/strong><\/p>\n<p>L\u1eafc \u0111\u1ec1u tr\u01b0\u1edbc khi s\u1eed d\u1ee5ng.<\/p>\n<p>Pha v\u00e0o n\u01b0\u1edbc u\u1ed1ng:<\/p>\n<p>Li\u1ec1u t\u1ed5ng qu\u00e1t: 1ml\/8kg th\u1ec3 tr\u1ecdng.<\/p>\n","protected":false},"featured_media":10083,"comment_status":"closed","ping_status":"closed","template":"","meta":[],"product_brand":[],"product_cat":[62,142],"product_tag":[],"class_list":{"0":"post-4462","1":"product","2":"type-product","3":"status-publish","4":"has-post-thumbnail","6":"product_cat-thuoc-thu-y","7":"product_cat-danh-muc-san-pham-gia-cam","9":"first","10":"instock","11":"shipping-taxable","12":"purchasable","13":"product-type-variable","14":"has-default-attributes"},"_links":{"self":[{"href":"https:\/\/mebipha.com\/online\/wp-json\/wp\/v2\/product\/4462","targetHints":{"allow":["GET"]}}],"collection":[{"href":"https:\/\/mebipha.com\/online\/wp-json\/wp\/v2\/product"}],"about":[{"href":"https:\/\/mebipha.com\/online\/wp-json\/wp\/v2\/types\/product"}],"replies":[{"embeddable":true,"href":"https:\/\/mebipha.com\/online\/wp-json\/wp\/v2\/comments?post=4462"}],"wp:featuredmedia":[{"embeddable":true,"href":"https:\/\/mebipha.com\/online\/wp-json\/wp\/v2\/media\/10083"}],"wp:attachment":[{"href":"https:\/\/mebipha.com\/online\/wp-json\/wp\/v2\/media?parent=4462"}],"wp:term":[{"taxonomy":"product_brand","embeddable":true,"href":"https:\/\/mebipha.com\/online\/wp-json\/wp\/v2\/product_brand?post=4462"},{"taxonomy":"product_cat","embeddable":true,"href":"https:\/\/mebipha.com\/online\/wp-json\/wp\/v2\/product_cat?post=4462"},{"taxonomy":"product_tag","embeddable":true,"href":"https:\/\/mebipha.com\/online\/wp-json\/wp\/v2\/product_tag?post=4462"}],"curies":[{"name":"wp","href":"https:\/\/api.w.org\/{rel}","templated":true}]}}