{"id":4454,"date":"2019-02-19T08:54:40","date_gmt":"2019-02-19T01:54:40","guid":{"rendered":"https:\/\/mebipha.com\/?post_type=product&#038;p=4454"},"modified":"2024-10-04T09:21:25","modified_gmt":"2024-10-04T02:21:25","slug":"enzyme-ssf","status":"publish","type":"product","link":"https:\/\/mebipha.com\/online\/enzyme-ssf\/","title":{"rendered":"ENZYME SSF(T\u00d4M)"},"content":{"rendered":"","protected":false},"excerpt":{"rendered":"<p>B\u1ed4 SUNG ENZYME CHO T\u00d4M<\/p>\n<p><strong>TH\u00c0NH PH\u1ea6N<\/strong><\/p>\n<p>Amylase (min)&#8230;&#8230;&#8230;&#8230;&#8230;&#8230;&#8230;.. 1.200.000 UI<\/p>\n<p>Protease* (min)&#8230;&#8230;&#8230;&#8230;&#8230;&#8230;&#8230;.100.000 UI<\/p>\n<p>Cellulase (min)&#8230;&#8230;&#8230;&#8230;&#8230;&#8230;&#8230;..100.000 UI<\/p>\n<p>Phytase (min)&#8230;&#8230;&#8230;&#8230;&#8230;&#8230;&#8230;&#8230;. 200.000 UI<\/p>\n<p>Xylanase (min)&#8230;&#8230;&#8230;&#8230;&#8230;&#8230;&#8230;.. 240.000 UI<\/p>\n<p>Kh\u00e1ng sinh, ch\u1ea5t c\u1ea5m&#8230;&#8230;&#8230;&#8230;. Kh\u00f4ng c\u00f3<\/p>\n<p>Ethoxyquin&#8230;&#8230;&#8230;&#8230;&#8230;&#8230;&#8230;&#8230;&#8230;&#8230;.Kh\u00f4ng c\u00f3<\/p>\n<p>Ch\u1ea5t mang (Glucose) v\u1eeba \u0111\u1ee7&#8230;&#8230;. 1kg<\/p>\n<p><strong>NGUY\u00caN LI\u1ec6U <\/strong>Amylase, Protease, Cellulase, Phytase, Xylanase, Dextrose monohydrate.<\/p>\n<p><strong>C\u00d4NG D\u1ee4NG<\/strong><\/p>\n<p>B\u1ed5 sung h\u1ed7n h\u1ee3p c\u00e1c\u00a0 enzyme\u00a0 ti\u00eau h\u00f3a v\u00e0o th\u1ee9c \u0103n, gi\u00fap t\u00f4m h\u1ea5p thu tri\u1ec7t \u0111\u1ec3 c\u00e1c d\u01b0\u1ee1ng ch\u1ea5t trong th\u1ee9c \u0103n, t\u0103ng tr\u01b0\u1edfng nhanh v\u00e0 gi\u1ea3m ti\u00eau t\u1ed1n th\u1ee9c \u0103n.<\/p>\n<p><strong>H\u01af\u1edaNG D\u1eaaN S\u1eec D\u1ee4NG V\u00c0 LI\u1ec0U D\u00d9NG<\/strong><\/p>\n<p>H\u00f2a tan v\u00e0o n\u01b0\u1edbc tr\u1ed9n \u0111\u1ec1u v\u1edbi th\u1ee9c \u0103n, \u00e1o l\u1ea1i b\u1eb1ng ch\u1ea5t k\u00edch m\u00f9i ho\u1eb7c d\u1ea7u th\u1ef1c v\u1eadt sau \u0111\u00f3 m\u1edbi cho t\u00f4m \u0103n.<\/p>\n<p>\u0110\u1ed1i v\u1edbi t\u00f4m d\u00f9ng th\u1ee9c \u0103n h\u1ed7n h\u1ee3p: 1kg\/1 t\u1ea5n th\u1ee9c \u0103n, d\u00f9ng li\u00ean t\u1ee5c trong th\u1eddi gian nu\u00f4i.<\/p>\n<p>\u0110\u1ed1i v\u1edbi t\u00f4m d\u00f9ng th\u1ee9c \u0103n t\u01b0\u01a1i: 2kg\/1 t\u1ea5n th\u1ee9c \u0103n, d\u00f9ng li\u00ean t\u1ee5c trong th\u1eddi gian nu\u00f4i.<\/p>\n<p>Khi t\u00f4m r\u1ed1i lo\u1ea1n ti\u00eau h\u00f3a, ph\u00e2n \u0111\u1ee9t kh\u00fac: d\u00f9ng 3kg\/1 t\u1ea5n th\u1ee9c \u0103n, li\u00ean t\u1ee5c 5-7 ng\u00e0y.<\/p>\n<p>ENZYME SSF kh\u00f4ng b\u1ecb \u1ea3nh h\u01b0\u1edfng b\u1edfi kh\u00e1ng sinh khi \u0111ang \u0111i\u1ec1u tr\u1ecb n\u00ean c\u00f3 th\u1ec3 d\u00f9ng chung v\u1edbi kh\u00e1ng sinh khi \u0111ang \u0111i\u1ec1u tr\u1ecb b\u00ea\u0323nh.<\/p>\n","protected":false},"featured_media":10649,"comment_status":"closed","ping_status":"closed","template":"","meta":[],"product_brand":[],"product_cat":[71,134],"product_tag":[],"class_list":{"0":"post-4454","1":"product","2":"type-product","3":"status-publish","4":"has-post-thumbnail","6":"product_cat-thuoc-thuy-san","7":"product_cat-thuoc-thuy-san-thuoc-thuy-san","9":"first","10":"instock","11":"shipping-taxable","12":"purchasable","13":"product-type-variable","14":"has-default-attributes"},"_links":{"self":[{"href":"https:\/\/mebipha.com\/online\/wp-json\/wp\/v2\/product\/4454","targetHints":{"allow":["GET"]}}],"collection":[{"href":"https:\/\/mebipha.com\/online\/wp-json\/wp\/v2\/product"}],"about":[{"href":"https:\/\/mebipha.com\/online\/wp-json\/wp\/v2\/types\/product"}],"replies":[{"embeddable":true,"href":"https:\/\/mebipha.com\/online\/wp-json\/wp\/v2\/comments?post=4454"}],"wp:featuredmedia":[{"embeddable":true,"href":"https:\/\/mebipha.com\/online\/wp-json\/wp\/v2\/media\/10649"}],"wp:attachment":[{"href":"https:\/\/mebipha.com\/online\/wp-json\/wp\/v2\/media?parent=4454"}],"wp:term":[{"taxonomy":"product_brand","embeddable":true,"href":"https:\/\/mebipha.com\/online\/wp-json\/wp\/v2\/product_brand?post=4454"},{"taxonomy":"product_cat","embeddable":true,"href":"https:\/\/mebipha.com\/online\/wp-json\/wp\/v2\/product_cat?post=4454"},{"taxonomy":"product_tag","embeddable":true,"href":"https:\/\/mebipha.com\/online\/wp-json\/wp\/v2\/product_tag?post=4454"}],"curies":[{"name":"wp","href":"https:\/\/api.w.org\/{rel}","templated":true}]}}