{"id":4439,"date":"2019-02-18T17:20:01","date_gmt":"2019-02-18T10:20:01","guid":{"rendered":"https:\/\/mebipha.com\/?post_type=product&#038;p=4439"},"modified":"2025-12-29T12:01:00","modified_gmt":"2025-12-29T05:01:00","slug":"enroflox-oral","status":"publish","type":"product","link":"https:\/\/mebipha.com\/online\/enroflox-oral\/","title":{"rendered":"MEBI-ENROFLOX ORAL(NEW)"},"content":{"rendered":"","protected":false},"excerpt":{"rendered":"<p><strong>TH\u00c0NH PH\u1ea6N:<\/strong><\/p>\n<p>Enrofloxacin, Dung m\u00f4i v\u1eeba \u0111\u1ee7.<\/p>\n<p><strong>S\u1eec D\u1ee4NG:<\/strong><\/p>\n<p>G\u00e0, v\u1ecbt, c\u00fat:<br \/>\nLi\u1ec1u t\u1ed5ng qu\u00e1t:1ml \/ 10 kg th\u1ec3 tr\u1ecdng<br \/>\nPh\u00f2ng: 1ml\/ 4 l\u00edt n\u01b0\u1edbc u\u1ed1ng, d\u00f9ng li\u00ean t\u1ee5c 2-3 ng\u00e0y<br \/>\n\u0110i\u1ec1u tr\u1ecb : 1ml\/ 2 l\u00edt n\u01b0\u1edbc u\u1ed1ng d\u00f9ng li\u00ean t\u1ee5c 4-5 ng\u00e0y<\/p>\n<p>Heo, B\u00ea, Ngh\u00e9 :<br \/>\nPh\u00f2ng: 1ml\/ 20kg th\u1ec3 tr\u1ecdng\/ l\u1ea7n \/ng\u00e0y<br \/>\n\u0110i\u1ec1u tr\u1ecb : 1ml\/ 10kg th\u1ec3 tr\u1ecdng\/ l\u1ea7n \/ng\u00e0y. D\u00f9ng li\u00ean t\u1ee5c 3-5 ng\u00e0y .<\/p>\n","protected":false},"featured_media":10561,"comment_status":"closed","ping_status":"closed","template":"","meta":[],"product_brand":[],"product_cat":[62,142],"product_tag":[],"class_list":{"0":"post-4439","1":"product","2":"type-product","3":"status-publish","4":"has-post-thumbnail","6":"product_cat-thuoc-thu-y","7":"product_cat-danh-muc-san-pham-gia-cam","9":"first","10":"instock","11":"shipping-taxable","12":"purchasable","13":"product-type-variable","14":"has-default-attributes"},"_links":{"self":[{"href":"https:\/\/mebipha.com\/online\/wp-json\/wp\/v2\/product\/4439","targetHints":{"allow":["GET"]}}],"collection":[{"href":"https:\/\/mebipha.com\/online\/wp-json\/wp\/v2\/product"}],"about":[{"href":"https:\/\/mebipha.com\/online\/wp-json\/wp\/v2\/types\/product"}],"replies":[{"embeddable":true,"href":"https:\/\/mebipha.com\/online\/wp-json\/wp\/v2\/comments?post=4439"}],"wp:featuredmedia":[{"embeddable":true,"href":"https:\/\/mebipha.com\/online\/wp-json\/wp\/v2\/media\/10561"}],"wp:attachment":[{"href":"https:\/\/mebipha.com\/online\/wp-json\/wp\/v2\/media?parent=4439"}],"wp:term":[{"taxonomy":"product_brand","embeddable":true,"href":"https:\/\/mebipha.com\/online\/wp-json\/wp\/v2\/product_brand?post=4439"},{"taxonomy":"product_cat","embeddable":true,"href":"https:\/\/mebipha.com\/online\/wp-json\/wp\/v2\/product_cat?post=4439"},{"taxonomy":"product_tag","embeddable":true,"href":"https:\/\/mebipha.com\/online\/wp-json\/wp\/v2\/product_tag?post=4439"}],"curies":[{"name":"wp","href":"https:\/\/api.w.org\/{rel}","templated":true}]}}